{"id":119892,"date":"2021-11-17T13:17:09","date_gmt":"2021-11-17T12:17:09","guid":{"rendered":"https:\/\/taigua.cat\/domiciliacio-bancaria\/"},"modified":"2025-04-11T10:54:19","modified_gmt":"2025-04-11T08:54:19","slug":"quitar-domiciliacion-bancaria","status":"publish","type":"page","link":"https:\/\/taigua.cat\/es\/quitar-domiciliacion-bancaria\/","title":{"rendered":"Quitar domiciliaci\u00f3n bancaria"},"content":{"rendered":"\t\t<div data-elementor-type=\"wp-page\" data-elementor-id=\"119892\" class=\"elementor elementor-119892\" data-elementor-post-type=\"page\">\n\t\t\t\t\t\t<section class=\"elementor-section elementor-top-section elementor-element elementor-element-ddd5950 elementor-section-boxed elementor-section-height-default elementor-section-height-default\" data-id=\"ddd5950\" data-element_type=\"section\" data-e-type=\"section\">\n\t\t\t\t\t\t<div class=\"elementor-container elementor-column-gap-default\">\n\t\t\t\t\t<div class=\"elementor-column elementor-col-100 elementor-top-column elementor-element elementor-element-bba3b65\" data-id=\"bba3b65\" data-element_type=\"column\" data-e-type=\"column\">\n\t\t\t<div class=\"elementor-widget-wrap elementor-element-populated\">\n\t\t\t\t\t\t<div class=\"elementor-element elementor-element-af04759 elementor-widget elementor-widget-shortcode\" data-id=\"af04759\" data-element_type=\"widget\" data-e-type=\"widget\" data-widget_type=\"shortcode.default\">\n\t\t\t\t<div class=\"elementor-widget-container\">\n\t\t\t\t\t\t\t<div class=\"elementor-shortcode\"><div class=\"frm_forms  with_frm_style frm_style_formidable-style\" id=\"frm_form_26_container\" data-token=\"dcf1803b1f4a622eb2ffc51ae0cbdb98\">\n<form enctype=\"multipart\/form-data\" method=\"post\" class=\"frm-show-form  frm_js_validate  frm_pro_form \" id=\"form_quitardomiciliacibancria\" data-token=\"dcf1803b1f4a622eb2ffc51ae0cbdb98\">\n<div class=\"frm_form_fields \">\n<fieldset>\n<legend class=\"frm_screen_reader\">Quitar domiciliaci\u00f3n bancaria<\/legend>\r\n\r\n<div class=\"frm_fields_container\">\n<input type=\"hidden\" name=\"frm_action\" value=\"create\" \/>\n<input type=\"hidden\" name=\"form_id\" value=\"26\" \/>\n<input type=\"hidden\" name=\"frm_hide_fields_26\" id=\"frm_hide_fields_26\" value=\"\" \/>\n<input type=\"hidden\" name=\"form_key\" value=\"quitardomiciliacibancria\" \/>\n<input type=\"hidden\" name=\"item_meta[0]\" value=\"\" \/>\n<input type=\"hidden\" id=\"frm_submit_entry_26\" name=\"frm_submit_entry_26\" value=\"22ef28ed88\" \/><input type=\"hidden\" name=\"_wp_http_referer\" value=\"\/es\/wp-json\/wp\/v2\/pages\/119892\" \/><div id=\"frm_field_1049_container\" class=\"frm_form_field form-field  frm_required_field frm_top_container frm12 frm_first\">\r\n    <label for=\"field_b67a52\" id=\"field_b67a52_label\" class=\"frm_primary_label\">N\u00famero de contrato\r\n        <span class=\"frm_required\" aria-hidden=\"true\">*<\/span>\r\n    <\/label>\r\n    <input  type=\"text\" id=\"field_b67a52\" name=\"item_meta[1049]\" value=\"\"  maxlength=\"8\" data-reqmsg=\"Empleneu aquest camp.\" aria-required=\"true\" data-invmsg=\"Format inv\u00e0lid! Introdueix una E o T seguida de 6 o 7 car\u00e0cters.\" aria-invalid=\"false\" pattern=\"[eEtT][a-zA-Z0-9]{6,7}$\"   aria-describedby=\"frm_desc_field_b67a52\" \/>\r\n    <div class=\"frm_description\" id=\"frm_desc_field_b67a52\"><span class=\"interrogant_lect_compt\" style=\"background:#000; color:#fff; border-radius:500px;padding:2px 8px; margin-top:10px; display: block;width: min-content;cursor:pointer;margin-bottom:5px;\">?<\/span>\r\n<div id=\"descripcio_lectura_comptador\">Introdueix una E o T seguida de 6 o 7 car\u00e0cters<\/div><\/div>\r\n    \r\n<\/div>\n<div id=\"frm_field_1050_container\" class=\"frm_form_field form-field  frm_required_field frm_top_container frm12 frm_first\">\r\n    <label for=\"field_7fu5k52\" id=\"field_7fu5k52_label\" class=\"frm_primary_label\">Nombre y apellidos de la persona titular actual del contrato o raz\u00f3n social (en caso de persona jur\u00eddica):\r\n        <span class=\"frm_required\" aria-hidden=\"true\">*<\/span>\r\n    <\/label>\r\n    <input  type=\"text\" id=\"field_7fu5k52\" name=\"item_meta[1050]\" value=\"\"  data-reqmsg=\"Empleneu aquest camp.\" aria-required=\"true\" data-invmsg=\"Text is invalid\" aria-invalid=\"false\"   \/>\r\n    \r\n    \r\n<\/div>\n<div id=\"frm_field_1051_container\" class=\"frm_form_field form-field  frm_required_field frm_top_container frm3 frm_first\">\r\n    <label for=\"field_pqp5z82\" id=\"field_pqp5z82_label\" class=\"frm_primary_label\">Tipo de documento\r\n        <span class=\"frm_required\" aria-hidden=\"true\">*<\/span>\r\n    <\/label>\r\n    \t\t<select name=\"item_meta[1051]\" id=\"field_pqp5z82\"  data-frmval=\"NIF\" data-reqmsg=\"Tipo de documento cannot be blank.\" aria-required=\"true\" data-invmsg=\"Tipo de documento no es v\u00e1lido\" aria-invalid=\"false\"  >\n\t\t<option  value=\"NIF\" selected='selected'>NIF<\/option><option  value=\"CIF\">CIF<\/option><option  value=\"NIE\">NIE<\/option>\t<\/select>\n\t\r\n    \r\n    \r\n<\/div>\n<div id=\"frm_field_1052_container\" class=\"frm_form_field form-field  frm_required_field frm_top_container frm3\">\r\n    <label for=\"field_3euky92\" id=\"field_3euky92_label\" class=\"frm_primary_label\">N\u00famero de documento\r\n        <span class=\"frm_required\" aria-hidden=\"true\">*<\/span>\r\n    <\/label>\r\n    <input  type=\"text\" id=\"field_3euky92\" name=\"item_meta[1052]\" value=\"\"  data-reqmsg=\"Empleneu aquest camp.\" aria-required=\"true\" data-invmsg=\"Feu servir el format sol\u00b7licitat. (00000000X)\" aria-invalid=\"false\" pattern=\"\\d{8}[A-Za-z]$\"   \/>\r\n    \r\n    \r\n<\/div>\n<div id=\"frm_field_1053_container\" class=\"frm_form_field form-field  frm_required_field frm_top_container frm3\">\r\n    <label for=\"field_b15fz52\" id=\"field_b15fz52_label\" class=\"frm_primary_label\">N\u00famero de documento\r\n        <span class=\"frm_required\" aria-hidden=\"true\">*<\/span>\r\n    <\/label>\r\n    <input  type=\"text\" id=\"field_b15fz52\" name=\"item_meta[1053]\" value=\"\"  data-reqmsg=\"Empleneu aquest camp.\" aria-required=\"true\" data-invmsg=\"Feu servir el format sol\u00b7licitat. (X00000000)\" aria-invalid=\"false\" pattern=\"([a-zA-Z])(\\d{7})([0-9A-J])$\"   \/>\r\n    \r\n    \r\n<\/div>\n<div id=\"frm_field_1054_container\" class=\"frm_form_field form-field  frm_required_field frm_top_container frm3\">\r\n    <label for=\"field_tpzqd52\" id=\"field_tpzqd52_label\" class=\"frm_primary_label\">N\u00famero de documento\r\n        <span class=\"frm_required\" aria-hidden=\"true\">*<\/span>\r\n    <\/label>\r\n    <input  type=\"text\" id=\"field_tpzqd52\" name=\"item_meta[1054]\" value=\"\"  data-reqmsg=\"Empleneu aquest camp.\" aria-required=\"true\" data-invmsg=\"Feu servir el format sol\u00b7licitat.\" aria-invalid=\"false\" pattern=\"[a-zA-Z]\\d{7}[a-zA-Z]$\"   \/>\r\n    \r\n    \r\n<\/div>\n<div id=\"frm_field_1055_container\" class=\"frm_form_field form-field  frm_required_field frm_top_container frm6 frm_first\">\r\n\t<label for=\"field_1v2112\" id=\"field_1v2112_label\" class=\"frm_primary_label\">Tel\u00e9fono de contacto (preferiblemente, que sea un m\u00f3vil):\r\n\t\t<span class=\"frm_required\" aria-hidden=\"true\">*<\/span>\r\n\t<\/label>\r\n\t<input type=\"tel\" id=\"field_1v2112\" name=\"item_meta[1055]\" value=\"\"  data-reqmsg=\"Tel\u00e9fono de contacto (preferiblemente, que sea un m\u00f3vil): cannot be blank.\" aria-required=\"true\" data-invmsg=\"Tel\u00e9fono de contacto (preferiblemente, que sea un m\u00f3vil): is invalid\" aria-invalid=\"false\" pattern=\"((\\+\\d{1,3}(-|.| )?\\(?\\d\\)?(-| |.)?\\d{1,5})|(\\(?\\d{2,6}\\)?))(-|.| )?(\\d{3,4})(-|.| )?(\\d{4})(( x| ext)\\d{1,5}){0,1}$\"  \/>\r\n\t\r\n\t\r\n<\/div>\n<div id=\"frm_field_1139_container\" class=\"frm_form_field form-field  frm_required_field frm_top_container frm6\">\r\n\t<label for=\"field_bs7o2\" id=\"field_bs7o2_label\" class=\"frm_primary_label\">Correo electr\u00f3nico\r\n\t\t<span class=\"frm_required\" aria-hidden=\"true\">*<\/span>\r\n\t<\/label>\r\n\t<input type=\"email\" id=\"field_bs7o2\" name=\"item_meta[1139]\" value=\"\"  autocomplete=\"email\"  data-reqmsg=\"Correo electr\u00f3nico cannot be blank.\" aria-required=\"true\" data-invmsg=\"Correo electr\u00f3nico is invalid\" aria-invalid=\"false\"  \/>\r\n\t\r\n\t\r\n<\/div>\n<div id=\"frm_field_1056_container\" class=\"frm_form_field form-field  frm_required_field frm_top_container\">\r\n\t<label for=\"field_i0kym2\" id=\"field_i0kym2_label\" class=\"frm_primary_label\">Poblaci\u00f3n\r\n\t\t<span class=\"frm_required\" aria-hidden=\"true\">*<\/span>\r\n\t<\/label>\r\n\t\t\t<select name=\"item_meta[1056]\" id=\"field_i0kym2\"  data-frmval=\"Terrassa\" data-reqmsg=\"Poblaci\u00f3n cannot be blank.\" aria-required=\"true\" data-invmsg=\"Poblaci\u00f3n no es v\u00e1lido\" aria-invalid=\"false\"  >\n\t\t<option  value=\"Terrassa\" selected='selected'>Terrassa<\/option>\t<\/select>\n\t\r\n\t\r\n\t\r\n<\/div>\n<div id=\"frm_field_1057_container\" class=\"frm_form_field form-field  frm_required_field frm_top_container frm12\">\r\n    <label for=\"field_xgrsx2\" id=\"field_xgrsx2_label\" class=\"frm_primary_label\">Nombre y apellidos de la persona solicitante:\r\n        <span class=\"frm_required\" aria-hidden=\"true\">*<\/span>\r\n    <\/label>\r\n    <input  type=\"text\" id=\"field_xgrsx2\" name=\"item_meta[1057]\" value=\"\"  data-reqmsg=\"Empleneu aquest camp.\" aria-required=\"true\" data-invmsg=\"Text is invalid\" aria-invalid=\"false\"   \/>\r\n    \r\n    \r\n<\/div>\n<div id=\"frm_field_1058_container\" class=\"frm_form_field  frm_html_container form-field\">\n<p>Documentaci\u00f3n<\/p>\n<\/div>\n<div id=\"frm_field_1059_container\" class=\"frm_form_field form-field  frm_required_field frm_top_container frm_first frm_half\">\r\n    <label for=\"field_2pff82\" id=\"field_2pff82_label\" class=\"frm_primary_label\">DNI escaneado (cara 1)\r\n        <span class=\"frm_required\" aria-hidden=\"true\">*<\/span>\r\n    <\/label>\r\n    <input type=\"hidden\"  data-reqmsg=\"Seleccioneu un fitxer.\" data-invmsg=\"Tipus de fitxer no v\u00e0lid!\" aria-invalid=\"false\"   name=\"item_meta[1059]\"  data-reqmsg=\"Seleccioneu un fitxer.\"  value=\"\" data-frmfile=\"1059\" \/>\n\n<div class=\"frm_dropzone frm_single_upload frm_clearfix\" id=\"file1059_dropzone\" role=\"group\" >\n\t<div class=\"fallback\">\n\t\t<input type=\"file\" name=\"file1059\" id=\"field_2pff82\"\n\t\t\t data-reqmsg=\"Seleccioneu un fitxer.\" data-invmsg=\"Tipus de fitxer no v\u00e0lid!\" aria-invalid=\"false\"  \t\t\t\/>\n\t\t\t\t<div class=\"frm_clearfix \"><\/div>\n\t<\/div>\n\t<div class=\"dz-message needsclick\">\n\t\t\t\t<svg  viewBox=\"0 0 18 18\" class=\"frmsvg frm-svg-icon\">\n\t<path viewBox=\"0 0 18 18\" fill-rule=\"evenodd\" clip-rule=\"evenodd\" d=\"M8.2 4v8a.8.8 0 001.5 0V4l2.1 2.2A.7.7 0 1013 5L9.5 1.7a.7.7 0 00-1.1 0L5.1 5.2a.8.8 0 001 1l2.1-2zm7.6 4.3c.4 0 .7.3.7.7v6.8c0 .4-.3.7-.8.7H2.3a.8.8 0 01-.8-.8V9A.8.8 0 013 9v6h12V9c0-.4.3-.8.8-.8z\"><\/path>\n<\/svg>\t\t<span class=\"frm_upload_text\"><button type=\"button\" aria-label=\"DNI escaneado (cara 1). Drop a file here or click to upload. Tama\u00f1o m\u00e1ximo del archivo: 69.52MB\">Drop a file here or click to upload<\/button><\/span>\n\t\t<span class=\"frm_compact_text\"><button type=\"button\" aria-label=\"DNI escaneado (cara 1). Choose File. Tama\u00f1o m\u00e1ximo del archivo: 69.52MB\">Choose File<\/button><\/span>\n\t\t<div class=\"frm_small_text\">\n\t\t\t<p>Tama\u00f1o m\u00e1ximo del archivo: 69.52MB<\/p>\n\t\t<\/div>\n\t<\/div>\n<\/div>\n\t\r\n    \r\n    \r\n<\/div>\n<div id=\"frm_field_1060_container\" class=\"frm_form_field form-field  frm_required_field frm_top_container frm_half\">\r\n    <label for=\"field_k36ec82\" id=\"field_k36ec82_label\" class=\"frm_primary_label\">DNI escaneado (cara 2)\r\n        <span class=\"frm_required\" aria-hidden=\"true\">*<\/span>\r\n    <\/label>\r\n    <input type=\"hidden\"  data-reqmsg=\"DNI escaneado (cara 2) cannot be blank.\" data-invmsg=\"Tipus de fitxer no v\u00e0lid!\" aria-invalid=\"false\"   name=\"item_meta[1060]\"  data-reqmsg=\"DNI escaneado (cara 2) cannot be blank.\"  value=\"\" data-frmfile=\"1060\" \/>\n\n<div class=\"frm_dropzone frm_single_upload frm_clearfix\" id=\"file1060_dropzone\" role=\"group\" >\n\t<div class=\"fallback\">\n\t\t<input type=\"file\" name=\"file1060\" id=\"field_k36ec82\"\n\t\t\t data-reqmsg=\"DNI escaneado (cara 2) cannot be blank.\" data-invmsg=\"Tipus de fitxer no v\u00e0lid!\" aria-invalid=\"false\"  \t\t\t\/>\n\t\t\t\t<div class=\"frm_clearfix \"><\/div>\n\t<\/div>\n\t<div class=\"dz-message needsclick\">\n\t\t\t\t<svg  viewBox=\"0 0 18 18\" class=\"frmsvg frm-svg-icon\">\n\t<path viewBox=\"0 0 18 18\" fill-rule=\"evenodd\" clip-rule=\"evenodd\" d=\"M8.2 4v8a.8.8 0 001.5 0V4l2.1 2.2A.7.7 0 1013 5L9.5 1.7a.7.7 0 00-1.1 0L5.1 5.2a.8.8 0 001 1l2.1-2zm7.6 4.3c.4 0 .7.3.7.7v6.8c0 .4-.3.7-.8.7H2.3a.8.8 0 01-.8-.8V9A.8.8 0 013 9v6h12V9c0-.4.3-.8.8-.8z\"><\/path>\n<\/svg>\t\t<span class=\"frm_upload_text\"><button type=\"button\" aria-label=\"DNI escaneado (cara 2). Drop a file here or click to upload. Tama\u00f1o m\u00e1ximo del archivo: 69.52MB\">Drop a file here or click to upload<\/button><\/span>\n\t\t<span class=\"frm_compact_text\"><button type=\"button\" aria-label=\"DNI escaneado (cara 2). Choose File. Tama\u00f1o m\u00e1ximo del archivo: 69.52MB\">Choose File<\/button><\/span>\n\t\t<div class=\"frm_small_text\">\n\t\t\t<p>Tama\u00f1o m\u00e1ximo del archivo: 69.52MB<\/p>\n\t\t<\/div>\n\t<\/div>\n<\/div>\n\t\r\n    \r\n    \r\n<\/div>\n<div id=\"frm_field_1061_container\" class=\"frm_form_field  frm_html_container form-field\">\n<div class=\"elementor-field-type-html elementor-field-group elementor-column elementor-field-group-field_57aa3c2 elementor-col-100\">\n<div class=\"elementor-field-type-html elementor-field-group elementor-column elementor-field-group-field_57aa3c2 elementor-col-100\"><span style=\"color: #3f4b5b; font-size: 15px;\">Protecci\u00f3n de datos: TERRASSA CICLE DEL AGUA EPEL (TAIGUA) tratar\u00e1 sus datos para gestionar su contrataci\u00f3n de los servicios de suministro a trav\u00e9s de nuestro formulario de contacto. Puede ejercer sus derechos en <a href=\"mailto:dpd@taigua.cat\">dpd@taigua.cat<\/a>. Conozca nuestra pol\u00edtica de privacidad haciendo clic\u00a0<a href=\"https:\/\/taigua.cat\/politica-de-privacitat\/\" target=\"_blank\" rel=\"noopener\">aqu\u00ed<\/a>.<\/span><\/div>\n<\/div>\n<\/div>\n<div id=\"frm_field_1062_container\" class=\"frm_form_field form-field  frm_required_field frm_top_container frm12 frm_first horizontal_radio\">\r\n    <div  id=\"field_2pm1x72_label\" class=\"frm_primary_label\">El USUARIO\/A autoriza el tratamiento de sus datos para la comercializaci\u00f3n de otros servicios y actividades y para poder remitirle, por correo postal, por correo electr\u00f3nico y por cualquier otro medio de comunicaci\u00f3n electr\u00f3nica equivalente, informaci\u00f3n y publicidad sobre dichos servicios y actividades:\r\n        <span class=\"frm_required\" aria-hidden=\"true\">*<\/span>\r\n    <\/div>\r\n    <div class=\"frm_opt_container\" aria-labelledby=\"field_2pm1x72_label\" role=\"radiogroup\" aria-required=\"true\">\t\t<div class=\"frm_radio\" id=\"frm_radio_1062-0\">\t\t\t<label  for=\"field_2pm1x72-0\">\n\t\t\t\t\t<input type=\"radio\" name=\"item_meta[1062]\" id=\"field_2pm1x72-0\" value=\"S\u00ed\"\n\t\t data-reqmsg=\"Empleneu aquest camp.\" data-invmsg=\"El USUARIO\/A autoriza el tratamiento de sus datos para la comercializaci\u00f3n de otros servicios y actividades y para poder remitirle, por correo postal, por correo electr\u00f3nico y por cualquier otro medio de comunicaci\u00f3n electr\u00f3nica equivalente, informaci\u00f3n y publicidad sobre dichos servicios y actividades: no es v\u00e1lido\"   \/> S\u00ed<\/label><\/div>\n\t\t<div class=\"frm_radio\" id=\"frm_radio_1062-1\">\t\t\t<label  for=\"field_2pm1x72-1\">\n\t\t\t\t\t<input type=\"radio\" name=\"item_meta[1062]\" id=\"field_2pm1x72-1\" value=\"No\"\n\t\t data-reqmsg=\"Empleneu aquest camp.\" data-invmsg=\"El USUARIO\/A autoriza el tratamiento de sus datos para la comercializaci\u00f3n de otros servicios y actividades y para poder remitirle, por correo postal, por correo electr\u00f3nico y por cualquier otro medio de comunicaci\u00f3n electr\u00f3nica equivalente, informaci\u00f3n y publicidad sobre dichos servicios y actividades: no es v\u00e1lido\"   \/> No<\/label><\/div>\n<\/div>\r\n    \r\n    \r\n<\/div>\n<div id=\"frm_field_1063_container\" class=\"frm_form_field form-field \">\r\n\t<div class=\"frm_submit\">\r\n\r\n<button class=\"frm_button_submit frm_final_submit\" type=\"submit\"   formnovalidate=\"formnovalidate\">Enviar<\/button>\r\n\r\n\r\n<\/div>\r\n<\/div>\n\t<input type=\"hidden\" name=\"item_key\" value=\"\" \/>\n\t\t\t<div id=\"frm_field_1149_container\">\n\t\t\t<label for=\"field_sruco\" >\n\t\t\t\tSi eres humano, deja este campo en blanco.\t\t\t<\/label>\n\t\t\t<input  id=\"field_sruco\" type=\"text\" class=\"frm_form_field form-field frm_verify\" name=\"item_meta[1149]\" value=\"\"  \/>\n\t\t<\/div>\n\t\t<input name=\"frm_state\" type=\"hidden\" value=\"5vt98gP7kpM7wPiQYrrrE3LEgQnmygpc2F3B\/JEYNRGRMalBK4a5Fh7GPuBYN5pT\" \/><\/div>\n<\/fieldset>\n<\/div>\n\n<\/form>\n<\/div>\n<\/div>\n\t\t\t\t\t\t<\/div>\n\t\t\t\t<\/div>\n\t\t\t\t\t<\/div>\n\t\t<\/div>\n\t\t\t\t\t<\/div>\n\t\t<\/section>\n\t\t\t\t<\/div>\n\t\t","protected":false},"excerpt":{"rendered":"","protected":false},"author":1,"featured_media":0,"parent":0,"menu_order":0,"comment_status":"closed","ping_status":"closed","template":"","meta":{"_acf_changed":false,"footnotes":""},"class_list":["post-119892","page","type-page","status-publish","hentry"],"acf":[],"aioseo_notices":[],"_links":{"self":[{"href":"https:\/\/taigua.cat\/es\/wp-json\/wp\/v2\/pages\/119892","targetHints":{"allow":["GET"]}}],"collection":[{"href":"https:\/\/taigua.cat\/es\/wp-json\/wp\/v2\/pages"}],"about":[{"href":"https:\/\/taigua.cat\/es\/wp-json\/wp\/v2\/types\/page"}],"author":[{"embeddable":true,"href":"https:\/\/taigua.cat\/es\/wp-json\/wp\/v2\/users\/1"}],"replies":[{"embeddable":true,"href":"https:\/\/taigua.cat\/es\/wp-json\/wp\/v2\/comments?post=119892"}],"version-history":[{"count":0,"href":"https:\/\/taigua.cat\/es\/wp-json\/wp\/v2\/pages\/119892\/revisions"}],"wp:attachment":[{"href":"https:\/\/taigua.cat\/es\/wp-json\/wp\/v2\/media?parent=119892"}],"curies":[{"name":"wp","href":"https:\/\/api.w.org\/{rel}","templated":true}]}}