{"id":155614,"date":"2025-09-10T12:55:07","date_gmt":"2025-09-10T10:55:07","guid":{"rendered":"https:\/\/taigua.cat\/?page_id=155614"},"modified":"2026-03-25T18:09:51","modified_gmt":"2026-03-25T17:09:51","slug":"proyectos-de-interes","status":"publish","type":"page","link":"https:\/\/taigua.cat\/es\/proyectos-de-interes\/","title":{"rendered":"PROYECTOS DE INTER\u00c9S"},"content":{"rendered":"\t\t<div data-elementor-type=\"wp-page\" data-elementor-id=\"155614\" class=\"elementor elementor-155614\" data-elementor-post-type=\"page\">\n\t\t\t\t\t\t<section class=\"elementor-section elementor-top-section elementor-element elementor-element-1a9c4402 elementor-section-full_width elementor-section-height-default elementor-section-height-default\" data-id=\"1a9c4402\" data-element_type=\"section\" data-e-type=\"section\">\n\t\t\t\t\t\t<div class=\"elementor-container elementor-column-gap-no\">\n\t\t\t\t\t<div class=\"elementor-column elementor-col-100 elementor-top-column elementor-element elementor-element-577848d7\" data-id=\"577848d7\" data-element_type=\"column\" data-e-type=\"column\">\n\t\t\t<div class=\"elementor-widget-wrap elementor-element-populated\">\n\t\t\t\t\t\t<section class=\"elementor-section elementor-inner-section elementor-element elementor-element-29f0e64b elementor-section-full_width elementor-section-height-default elementor-section-height-default\" data-id=\"29f0e64b\" data-element_type=\"section\" data-e-type=\"section\">\n\t\t\t\t\t\t<div class=\"elementor-container elementor-column-gap-default\">\n\t\t\t\t\t<div class=\"elementor-column elementor-col-100 elementor-inner-column elementor-element elementor-element-7a8f5a23\" data-id=\"7a8f5a23\" data-element_type=\"column\" data-e-type=\"column\">\n\t\t\t<div class=\"elementor-widget-wrap elementor-element-populated\">\n\t\t\t\t\t\t<div class=\"elementor-element elementor-element-199473c3 elementor-widget elementor-widget-spacer\" data-id=\"199473c3\" data-element_type=\"widget\" data-e-type=\"widget\" data-widget_type=\"spacer.default\">\n\t\t\t\t<div class=\"elementor-widget-container\">\n\t\t\t\t\t\t\t<div class=\"elementor-spacer\">\n\t\t\t<div class=\"elementor-spacer-inner\"><\/div>\n\t\t<\/div>\n\t\t\t\t\t\t<\/div>\n\t\t\t\t<\/div>\n\t\t\t\t\t<\/div>\n\t\t<\/div>\n\t\t\t\t\t<\/div>\n\t\t<\/section>\n\t\t\t\t\t<\/div>\n\t\t<\/div>\n\t\t\t\t\t<\/div>\n\t\t<\/section>\n\t\t\t\t<section class=\"elementor-section elementor-top-section elementor-element elementor-element-8fd7279 elementor-section-boxed elementor-section-height-default elementor-section-height-default\" data-id=\"8fd7279\" data-element_type=\"section\" data-e-type=\"section\">\n\t\t\t\t\t\t<div class=\"elementor-container elementor-column-gap-default\">\n\t\t\t\t\t<div class=\"elementor-column elementor-col-25 elementor-top-column elementor-element elementor-element-9bc8030\" data-id=\"9bc8030\" data-element_type=\"column\" data-e-type=\"column\">\n\t\t\t<div class=\"elementor-widget-wrap elementor-element-populated\">\n\t\t\t\t\t\t<div class=\"elementor-element elementor-element-8b01153 dce_masking-none elementor-widget elementor-widget-image\" data-id=\"8b01153\" data-element_type=\"widget\" data-e-type=\"widget\" data-widget_type=\"image.default\">\n\t\t\t\t<div class=\"elementor-widget-container\">\n\t\t\t\t\t\t\t\t\t\t\t\t\t\t\t<img fetchpriority=\"high\" decoding=\"async\" width=\"2560\" height=\"1920\" src=\"https:\/\/taigua.cat\/wp-content\/uploads\/2024\/03\/20240308_102605-scaled.jpg\" class=\"elementor-animation-grow attachment-full size-full wp-image-55819\" alt=\"\" srcset=\"https:\/\/taigua.cat\/wp-content\/uploads\/2024\/03\/20240308_102605-scaled.jpg 2560w, https:\/\/taigua.cat\/wp-content\/uploads\/2024\/03\/20240308_102605-300x225.jpg 300w, https:\/\/taigua.cat\/wp-content\/uploads\/2024\/03\/20240308_102605-1024x768.jpg 1024w, https:\/\/taigua.cat\/wp-content\/uploads\/2024\/03\/20240308_102605-768x576.jpg 768w, https:\/\/taigua.cat\/wp-content\/uploads\/2024\/03\/20240308_102605-1536x1152.jpg 1536w, https:\/\/taigua.cat\/wp-content\/uploads\/2024\/03\/20240308_102605-2048x1536.jpg 2048w\" sizes=\"(max-width: 2560px) 100vw, 2560px\" \/>\t\t\t\t\t\t\t\t\t\t\t\t\t\t\t<\/div>\n\t\t\t\t<\/div>\n\t\t\t\t<div class=\"elementor-element elementor-element-8aec8ac elementor-align-center elementor-widget elementor-widget-button\" data-id=\"8aec8ac\" data-element_type=\"widget\" data-e-type=\"widget\" data-widget_type=\"button.default\">\n\t\t\t\t<div class=\"elementor-widget-container\">\n\t\t\t\t\t\t\t\t\t<div class=\"elementor-button-wrapper\">\n\t\t\t\t\t<a class=\"elementor-button elementor-button-link elementor-size-sm\" href=\"https:\/\/taigua.cat\/es\/taigua-disenara-dentro-del-proyecto-efiaigua-un-nuevo-sistema-para-recuperar-agua-regenerada-de-la-depuradora-de-terrassa\/\" target=\"_blank\">\n\t\t\t\t\t\t<span class=\"elementor-button-content-wrapper\">\n\t\t\t\t\t\t\t\t\t<span class=\"elementor-button-text\">EFIAIGUA<\/span>\n\t\t\t\t\t<\/span>\n\t\t\t\t\t<\/a>\n\t\t\t\t<\/div>\n\t\t\t\t\t\t\t\t<\/div>\n\t\t\t\t<\/div>\n\t\t\t\t\t<\/div>\n\t\t<\/div>\n\t\t\t\t<div class=\"elementor-column elementor-col-25 elementor-top-column elementor-element elementor-element-fae85f2\" data-id=\"fae85f2\" data-element_type=\"column\" data-e-type=\"column\">\n\t\t\t<div class=\"elementor-widget-wrap elementor-element-populated\">\n\t\t\t\t\t\t<div class=\"elementor-element elementor-element-44d580b dce_masking-none elementor-widget elementor-widget-image\" data-id=\"44d580b\" data-element_type=\"widget\" data-e-type=\"widget\" data-widget_type=\"image.default\">\n\t\t\t\t<div class=\"elementor-widget-container\">\n\t\t\t\t\t\t\t\t\t\t\t\t\t\t\t<img decoding=\"async\" width=\"768\" height=\"475\" src=\"https:\/\/taigua.cat\/wp-content\/uploads\/2021\/11\/normatives-i-reglaments.jpg\" class=\"elementor-animation-grow attachment-full size-full wp-image-18940\" alt=\"\" srcset=\"https:\/\/taigua.cat\/wp-content\/uploads\/2021\/11\/normatives-i-reglaments.jpg 768w, https:\/\/taigua.cat\/wp-content\/uploads\/2021\/11\/normatives-i-reglaments-300x186.jpg 300w\" sizes=\"(max-width: 768px) 100vw, 768px\" \/>\t\t\t\t\t\t\t\t\t\t\t\t\t\t\t<\/div>\n\t\t\t\t<\/div>\n\t\t\t\t<div class=\"elementor-element elementor-element-cab7e90 elementor-align-center elementor-widget elementor-widget-button\" data-id=\"cab7e90\" data-element_type=\"widget\" data-e-type=\"widget\" data-widget_type=\"button.default\">\n\t\t\t\t<div class=\"elementor-widget-container\">\n\t\t\t\t\t\t\t\t\t<div class=\"elementor-button-wrapper\">\n\t\t\t\t\t<a class=\"elementor-button elementor-button-link elementor-size-sm\" href=\"https:\/\/taigua.cat\/es\/taigua-participa-en-un-proyecto-de-big-data-para-predecir-el-riesgo-de-averias-y-minimizar-asi-el-peligro-de-fugas-en-la-red\/\" target=\"_blank\">\n\t\t\t\t\t\t<span class=\"elementor-button-content-wrapper\">\n\t\t\t\t\t\t\t\t\t<span class=\"elementor-button-text\">FLUENT <\/span>\n\t\t\t\t\t<\/span>\n\t\t\t\t\t<\/a>\n\t\t\t\t<\/div>\n\t\t\t\t\t\t\t\t<\/div>\n\t\t\t\t<\/div>\n\t\t\t\t\t<\/div>\n\t\t<\/div>\n\t\t\t\t<div class=\"elementor-column elementor-col-25 elementor-top-column elementor-element elementor-element-1e60742\" data-id=\"1e60742\" data-element_type=\"column\" data-e-type=\"column\">\n\t\t\t<div class=\"elementor-widget-wrap elementor-element-populated\">\n\t\t\t\t\t\t<div class=\"elementor-element elementor-element-9917159 dce_masking-none elementor-widget elementor-widget-image\" data-id=\"9917159\" data-element_type=\"widget\" data-e-type=\"widget\" data-widget_type=\"image.default\">\n\t\t\t\t<div class=\"elementor-widget-container\">\n\t\t\t\t\t\t\t\t\t\t\t\t\t\t\t<img decoding=\"async\" width=\"1133\" height=\"635\" src=\"https:\/\/taigua.cat\/wp-content\/uploads\/2025\/09\/can-boada-canonades-2-copia.jpg\" class=\"elementor-animation-grow attachment-full size-full wp-image-157026\" alt=\"\" srcset=\"https:\/\/taigua.cat\/wp-content\/uploads\/2025\/09\/can-boada-canonades-2-copia.jpg 1133w, https:\/\/taigua.cat\/wp-content\/uploads\/2025\/09\/can-boada-canonades-2-copia-300x168.jpg 300w, https:\/\/taigua.cat\/wp-content\/uploads\/2025\/09\/can-boada-canonades-2-copia-1024x574.jpg 1024w, https:\/\/taigua.cat\/wp-content\/uploads\/2025\/09\/can-boada-canonades-2-copia-768x430.jpg 768w\" sizes=\"(max-width: 1133px) 100vw, 1133px\" \/>\t\t\t\t\t\t\t\t\t\t\t\t\t\t\t<\/div>\n\t\t\t\t<\/div>\n\t\t\t\t<div class=\"elementor-element elementor-element-2ae8c22 elementor-align-center elementor-widget elementor-widget-button\" data-id=\"2ae8c22\" data-element_type=\"widget\" data-e-type=\"widget\" data-widget_type=\"button.default\">\n\t\t\t\t<div class=\"elementor-widget-container\">\n\t\t\t\t\t\t\t\t\t<div class=\"elementor-button-wrapper\">\n\t\t\t\t\t<a class=\"elementor-button elementor-button-link elementor-size-sm\" href=\"https:\/\/taigua.cat\/es\/taigua-participa-en-la-segunda-fase-del-proyecto-de-big-data-fluent-2-0-optimizando-la-inversion-en-mantenimiento-preventivo-y-renovacion-de-tuberias-contribuyendo-a-la-sostenibilidad-del-recurso\/\" target=\"_blank\">\n\t\t\t\t\t\t<span class=\"elementor-button-content-wrapper\">\n\t\t\t\t\t\t\t\t\t<span class=\"elementor-button-text\">FLUENT 2.0<\/span>\n\t\t\t\t\t<\/span>\n\t\t\t\t\t<\/a>\n\t\t\t\t<\/div>\n\t\t\t\t\t\t\t\t<\/div>\n\t\t\t\t<\/div>\n\t\t\t\t\t<\/div>\n\t\t<\/div>\n\t\t\t\t<div class=\"elementor-column elementor-col-25 elementor-top-column elementor-element elementor-element-8813ca4\" data-id=\"8813ca4\" data-element_type=\"column\" data-e-type=\"column\">\n\t\t\t<div class=\"elementor-widget-wrap elementor-element-populated\">\n\t\t\t\t\t\t<div class=\"elementor-element elementor-element-1091175 dce_masking-none elementor-widget elementor-widget-image\" data-id=\"1091175\" data-element_type=\"widget\" data-e-type=\"widget\" data-widget_type=\"image.default\">\n\t\t\t\t<div class=\"elementor-widget-container\">\n\t\t\t\t\t\t\t\t\t\t\t\t\t\t\t<img loading=\"lazy\" decoding=\"async\" width=\"1104\" height=\"378\" src=\"https:\/\/taigua.cat\/wp-content\/uploads\/2025\/03\/Logo-Catedra-UPC-Taigua-format-HORITZONTAL-jpg.jpg\" class=\"attachment-full size-full wp-image-109109\" alt=\"\" srcset=\"https:\/\/taigua.cat\/wp-content\/uploads\/2025\/03\/Logo-Catedra-UPC-Taigua-format-HORITZONTAL-jpg.jpg 1104w, https:\/\/taigua.cat\/wp-content\/uploads\/2025\/03\/Logo-Catedra-UPC-Taigua-format-HORITZONTAL-jpg-300x103.jpg 300w, https:\/\/taigua.cat\/wp-content\/uploads\/2025\/03\/Logo-Catedra-UPC-Taigua-format-HORITZONTAL-jpg-1024x351.jpg 1024w, https:\/\/taigua.cat\/wp-content\/uploads\/2025\/03\/Logo-Catedra-UPC-Taigua-format-HORITZONTAL-jpg-768x263.jpg 768w\" sizes=\"(max-width: 1104px) 100vw, 1104px\" \/>\t\t\t\t\t\t\t\t\t\t\t\t\t\t\t<\/div>\n\t\t\t\t<\/div>\n\t\t\t\t<div class=\"elementor-element elementor-element-66ced39 elementor-widget elementor-widget-button\" data-id=\"66ced39\" data-element_type=\"widget\" data-e-type=\"widget\" data-widget_type=\"button.default\">\n\t\t\t\t<div class=\"elementor-widget-container\">\n\t\t\t\t\t\t\t\t\t<div class=\"elementor-button-wrapper\">\n\t\t\t\t\t<a class=\"elementor-button elementor-button-link elementor-size-sm\" href=\"https:\/\/catedrataigua.upc.edu\/es?set_language=es\" target=\"_blank\">\n\t\t\t\t\t\t<span class=\"elementor-button-content-wrapper\">\n\t\t\t\t\t\t\t\t\t<span class=\"elementor-button-text\">CATEDRA TAIGUA<\/span>\n\t\t\t\t\t<\/span>\n\t\t\t\t\t<\/a>\n\t\t\t\t<\/div>\n\t\t\t\t\t\t\t\t<\/div>\n\t\t\t\t<\/div>\n\t\t\t\t\t<\/div>\n\t\t<\/div>\n\t\t\t\t\t<\/div>\n\t\t<\/section>\n\t\t\t\t<section class=\"elementor-section elementor-top-section elementor-element elementor-element-cb08a7c elementor-section-boxed elementor-section-height-default elementor-section-height-default\" data-id=\"cb08a7c\" data-element_type=\"section\" data-e-type=\"section\">\n\t\t\t\t\t\t<div class=\"elementor-container elementor-column-gap-default\">\n\t\t\t\t\t<div class=\"elementor-column elementor-col-25 elementor-top-column elementor-element elementor-element-6e0cd6f\" data-id=\"6e0cd6f\" data-element_type=\"column\" data-e-type=\"column\">\n\t\t\t<div class=\"elementor-widget-wrap elementor-element-populated\">\n\t\t\t\t\t\t<div class=\"elementor-element elementor-element-7005334 elementor-widget elementor-widget-accordion\" data-id=\"7005334\" data-element_type=\"widget\" data-e-type=\"widget\" data-widget_type=\"accordion.default\">\n\t\t\t\t<div class=\"elementor-widget-container\">\n\t\t\t\t\t\t\t<div class=\"elementor-accordion\">\n\t\t\t\t\t\t\t<div class=\"elementor-accordion-item\">\n\t\t\t\t\t<div id=\"elementor-tab-title-1171\" class=\"elementor-tab-title\" data-tab=\"1\" role=\"button\" aria-controls=\"elementor-tab-content-1171\" aria-expanded=\"false\">\n\t\t\t\t\t\t\t\t\t\t\t\t\t<span class=\"elementor-accordion-icon elementor-accordion-icon-left\" aria-hidden=\"true\">\n\t\t\t\t\t\t\t\t\t\t\t\t\t\t\t<span class=\"elementor-accordion-icon-closed\"><i class=\"fas fa-plus\"><\/i><\/span>\n\t\t\t\t\t\t\t\t<span class=\"elementor-accordion-icon-opened\"><i class=\"fas fa-minus\"><\/i><\/span>\n\t\t\t\t\t\t\t\t\t\t\t\t\t\t<\/span>\n\t\t\t\t\t\t\t\t\t\t\t\t<a class=\"elementor-accordion-title\" tabindex=\"0\">INFORMACI\u00d3N<\/a>\n\t\t\t\t\t<\/div>\n\t\t\t\t\t<div id=\"elementor-tab-content-1171\" class=\"elementor-tab-content elementor-clearfix\" data-tab=\"1\" role=\"region\" aria-labelledby=\"elementor-tab-title-1171\"><p><script> \njQuery(document).ready(function($) { \nvar delay = 100; setTimeout(function() { \n$('.elementor-tab-title').removeClass('elementor-active');\n $('.elementor-tab-content').css('display', 'none'); }, delay); \n}); \n<\/script><\/p><p><a href=\"https:\/\/taigua.cat\/wp-content\/uploads\/2025\/10\/251003-NP-TAIGUA-installa-nous-sensors-per-optimitzar-la-qualitat-i-la-quantitat-daigua-captada-al-riu-Llobregat.pdf\">251003 NP TAIGUA instal\u00b7la nous sensors per optimitzar la qualitat i la quantitat d\u2019aigua captada al riu Llobregat<\/a><\/p><p><a href=\"https:\/\/taigua.cat\/wp-content\/uploads\/2025\/09\/250912-NP-LAjuntament-millora-la-xarxa-tecnologica-LoRaWAN-per-ampliar-el-sistema-de-telelectura-dels-comptadors-daigua.pdf\">250912 NP L\u2019Ajuntament millora la xarxa tecnol\u00f2gica LoRaWAN per ampliar el sistema de telelectura dels comptadors d\u2019aigua (EFIAIGUA)<\/a><\/p><p><a href=\"https:\/\/taigua.cat\/wp-content\/uploads\/2025\/06\/250625-NP_Sistema-per-recuperar-aigua-regenerada-de-TAIGUA-3.pdf\">250625 NP_Sistema per recuperar aigua regenerada de TAIGUA (EFIAIGUA)<\/a><\/p><p><a href=\"https:\/\/taigua.cat\/wp-content\/uploads\/2025\/06\/250603-NP-TAIGUA-licita-la-compra-de-comptadors-amb-tecnologia-LoRaWAN.pdf\">250603 NP TAIGUA licita la compra de comptadors amb tecnologia LoRaWAN (EFIAIGUA)<\/a><\/p><p><a href=\"https:\/\/taigua.cat\/wp-content\/uploads\/2025\/04\/250407-Terrassa-presenta-dijous-el-Projecte-de-Transicio-Digital-i-Millora-en-lEficiencia-del-cicle-de-lAigua-a-lArxiu-Comarcal.pdf\">250407 Terrassa presenta dijous el Projecte de Transici\u00f3 Digital i Millora en l\u2019Efici\u00e8ncia del cicle de l\u2019Aigua a l\u2019Arxiu Comarcal (EFIAIGUA)<\/a><\/p><p><a href=\"https:\/\/taigua.cat\/taigua-participara-en-les-jornades-sobre-innovacio-i-digitalitzacio-del-cicle-de-laigua\/\">TAIGUA participar\u00e0 en les jornades sobre innovaci\u00f3 i digitalitzaci\u00f3 del cicle de l\u2019aigua &#8211; Taigua<\/a><\/p><p><a href=\"https:\/\/taigua.cat\/wp-content\/uploads\/2025\/03\/250317-LArxiu-Comarcal-acollira-a-labril-la-presentacio-del-Projecte-de-Transicio-Digital-i-Millora-en-lEficiencia-del-cicle-de-lAigua.pdf\">250317 L\u2019Arxiu Comarcal acollir\u00e0 a l\u2019abril la presentaci\u00f3 del Projecte de Transici\u00f3 Digital i Millora en l\u2019Efici\u00e8ncia del cicle de l\u2019Aigua (EFIAIGUA)<\/a><\/p><p><a href=\"https:\/\/taigua.cat\/lajuntament-rebra-55-milions-deuros-dels-nextgeneration-per-digitalitzar-el-cicle-integral-de-laigua\/\">L\u2019Ajuntament rebr\u00e0 5,5 milions d\u2019euros dels NextGeneration per digitalitzar el cicle integral de l\u2019aigua &#8211; Taigua<\/a><\/p><\/div>\n\t\t\t\t<\/div>\n\t\t\t\t\t\t\t\t<\/div>\n\t\t\t\t\t\t<\/div>\n\t\t\t\t<\/div>\n\t\t\t\t\t<\/div>\n\t\t<\/div>\n\t\t\t\t<div class=\"elementor-column elementor-col-25 elementor-top-column elementor-element elementor-element-f9885b9\" data-id=\"f9885b9\" data-element_type=\"column\" data-e-type=\"column\">\n\t\t\t<div class=\"elementor-widget-wrap elementor-element-populated\">\n\t\t\t\t\t\t<div class=\"elementor-element elementor-element-b495f8b elementor-widget elementor-widget-accordion\" data-id=\"b495f8b\" data-element_type=\"widget\" data-e-type=\"widget\" data-widget_type=\"accordion.default\">\n\t\t\t\t<div class=\"elementor-widget-container\">\n\t\t\t\t\t\t\t<div class=\"elementor-accordion\">\n\t\t\t\t\t\t\t<div class=\"elementor-accordion-item\">\n\t\t\t\t\t<div id=\"elementor-tab-title-1891\" class=\"elementor-tab-title\" data-tab=\"1\" role=\"button\" aria-controls=\"elementor-tab-content-1891\" aria-expanded=\"false\">\n\t\t\t\t\t\t\t\t\t\t\t\t\t<span class=\"elementor-accordion-icon elementor-accordion-icon-left\" aria-hidden=\"true\">\n\t\t\t\t\t\t\t\t\t\t\t\t\t\t\t<span class=\"elementor-accordion-icon-closed\"><i class=\"fas fa-plus\"><\/i><\/span>\n\t\t\t\t\t\t\t\t<span class=\"elementor-accordion-icon-opened\"><i class=\"fas fa-minus\"><\/i><\/span>\n\t\t\t\t\t\t\t\t\t\t\t\t\t\t<\/span>\n\t\t\t\t\t\t\t\t\t\t\t\t<a class=\"elementor-accordion-title\" tabindex=\"0\">INFORMACI\u00d3N<\/a>\n\t\t\t\t\t<\/div>\n\t\t\t\t\t<div id=\"elementor-tab-content-1891\" class=\"elementor-tab-content elementor-clearfix\" data-tab=\"1\" role=\"region\" aria-labelledby=\"elementor-tab-title-1891\"><p><script> \njQuery(document).ready(function($) { \nvar delay = 100; setTimeout(function() { \n$('.elementor-tab-title').removeClass('elementor-active');\n $('.elementor-tab-content').css('display', 'none'); }, delay); \n}); \n<\/script><\/p><p><a href=\"https:\/\/taigua.cat\/wp-content\/uploads\/2024\/04\/240405-NP-TAIGUA-participa-en-un-projecte-de-big-data-per-predir-el-risc-davaries-i-minimitzar-aixi-el-perill-de-fuites-a-la-xarxa.pdf\">240405 NP TAIGUA participa en un projecte de big data per predir el risc d\u2019avaries i minimitzar aix\u00ed el perill de fuites a la xarxa (FLUENT)<\/a><\/p><\/div>\n\t\t\t\t<\/div>\n\t\t\t\t\t\t\t\t<\/div>\n\t\t\t\t\t\t<\/div>\n\t\t\t\t<\/div>\n\t\t\t\t\t<\/div>\n\t\t<\/div>\n\t\t\t\t<div class=\"elementor-column elementor-col-25 elementor-top-column elementor-element elementor-element-65b01db\" data-id=\"65b01db\" data-element_type=\"column\" data-e-type=\"column\">\n\t\t\t<div class=\"elementor-widget-wrap elementor-element-populated\">\n\t\t\t\t\t\t<div class=\"elementor-element elementor-element-25fb798 elementor-widget elementor-widget-accordion\" data-id=\"25fb798\" data-element_type=\"widget\" data-e-type=\"widget\" data-widget_type=\"accordion.default\">\n\t\t\t\t<div class=\"elementor-widget-container\">\n\t\t\t\t\t\t\t<div class=\"elementor-accordion\">\n\t\t\t\t\t\t\t<div class=\"elementor-accordion-item\">\n\t\t\t\t\t<div id=\"elementor-tab-title-3981\" class=\"elementor-tab-title\" data-tab=\"1\" role=\"button\" aria-controls=\"elementor-tab-content-3981\" aria-expanded=\"false\">\n\t\t\t\t\t\t\t\t\t\t\t\t\t<span class=\"elementor-accordion-icon elementor-accordion-icon-left\" aria-hidden=\"true\">\n\t\t\t\t\t\t\t\t\t\t\t\t\t\t\t<span class=\"elementor-accordion-icon-closed\"><i class=\"fas fa-plus\"><\/i><\/span>\n\t\t\t\t\t\t\t\t<span class=\"elementor-accordion-icon-opened\"><i class=\"fas fa-minus\"><\/i><\/span>\n\t\t\t\t\t\t\t\t\t\t\t\t\t\t<\/span>\n\t\t\t\t\t\t\t\t\t\t\t\t<a class=\"elementor-accordion-title\" tabindex=\"0\">INFORMACI\u00d3N<\/a>\n\t\t\t\t\t<\/div>\n\t\t\t\t\t<div id=\"elementor-tab-content-3981\" class=\"elementor-tab-content elementor-clearfix\" data-tab=\"1\" role=\"region\" aria-labelledby=\"elementor-tab-title-3981\"><p><script> \njQuery(document).ready(function($) { \nvar delay = 100; setTimeout(function() { \n$('.elementor-tab-title').removeClass('elementor-active');\n $('.elementor-tab-content').css('display', 'none'); }, delay); \n}); \n<\/script><\/p><p><a href=\"https:\/\/taigua.cat\/wp-content\/uploads\/2026\/03\/ARTICLE-FLUENT-2.0-A-REVISTA-IDIAGUA.pdf\" target=\"_blank\" rel=\"noopener\">ART\u00cdCULO FLUENT 2.0 EN REVISTA IDIAGUA<\/a>. <a href=\"https:\/\/ptea.es\/wp-content\/uploads\/2026\/03\/REVISTA-IDiAGUA_2025_.pdf\" target=\"_blank\" rel=\"noopener\">ENLACE A TODA LA REVISTA<\/a><\/p><p><a href=\"https:\/\/taigua.cat\/wp-content\/uploads\/2026\/03\/ARTICLE-FLUENT-2.O-MEMORIA-CWP-2025.pdf\" target=\"_blank\" rel=\"noopener\">ART\u00cdCULO FLUENT 2.O MEM\u00d2RIA CWP 2025<\/a>. <a href=\"https:\/\/cwp.cat\/wp-content\/uploads\/2026\/03\/Memoria_CWP_2025_baixa.pdf\" target=\"_blank\" rel=\"noopener\">Memoria_CWP_2025_baixa.pdf<\/a><\/p><\/div>\n\t\t\t\t<\/div>\n\t\t\t\t\t\t\t\t<\/div>\n\t\t\t\t\t\t<\/div>\n\t\t\t\t<\/div>\n\t\t\t\t\t<\/div>\n\t\t<\/div>\n\t\t\t\t<div class=\"elementor-column elementor-col-25 elementor-top-column elementor-element elementor-element-9f9f40a\" data-id=\"9f9f40a\" data-element_type=\"column\" data-e-type=\"column\">\n\t\t\t<div class=\"elementor-widget-wrap elementor-element-populated\">\n\t\t\t\t\t\t<div class=\"elementor-element elementor-element-cd8d98b elementor-widget elementor-widget-accordion\" data-id=\"cd8d98b\" data-element_type=\"widget\" data-e-type=\"widget\" data-widget_type=\"accordion.default\">\n\t\t\t\t<div class=\"elementor-widget-container\">\n\t\t\t\t\t\t\t<div class=\"elementor-accordion\">\n\t\t\t\t\t\t\t<div class=\"elementor-accordion-item\">\n\t\t\t\t\t<div id=\"elementor-tab-title-2151\" class=\"elementor-tab-title\" data-tab=\"1\" role=\"button\" aria-controls=\"elementor-tab-content-2151\" aria-expanded=\"false\">\n\t\t\t\t\t\t\t\t\t\t\t\t\t<span class=\"elementor-accordion-icon elementor-accordion-icon-left\" aria-hidden=\"true\">\n\t\t\t\t\t\t\t\t\t\t\t\t\t\t\t<span class=\"elementor-accordion-icon-closed\"><i class=\"fas fa-plus\"><\/i><\/span>\n\t\t\t\t\t\t\t\t<span class=\"elementor-accordion-icon-opened\"><i class=\"fas fa-minus\"><\/i><\/span>\n\t\t\t\t\t\t\t\t\t\t\t\t\t\t<\/span>\n\t\t\t\t\t\t\t\t\t\t\t\t<a class=\"elementor-accordion-title\" tabindex=\"0\">INFORMACI\u00d3N<\/a>\n\t\t\t\t\t<\/div>\n\t\t\t\t\t<div id=\"elementor-tab-content-2151\" class=\"elementor-tab-content elementor-clearfix\" data-tab=\"1\" role=\"region\" aria-labelledby=\"elementor-tab-title-2151\"><p><script> \njQuery(document).ready(function($) { \nvar delay = 100; setTimeout(function() { \n$('.elementor-tab-title').removeClass('elementor-active');\n $('.elementor-tab-content').css('display', 'none'); }, delay); \n}); \n<\/script><\/p><p><a href=\"https:\/\/taigua.cat\/wp-content\/uploads\/2025\/10\/251006-NP-Terrassa-acull-un-nou-curs-de-la-Catedra-dempresa-UPC-TAIGUA-dEnginyeria-i-Gestio-de-lAigua-Urbana.pdf\">251006 NP Terrassa acull un nou curs de la C\u00e0tedra d\u2019empresa UPC-TAIGUA d\u2019Enginyeria i Gesti\u00f3 de l\u2019Aigua Urbana<\/a><\/p><p><a href=\"https:\/\/taigua.cat\/wp-content\/uploads\/2025\/02\/250226-NP-Presentacio-Catedra-TAIGUA.pdf\">250226 NP Presentaci\u00f3n Catedra TAIGUA<\/a><\/p><\/div>\n\t\t\t\t<\/div>\n\t\t\t\t\t\t\t\t<\/div>\n\t\t\t\t\t\t<\/div>\n\t\t\t\t<\/div>\n\t\t\t\t\t<\/div>\n\t\t<\/div>\n\t\t\t\t\t<\/div>\n\t\t<\/section>\n\t\t\t\t<section class=\"elementor-section elementor-top-section elementor-element elementor-element-38bdab5 elementor-section-boxed elementor-section-height-default elementor-section-height-default\" data-id=\"38bdab5\" data-element_type=\"section\" data-e-type=\"section\">\n\t\t\t\t\t\t<div class=\"elementor-container elementor-column-gap-default\">\n\t\t\t\t\t<div class=\"elementor-column elementor-col-25 elementor-top-column elementor-element elementor-element-c42b191\" data-id=\"c42b191\" data-element_type=\"column\" data-e-type=\"column\">\n\t\t\t<div class=\"elementor-widget-wrap elementor-element-populated\">\n\t\t\t\t\t\t<div class=\"elementor-element elementor-element-195913c elementor-widget elementor-widget-text-editor\" data-id=\"195913c\" data-element_type=\"widget\" data-e-type=\"widget\" data-widget_type=\"text-editor.default\">\n\t\t\t\t<div class=\"elementor-widget-container\">\n\t\t\t\t\t\t\t\t\t<h6><a href=\"https:\/\/taigua.cat\/wp-content\/uploads\/2026\/02\/Presentacio-28012026-PROJECTE-EFIAIGUA-PERTE.pdf\" target=\"_blank\" rel=\"noopener\">Presentaci\u00f3n del estado del proyecto EFAIGUA 20260128<\/a><\/h6>\t\t\t\t\t\t\t\t<\/div>\n\t\t\t\t<\/div>\n\t\t\t\t\t<\/div>\n\t\t<\/div>\n\t\t\t\t<div class=\"elementor-column elementor-col-25 elementor-top-column elementor-element elementor-element-449f5a2\" data-id=\"449f5a2\" data-element_type=\"column\" data-e-type=\"column\">\n\t\t\t<div class=\"elementor-widget-wrap\">\n\t\t\t\t\t\t\t<\/div>\n\t\t<\/div>\n\t\t\t\t<div class=\"elementor-column elementor-col-25 elementor-top-column elementor-element elementor-element-e797770\" data-id=\"e797770\" data-element_type=\"column\" data-e-type=\"column\">\n\t\t\t<div class=\"elementor-widget-wrap\">\n\t\t\t\t\t\t\t<\/div>\n\t\t<\/div>\n\t\t\t\t<div class=\"elementor-column elementor-col-25 elementor-top-column elementor-element elementor-element-854c7c9\" data-id=\"854c7c9\" data-element_type=\"column\" data-e-type=\"column\">\n\t\t\t<div class=\"elementor-widget-wrap\">\n\t\t\t\t\t\t\t<\/div>\n\t\t<\/div>\n\t\t\t\t\t<\/div>\n\t\t<\/section>\n\t\t\t\t<\/div>\n\t\t","protected":false},"excerpt":{"rendered":"<p>EFIAIGUA FLUENT FLUENT 2.0 CATEDRA TAIGUA INFORMACI\u00d3N 251003 NP TAIGUA instal\u00b7la nous sensors per optimitzar la qualitat i la quantitat d\u2019aigua captada al riu Llobregat 250912 NP L\u2019Ajuntament millora la xarxa tecnol\u00f2gica LoRaWAN per ampliar el sistema de telelectura dels comptadors d\u2019aigua (EFIAIGUA) 250625 NP_Sistema per recuperar aigua regenerada de TAIGUA (EFIAIGUA) 250603 NP TAIGUA [&hellip;]<\/p>\n","protected":false},"author":9,"featured_media":0,"parent":0,"menu_order":0,"comment_status":"closed","ping_status":"closed","template":"elementor_header_footer","meta":{"_acf_changed":false,"footnotes":""},"class_list":["post-155614","page","type-page","status-publish","hentry"],"acf":[],"aioseo_notices":[],"_links":{"self":[{"href":"https:\/\/taigua.cat\/es\/wp-json\/wp\/v2\/pages\/155614","targetHints":{"allow":["GET"]}}],"collection":[{"href":"https:\/\/taigua.cat\/es\/wp-json\/wp\/v2\/pages"}],"about":[{"href":"https:\/\/taigua.cat\/es\/wp-json\/wp\/v2\/types\/page"}],"author":[{"embeddable":true,"href":"https:\/\/taigua.cat\/es\/wp-json\/wp\/v2\/users\/9"}],"replies":[{"embeddable":true,"href":"https:\/\/taigua.cat\/es\/wp-json\/wp\/v2\/comments?post=155614"}],"version-history":[{"count":64,"href":"https:\/\/taigua.cat\/es\/wp-json\/wp\/v2\/pages\/155614\/revisions"}],"predecessor-version":[{"id":203206,"href":"https:\/\/taigua.cat\/es\/wp-json\/wp\/v2\/pages\/155614\/revisions\/203206"}],"wp:attachment":[{"href":"https:\/\/taigua.cat\/es\/wp-json\/wp\/v2\/media?parent=155614"}],"curies":[{"name":"wp","href":"https:\/\/api.w.org\/{rel}","templated":true}]}}