{"id":173469,"date":"2025-11-17T10:21:30","date_gmt":"2025-11-17T09:21:30","guid":{"rendered":"https:\/\/taigua.cat\/treballa-amb-nosaltres\/"},"modified":"2026-04-22T09:04:46","modified_gmt":"2026-04-22T07:04:46","slug":"trabaja-con-nosotros","status":"publish","type":"page","link":"https:\/\/taigua.cat\/es\/trabaja-con-nosotros\/","title":{"rendered":"Trabaja con nosotros"},"content":{"rendered":"\t\t<div data-elementor-type=\"wp-page\" data-elementor-id=\"173469\" class=\"elementor elementor-173469\" data-elementor-post-type=\"page\">\n\t\t\t\t\t\t<section class=\"elementor-section elementor-top-section elementor-element elementor-element-7a855c2 elementor-section-boxed elementor-section-height-default elementor-section-height-default\" data-id=\"7a855c2\" data-element_type=\"section\" data-e-type=\"section\">\n\t\t\t\t\t\t<div class=\"elementor-container elementor-column-gap-default\">\n\t\t\t\t\t<div class=\"elementor-column elementor-col-100 elementor-top-column elementor-element elementor-element-df03bd6\" data-id=\"df03bd6\" data-element_type=\"column\" data-e-type=\"column\">\n\t\t\t<div class=\"elementor-widget-wrap elementor-element-populated\">\n\t\t\t\t\t\t<div class=\"elementor-element elementor-element-f1653e6 elementor-widget elementor-widget-text-editor\" data-id=\"f1653e6\" data-element_type=\"widget\" data-e-type=\"widget\" data-widget_type=\"text-editor.default\">\n\t\t\t\t<div class=\"elementor-widget-container\">\n\t\t\t\t\t\t\t\t\t<h3>Ofertas abiertas:<\/h3>\t\t\t\t\t\t\t\t<\/div>\n\t\t\t\t<\/div>\n\t\t\t\t<div class=\"elementor-element elementor-element-67afd89 elementor-widget elementor-widget-text-editor\" data-id=\"67afd89\" data-element_type=\"widget\" data-e-type=\"widget\" data-widget_type=\"text-editor.default\">\n\t\t\t\t<div class=\"elementor-widget-container\">\n\t\t\t\t\t\t\t\t\t<h3>Procesos en curso. (finalizado plazo presentaci\u00f3n candidaturas):<\/h3><h6><span class=\"jCAhz ChMk0b\"><span class=\"ryNqvb\">Publicadas las bases de la convocatoria para cubrir el puesto de trabajo de<\/span><\/span> Jefe\/a del Servicio de Atenci\u00f3n al usuario\/a <strong>\u00a0de la entitat p\u00fablica empresarial local TERRASSA CICLE DE L\u2019AIGUA (TAIGUA)<\/strong>. (c\u00f3digo 202505). <span class=\"jCAhz ChMk0b\"><span class=\"ryNqvb\">Fecha l\u00edmite para la presentaci\u00f3n de solicitudes<\/span><\/span>: a partir del dia 17, hasta el 19 de enero de 2026. <span class=\"jCAhz ChMk0b\"><span class=\"ryNqvb\">M\u00e1s informaci\u00f3n en este<\/span><\/span>\u00a0<a href=\"https:\/\/aoberta.terrassa.cat\/ocupacio\/detallOferta.jsp?id=5006\" target=\"_blank\" rel=\"noopener\">enlace<\/a>.<\/h6>\t\t\t\t\t\t\t\t<\/div>\n\t\t\t\t<\/div>\n\t\t\t\t\t<\/div>\n\t\t<\/div>\n\t\t\t\t\t<\/div>\n\t\t<\/section>\n\t\t\t\t<section class=\"elementor-section elementor-top-section elementor-element elementor-element-3ede5e2 elementor-section-boxed elementor-section-height-default elementor-section-height-default\" data-id=\"3ede5e2\" data-element_type=\"section\" data-e-type=\"section\">\n\t\t\t\t\t\t<div class=\"elementor-container elementor-column-gap-default\">\n\t\t\t\t\t<div class=\"elementor-column elementor-col-100 elementor-top-column elementor-element elementor-element-bcc79d2\" data-id=\"bcc79d2\" data-element_type=\"column\" data-e-type=\"column\">\n\t\t\t<div class=\"elementor-widget-wrap elementor-element-populated\">\n\t\t\t\t\t\t<div class=\"elementor-element elementor-element-bd968a8 elementor-widget elementor-widget-accordion\" data-id=\"bd968a8\" data-element_type=\"widget\" data-e-type=\"widget\" data-widget_type=\"accordion.default\">\n\t\t\t\t<div class=\"elementor-widget-container\">\n\t\t\t\t\t\t\t<div class=\"elementor-accordion\">\n\t\t\t\t\t\t\t<div class=\"elementor-accordion-item\">\n\t\t\t\t\t<div id=\"elementor-tab-title-1981\" class=\"elementor-tab-title\" data-tab=\"1\" role=\"button\" aria-controls=\"elementor-tab-content-1981\" aria-expanded=\"false\">\n\t\t\t\t\t\t\t\t\t\t\t\t\t<span class=\"elementor-accordion-icon elementor-accordion-icon-left\" aria-hidden=\"true\">\n\t\t\t\t\t\t\t\t\t\t\t\t\t\t\t<span class=\"elementor-accordion-icon-closed\"><i class=\"fas fa-plus\"><\/i><\/span>\n\t\t\t\t\t\t\t\t<span class=\"elementor-accordion-icon-opened\"><i class=\"fas fa-minus\"><\/i><\/span>\n\t\t\t\t\t\t\t\t\t\t\t\t\t\t<\/span>\n\t\t\t\t\t\t\t\t\t\t\t\t<a class=\"elementor-accordion-title\" tabindex=\"0\">Procesos cerrados<\/a>\n\t\t\t\t\t<\/div>\n\t\t\t\t\t<div id=\"elementor-tab-content-1981\" class=\"elementor-tab-content elementor-clearfix\" data-tab=\"1\" role=\"region\" aria-labelledby=\"elementor-tab-title-1981\"><p><span class=\"jCAhz ChMk0b\"><span class=\"ryNqvb\">Publicadas las bases de la convocatoria para cubrir el puesto de trabajo de <strong>Gerente\/a de la entidad p\u00fablica empresarial local TERRASSA CICLE DE L&#8217;AIGUA (TAIGUA)<\/strong>.(c\u00f3digo 202510).<\/span><\/span> <span class=\"jCAhz ChMk0b\"><span class=\"ryNqvb\">Fecha l\u00edmite para la presentaci\u00f3n de solicitudes: a partir del d\u00eda 15, hasta el 21 de noviembre a las 23:59 h.<\/span><\/span> <span class=\"jCAhz ChMk0b\"><span class=\"ryNqvb\">M\u00e1s informaci\u00f3n en este <a href=\"https:\/\/aoberta.terrassa.cat\/ocupacio\/detallOferta.jsp?id=4946\" target=\"_blank\" rel=\"noopener\">enlace<\/a>.<\/span><\/span><\/p><p>Publicadas las bases de la convocatoria para cubrir el puesto de trabajo de <strong>Administrativo\/va para el Servicio de Personas y Conocimiento<\/strong> (codi 202509). Fecha l\u00edmite para presentar solicitudes: 15-09-2025. M\u00e1s informaci\u00f3n en este <a href=\"https:\/\/aoberta.terrassa.cat\/ocupacio\/detallOferta.jsp?id=4826\" target=\"_blank\" rel=\"noopener\">enlace<\/a>.<\/p><p>Publicadas las bases de la convocatoria para cubrir el puesto de trabajo de<b> Letrado\/a y la creaci\u00f3n de una bolsa de trabajo <\/b>(codi 202506). Fecha l\u00edmite para presentar solicitudes: 15\/09\/2025. M\u00e1s informaci\u00f3n en este <a title=\"https:\/\/aoberta.terrassa.cat\/ocupacio\/detallOferta.jsp?id=4686\" href=\"https:\/\/aoberta.terrassa.cat\/ocupacio\/detallOferta.jsp?id=4686\" data-auth=\"NotApplicable\" data-linkindex=\"1\">enlace<\/a>.<\/p><p>Publicadas las bases de la convocatoria para cubrir el puesto de trabajo de <strong>T\u00e9cnico\/a de Distribuci\u00f3n<\/strong> (codi 202503). Fecha l\u00edmite para presentar solicitudes 21\/03\/2025. M\u00e1s informaci\u00f3n en este <a href=\"https:\/\/aoberta.terrassa.cat\/ocupacio\/detallOferta.jsp?id=4506\" target=\"_blank\" rel=\"noopener\">enlace<\/a>.<\/p><p>Publicadas las bases de la convocatoria para cubrir el puesto de trabajo de<strong> Jefe\/a de Mantenimiento <\/strong>(codi 202502). Fecha l\u00edmite para presentar solicitudes 01\/02\/2025. M\u00e1s informaci\u00f3n en este <a href=\"https:\/\/aoberta.terrassa.cat\/ocupacio\/detallOferta.jsp?id=4347\" target=\"_blank\" rel=\"noopener\">enlace<\/a>.<\/p><p>Publicadas las bases de la convocatoria para cubrir el puesto de trabajo de <strong>T\u00e9cnico\/a superior de Modelizaci\u00f3n y Gis<\/strong> (codi 202414). Fecha l\u00edmite para presentar solicitudes 30\/12\/2024. M\u00e1s informaci\u00f3n en este <a href=\"https:\/\/aoberta.terrassa.cat\/ocupacio\/detallOferta.jsp?id=4286\" target=\"_blank\" rel=\"noopener\">enlace<\/a><\/p><p>Publicadas las bases de la convocatoria para cubrir dos puestos de trabajo de <strong><u>Encargado\/a de red<\/u><\/strong> y <strong>elaboraci\u00f3n de una bolsa de trabajo.<\/strong>\u00a0 (codi: 202410). Fecha l\u00edmite para presentar solicitudes: 15\/10\/2024. M\u00e1s informaci\u00f3n en este <a href=\"https:\/\/aoberta.terrassa.cat\/ocupacio\/detallOferta.jsp?id=4026\" target=\"_blank\" rel=\"noopener\">enlace<\/a>.<\/p><p>Publicadas las bases de la convocatoria para cubrir dos puestos de trabajo y la elaboraci\u00f3n de una bolsa de trabajo para<strong> OPERARIO\/A DE RED<\/strong> (codi: 202401). <strong>AMPLIACI\u00d3N<\/strong> fecha l\u00edmite para presentar solicitudes: 25\/09\/2024.\u00a0 M\u00e1s informaci\u00f3n en este <a href=\"https:\/\/aoberta.terrassa.cat\/ocupacio\/detallOferta.jsp?id=3946\" target=\"_blank\" rel=\"noopener\">enlace<\/a>.<\/p><p>Publicadas las bases de la convocatoria para cubrir el puesto de trabajo de <strong>Jefe\/a del \u00c1rea de Recursos y Contrataci\u00f3n<\/strong> (codi 202507). Fecha l\u00edmite para presentar solicitudes: 31\/05\/2025. M\u00e1s informaci\u00f3n en este <a href=\"https:\/\/aoberta.terrassa.cat\/ocupacio\/detallOferta.jsp?id=4687\" target=\"_blank\" rel=\"noopener\">enlace<\/a>.<\/p><p>Publicadas las bases de la convocatoria para cubrir el puesto de trabajo de <b>Letrado\/a y la creaci\u00f3n de una bolsa de trabajo <\/b>(codi 202506). Fecha l\u00edmite para presentar solicitudes: 05\/06\/2025. M\u00e1s informaci\u00f3n en este <a href=\"https:\/\/aoberta.terrassa.cat\/ocupacio\/detallOferta.jsp?id=4686\" target=\"_blank\" rel=\"noopener\">enlace<\/a>.<\/p><p>Puesto de trabajo de <strong>T\u00e9cnico\/a de Distribuci\u00f3n<\/strong> (codi 202501). Fecha l\u00edmite para presentar solicitudes 31\/03\/2025. M\u00e1s informaci\u00f3n en este <a href=\"https:\/\/aoberta.terrassa.cat\/ocupacio\/detallOferta.jsp?id=4346\" target=\"_blank\" rel=\"noopener\">enlace<\/a>.<\/p><p>Puesto de trabajo de<strong> Jefe\/a del servicio de estudios y proyectos<\/strong> (codi 202412). Fecha l\u00edmite para presentar solicitudes: 09\/11\/2024. M\u00e1s informaci\u00f3n en este <a href=\"https:\/\/aoberta.terrassa.cat\/ocupacio\/detallOferta.jsp?id=4146\" target=\"_blank\" rel=\"noopener\">enlace<\/a>.<\/p><p>Puesto de trabajo de <strong>LETRADO\/DA del Servicio de CONTRATACI\u00d3N y ASESORIA JUR\u00cdDICA<\/strong>.\u00a0 (codi: 202413). M\u00e1s informaci\u00f3n en este <a href=\"https:\/\/aoberta.terrassa.cat\/ocupacio\/detallOferta.jsp?id=3986\" target=\"_blank\" rel=\"noopener\">enlace<\/a><\/p><p>Puesto de trabajo de <strong>Jefe\/a del servicio de sistemas TIC<\/strong> (codi 202408). M\u00e1s informaci\u00f3n en este <a href=\"https:\/\/aoberta.terrassa.cat\/ocupacio\/detallOferta.jsp?id=4106\" target=\"_blank\" rel=\"noopener\">enlace<\/a>.<\/p><p>Puesto de trabajo de <span style=\"text-decoration: underline;\">Jefe\/a del \u00c1rea de Contabilidad y Finanzas<\/span>. M\u00e1s informaci\u00f3n en este <a href=\"https:\/\/aoberta.terrassa.cat\/ocupacio\/detallOferta.jsp?id=3766\" target=\"_blank\" rel=\"noopener\">enlace<\/a>.<\/p><p>Dos puestos de <u>Encargado\/da de red<\/u> y elaboraci\u00f3n de una bolsa de trabajo. M\u00e1s informaci\u00f3n en este <a href=\"https:\/\/aoberta.terrassa.cat\/ocupacio\/detallOferta.jsp?id=3746\" target=\"_blank\" rel=\"noopener\">enlace<\/a>.<\/p><p>Elaboraci\u00f3n de una bolsa de trabajo para OPERARIO\/A DE RED. M\u00e1s informaci\u00f3n en este <a href=\"https:\/\/aoberta.terrassa.cat\/ocupacio\/detallOferta.jsp?id=3566\" target=\"_blank\" rel=\"noopener\">enlace<\/a>.<\/p><p>Elaboraci\u00f3n de una bolsa de trabajo de Administrativo\/va de atenci\u00f3n al usuario\/a. M\u00e1s informaci\u00f3n en este <a href=\"https:\/\/aoberta.terrassa.cat\/ocupacio\/detallOferta.jsp?id=3806\" target=\"_blank\" rel=\"noopener\">enlace<\/a>. <strong>.<\/strong><\/p><p><u>T\u00e9cnico\/a inform\u00e1tica<\/u>. M\u00e1s informaci\u00f3n en este <a href=\"https:\/\/aoberta.terrassa.cat\/ocupacio\/detallOferta.jsp?id=3786\" target=\"_blank\" rel=\"noopener\">enlace<\/a>.<\/p><p>OPERARIO\/ARIA TURNO MANTENIMIENTO (3 plazas), para el centro de trabajo de Abrera, de TAIGUA. M\u00e1s informaci\u00f3n en este <a href=\"https:\/\/aoberta.terrassa.cat\/ocupacio\/detallOferta.jsp?id=3306\" target=\"_blank\" rel=\"noopener\">enlace<\/a>.<\/p><p>Encargado\/da de Red y Bolsa de trabajo. M\u00e1s informaci\u00f3n en este <a href=\"https:\/\/aoberta.terrassa.cat\/ocupacio\/detallOferta.jsp?id=3247\" target=\"_blank\" rel=\"noopener\">enlace<\/a>.<\/p><p>Operario\/a de Grandes Aver\u00edas y Bolsa de trabajo. M\u00e1s informaci\u00f3n en este <a href=\"https:\/\/aoberta.terrassa.cat\/ocupacio\/detallOferta.jsp?id=3246\" target=\"_blank\" rel=\"noopener\">enlace<\/a>.<\/p><p>Administrativo\/a de contabilidad. M\u00e1s informaci\u00f3n en este <a href=\"https:\/\/aoberta.terrassa.cat\/ocupacio\/detallOferta.jsp?id=3186\" target=\"_blank\" rel=\"noopener\">enlace<\/a>.<\/p><p>LETRADO\/DA para la \u00c0rea de RECURSOS I CONTRACTACI\u00d3. M\u00e1s informaci\u00f3n en este <a href=\"https:\/\/aoberta.terrassa.cat\/tramits\/fitxa.jsp?id=7967\" target=\"_blank\" rel=\"noopener\">enlace<\/a>.<\/p><p>LETRADO\/DA. M\u00e1s informaci\u00f3n en este <a href=\"https:\/\/aoberta.terrassa.cat\/ocupacio\/detallOferta.jsp?id=3266\" target=\"_blank\" rel=\"noopener\">enlace.<\/a><\/p><p>ADMINISTRATIVO\/VA LABORAL. M\u00e1s informaci\u00f3n en este <a href=\"https:\/\/aoberta.terrassa.cat\/ocupacio\/detallOferta.jsp?id=3406\">enlace<\/a>.<\/p><p>T\u00e9cnico\/a de Estudios y Proyectos. M\u00e1s informaci\u00f3n en este <a href=\"https:\/\/aoberta.terrassa.cat\/ocupacio\/detallOferta.jsp?id=2966\" target=\"_blank\" rel=\"noopener\">enlace.<\/a><\/p><p>Bolsa de trabajo de administrativo\/va de atenci\u00f3n al usuario\/usuaria para TAIGUA. M\u00e1s informaci\u00f3n en este <a href=\"https:\/\/aoberta.terrassa.cat\/ocupacio\/detallOferta.jsp?id=2866\" target=\"_blank\" rel=\"noopener\">enlace<\/a>.<\/p><p>T\u00e9cnico\/a de Distribuci\u00f3n,\u00a0para TAIGUA. M\u00e1s informaci\u00f3n en este <a href=\"https:\/\/aoberta.terrassa.cat\/ocupacio\/detallOferta.jsp?id=2906\" target=\"_blank\" rel=\"noopener\">enlace.<\/a><\/p><p>Encargado\/da de Red para TAIGUA y elaboraci\u00f3n de una bolsa de trabajo. M\u00e1s informaci\u00f3n en este <a href=\"https:\/\/aoberta.terrassa.cat\/ocupacio\/detallOferta.jsp?id=3026\" target=\"_blank\" rel=\"noopener\">enlace<\/a>.<\/p><p>Operario\/ria ESPECIALISTA de red. AMPLIACI\u00d3N DE PLAZO. M\u00e1s informaci\u00f3n en este <a href=\"https:\/\/aoberta.terrassa.cat\/ocupacio\/detallOferta.jsp?id=2447\" target=\"_blank\" rel=\"noopener\">enlace<\/a><\/p><p>Operario\/ria de red. AMPLIACI\u00d3N DE PLAZO. M\u00e1s informaci\u00f3n en este <a href=\"https:\/\/aoberta.terrassa.cat\/ocupacio\/detallOferta.jsp?id=2446\" target=\"_blank\" rel=\"noopener\">enlace<\/a>.<\/p><p>Administrativo\/a de Atenci\u00f3n al Usuario\/a (tres plazas). M\u00e1s informaci\u00f3n en este <a href=\"https:\/\/aoberta.terrassa.cat\/ocupacio\/detallOferta.jsp?id=2387\" target=\"_blank\" rel=\"noopener\">enlace<\/a><\/p><p>Administrativo\/a de compras. M\u00e1s informaci\u00f3n en este <a href=\"https:\/\/aoberta.terrassa.cat\/ocupacio\/detallOferta.jsp?id=2386\" target=\"_blank\" rel=\"noopener\">enlace<\/a><\/p><p>Operario\/a de turno de vigilancia y control ETAP (dos plazas). M\u00e1s informaci\u00f3n en este <a href=\"https:\/\/aoberta.terrassa.cat\/ocupacio\/detallOferta.jsp?id=2206\" target=\"_blank\" rel=\"noopener\">enlace<\/a><\/p><p>Operario\/a de red. M\u00e1s informaci\u00f3n en este <a href=\"https:\/\/terrassaocupacio.cat\/ca\/ofertes\/?idOferta=4281\" target=\"_blank\" rel=\"noopener\">enlace<\/a><\/p><p>T\u00e9cnico\/a Superior de Estudios y Proyectos. M\u00e1s informaci\u00f3n en este <a href=\"https:\/\/aoberta.terrassa.cat\/ocupacio\/detallOferta.jsp?id=2286\" target=\"_blank\" rel=\"noopener\">enlace<\/a><\/p><p>T\u00e9cnico\/a Superior de Modelizaci\u00f3n y GIS. M\u00e1s informaci\u00f3n en este <a href=\"https:\/\/aoberta.terrassa.cat\/ocupacio\/detallOferta.jsp?id=2246\" target=\"_blank\" rel=\"noopener\">enlace<\/a><\/p><p>Jefe\/a del \u00c1rea de Recursos y Contrataci\u00f3n. M\u00e1s informaci\u00f3n en este <a href=\"https:\/\/aoberta.terrassa.cat\/ocupacio\/detallOferta.jsp?id=2306\" target=\"_blank\" rel=\"noopener\">enlace<\/a><\/p><p>T\u00e9cnico\/a Superior de Prevenci\u00f3n de Riesgos Laborales. M\u00e1s informaci\u00f3n en este <a href=\"https:\/\/aoberta.terrassa.cat\/ocupacio\/detallOferta.jsp?id=2046\" target=\"_blank\" rel=\"noopener\">enlace<\/a><\/p><p>Jefe\/a del Servicio de Contrataci\u00f3n y Asesor\u00eda Jur\u00eddica. M\u00e1s informaci\u00f3n en este <a href=\"https:\/\/aoberta.terrassa.cat\/ocupacio\/detallOferta.jsp?id=2006\" target=\"_blank\" rel=\"noopener\">enlace<\/a><\/p><p>T\u00e9cnico\/a Superior de Estudios y Proyectos (2 plazas). AMPLIACI\u00d3N DE PLAZO. M\u00e1s informaci\u00f3n en este <a href=\"https:\/\/aoberta.terrassa.cat\/ocupacio\/detallOferta.jsp?id=1986#\" target=\"_blank\" rel=\"noopener\">enlace<\/a><\/p><p>Operario de control de consum de agua. M\u00e1s informaci\u00f3n en este <a href=\"https:\/\/terrassaocupacio.cat\/ca\/ofertes\/?idOferta=4425\">enlla\u00e7<\/a><\/p><p>Jefe de Mantenimiente. M\u00e1s informaci\u00f3n en este <a href=\"https:\/\/terrassaocupacio.cat\/ca\/ofertes\/?idOferta=3591\">enlla\u00e7<\/a><\/p><p>Jefe de servicio de Sistemas TIC. M\u00e1s informaci\u00f3n en este <a href=\"https:\/\/terrassaocupacio.cat\/ca\/ofertes\/?idOferta=4044\">enlla\u00e7<\/a><\/p><p>Jefe del \u00c1rea de Planificaci\u00f3n y Tecnologia. M\u00e1s informaci\u00f3n en este <a href=\"https:\/\/aoberta.terrassa.cat\/ocupacio\/detallOferta.jsp?id=1446\">enlla\u00e7<\/a><\/p><p>Cap de servei de Contractaci\u00f3 i Assessoria Jur\u00eddica. M\u00e9s informaci\u00f3 en aquest <a href=\"https:\/\/terrassaocupacio.cat\/ca\/ofertes\/?idOferta=4096\">enlla\u00e7<\/a><\/p><p>Lletrat\/da. M\u00e9s informaci\u00f3 en aquest <a href=\"https:\/\/terrassaocupacio.cat\/ca\/ofertes\/?idOferta=4097\">enlla\u00e7<\/a><\/p><p>Cap de l&#8217;\u00c0rea de Recursos i Contractaci\u00f3. M\u00e9s informaci\u00f3 en aquest <a href=\"https:\/\/aoberta.terrassa.cat\/ocupacio\/detallOferta.jsp?id=1666\">enlla\u00e7<\/a><\/p><p>Cap de servei d&#8217;Estudis i Projectes. M\u00e9s informaci\u00f3 en aquest <a href=\"https:\/\/aoberta.terrassa.cat\/ocupacio\/detallOferta.jsp?id=1053\">enlla\u00e7<\/a><\/p><p>Cap de servei de Sistemes T\u00e8cnics d&#8217;Informaci\u00f3 i Comunicaci\u00f3 (TIC). M\u00e9s informaci\u00f3 en aquest <a href=\"https:\/\/aoberta.terrassa.cat\/ocupacio\/detallOferta.jsp?id=1054\">enlla\u00e7<\/a><\/p><p>Administratiu\/va laboral. M\u00e9s informaci\u00f3 en aquest <a href=\"https:\/\/terrassaocupacio.cat\/ca\/ofertes\/?idOferta=3815\">enlla\u00e7<\/a><\/p><p>T\u00e8cnic\/a inform\u00e0tic\/a. M\u00e9s informaci\u00f3 en aquest <a href=\"https:\/\/terrassaocupacio.cat\/ca\/ofertes\/?idOferta=3814\">enlla\u00e7<\/a><\/p><p>Lletrat\/da. Recursos i Contractaci\u00f3. M\u00e9s informaci\u00f3 en aquest\u00a0<a style=\"background-color: #ffffff;\" href=\"https:\/\/aoberta.terrassa.cat\/ocupacio\/detallOferta.jsp?id=1055\">enlla\u00e7<\/a><\/p><p>Gerent per a l&#8217;entitat p\u00fablica empresarial local \u00abTerrassa Cicle de l&#8217;Aigua, EPEL\u00bb. M\u00e9s informaci\u00f3 en aquest <a href=\"https:\/\/taigua.cat\/wp-content\/uploads\/2021\/12\/Acta-final-proces-selectiu-Gerent-EPEL.pdf\">enlla\u00e7<\/a><\/p><p><strong>Contractes laborals d&#8217;interinitat:<\/strong><\/p><p>Cap de serveis d&#8217;Administraci\u00f3 de Recursos i Contractaci\u00f3<\/p><p>Cap de serveis de Planificaci\u00f3 i Tecnologia<\/p><p>Cap de secci\u00f3 de Sistemes TIC<\/p><p>Cap de secci\u00f3 d&#8217;Estudis i Projectes<\/p><p><a href=\"https:\/\/taigua.cat\/wp-content\/uploads\/2021\/12\/RESOLUCIO-CONVOCATORIES-INTERINITAT.pdf\">RESOLUCI\u00d3-CONVOCAT\u00d2RIES-INTERINITAT<\/a><\/p><p>Incorporaci\u00f3 de personal laboral fix d&#8217;Auxiliar Administratiu\/va i per a la confecci\u00f3 de la borsa de treball de la mateixa categoria.<\/p><p><a href=\"https:\/\/taigua.cat\/wp-content\/uploads\/2021\/12\/ACTA-FINAL-DEL-TRIBUNAL-QUALIFICADOR-DEL-PROCES-DE-CONTRACTACIO.pdf\">ACTA-FINAL-DEL-TRIBUNAL-QUALIFICADOR-DEL-PROC\u00c9S-DE-CONTRACTACI\u00d3<\/a><\/p><\/div>\n\t\t\t\t<\/div>\n\t\t\t\t\t\t\t\t<\/div>\n\t\t\t\t\t\t<\/div>\n\t\t\t\t<\/div>\n\t\t\t\t\t<\/div>\n\t\t<\/div>\n\t\t\t\t\t<\/div>\n\t\t<\/section>\n\t\t\t\t<\/div>\n\t\t","protected":false},"excerpt":{"rendered":"<p>Ofertas abiertas: Procesos en curso. (finalizado plazo presentaci\u00f3n candidaturas): Publicadas las bases de la convocatoria para cubrir el puesto de trabajo de Jefe\/a del Servicio de Atenci\u00f3n al usuario\/a \u00a0de la entitat p\u00fablica empresarial local TERRASSA CICLE DE L\u2019AIGUA (TAIGUA). (c\u00f3digo 202505). Fecha l\u00edmite para la presentaci\u00f3n de solicitudes: a partir del dia 17, hasta [&hellip;]<\/p>\n","protected":false},"author":1,"featured_media":0,"parent":0,"menu_order":0,"comment_status":"closed","ping_status":"closed","template":"","meta":{"_acf_changed":false,"footnotes":""},"class_list":["post-173469","page","type-page","status-publish","hentry"],"acf":[],"aioseo_notices":[],"_links":{"self":[{"href":"https:\/\/taigua.cat\/es\/wp-json\/wp\/v2\/pages\/173469","targetHints":{"allow":["GET"]}}],"collection":[{"href":"https:\/\/taigua.cat\/es\/wp-json\/wp\/v2\/pages"}],"about":[{"href":"https:\/\/taigua.cat\/es\/wp-json\/wp\/v2\/types\/page"}],"author":[{"embeddable":true,"href":"https:\/\/taigua.cat\/es\/wp-json\/wp\/v2\/users\/1"}],"replies":[{"embeddable":true,"href":"https:\/\/taigua.cat\/es\/wp-json\/wp\/v2\/comments?post=173469"}],"version-history":[{"count":0,"href":"https:\/\/taigua.cat\/es\/wp-json\/wp\/v2\/pages\/173469\/revisions"}],"wp:attachment":[{"href":"https:\/\/taigua.cat\/es\/wp-json\/wp\/v2\/media?parent=173469"}],"curies":[{"name":"wp","href":"https:\/\/api.w.org\/{rel}","templated":true}]}}