{"id":18963,"date":"2021-11-23T13:05:09","date_gmt":"2021-11-23T12:05:09","guid":{"rendered":"https:\/\/taigua.proo.es\/?page_id=18963"},"modified":"2026-03-11T14:12:26","modified_gmt":"2026-03-11T13:12:26","slug":"sustitucion-de-aforo-del-contador","status":"publish","type":"page","link":"https:\/\/taigua.cat\/es\/sustitucion-de-aforo-del-contador\/","title":{"rendered":"Sustituci\u00f3n de aforo por contador"},"content":{"rendered":"<h6><strong>Para conocer las ventajas y el coste de la sustituci\u00f3n de un aforo por contador, haga click en este <a href=\"https:\/\/taigua.cat\/wp-content\/uploads\/2026\/03\/cambio-aforo-por-contador.pdf\" target=\"_blank\" rel=\"noopener\">enlace<\/a><\/strong><\/h6>\n\u00a0\n\n\n<div class=\"wpcf7 no-js\" id=\"wpcf7-f18675-o1\" lang=\"ca\" dir=\"ltr\" data-wpcf7-id=\"18675\">\n<div class=\"screen-reader-response\"><p role=\"status\" aria-live=\"polite\" aria-atomic=\"true\"><\/p> <ul><\/ul><\/div>\n<form action=\"\/es\/wp-json\/wp\/v2\/pages\/18963#wpcf7-f18675-o1\" method=\"post\" class=\"wpcf7-form init\" aria-label=\"Formulari de contacte\" novalidate=\"novalidate\" data-status=\"init\">\n<fieldset class=\"hidden-fields-container\"><input type=\"hidden\" name=\"_wpcf7\" value=\"18675\" \/><input type=\"hidden\" name=\"_wpcf7_version\" value=\"6.1.5\" \/><input type=\"hidden\" name=\"_wpcf7_locale\" value=\"ca\" \/><input type=\"hidden\" name=\"_wpcf7_unit_tag\" value=\"wpcf7-f18675-o1\" \/><input type=\"hidden\" name=\"_wpcf7_container_post\" value=\"0\" \/><input type=\"hidden\" name=\"_wpcf7_posted_data_hash\" value=\"\" \/><input type=\"hidden\" name=\"_wpcf7_recaptcha_response\" value=\"\" \/>\n<\/fieldset>\n<p>Para pedir la solicitud de sustituci\u00f3n de aforo por contador necesitamos que llene los siguientes datos para realizar el estudio t\u00e9cnico correspondiente.\n<\/p>\n<p>* Nombre y apellidos de la persona titular actual del contrato o raz\u00f3n social (en caso de persona jur\u00eddica):<br \/>\n<span class=\"wpcf7-form-control-wrap\" data-name=\"Nom\"><input size=\"40\" maxlength=\"400\" class=\"wpcf7-form-control wpcf7-text wpcf7-validates-as-required\" aria-required=\"true\" aria-invalid=\"false\" value=\"\" type=\"text\" name=\"Nom\" \/><\/span>\n<\/p>\n<p>* DNI\/NIF o permiso de residencia (en caso de extranjeros):<br \/>\n<span class=\"wpcf7-form-control-wrap\" data-name=\"DNI\"><input size=\"40\" maxlength=\"400\" class=\"wpcf7-form-control wpcf7-text wpcf7-validates-as-required\" aria-required=\"true\" aria-invalid=\"false\" value=\"\" type=\"text\" name=\"DNI\" \/><\/span>\n<\/p>\n<p>* Direcci\u00f3n de suministro:<br \/>\n<span class=\"wpcf7-form-control-wrap\" data-name=\"Adreca\"><input size=\"40\" maxlength=\"400\" class=\"wpcf7-form-control wpcf7-text wpcf7-validates-as-required\" aria-required=\"true\" aria-invalid=\"false\" value=\"\" type=\"text\" name=\"Adreca\" \/><\/span> * N\u00famero: <span class=\"wpcf7-form-control-wrap\" data-name=\"Num\"><input size=\"40\" maxlength=\"400\" class=\"wpcf7-form-control wpcf7-text wpcf7-validates-as-required\" aria-required=\"true\" aria-invalid=\"false\" value=\"\" type=\"text\" name=\"Num\" \/><\/span> Escalera: <span class=\"wpcf7-form-control-wrap\" data-name=\"Esc\"><input size=\"40\" maxlength=\"400\" class=\"wpcf7-form-control wpcf7-text\" aria-invalid=\"false\" value=\"\" type=\"text\" name=\"Esc\" \/><\/span> Piso: <span class=\"wpcf7-form-control-wrap\" data-name=\"Pis\"><input size=\"40\" maxlength=\"400\" class=\"wpcf7-form-control wpcf7-text\" aria-invalid=\"false\" value=\"\" type=\"text\" name=\"Pis\" \/><\/span> Puerta: <span class=\"wpcf7-form-control-wrap\" data-name=\"Porta\"><input size=\"40\" maxlength=\"400\" class=\"wpcf7-form-control wpcf7-text\" aria-invalid=\"false\" value=\"\" type=\"text\" name=\"Porta\" \/><\/span>\n<\/p>\n<p>* C\u00f3digo postal: <span class=\"wpcf7-form-control-wrap\" data-name=\"CodiPostal\"><input size=\"40\" maxlength=\"400\" class=\"wpcf7-form-control wpcf7-text wpcf7-validates-as-required\" aria-required=\"true\" aria-invalid=\"false\" value=\"\" type=\"text\" name=\"CodiPostal\" \/><\/span><br \/>\n* Poblaci\u00f3n: <span class=\"wpcf7-form-control-wrap\" data-name=\"Poblacio\"><select class=\"wpcf7-form-control wpcf7-select wpcf7-validates-as-required\" aria-required=\"true\" aria-invalid=\"false\" name=\"Poblacio\"><option value=\"Terrassa\">Terrassa<\/option><\/select><\/span>\n<\/p>\n<p>* Tel\u00e9fono de contacto: <span class=\"wpcf7-form-control-wrap\" data-name=\"Telefon\"><input size=\"40\" maxlength=\"400\" class=\"wpcf7-form-control wpcf7-tel wpcf7-validates-as-required wpcf7-text wpcf7-validates-as-tel\" aria-required=\"true\" aria-invalid=\"false\" value=\"\" type=\"tel\" name=\"Telefon\" \/><\/span> (preferiblemente, que sea un m\u00f3vil)\n<\/p>\n<p>* Correo electr\u00f3nico: <span class=\"wpcf7-form-control-wrap\" data-name=\"Correu\"><input size=\"40\" maxlength=\"400\" class=\"wpcf7-form-control wpcf7-email wpcf7-validates-as-required wpcf7-text wpcf7-validates-as-email\" aria-required=\"true\" aria-invalid=\"false\" value=\"\" type=\"email\" name=\"Correu\" \/><\/span>\n<\/p>\n<p>* \u00bfCu\u00e1ntos contadores se quieren instalar en la comunidad? <span class=\"wpcf7-form-control-wrap\" data-name=\"Comptadors\"><input size=\"40\" maxlength=\"400\" class=\"wpcf7-form-control wpcf7-text wpcf7-validates-as-required\" aria-required=\"true\" aria-invalid=\"false\" value=\"\" type=\"text\" name=\"Comptadors\" \/><\/span>\n<\/p>\n<p>Protecci\u00f3n de datos: TERRASSA CICLE DE L\u2019AIGUA EPEL (TAIGUA) tratar\u00e1 sus datos para proceder a la sustituci\u00f3n de aforo por contador, a trav\u00e9s de nuestro formulario de contacto. Puede ejercer sus derechos en dpd@taigua.cat. Conozca nuestra pol\u00edtica de privacidad haciendo clic <a target=\"_blank\" href=\"https:\/\/taigua.cat\/es\/politica-de-privacidad\/\">aqu\u00ed<\/a>.\n<\/p>\n<p>* El USUARIO\/A autoriza el tratamiento de sus datos para la comercializaci\u00f3n de otros servicios y actividades y Para poderle remitir por correo postal, electr\u00f3nico y por cualquier otro medio de comunicaci\u00f3n electr\u00f3nica equivalente, Informaci\u00f3n y publicidad sobre los mismos: <span class=\"wpcf7-form-control-wrap\" data-name=\"client\"><span class=\"wpcf7-form-control wpcf7-checkbox wpcf7-validates-as-required\"><span class=\"wpcf7-list-item first\"><input type=\"checkbox\" name=\"client[]\" value=\"S\u00ed\" \/><span class=\"wpcf7-list-item-label\">S\u00ed<\/span><\/span><span class=\"wpcf7-list-item last\"><input type=\"checkbox\" name=\"client[]\" value=\"No\" \/><span class=\"wpcf7-list-item-label\">No<\/span><\/span><\/span><\/span>\n<\/p>\n<p><input class=\"wpcf7-form-control wpcf7-submit has-spinner\" type=\"submit\" value=\"Enviar\" \/>\n<\/p><div class=\"wpcf7-response-output\" aria-hidden=\"true\"><\/div>\n<\/form>\n<\/div>\n\n","protected":false},"excerpt":{"rendered":"<p>Para conocer las ventajas y el coste de la sustituci\u00f3n de un aforo por contador, haga click en este enlace \u00a0<\/p>\n","protected":false},"author":1,"featured_media":0,"parent":0,"menu_order":0,"comment_status":"closed","ping_status":"closed","template":"","meta":{"_acf_changed":false,"footnotes":""},"class_list":["post-18963","page","type-page","status-publish","hentry"],"acf":[],"aioseo_notices":[],"_links":{"self":[{"href":"https:\/\/taigua.cat\/es\/wp-json\/wp\/v2\/pages\/18963","targetHints":{"allow":["GET"]}}],"collection":[{"href":"https:\/\/taigua.cat\/es\/wp-json\/wp\/v2\/pages"}],"about":[{"href":"https:\/\/taigua.cat\/es\/wp-json\/wp\/v2\/types\/page"}],"author":[{"embeddable":true,"href":"https:\/\/taigua.cat\/es\/wp-json\/wp\/v2\/users\/1"}],"replies":[{"embeddable":true,"href":"https:\/\/taigua.cat\/es\/wp-json\/wp\/v2\/comments?post=18963"}],"version-history":[{"count":0,"href":"https:\/\/taigua.cat\/es\/wp-json\/wp\/v2\/pages\/18963\/revisions"}],"wp:attachment":[{"href":"https:\/\/taigua.cat\/es\/wp-json\/wp\/v2\/media?parent=18963"}],"curies":[{"name":"wp","href":"https:\/\/api.w.org\/{rel}","templated":true}]}}