{"id":18970,"date":"2021-11-23T13:08:00","date_gmt":"2021-11-23T12:08:00","guid":{"rendered":"https:\/\/taigua.proo.es\/?page_id=18970"},"modified":"2022-09-02T11:56:58","modified_gmt":"2022-09-02T09:56:58","slug":"dar-de-baja-el-suministro","status":"publish","type":"page","link":"https:\/\/taigua.cat\/es\/dar-de-baja-el-suministro\/","title":{"rendered":"Dar de baja el suministro"},"content":{"rendered":"\t\t<div data-elementor-type=\"wp-page\" data-elementor-id=\"18970\" class=\"elementor elementor-18970\" data-elementor-post-type=\"page\">\n\t\t\t\t\t\t<section class=\"elementor-section elementor-top-section elementor-element elementor-element-71e771a6 elementor-section-boxed elementor-section-height-default elementor-section-height-default\" data-id=\"71e771a6\" data-element_type=\"section\" data-e-type=\"section\">\n\t\t\t\t\t\t<div class=\"elementor-container elementor-column-gap-default\">\n\t\t\t\t\t<div class=\"elementor-column elementor-col-100 elementor-top-column elementor-element elementor-element-1cf3b0e7\" data-id=\"1cf3b0e7\" data-element_type=\"column\" data-e-type=\"column\">\n\t\t\t<div class=\"elementor-widget-wrap elementor-element-populated\">\n\t\t\t\t\t\t<div class=\"elementor-element elementor-element-47067ff elementor-widget elementor-widget-heading\" data-id=\"47067ff\" data-element_type=\"widget\" data-e-type=\"widget\" data-widget_type=\"heading.default\">\n\t\t\t\t<div class=\"elementor-widget-container\">\n\t\t\t\t\t<h4 class=\"elementor-heading-title elementor-size-default\">IMPORTANTE: Esta solicitud implica la retirada del contador de agua dejando el local\/vivienda sin suministro.<\/h4>\t\t\t\t<\/div>\n\t\t\t\t<\/div>\n\t\t\t\t<div class=\"elementor-element elementor-element-1c295928 elementor-widget elementor-widget-text-editor\" data-id=\"1c295928\" data-element_type=\"widget\" data-e-type=\"widget\" data-widget_type=\"text-editor.default\">\n\t\t\t\t<div class=\"elementor-widget-container\">\n\t\t\t\t\t\t\t\t\t\n<div class=\"wp-block-contact-form-7-contact-form-selector\">\n<div class=\"wpcf7 no-js\" id=\"wpcf7-f18685-o1\" lang=\"ca\" dir=\"ltr\" data-wpcf7-id=\"18685\">\n<div class=\"screen-reader-response\"><p role=\"status\" aria-live=\"polite\" aria-atomic=\"true\"><\/p> <ul><\/ul><\/div>\n<form action=\"\/es\/wp-json\/wp\/v2\/pages\/18970#wpcf7-f18685-o1\" method=\"post\" class=\"wpcf7-form init\" aria-label=\"Formulari de contacte\" novalidate=\"novalidate\" data-status=\"init\">\n<fieldset class=\"hidden-fields-container\"><input type=\"hidden\" name=\"_wpcf7\" value=\"18685\" \/><input type=\"hidden\" name=\"_wpcf7_version\" value=\"6.1.5\" \/><input type=\"hidden\" name=\"_wpcf7_locale\" value=\"ca\" \/><input type=\"hidden\" name=\"_wpcf7_unit_tag\" value=\"wpcf7-f18685-o1\" \/><input type=\"hidden\" name=\"_wpcf7_container_post\" value=\"0\" \/><input type=\"hidden\" name=\"_wpcf7_posted_data_hash\" value=\"\" \/><input type=\"hidden\" name=\"_wpcf7_recaptcha_response\" value=\"\" \/>\n<\/fieldset>\n<p>Para dar de baja el suministro necesitamos que nos indique los siguientes datos:\n<\/p>\n<p>* Lectura contador (m3) <span class=\"wpcf7-form-control-wrap\" data-name=\"leccomptador\"><input class=\"wpcf7-form-control wpcf7-number wpcf7-validates-as-required wpcf7-validates-as-number\" min=\"0\" aria-required=\"true\" aria-invalid=\"false\" value=\"\" type=\"number\" name=\"leccomptador\" \/><\/span>\n<\/p>\n<p>* Fecha <span class=\"wpcf7-form-control-wrap\" data-name=\"data\"><input class=\"wpcf7-form-control wpcf7-date wpcf7-validates-as-required wpcf7-validates-as-date\" aria-required=\"true\" aria-invalid=\"false\" value=\"\" type=\"date\" name=\"data\" \/><\/span>\n<\/p>\n<p>Foto contador <span class=\"wpcf7-form-control-wrap\" data-name=\"fotocomptador\"><input size=\"40\" class=\"wpcf7-form-control wpcf7-drag-n-drop-file d-none\" aria-invalid=\"false\" type=\"file\" multiple=\"multiple\" data-name=\"fotocomptador\" data-type=\"jpg|jpeg|png|gif|bmp|txt|doc|docx|pdf|rar|zip\" data-max=\"1\" data-id=\"18685\" data-version=\"free version 1.3.9.7\" accept=\".jpg, .jpeg, .png, .gif, .bmp, .txt, .doc, .docx, .pdf, .rar, .zip\" \/><\/span>\n<\/p>\n<p>* N\u00famero de contrato: <span class=\"wpcf7-form-control-wrap\" data-name=\"numcontracte\"><input size=\"40\" maxlength=\"400\" class=\"wpcf7-form-control wpcf7-text wpcf7-validates-as-required\" id=\"contracte\" aria-required=\"true\" aria-invalid=\"false\" value=\"\" type=\"text\" name=\"numcontracte\" \/><\/span>\n<\/p>\n<p>* Nombre y apellidos de la persona titular actual del contrato o raz\u00f3n social (en caso de persona jur\u00eddica):<br \/>\n<span class=\"wpcf7-form-control-wrap\" data-name=\"Nom\"><input size=\"40\" maxlength=\"400\" class=\"wpcf7-form-control wpcf7-text wpcf7-validates-as-required\" aria-required=\"true\" aria-invalid=\"false\" value=\"\" type=\"text\" name=\"Nom\" \/><\/span>\n<\/p>\n<p>* DNI\/NIF o permiso de residencia (en caso de extranjeros):<br \/>\n<span class=\"wpcf7-form-control-wrap\" data-name=\"DNI\"><input size=\"40\" maxlength=\"400\" class=\"wpcf7-form-control wpcf7-text wpcf7-validates-as-required\" aria-required=\"true\" aria-invalid=\"false\" value=\"\" type=\"text\" name=\"DNI\" \/><\/span>\n<\/p>\n<p>* Direcci\u00f3n de suministro:<br \/>\n<span class=\"wpcf7-form-control-wrap\" data-name=\"Adreca\"><input size=\"40\" maxlength=\"400\" class=\"wpcf7-form-control wpcf7-text wpcf7-validates-as-required\" aria-required=\"true\" aria-invalid=\"false\" value=\"\" type=\"text\" name=\"Adreca\" \/><\/span> * N\u00famero: <span class=\"wpcf7-form-control-wrap\" data-name=\"Num\"><input size=\"40\" maxlength=\"400\" class=\"wpcf7-form-control wpcf7-text wpcf7-validates-as-required\" aria-required=\"true\" aria-invalid=\"false\" value=\"\" type=\"text\" name=\"Num\" \/><\/span> Escalera: <span class=\"wpcf7-form-control-wrap\" data-name=\"Esc\"><input size=\"40\" maxlength=\"400\" class=\"wpcf7-form-control wpcf7-text\" aria-invalid=\"false\" value=\"\" type=\"text\" name=\"Esc\" \/><\/span> Piso: <span class=\"wpcf7-form-control-wrap\" data-name=\"Pis\"><input size=\"40\" maxlength=\"400\" class=\"wpcf7-form-control wpcf7-text\" aria-invalid=\"false\" value=\"\" type=\"text\" name=\"Pis\" \/><\/span> Puerta: <span class=\"wpcf7-form-control-wrap\" data-name=\"Porta\"><input size=\"40\" maxlength=\"400\" class=\"wpcf7-form-control wpcf7-text\" aria-invalid=\"false\" value=\"\" type=\"text\" name=\"Porta\" \/><\/span>\n<\/p>\n<p>* C\u00f3digo postal: <span class=\"wpcf7-form-control-wrap\" data-name=\"CodiPostal\"><input size=\"40\" maxlength=\"400\" class=\"wpcf7-form-control wpcf7-text wpcf7-validates-as-required\" aria-required=\"true\" aria-invalid=\"false\" value=\"\" type=\"text\" name=\"CodiPostal\" \/><\/span><br \/>\n* Poblaci\u00f3n: <span class=\"wpcf7-form-control-wrap\" data-name=\"Poblacio\"><select class=\"wpcf7-form-control wpcf7-select wpcf7-validates-as-required\" aria-required=\"true\" aria-invalid=\"false\" name=\"Poblacio\"><option value=\"Terrassa\">Terrassa<\/option><\/select><\/span>\n<\/p>\n<p>* Tel\u00e9fono de contacto: <span class=\"wpcf7-form-control-wrap\" data-name=\"Telefon\"><input size=\"40\" maxlength=\"400\" class=\"wpcf7-form-control wpcf7-tel wpcf7-validates-as-required wpcf7-text wpcf7-validates-as-tel\" aria-required=\"true\" aria-invalid=\"false\" value=\"\" type=\"tel\" name=\"Telefon\" \/><\/span> (preferiblemente, que sea un m\u00f3vil)\n<\/p>\n<p>* Correo electr\u00f3nico: <span class=\"wpcf7-form-control-wrap\" data-name=\"Correu\"><input size=\"40\" maxlength=\"400\" class=\"wpcf7-form-control wpcf7-email wpcf7-validates-as-required wpcf7-text wpcf7-validates-as-email\" aria-required=\"true\" aria-invalid=\"false\" value=\"\" type=\"email\" name=\"Correu\" \/><\/span>\n<\/p>\n<p>* Nombre y apellidos de la persona solicitante:<br \/>\n<span class=\"wpcf7-form-control-wrap\" data-name=\"nomsol\"><input size=\"40\" maxlength=\"400\" class=\"wpcf7-form-control wpcf7-text wpcf7-validates-as-required\" aria-required=\"true\" aria-invalid=\"false\" value=\"\" type=\"text\" name=\"nomsol\" \/><\/span>\n<\/p>\n<p>* DNI\/NIF o permiso de residencia del solicitante:<br \/>\n<span class=\"wpcf7-form-control-wrap\" data-name=\"DNIsol\"><input size=\"40\" maxlength=\"400\" class=\"wpcf7-form-control wpcf7-text wpcf7-validates-as-required\" aria-required=\"true\" aria-invalid=\"false\" value=\"\" type=\"text\" name=\"DNIsol\" \/><\/span>\n<\/p>\n<div style=\"background-color: #F2F1F1; padding: 20px;\">\n\t<p><strong>* DNI o NIF del TITULAR POR AMBAS CARAS<\/strong>\n\t<\/p>\n\t<p><span class=\"wpcf7-form-control-wrap\" data-name=\"doc\"><span class=\"wpcf7-form-control wpcf7-radio\"><span class=\"wpcf7-list-item first last\"><input type=\"radio\" name=\"doc\" value=\"La adjunto escaneada\" checked=\"checked\" \/><span class=\"wpcf7-list-item-label\">La adjunto escaneada<\/span><\/span><\/span><\/span>\n\t<\/p>\n\t<p><span class=\"wpcf7-form-control-wrap\" data-name=\"documentacio\"><input size=\"40\" class=\"wpcf7-form-control wpcf7-drag-n-drop-file d-none\" aria-required=\"true\" aria-invalid=\"false\" type=\"file\" multiple=\"multiple\" data-name=\"documentacio\" data-type=\"jpg|jpeg|png|gif|bmp|txt|doc|docx|pdf|rar|zip\" data-min=\"1\" data-id=\"18685\" data-version=\"free version 1.3.9.7\" accept=\".jpg, .jpeg, .png, .gif, .bmp, .txt, .doc, .docx, .pdf, .rar, .zip\" \/><\/span>\n\t<\/p>\n<\/div>\n<p>Protecci\u00f3n de datos: TERRASSA CICLE DEL AGUA EPEL (TAIGUA) tratar\u00e1 sus datos para gestionar su baja de suministro a trav\u00e9s de nuestro formulario de contacto. Puede ejercer sus derechos en dpd@taigua.cat. Conozca nuestra pol\u00edtica de privacidad haciendo clic <a target=\"_blank\" href=\"https:\/\/taigua.cat\/es\/politica-de-privacidad\/\">aqu\u00ed<\/a>.\n<\/p>\n<p>* El USUARIO\/A autoriza el tratamiento de sus datos para la comercializaci\u00f3n de otros servicios y actividades y Para poderle remitir por correo postal, electr\u00f3nico y por cualquier otro medio de comunicaci\u00f3n electr\u00f3nica equivalente, Informaci\u00f3n y publicidad sobre los mismos: <span class=\"wpcf7-form-control-wrap\" data-name=\"client\"><span class=\"wpcf7-form-control wpcf7-checkbox wpcf7-validates-as-required\"><span class=\"wpcf7-list-item first\"><input type=\"checkbox\" name=\"client[]\" value=\"S\u00ed\" \/><span class=\"wpcf7-list-item-label\">S\u00ed<\/span><\/span><span class=\"wpcf7-list-item last\"><input type=\"checkbox\" name=\"client[]\" value=\"No\" \/><span class=\"wpcf7-list-item-label\">No<\/span><\/span><\/span><\/span>\n<\/p>\n<p><span style=\"font-weight: 800; color: #379eff;\">Una vez realizado su tr\u00e1mite, recibir\u00e1 la documentaci\u00f3n a firmar en el correo electr\u00f3nico que ha indicado<\/span>\n<\/p>\n<p><input class=\"wpcf7-form-control wpcf7-submit has-spinner\" type=\"submit\" value=\"Enviar\" \/>\n<\/p><div class=\"wpcf7-response-output\" aria-hidden=\"true\"><\/div>\n<\/form>\n<\/div>\n<\/div>\n\t\t\t\t\t\t\t\t<\/div>\n\t\t\t\t<\/div>\n\t\t\t\t\t<\/div>\n\t\t<\/div>\n\t\t\t\t\t<\/div>\n\t\t<\/section>\n\t\t\t\t<\/div>\n\t\t","protected":false},"excerpt":{"rendered":"<p>IMPORTANTE: Esta solicitud implica la retirada del contador de agua dejando el local\/vivienda sin suministro.<\/p>\n","protected":false},"author":1,"featured_media":0,"parent":0,"menu_order":0,"comment_status":"closed","ping_status":"closed","template":"","meta":{"_acf_changed":false,"footnotes":""},"class_list":["post-18970","page","type-page","status-publish","hentry"],"acf":[],"aioseo_notices":[],"_links":{"self":[{"href":"https:\/\/taigua.cat\/es\/wp-json\/wp\/v2\/pages\/18970","targetHints":{"allow":["GET"]}}],"collection":[{"href":"https:\/\/taigua.cat\/es\/wp-json\/wp\/v2\/pages"}],"about":[{"href":"https:\/\/taigua.cat\/es\/wp-json\/wp\/v2\/types\/page"}],"author":[{"embeddable":true,"href":"https:\/\/taigua.cat\/es\/wp-json\/wp\/v2\/users\/1"}],"replies":[{"embeddable":true,"href":"https:\/\/taigua.cat\/es\/wp-json\/wp\/v2\/comments?post=18970"}],"version-history":[{"count":0,"href":"https:\/\/taigua.cat\/es\/wp-json\/wp\/v2\/pages\/18970\/revisions"}],"wp:attachment":[{"href":"https:\/\/taigua.cat\/es\/wp-json\/wp\/v2\/media?parent=18970"}],"curies":[{"name":"wp","href":"https:\/\/api.w.org\/{rel}","templated":true}]}}