{"id":18973,"date":"2021-11-23T13:12:25","date_gmt":"2021-11-23T12:12:25","guid":{"rendered":"https:\/\/taigua.proo.es\/?page_id=18973"},"modified":"2021-11-23T13:12:26","modified_gmt":"2021-11-23T12:12:26","slug":"domiciliacion-bancaria","status":"publish","type":"page","link":"https:\/\/taigua.cat\/es\/domiciliacion-bancaria\/","title":{"rendered":"Domiciliaci\u00f3n bancaria"},"content":{"rendered":"\n<div class=\"wp-block-contact-form-7-contact-form-selector\">\n<div class=\"wpcf7 no-js\" id=\"wpcf7-f18670-o1\" lang=\"ca\" dir=\"ltr\" data-wpcf7-id=\"18670\">\n<div class=\"screen-reader-response\"><p role=\"status\" aria-live=\"polite\" aria-atomic=\"true\"><\/p> <ul><\/ul><\/div>\n<form action=\"\/es\/wp-json\/wp\/v2\/pages\/18973#wpcf7-f18670-o1\" method=\"post\" class=\"wpcf7-form init\" aria-label=\"Formulari de contacte\" novalidate=\"novalidate\" data-status=\"init\">\n<fieldset class=\"hidden-fields-container\"><input type=\"hidden\" name=\"_wpcf7\" value=\"18670\" \/><input type=\"hidden\" name=\"_wpcf7_version\" value=\"6.1.5\" \/><input type=\"hidden\" name=\"_wpcf7_locale\" value=\"ca\" \/><input type=\"hidden\" name=\"_wpcf7_unit_tag\" value=\"wpcf7-f18670-o1\" \/><input type=\"hidden\" name=\"_wpcf7_container_post\" value=\"0\" \/><input type=\"hidden\" name=\"_wpcf7_posted_data_hash\" value=\"\" \/><input type=\"hidden\" name=\"_wpcf7_recaptcha_response\" value=\"\" \/>\n<\/fieldset>\n<p>Si desea domiciliar el pago de las pr\u00f3ximas facturas indique los datos siguientes:\n<\/p>\n<p>* N\u00famero de contrato: <span class=\"wpcf7-form-control-wrap\" data-name=\"Contracte\"><input size=\"40\" maxlength=\"400\" class=\"wpcf7-form-control wpcf7-text wpcf7-validates-as-required\" id=\"contracte\" aria-required=\"true\" aria-invalid=\"false\" value=\"\" type=\"text\" name=\"Contracte\" \/><\/span>\n<\/p>\n<p>* Nombre y apellidos de la persona titular actual del contrato o raz\u00f3n social (en caso de persona jur\u00eddica):<br \/>\n<span class=\"wpcf7-form-control-wrap\" data-name=\"Nom\"><input size=\"40\" maxlength=\"400\" class=\"wpcf7-form-control wpcf7-text wpcf7-validates-as-required\" aria-required=\"true\" aria-invalid=\"false\" value=\"\" type=\"text\" name=\"Nom\" \/><\/span>\n<\/p>\n<p>* DNI\/NIF o permiso de residencia (en caso de extranjeros):<br \/>\n<span class=\"wpcf7-form-control-wrap\" data-name=\"DNI\"><input size=\"40\" maxlength=\"400\" class=\"wpcf7-form-control wpcf7-text wpcf7-validates-as-required\" aria-required=\"true\" aria-invalid=\"false\" value=\"\" type=\"text\" name=\"DNI\" \/><\/span>\n<\/p>\n<p>* Tel\u00e9fono de contacto: <span class=\"wpcf7-form-control-wrap\" data-name=\"Telefon\"><input size=\"40\" maxlength=\"400\" class=\"wpcf7-form-control wpcf7-tel wpcf7-validates-as-required wpcf7-text wpcf7-validates-as-tel\" aria-required=\"true\" aria-invalid=\"false\" value=\"\" type=\"tel\" name=\"Telefon\" \/><\/span> (preferiblemente, que sea un m\u00f3vil)\n<\/p>\n<p>* Poblaci\u00f3n: <span class=\"wpcf7-form-control-wrap\" data-name=\"Poblacio\"><select class=\"wpcf7-form-control wpcf7-select wpcf7-validates-as-required\" aria-required=\"true\" aria-invalid=\"false\" name=\"Poblacio\"><option value=\"Terrassa\">Terrassa<\/option><\/select><\/span>\n<\/p>\n<p>* Nombre y apellidos de la persona solicitante: <span class=\"wpcf7-form-control-wrap\" data-name=\"Perssol\"><input size=\"40\" maxlength=\"400\" class=\"wpcf7-form-control wpcf7-text wpcf7-validates-as-required\" aria-required=\"true\" aria-invalid=\"false\" value=\"\" type=\"text\" name=\"Perssol\" \/><\/span>\n<\/p>\n<p><strong>Nueva cuenta bancaria<\/strong>\n<\/p>\n<p>* Nuevo titular de la cuenta: <span class=\"wpcf7-form-control-wrap\" data-name=\"Compte\"><input size=\"40\" maxlength=\"400\" class=\"wpcf7-form-control wpcf7-text wpcf7-validates-as-required\" aria-required=\"true\" aria-invalid=\"false\" value=\"\" type=\"text\" name=\"Compte\" \/><\/span><br \/>\n* DNI\/NIF o permiso de residencia (en caso de persones extranjeras) del nuevo titular:<br \/>\n<span class=\"wpcf7-form-control-wrap\" data-name=\"nouDNI\"><input size=\"40\" maxlength=\"400\" class=\"wpcf7-form-control wpcf7-text wpcf7-validates-as-required\" aria-required=\"true\" aria-invalid=\"false\" value=\"\" type=\"text\" name=\"nouDNI\" \/><\/span><br \/>\n* Nombre nueva entidad: <span class=\"wpcf7-form-control-wrap\" data-name=\"Entitat\"><input size=\"40\" maxlength=\"400\" class=\"wpcf7-form-control wpcf7-text wpcf7-validates-as-required\" aria-required=\"true\" aria-invalid=\"false\" value=\"\" type=\"text\" name=\"Entitat\" \/><\/span><br \/>\n* Introduce tu nuevo n\u00famero IBAN (24 d\u00edgitos sin espacios):<span class=\"wpcf7-form-control-wrap\" data-name=\"iban\"><input size=\"40\" maxlength=\"400\" class=\"wpcf7-form-control wpcf7-text wpcf7-validates-as-required iban\" aria-required=\"true\" aria-invalid=\"false\" value=\"\" type=\"text\" name=\"iban\" \/><\/span>\n<\/p>\n<p>* \u00bfDesea realizar un cambio en la cuenta de domiciliaci\u00f3n?<br \/>\n<span class=\"wpcf7-form-control-wrap\" data-name=\"comptedom\"><span class=\"wpcf7-form-control wpcf7-radio\"><span class=\"wpcf7-list-item first\"><input type=\"radio\" name=\"comptedom\" value=\"S\u00ed\" checked=\"checked\" \/><span class=\"wpcf7-list-item-label\">S\u00ed<\/span><\/span><span class=\"wpcf7-list-item last\"><input type=\"radio\" name=\"comptedom\" value=\"No\" \/><span class=\"wpcf7-list-item-label\">No<\/span><\/span><\/span><\/span>\n<\/p>\n<p>* \u00bfDesea recibir las facturas de consumo de agua por correo electr\u00f3nico?<br \/>\n<span class=\"wpcf7-form-control-wrap\" data-name=\"factures\"><span class=\"wpcf7-form-control wpcf7-radio\"><span class=\"wpcf7-list-item first\"><input type=\"radio\" name=\"factures\" value=\"S\u00ed\" checked=\"checked\" \/><span class=\"wpcf7-list-item-label\">S\u00ed<\/span><\/span><span class=\"wpcf7-list-item last\"><input type=\"radio\" name=\"factures\" value=\"No\" \/><span class=\"wpcf7-list-item-label\">No<\/span><\/span><\/span><\/span>\n<\/p>\n<p>* Correo electr\u00f3nico: <span class=\"wpcf7-form-control-wrap\" data-name=\"Correu\"><input size=\"40\" maxlength=\"400\" class=\"wpcf7-form-control wpcf7-email wpcf7-validates-as-required wpcf7-text wpcf7-validates-as-email\" aria-required=\"true\" aria-invalid=\"false\" value=\"\" type=\"email\" name=\"Correu\" \/><\/span>\n<\/p>\n<p>En caso afirmativo, recuerde que a partir de esta solicitud, s\u00f3lo recibir\u00e1 la factura por medios electr\u00f3nicos y que nos debe notificar cualquier cambio de su direcci\u00f3n electr\u00f3nica.\n<\/p>\n<p>* \u00bfEn qu\u00e9 idioma desea recibir la documentaci\u00f3n? <span class=\"wpcf7-form-control-wrap\" data-name=\"idiomadoc\"><span class=\"wpcf7-form-control wpcf7-radio\"><span class=\"wpcf7-list-item first\"><input type=\"radio\" name=\"idiomadoc\" value=\"Catal\u00e1n\" checked=\"checked\" \/><span class=\"wpcf7-list-item-label\">Catal\u00e1n<\/span><\/span><span class=\"wpcf7-list-item last\"><input type=\"radio\" name=\"idiomadoc\" value=\"Castellano\" \/><span class=\"wpcf7-list-item-label\">Castellano<\/span><\/span><\/span><\/span>\n<\/p>\n<div style=\"background-color: #F2F1F1; padding: 20px;\">\n\t<p><span class=\"wpcf7-form-control-wrap\" data-name=\"doc\"><span class=\"wpcf7-form-control wpcf7-radio\"><span class=\"wpcf7-list-item first last\"><input type=\"radio\" name=\"doc\" value=\"La adjunto escaneada\" checked=\"checked\" \/><span class=\"wpcf7-list-item-label\">La adjunto escaneada<\/span><\/span><\/span><\/span>\n\t<\/p>\n\t<p>* DNI o NIF del TITULAR DEL CONTRATO POR AMBAS CARAS y DNI o NIF DEL TITULAR DE LA CUENTA BANCARIA POR AMBAS CARAS, si no es el mismo\n\t<\/p>\n\t<p><span class=\"wpcf7-form-control-wrap\" data-name=\"documentacio\"><input size=\"40\" class=\"wpcf7-form-control wpcf7-drag-n-drop-file d-none\" aria-required=\"true\" aria-invalid=\"false\" type=\"file\" multiple=\"multiple\" data-name=\"documentacio\" data-type=\"jpg|jpeg|png|gif|bmp|txt|doc|docx|pdf|rar|zip\" data-min=\"1\" data-id=\"18670\" data-version=\"free version 1.3.9.7\" accept=\".jpg, .jpeg, .png, .gif, .bmp, .txt, .doc, .docx, .pdf, .rar, .zip\" \/><\/span>\n\t<\/p>\n<\/div>\n<div style=\"background-color: #F2F1F1; padding: 20px;\">\n\t<p>* Justificante titularidad de la cuenta\n\t<\/p>\n\t<p><span class=\"wpcf7-form-control-wrap\" data-name=\"certificadotitularidad\"><input size=\"40\" class=\"wpcf7-form-control wpcf7-drag-n-drop-file d-none\" aria-required=\"true\" aria-invalid=\"false\" type=\"file\" multiple=\"multiple\" data-name=\"certificadotitularidad\" data-type=\"jpg|jpeg|png|gif|bmp|txt|doc|docx|pdf|rar|zip\" data-min=\"1\" data-id=\"18670\" data-version=\"free version 1.3.9.7\" accept=\".jpg, .jpeg, .png, .gif, .bmp, .txt, .doc, .docx, .pdf, .rar, .zip\" \/><\/span>\n\t<\/p>\n<\/div>\n<p>Protecci\u00f3n de datos: TERRASSA CICLE DEL AGUA EPEL (TAIGUA) tratar\u00e1 sus datos para gestionar su petici\u00f3n de domiciliaci\u00f3n bancaria, a trav\u00e9s de nuestro formulario de contacto. Puede ejercer sus derechos en dpd@taigua.cat. Conozca nuestra pol\u00edtica de privacidad haciendo clic <a target=\"_blank\" href=\"https:\/\/taigua.cat\/es\/politica-de-privacidad\/\">aqu\u00ed<\/a>.\n<\/p>\n<p>* El USUARIO\/A autoriza el tratamiento de sus datos para la comercializaci\u00f3n de otros servicios y actividades y Para poderle remitir por correo postal, electr\u00f3nico y por cualquier otro medio de comunicaci\u00f3n electr\u00f3nica equivalente, Informaci\u00f3n y publicidad sobre los mismos: <span class=\"wpcf7-form-control-wrap\" data-name=\"client\"><span class=\"wpcf7-form-control wpcf7-checkbox wpcf7-validates-as-required\"><span class=\"wpcf7-list-item first\"><input type=\"checkbox\" name=\"client[]\" value=\"S\u00ed\" \/><span class=\"wpcf7-list-item-label\">S\u00ed<\/span><\/span><span class=\"wpcf7-list-item last\"><input type=\"checkbox\" name=\"client[]\" value=\"No\" \/><span class=\"wpcf7-list-item-label\">No<\/span><\/span><\/span><\/span>\n<\/p>\n<p><span style=\"font-weight: 800; color: #379eff;\">Una vez realizado su tr\u00e1mite, recibir\u00e1 la documentaci\u00f3n a firmar en el correo electr\u00f3nico que ha indicado.<\/span>\n<\/p>\n<p><input class=\"wpcf7-form-control wpcf7-submit has-spinner\" type=\"submit\" value=\"Enviar\" \/>\n<\/p><div class=\"wpcf7-response-output\" aria-hidden=\"true\"><\/div>\n<\/form>\n<\/div>\n<\/div>\n","protected":false},"excerpt":{"rendered":"","protected":false},"author":1,"featured_media":0,"parent":0,"menu_order":0,"comment_status":"closed","ping_status":"closed","template":"","meta":{"_acf_changed":false,"footnotes":""},"class_list":["post-18973","page","type-page","status-publish","hentry"],"acf":[],"aioseo_notices":[],"_links":{"self":[{"href":"https:\/\/taigua.cat\/es\/wp-json\/wp\/v2\/pages\/18973","targetHints":{"allow":["GET"]}}],"collection":[{"href":"https:\/\/taigua.cat\/es\/wp-json\/wp\/v2\/pages"}],"about":[{"href":"https:\/\/taigua.cat\/es\/wp-json\/wp\/v2\/types\/page"}],"author":[{"embeddable":true,"href":"https:\/\/taigua.cat\/es\/wp-json\/wp\/v2\/users\/1"}],"replies":[{"embeddable":true,"href":"https:\/\/taigua.cat\/es\/wp-json\/wp\/v2\/comments?post=18973"}],"version-history":[{"count":0,"href":"https:\/\/taigua.cat\/es\/wp-json\/wp\/v2\/pages\/18973\/revisions"}],"wp:attachment":[{"href":"https:\/\/taigua.cat\/es\/wp-json\/wp\/v2\/media?parent=18973"}],"curies":[{"name":"wp","href":"https:\/\/api.w.org\/{rel}","templated":true}]}}