{"id":18988,"date":"2021-11-23T13:30:22","date_gmt":"2021-11-23T12:30:22","guid":{"rendered":"https:\/\/taigua.proo.es\/?page_id=18988"},"modified":"2021-11-23T13:30:23","modified_gmt":"2021-11-23T12:30:23","slug":"duplicado-de-facturas","status":"publish","type":"page","link":"https:\/\/taigua.cat\/es\/duplicado-de-facturas\/","title":{"rendered":"Duplicado de facturas"},"content":{"rendered":"\n<div class=\"wp-block-contact-form-7-contact-form-selector\">\n<div class=\"wpcf7 no-js\" id=\"wpcf7-f18669-o1\" lang=\"ca\" dir=\"ltr\" data-wpcf7-id=\"18669\">\n<div class=\"screen-reader-response\"><p role=\"status\" aria-live=\"polite\" aria-atomic=\"true\"><\/p> <ul><\/ul><\/div>\n<form action=\"\/es\/wp-json\/wp\/v2\/pages\/18988#wpcf7-f18669-o1\" method=\"post\" class=\"wpcf7-form init\" aria-label=\"Formulari de contacte\" novalidate=\"novalidate\" data-status=\"init\">\n<fieldset class=\"hidden-fields-container\"><input type=\"hidden\" name=\"_wpcf7\" value=\"18669\" \/><input type=\"hidden\" name=\"_wpcf7_version\" value=\"6.1.5\" \/><input type=\"hidden\" name=\"_wpcf7_locale\" value=\"ca\" \/><input type=\"hidden\" name=\"_wpcf7_unit_tag\" value=\"wpcf7-f18669-o1\" \/><input type=\"hidden\" name=\"_wpcf7_container_post\" value=\"0\" \/><input type=\"hidden\" name=\"_wpcf7_posted_data_hash\" value=\"\" \/><input type=\"hidden\" name=\"_wpcf7_recaptcha_response\" value=\"\" \/>\n<\/fieldset>\n<p>Para solicitar un duplicado de una factura rellene los siguientes datos:\n<\/p>\n<p>* N\u00famero de contrato: <span class=\"wpcf7-form-control-wrap\" data-name=\"numcontracte\"><input size=\"40\" maxlength=\"400\" class=\"wpcf7-form-control wpcf7-text wpcf7-validates-as-required\" id=\"contracte\" aria-required=\"true\" aria-invalid=\"false\" value=\"\" type=\"text\" name=\"numcontracte\" \/><\/span>\n<\/p>\n<p>* Nombre y apellidos de la persona titular actual del contrato o raz\u00f3n social (en caso de persona jur\u00eddica):<br \/>\n<span class=\"wpcf7-form-control-wrap\" data-name=\"Nom\"><input size=\"40\" maxlength=\"400\" class=\"wpcf7-form-control wpcf7-text wpcf7-validates-as-required\" aria-required=\"true\" aria-invalid=\"false\" value=\"\" type=\"text\" name=\"Nom\" \/><\/span>\n<\/p>\n<p>* DNI\/NIF o permiso de residencia (en caso de extranjeros):<br \/>\n<span class=\"wpcf7-form-control-wrap\" data-name=\"DNI\"><input size=\"40\" maxlength=\"400\" class=\"wpcf7-form-control wpcf7-text wpcf7-validates-as-required\" aria-required=\"true\" aria-invalid=\"false\" value=\"\" type=\"text\" name=\"DNI\" \/><\/span>\n<\/p>\n<div style=\"background-color: #F2F1F1; padding: 20px;\">\n\t<p><strong>* DNI o NIF del TITULAR POR AMBAS CARAS<\/strong>\n\t<\/p>\n\t<p><span class=\"wpcf7-form-control-wrap\" data-name=\"doc\"><span class=\"wpcf7-form-control wpcf7-radio\"><span class=\"wpcf7-list-item first last\"><input type=\"radio\" name=\"doc\" value=\"La adjunto escaneada\" checked=\"checked\" \/><span class=\"wpcf7-list-item-label\">La adjunto escaneada<\/span><\/span><\/span><\/span>\n\t<\/p>\n\t<p><span class=\"wpcf7-form-control-wrap\" data-name=\"documentacio\"><input size=\"40\" class=\"wpcf7-form-control wpcf7-drag-n-drop-file d-none\" aria-required=\"true\" aria-invalid=\"false\" type=\"file\" multiple=\"multiple\" data-name=\"documentacio\" data-type=\"jpg|jpeg|png|gif|bmp|txt|doc|docx|pdf|rar|zip\" data-min=\"1\" data-id=\"18669\" data-version=\"free version 1.3.9.7\" accept=\".jpg, .jpeg, .png, .gif, .bmp, .txt, .doc, .docx, .pdf, .rar, .zip\" \/><\/span>\n\t<\/p>\n<\/div>\n<p>* Persona de contacto: <span class=\"wpcf7-form-control-wrap\" data-name=\"Perscontacte\"><input size=\"40\" maxlength=\"400\" class=\"wpcf7-form-control wpcf7-text wpcf7-validates-as-required\" aria-required=\"true\" aria-invalid=\"false\" value=\"\" type=\"text\" name=\"Perscontacte\" \/><\/span><br \/>\n* Tel\u00e9fono de contacto: <span class=\"wpcf7-form-control-wrap\" data-name=\"Telefon\"><input size=\"40\" maxlength=\"400\" class=\"wpcf7-form-control wpcf7-tel wpcf7-validates-as-required wpcf7-text wpcf7-validates-as-tel\" aria-required=\"true\" aria-invalid=\"false\" value=\"\" type=\"tel\" name=\"Telefon\" \/><\/span> (preferiblemente, que sea un m\u00f3vil)\n<\/p>\n<p>Indique alguno de los siguientes datos de la factura de la cual solicita el duplicado:\n<\/p>\n<p>N\u00famero de la factura: <span class=\"wpcf7-form-control-wrap\" data-name=\"Referencia\"><input size=\"40\" maxlength=\"400\" class=\"wpcf7-form-control wpcf7-text\" aria-invalid=\"false\" value=\"\" type=\"text\" name=\"Referencia\" \/><\/span><br \/>\nPer\u00edodo (mes o trimestre y a\u00f1o): <span class=\"wpcf7-form-control-wrap\" data-name=\"Periode\"><input size=\"40\" maxlength=\"400\" class=\"wpcf7-form-control wpcf7-text\" aria-invalid=\"false\" value=\"\" type=\"text\" name=\"Periode\" \/><\/span>\n<\/p>\n<p>Fecha de la factura: <span class=\"wpcf7-form-control-wrap\" data-name=\"datafactura\"><input size=\"40\" maxlength=\"400\" class=\"wpcf7-form-control wpcf7-text\" aria-invalid=\"false\" value=\"\" type=\"text\" name=\"datafactura\" \/><\/span><br \/>\nImporte de la factura: <span class=\"wpcf7-form-control-wrap\" data-name=\"importfactura\"><input size=\"40\" maxlength=\"400\" class=\"wpcf7-form-control wpcf7-text\" aria-invalid=\"false\" value=\"\" type=\"text\" name=\"importfactura\" \/><\/span>\n<\/p>\n<p>\u00bfQuiere recibir el duplicado por correo electr\u00f3nico? <span class=\"wpcf7-form-control-wrap\" data-name=\"duplicat\"><span class=\"wpcf7-form-control wpcf7-radio\"><span class=\"wpcf7-list-item first\"><input type=\"radio\" name=\"duplicat\" value=\"S\u00ed\" checked=\"checked\" \/><span class=\"wpcf7-list-item-label\">S\u00ed<\/span><\/span><span class=\"wpcf7-list-item last\"><input type=\"radio\" name=\"duplicat\" value=\"No\" \/><span class=\"wpcf7-list-item-label\">No<\/span><\/span><\/span><\/span>\n<\/p>\n<p>En el caso en que no desee el duplicado por correo electr\u00f3nico, indique donde se debe enviar:\n<\/p>\n<p>Nombre y apellidos o raz\u00f3n social: <span class=\"wpcf7-form-control-wrap\" data-name=\"Nom2\"><input size=\"40\" maxlength=\"400\" class=\"wpcf7-form-control wpcf7-text\" aria-invalid=\"false\" value=\"\" type=\"text\" name=\"Nom2\" \/><\/span>\n<\/p>\n<p>Direcci\u00f3n de correspondencia:<br \/>\n<span class=\"wpcf7-form-control-wrap\" data-name=\"Adreca\"><input size=\"40\" maxlength=\"400\" class=\"wpcf7-form-control wpcf7-text\" aria-invalid=\"false\" value=\"\" type=\"text\" name=\"Adreca\" \/><\/span> N\u00famero: <span class=\"wpcf7-form-control-wrap\" data-name=\"Num\"><input size=\"40\" maxlength=\"400\" class=\"wpcf7-form-control wpcf7-text\" aria-invalid=\"false\" value=\"\" type=\"text\" name=\"Num\" \/><\/span> Escalera: <span class=\"wpcf7-form-control-wrap\" data-name=\"Esc\"><input size=\"40\" maxlength=\"400\" class=\"wpcf7-form-control wpcf7-text\" aria-invalid=\"false\" value=\"\" type=\"text\" name=\"Esc\" \/><\/span> Piso: <span class=\"wpcf7-form-control-wrap\" data-name=\"Pis\"><input size=\"40\" maxlength=\"400\" class=\"wpcf7-form-control wpcf7-text\" aria-invalid=\"false\" value=\"\" type=\"text\" name=\"Pis\" \/><\/span> Puerta: <span class=\"wpcf7-form-control-wrap\" data-name=\"Porta\"><input size=\"40\" maxlength=\"400\" class=\"wpcf7-form-control wpcf7-text\" aria-invalid=\"false\" value=\"\" type=\"text\" name=\"Porta\" \/><\/span>\n<\/p>\n<p>C\u00f3digo postal: <span class=\"wpcf7-form-control-wrap\" data-name=\"CodiPostal\"><input size=\"40\" maxlength=\"400\" class=\"wpcf7-form-control wpcf7-text\" aria-invalid=\"false\" value=\"\" type=\"text\" name=\"CodiPostal\" \/><\/span> Poblaci\u00f3n: <span class=\"wpcf7-form-control-wrap\" data-name=\"Poblacio\"><select class=\"wpcf7-form-control wpcf7-select\" aria-invalid=\"false\" name=\"Poblacio\"><option value=\"Terrassa\">Terrassa<\/option><\/select><\/span>\n<\/p>\n<p>* \u00bfDesea recibir las facturas de consumo de agua por correo electr\u00f3nico?<br \/>\n<span class=\"wpcf7-form-control-wrap\" data-name=\"factures\"><span class=\"wpcf7-form-control wpcf7-radio\"><span class=\"wpcf7-list-item first\"><input type=\"radio\" name=\"factures\" value=\"S\u00ed\" checked=\"checked\" \/><span class=\"wpcf7-list-item-label\">S\u00ed<\/span><\/span><span class=\"wpcf7-list-item last\"><input type=\"radio\" name=\"factures\" value=\"No\" \/><span class=\"wpcf7-list-item-label\">No<\/span><\/span><\/span><\/span>\n<\/p>\n<p>* Correo electr\u00f3nico: <span class=\"wpcf7-form-control-wrap\" data-name=\"Correu\"><input size=\"40\" maxlength=\"400\" class=\"wpcf7-form-control wpcf7-email wpcf7-validates-as-required wpcf7-text wpcf7-validates-as-email\" aria-required=\"true\" aria-invalid=\"false\" value=\"\" type=\"email\" name=\"Correu\" \/><\/span>\n<\/p>\n<p>En caso afirmativo , recuerde que a partir de esta solicitud , s\u00f3lo recibir\u00e1 la factura por medios electr\u00f3nicos y que nos debe notificar cualquier cambio de su direcci\u00f3n electr\u00f3nica.\n<\/p>\n<p>Comentarios:<br \/>\n<span class=\"wpcf7-form-control-wrap\" data-name=\"comentaris\"><textarea cols=\"40\" rows=\"10\" maxlength=\"2000\" class=\"wpcf7-form-control wpcf7-textarea\" aria-invalid=\"false\" name=\"comentaris\"><\/textarea><\/span>\n<\/p>\n<p>Protecci\u00f3n de datos: TERRASSA CICLE DEL AGUA EPEL (TAIGUA) tratar\u00e1 sus datos para gestionar sus solicitudes de duplicado de facturas a trav\u00e9s de nuestro formulario de contacto. Puede ejercer sus derechos en dpd@taigua.cat. Conozca nuestra pol\u00edtica de privacidad haciendo clic <a target=\"_blank\" href=\"https:\/\/taigua.cat\/es\/politica-de-privacidad\/\">aqu\u00ed<\/a>.\n<\/p>\n<p>* El USUARIO\/A autoriza el tratamiento de sus datos para la comercializaci\u00f3n de otros servicios y actividades y Para poderle remitir por correo postal, electr\u00f3nico y por cualquier otro medio de comunicaci\u00f3n electr\u00f3nica equivalente, Informaci\u00f3n y publicidad sobre los mismos: <span class=\"wpcf7-form-control-wrap\" data-name=\"client\"><span class=\"wpcf7-form-control wpcf7-checkbox wpcf7-validates-as-required\"><span class=\"wpcf7-list-item first\"><input type=\"checkbox\" name=\"client[]\" value=\"S\u00ed\" \/><span class=\"wpcf7-list-item-label\">S\u00ed<\/span><\/span><span class=\"wpcf7-list-item last\"><input type=\"checkbox\" name=\"client[]\" value=\"No\" \/><span class=\"wpcf7-list-item-label\">No<\/span><\/span><\/span><\/span>\n<\/p>\n<p><input class=\"wpcf7-form-control wpcf7-submit has-spinner\" type=\"submit\" value=\"Enviar\" \/>\n<\/p><div class=\"wpcf7-response-output\" aria-hidden=\"true\"><\/div>\n<\/form>\n<\/div>\n<\/div>\n","protected":false},"excerpt":{"rendered":"","protected":false},"author":1,"featured_media":0,"parent":0,"menu_order":0,"comment_status":"closed","ping_status":"closed","template":"","meta":{"_acf_changed":false,"footnotes":""},"class_list":["post-18988","page","type-page","status-publish","hentry"],"acf":[],"aioseo_notices":[],"_links":{"self":[{"href":"https:\/\/taigua.cat\/es\/wp-json\/wp\/v2\/pages\/18988","targetHints":{"allow":["GET"]}}],"collection":[{"href":"https:\/\/taigua.cat\/es\/wp-json\/wp\/v2\/pages"}],"about":[{"href":"https:\/\/taigua.cat\/es\/wp-json\/wp\/v2\/types\/page"}],"author":[{"embeddable":true,"href":"https:\/\/taigua.cat\/es\/wp-json\/wp\/v2\/users\/1"}],"replies":[{"embeddable":true,"href":"https:\/\/taigua.cat\/es\/wp-json\/wp\/v2\/comments?post=18988"}],"version-history":[{"count":0,"href":"https:\/\/taigua.cat\/es\/wp-json\/wp\/v2\/pages\/18988\/revisions"}],"wp:attachment":[{"href":"https:\/\/taigua.cat\/es\/wp-json\/wp\/v2\/media?parent=18988"}],"curies":[{"name":"wp","href":"https:\/\/api.w.org\/{rel}","templated":true}]}}