{"id":29372,"date":"2022-02-25T12:23:49","date_gmt":"2022-02-25T11:23:49","guid":{"rendered":"https:\/\/taigua.proo.es\/?page_id=29372"},"modified":"2026-03-16T18:02:59","modified_gmt":"2026-03-16T17:02:59","slug":"quienes-somos","status":"publish","type":"page","link":"https:\/\/taigua.cat\/es\/quienes-somos\/","title":{"rendered":"Qui\u00e9nes somos"},"content":{"rendered":"\t\t<div data-elementor-type=\"wp-page\" data-elementor-id=\"29372\" class=\"elementor elementor-29372\" data-elementor-post-type=\"page\">\n\t\t\t\t\t\t<section class=\"elementor-section elementor-top-section elementor-element elementor-element-0e118a7 elementor-section-boxed elementor-section-height-default elementor-section-height-default\" data-id=\"0e118a7\" data-element_type=\"section\" data-e-type=\"section\">\n\t\t\t\t\t\t<div class=\"elementor-container elementor-column-gap-default\">\n\t\t\t\t\t<div class=\"elementor-column elementor-col-100 elementor-top-column elementor-element elementor-element-5c58512\" data-id=\"5c58512\" data-element_type=\"column\" data-e-type=\"column\">\n\t\t\t<div class=\"elementor-widget-wrap elementor-element-populated\">\n\t\t\t\t\t\t<div class=\"elementor-element elementor-element-4312001 elementor-widget elementor-widget-text-editor\" data-id=\"4312001\" data-element_type=\"widget\" data-e-type=\"widget\" data-widget_type=\"text-editor.default\">\n\t\t\t\t<div class=\"elementor-widget-container\">\n\t\t\t\t\t\t\t\t\t<p><span class=\"Y2IQFc\" lang=\"es\">TAIGUA, Aigua Municipal de Terrassa, es la entidad p\u00fablica empresarial local (EPEL), que tiene como objetivo la gesti\u00f3n directa del agua en la ciudad de Terrassa, ofreciendo un servicio eficiente y de calidad, que vela por los intereses de toda la ciudadan\u00eda. <\/span><\/p><p class=\"tw-data-text tw-text-large tw-ta\" dir=\"ltr\" data-placeholder=\"Traducci\u00f3\"><span class=\"Y2IQFc\" lang=\"es\">Despu\u00e9s de haber culminado el proceso de municipalizaci\u00f3n del agua, la entidad inici\u00f3 sus actividades el 1 de junio de 2018, una vez aprobados por una amplia mayor\u00eda del Pleno Municipal sus estatutos y sus \u00f3rganos de gobierno y administraci\u00f3n y comenz\u00f3 a prestar el servicio de agua el d\u00eda 10 de diciembre del mismo a\u00f1o. <\/span><\/p><p class=\"tw-data-text tw-text-large tw-ta\" dir=\"ltr\" data-placeholder=\"Traducci\u00f3\"><span class=\"Y2IQFc\" lang=\"es\"><em>Una EPEL<\/em>,<em> Entidad P\u00fablica Empresarial Local, es una entidad de derecho p\u00fablico, con personalidad jur\u00eddica propia, plena capacidad jur\u00eddica y de obrar, patrimonio propio y autonom\u00eda en la gesti\u00f3n para el cumplimiento de su objeto y fines. Por tanto podr\u00e1 realizar toda clase de actos de administraci\u00f3n y disposici\u00f3n. Se rige por el derecho privado, salvo en la formaci\u00f3n de la voluntad de sus \u00f3rganos, en la ejecuci\u00f3n de las potestades administrativas que le sean atribuidas y en los aspectos regulados espec\u00edficamente en las normas de derecho administrativo para estas entidades.<\/em> <\/span><\/p><p class=\"tw-data-text tw-text-large tw-ta\" dir=\"ltr\" data-placeholder=\"Traducci\u00f3\"><span class=\"Y2IQFc\" lang=\"es\">TAIGUA es dependiente del Ayuntamiento de Terrassa y est\u00e1 adscrita a la Concejal\u00eda del Ayuntamiento de Terrassa que tenga atribuidas las facultades y ejercicio de la competencia municipal del servicio de suministro de agua potable, a quien corresponde la direcci\u00f3n estrat\u00e9gica, evaluaci\u00f3n de los resultados de la actividad y el control de eficiencia de la entidad.<\/span><\/p>\t\t\t\t\t\t\t\t<\/div>\n\t\t\t\t<\/div>\n\t\t\t\t\t<\/div>\n\t\t<\/div>\n\t\t\t\t\t<\/div>\n\t\t<\/section>\n\t\t\t\t<section class=\"elementor-section elementor-top-section elementor-element elementor-element-0c0d7d8 elementor-section-boxed elementor-section-height-default elementor-section-height-default\" data-id=\"0c0d7d8\" data-element_type=\"section\" data-e-type=\"section\">\n\t\t\t\t\t\t<div class=\"elementor-container elementor-column-gap-default\">\n\t\t\t\t\t<div class=\"elementor-column elementor-col-25 elementor-top-column elementor-element elementor-element-81625de\" data-id=\"81625de\" data-element_type=\"column\" data-e-type=\"column\">\n\t\t\t<div class=\"elementor-widget-wrap elementor-element-populated\">\n\t\t\t\t\t\t<div data-dce-title-color=\"#379EFF\" class=\"elementor-element elementor-element-d3f0cf9 apartats_qui_som_img dce_masking-none elementor-position-top elementor-widget elementor-widget-image-box\" data-id=\"d3f0cf9\" data-element_type=\"widget\" data-e-type=\"widget\" data-widget_type=\"image-box.default\">\n\t\t\t\t<div class=\"elementor-widget-container\">\n\t\t\t\t\t<div class=\"elementor-image-box-wrapper\"><figure class=\"elementor-image-box-img\"><a href=\"\/es\/organizacion-corporativa\/\" tabindex=\"-1\"><img fetchpriority=\"high\" decoding=\"async\" width=\"2560\" height=\"1801\" src=\"https:\/\/taigua.cat\/wp-content\/uploads\/2024\/03\/20240319_110851-2-scaled-e1710849142382.jpg\" class=\"attachment-full size-full wp-image-56194\" alt=\"\" \/><\/a><\/figure><div class=\"elementor-image-box-content\"><h3 class=\"elementor-image-box-title\"><a href=\"\/es\/organizacion-corporativa\/\">Organizaci\u00f3n Corporativa<\/a><\/h3><\/div><\/div>\t\t\t\t<\/div>\n\t\t\t\t<\/div>\n\t\t\t\t\t<\/div>\n\t\t<\/div>\n\t\t\t\t<div class=\"elementor-column elementor-col-25 elementor-top-column elementor-element elementor-element-e1e178d\" data-id=\"e1e178d\" data-element_type=\"column\" data-e-type=\"column\">\n\t\t\t<div class=\"elementor-widget-wrap elementor-element-populated\">\n\t\t\t\t\t\t<div data-dce-title-color=\"#379EFF\" class=\"elementor-element elementor-element-f8f396e apartats_qui_som_img dce_masking-none elementor-position-top elementor-widget elementor-widget-image-box\" data-id=\"f8f396e\" data-element_type=\"widget\" data-e-type=\"widget\" data-widget_type=\"image-box.default\">\n\t\t\t\t<div class=\"elementor-widget-container\">\n\t\t\t\t\t<div class=\"elementor-image-box-wrapper\"><figure class=\"elementor-image-box-img\"><a href=\"\/es\/ventajas\/\" tabindex=\"-1\"><img decoding=\"async\" width=\"2560\" height=\"1707\" src=\"https:\/\/taigua.cat\/wp-content\/uploads\/2021\/12\/AIXETA-FONT-POLSADOR-scaled.jpg\" class=\"attachment-full size-full wp-image-26493\" alt=\"\" srcset=\"https:\/\/taigua.cat\/wp-content\/uploads\/2021\/12\/AIXETA-FONT-POLSADOR-scaled.jpg 2560w, https:\/\/taigua.cat\/wp-content\/uploads\/2021\/12\/AIXETA-FONT-POLSADOR-300x200.jpg 300w, https:\/\/taigua.cat\/wp-content\/uploads\/2021\/12\/AIXETA-FONT-POLSADOR-1024x683.jpg 1024w, https:\/\/taigua.cat\/wp-content\/uploads\/2021\/12\/AIXETA-FONT-POLSADOR-768x512.jpg 768w, https:\/\/taigua.cat\/wp-content\/uploads\/2021\/12\/AIXETA-FONT-POLSADOR-1536x1024.jpg 1536w, https:\/\/taigua.cat\/wp-content\/uploads\/2021\/12\/AIXETA-FONT-POLSADOR-2048x1365.jpg 2048w\" sizes=\"(max-width: 2560px) 100vw, 2560px\" \/><\/a><\/figure><div class=\"elementor-image-box-content\"><h3 class=\"elementor-image-box-title\"><a href=\"\/es\/ventajas\/\">Ventajas<\/a><\/h3><\/div><\/div>\t\t\t\t<\/div>\n\t\t\t\t<\/div>\n\t\t\t\t\t<\/div>\n\t\t<\/div>\n\t\t\t\t<div class=\"elementor-column elementor-col-25 elementor-top-column elementor-element elementor-element-b94bcdb\" data-id=\"b94bcdb\" data-element_type=\"column\" data-e-type=\"column\">\n\t\t\t<div class=\"elementor-widget-wrap elementor-element-populated\">\n\t\t\t\t\t\t<div data-dce-title-color=\"#379EFF\" class=\"elementor-element elementor-element-9f77222 apartats_qui_som_img dce_masking-none elementor-position-top elementor-widget elementor-widget-image-box\" data-id=\"9f77222\" data-element_type=\"widget\" data-e-type=\"widget\" data-widget_type=\"image-box.default\">\n\t\t\t\t<div class=\"elementor-widget-container\">\n\t\t\t\t\t<div class=\"elementor-image-box-wrapper\"><figure class=\"elementor-image-box-img\"><a href=\"\/es\/observatorio-del-agua-de-terrassa\/\" tabindex=\"-1\"><img decoding=\"async\" width=\"1113\" height=\"733\" src=\"https:\/\/taigua.cat\/wp-content\/uploads\/2021\/12\/IMG-20210915-WA0004-4.jpg\" class=\"attachment-full size-full wp-image-26498\" alt=\"\" srcset=\"https:\/\/taigua.cat\/wp-content\/uploads\/2021\/12\/IMG-20210915-WA0004-4.jpg 1113w, https:\/\/taigua.cat\/wp-content\/uploads\/2021\/12\/IMG-20210915-WA0004-4-300x198.jpg 300w, https:\/\/taigua.cat\/wp-content\/uploads\/2021\/12\/IMG-20210915-WA0004-4-1024x674.jpg 1024w, https:\/\/taigua.cat\/wp-content\/uploads\/2021\/12\/IMG-20210915-WA0004-4-768x506.jpg 768w\" sizes=\"(max-width: 1113px) 100vw, 1113px\" \/><\/a><\/figure><div class=\"elementor-image-box-content\"><h3 class=\"elementor-image-box-title\"><a href=\"\/es\/observatorio-del-agua-de-terrassa\/\">Observatorio del Agua de Terrassa<\/a><\/h3><\/div><\/div>\t\t\t\t<\/div>\n\t\t\t\t<\/div>\n\t\t\t\t\t<\/div>\n\t\t<\/div>\n\t\t\t\t<div class=\"elementor-column elementor-col-25 elementor-top-column elementor-element elementor-element-50faa21\" data-id=\"50faa21\" data-element_type=\"column\" data-e-type=\"column\">\n\t\t\t<div class=\"elementor-widget-wrap elementor-element-populated\">\n\t\t\t\t\t\t<div data-dce-title-color=\"#379EFF\" class=\"elementor-element elementor-element-66ac7ed apartats_qui_som_img dce_masking-none elementor-position-top elementor-widget elementor-widget-image-box\" data-id=\"66ac7ed\" data-element_type=\"widget\" data-e-type=\"widget\" data-widget_type=\"image-box.default\">\n\t\t\t\t<div class=\"elementor-widget-container\">\n\t\t\t\t\t<div class=\"elementor-image-box-wrapper\"><figure class=\"elementor-image-box-img\"><a href=\"\/es\/un-modelo-a-seguir\/\" tabindex=\"-1\"><img loading=\"lazy\" decoding=\"async\" width=\"620\" height=\"415\" src=\"https:\/\/taigua.cat\/wp-content\/uploads\/2021\/12\/Foto-ple-municipal-2018-620x415-un-model-2.jpg\" class=\"attachment-full size-full wp-image-26449\" alt=\"\" srcset=\"https:\/\/taigua.cat\/wp-content\/uploads\/2021\/12\/Foto-ple-municipal-2018-620x415-un-model-2.jpg 620w, https:\/\/taigua.cat\/wp-content\/uploads\/2021\/12\/Foto-ple-municipal-2018-620x415-un-model-2-300x201.jpg 300w\" sizes=\"(max-width: 620px) 100vw, 620px\" \/><\/a><\/figure><div class=\"elementor-image-box-content\"><h3 class=\"elementor-image-box-title\"><a href=\"\/es\/un-modelo-a-seguir\/\">Un modelo a seguir<\/a><\/h3><\/div><\/div>\t\t\t\t<\/div>\n\t\t\t\t<\/div>\n\t\t\t\t\t<\/div>\n\t\t<\/div>\n\t\t\t\t\t<\/div>\n\t\t<\/section>\n\t\t\t\t<section class=\"elementor-section elementor-top-section elementor-element elementor-element-d3e1b42 elementor-section-boxed elementor-section-height-default elementor-section-height-default\" data-id=\"d3e1b42\" data-element_type=\"section\" data-e-type=\"section\">\n\t\t\t\t\t\t<div class=\"elementor-container elementor-column-gap-default\">\n\t\t\t\t\t<div class=\"elementor-column elementor-col-100 elementor-top-column elementor-element elementor-element-8374387\" data-id=\"8374387\" data-element_type=\"column\" data-e-type=\"column\">\n\t\t\t<div class=\"elementor-widget-wrap elementor-element-populated\">\n\t\t\t\t\t\t<div class=\"elementor-element elementor-element-a0859a5 elementor-widget-divider--view-line elementor-widget elementor-widget-divider\" data-id=\"a0859a5\" data-element_type=\"widget\" data-e-type=\"widget\" data-widget_type=\"divider.default\">\n\t\t\t\t<div class=\"elementor-widget-container\">\n\t\t\t\t\t\t\t<div class=\"elementor-divider\">\n\t\t\t<span class=\"elementor-divider-separator\">\n\t\t\t\t\t\t<\/span>\n\t\t<\/div>\n\t\t\t\t\t\t<\/div>\n\t\t\t\t<\/div>\n\t\t\t\t\t<\/div>\n\t\t<\/div>\n\t\t\t\t\t<\/div>\n\t\t<\/section>\n\t\t\t\t<section class=\"elementor-section elementor-top-section elementor-element elementor-element-f3b6e4f elementor-section-boxed elementor-section-height-default elementor-section-height-default\" data-id=\"f3b6e4f\" data-element_type=\"section\" data-e-type=\"section\">\n\t\t\t\t\t\t<div class=\"elementor-container elementor-column-gap-default\">\n\t\t\t\t\t<div class=\"elementor-column elementor-col-100 elementor-top-column elementor-element elementor-element-df8c579\" data-id=\"df8c579\" data-element_type=\"column\" data-e-type=\"column\">\n\t\t\t<div class=\"elementor-widget-wrap elementor-element-populated\">\n\t\t\t\t\t\t<div class=\"elementor-element elementor-element-2e33647 elementor-widget elementor-widget-text-editor\" data-id=\"2e33647\" data-element_type=\"widget\" data-e-type=\"widget\" data-widget_type=\"text-editor.default\">\n\t\t\t\t<div class=\"elementor-widget-container\">\n\t\t\t\t\t\t\t\t\t<h6><span data-contrast=\"none\">Qu\u00e9 comprende la\u202f<\/span><b><i><span data-contrast=\"none\">Gesti\u00f3n y prestaci\u00f3n del servicio p\u00fablico de suministro de agua potable en Terrassa:<\/span><\/i><\/b><\/h6>\t\t\t\t\t\t\t\t<\/div>\n\t\t\t\t<\/div>\n\t\t\t\t<div class=\"elementor-element elementor-element-906fd57 elementor-widget elementor-widget-text-editor\" data-id=\"906fd57\" data-element_type=\"widget\" data-e-type=\"widget\" data-widget_type=\"text-editor.default\">\n\t\t\t\t<div class=\"elementor-widget-container\">\n\t\t\t\t\t\t\t\t\t<ul><li><span data-contrast=\"auto\"><strong>Segmento en baja<\/strong>: Consistente en la regulaci\u00f3n en los dep\u00f3sitos y la distribuci\u00f3n domiciliaria.<\/span><span data-ccp-props=\"{\"><br \/><\/span><\/li><li><span data-contrast=\"auto\">Realitzaci\u00f3n de todas las <strong>obras de infraestructura e instalaciones <\/strong>que posibiliten el servicio.<\/span><span data-ccp-props=\"{\"> <br \/><\/span><\/li><li><span data-contrast=\"auto\">Todas las <strong>actividades de atenci\u00f3n, aver\u00edas, reparaciones y rehabilitaciones<\/strong>.<\/span><span data-ccp-props=\"{\">\u00a0<\/span><\/li><li><span data-contrast=\"auto\">Todas las\u00a0 <strong>actividades administrativas y comerciales<\/strong>.<\/span><\/li><\/ul>\t\t\t\t\t\t\t\t<\/div>\n\t\t\t\t<\/div>\n\t\t\t\t\t<\/div>\n\t\t<\/div>\n\t\t\t\t\t<\/div>\n\t\t<\/section>\n\t\t\t\t<section class=\"elementor-section elementor-top-section elementor-element elementor-element-6c705ac elementor-section-boxed elementor-section-height-default elementor-section-height-default\" data-id=\"6c705ac\" data-element_type=\"section\" data-e-type=\"section\">\n\t\t\t\t\t\t<div class=\"elementor-container elementor-column-gap-default\">\n\t\t\t\t\t<div class=\"elementor-column elementor-col-33 elementor-top-column elementor-element elementor-element-8d306d2\" data-id=\"8d306d2\" data-element_type=\"column\" data-e-type=\"column\">\n\t\t\t<div class=\"elementor-widget-wrap elementor-element-populated\">\n\t\t\t\t\t\t<div class=\"elementor-element elementor-element-774bd41 elementor-align-center elementor-widget elementor-widget-button\" data-id=\"774bd41\" data-element_type=\"widget\" data-e-type=\"widget\" data-widget_type=\"button.default\">\n\t\t\t\t<div class=\"elementor-widget-container\">\n\t\t\t\t\t\t\t\t\t<div class=\"elementor-button-wrapper\">\n\t\t\t\t\t<a class=\"elementor-button elementor-button-link elementor-size-sm\" href=\"https:\/\/taigua.cat\/wp-content\/uploads\/2022\/11\/ESTATUTS-TAIGUA.pdf\" target=\"_blank\">\n\t\t\t\t\t\t<span class=\"elementor-button-content-wrapper\">\n\t\t\t\t\t\t\t\t\t<span class=\"elementor-button-text\">ESTATUTOS DE TAIGUA<\/span>\n\t\t\t\t\t<\/span>\n\t\t\t\t\t<\/a>\n\t\t\t\t<\/div>\n\t\t\t\t\t\t\t\t<\/div>\n\t\t\t\t<\/div>\n\t\t\t\t<div class=\"elementor-element elementor-element-6bc21fd elementor-align-center elementor-widget elementor-widget-button\" data-id=\"6bc21fd\" data-element_type=\"widget\" data-e-type=\"widget\" data-widget_type=\"button.default\">\n\t\t\t\t<div class=\"elementor-widget-container\">\n\t\t\t\t\t\t\t\t\t<div class=\"elementor-button-wrapper\">\n\t\t\t\t\t<a class=\"elementor-button elementor-button-link elementor-size-sm\" href=\"https:\/\/cido.diba.cat\/estatuts\/7280420\/estatuts-de-terrassa-cicle-de-laigua-epel-ajuntament-de-terrassa-terrassa-cicle-de-laigua-epel\" target=\"_blank\">\n\t\t\t\t\t\t<span class=\"elementor-button-content-wrapper\">\n\t\t\t\t\t\t\t\t\t<span class=\"elementor-button-text\">SU EVOLUCI\u00d3N<\/span>\n\t\t\t\t\t<\/span>\n\t\t\t\t\t<\/a>\n\t\t\t\t<\/div>\n\t\t\t\t\t\t\t\t<\/div>\n\t\t\t\t<\/div>\n\t\t\t\t\t<\/div>\n\t\t<\/div>\n\t\t\t\t<div class=\"elementor-column elementor-col-33 elementor-top-column elementor-element elementor-element-1dbd05c\" data-id=\"1dbd05c\" data-element_type=\"column\" data-e-type=\"column\">\n\t\t\t<div class=\"elementor-widget-wrap elementor-element-populated\">\n\t\t\t\t\t\t<div class=\"elementor-element elementor-element-0fb41f8 elementor-align-center elementor-widget elementor-widget-button\" data-id=\"0fb41f8\" data-element_type=\"widget\" data-e-type=\"widget\" data-widget_type=\"button.default\">\n\t\t\t\t<div class=\"elementor-widget-container\">\n\t\t\t\t\t\t\t\t\t<div class=\"elementor-button-wrapper\">\n\t\t\t\t\t<a class=\"elementor-button elementor-button-link elementor-size-sm\" href=\"https:\/\/bop.diba.cat\/anuncis\/antic\/022019008244\" target=\"_blank\">\n\t\t\t\t\t\t<span class=\"elementor-button-content-wrapper\">\n\t\t\t\t\t\t\t\t\t<span class=\"elementor-button-text\">C\u00d3DIGO \u00c9TICO Y DE CONDUCTA DEL AYUNTAMIENTO DE TERRASSA<\/span>\n\t\t\t\t\t<\/span>\n\t\t\t\t\t<\/a>\n\t\t\t\t<\/div>\n\t\t\t\t\t\t\t\t<\/div>\n\t\t\t\t<\/div>\n\t\t\t\t\t<\/div>\n\t\t<\/div>\n\t\t\t\t<div class=\"elementor-column elementor-col-33 elementor-top-column elementor-element elementor-element-f0e5b62\" data-id=\"f0e5b62\" data-element_type=\"column\" data-e-type=\"column\">\n\t\t\t<div class=\"elementor-widget-wrap elementor-element-populated\">\n\t\t\t\t\t\t<div class=\"elementor-element elementor-element-e93824d elementor-align-center elementor-widget elementor-widget-button\" data-id=\"e93824d\" data-element_type=\"widget\" data-e-type=\"widget\" data-widget_type=\"button.default\">\n\t\t\t\t<div class=\"elementor-widget-container\">\n\t\t\t\t\t\t\t\t\t<div class=\"elementor-button-wrapper\">\n\t\t\t\t\t<a class=\"elementor-button elementor-button-link elementor-size-sm\" href=\"https:\/\/taigua.cat\/wp-content\/uploads\/2024\/12\/VISIOMISSIOESSENCIA-cast-revisat-05122024.pdf\" target=\"_blank\">\n\t\t\t\t\t\t<span class=\"elementor-button-content-wrapper\">\n\t\t\t\t\t\t\t\t\t<span class=\"elementor-button-text\">VISI\u00d3N MISI\u00d3N Y ESENCIA<\/span>\n\t\t\t\t\t<\/span>\n\t\t\t\t\t<\/a>\n\t\t\t\t<\/div>\n\t\t\t\t\t\t\t\t<\/div>\n\t\t\t\t<\/div>\n\t\t\t\t\t<\/div>\n\t\t<\/div>\n\t\t\t\t\t<\/div>\n\t\t<\/section>\n\t\t\t\t<\/div>\n\t\t","protected":false},"excerpt":{"rendered":"<p>TAIGUA, Aigua Municipal de Terrassa, es la entidad p\u00fablica empresarial local (EPEL), que tiene como objetivo la gesti\u00f3n directa del agua en la ciudad de Terrassa, ofreciendo un servicio eficiente y de calidad, que vela por los intereses de toda la ciudadan\u00eda. Despu\u00e9s de haber culminado el proceso de municipalizaci\u00f3n del agua, la entidad inici\u00f3 [&hellip;]<\/p>\n","protected":false},"author":1,"featured_media":0,"parent":0,"menu_order":0,"comment_status":"closed","ping_status":"closed","template":"","meta":{"_acf_changed":false,"footnotes":""},"class_list":["post-29372","page","type-page","status-publish","hentry"],"acf":[],"aioseo_notices":[],"_links":{"self":[{"href":"https:\/\/taigua.cat\/es\/wp-json\/wp\/v2\/pages\/29372","targetHints":{"allow":["GET"]}}],"collection":[{"href":"https:\/\/taigua.cat\/es\/wp-json\/wp\/v2\/pages"}],"about":[{"href":"https:\/\/taigua.cat\/es\/wp-json\/wp\/v2\/types\/page"}],"author":[{"embeddable":true,"href":"https:\/\/taigua.cat\/es\/wp-json\/wp\/v2\/users\/1"}],"replies":[{"embeddable":true,"href":"https:\/\/taigua.cat\/es\/wp-json\/wp\/v2\/comments?post=29372"}],"version-history":[{"count":0,"href":"https:\/\/taigua.cat\/es\/wp-json\/wp\/v2\/pages\/29372\/revisions"}],"wp:attachment":[{"href":"https:\/\/taigua.cat\/es\/wp-json\/wp\/v2\/media?parent=29372"}],"curies":[{"name":"wp","href":"https:\/\/api.w.org\/{rel}","templated":true}]}}