{"id":29427,"date":"2022-02-28T10:42:55","date_gmt":"2022-02-28T09:42:55","guid":{"rendered":"https:\/\/taigua.proo.es\/?page_id=29427"},"modified":"2026-04-08T11:01:11","modified_gmt":"2026-04-08T09:01:11","slug":"organizacion-corporativa","status":"publish","type":"page","link":"https:\/\/taigua.cat\/es\/organizacion-corporativa\/","title":{"rendered":"ORGANIZACI\u00d3N CORPORATIVA"},"content":{"rendered":"\t\t<div data-elementor-type=\"wp-page\" data-elementor-id=\"29427\" class=\"elementor elementor-29427\" data-elementor-post-type=\"page\">\n\t\t\t\t\t\t<section class=\"elementor-section elementor-top-section elementor-element elementor-element-a329350 elementor-section-boxed elementor-section-height-default elementor-section-height-default\" data-id=\"a329350\" data-element_type=\"section\" data-e-type=\"section\">\n\t\t\t\t\t\t<div class=\"elementor-container elementor-column-gap-default\">\n\t\t\t\t\t<div class=\"elementor-column elementor-col-50 elementor-top-column elementor-element elementor-element-c031d4d\" data-id=\"c031d4d\" data-element_type=\"column\" data-e-type=\"column\">\n\t\t\t<div class=\"elementor-widget-wrap elementor-element-populated\">\n\t\t\t\t\t\t<div class=\"elementor-element elementor-element-982b4ef elementor-widget elementor-widget-text-editor\" data-id=\"982b4ef\" data-element_type=\"widget\" data-e-type=\"widget\" data-widget_type=\"text-editor.default\">\n\t\t\t\t<div class=\"elementor-widget-container\">\n\t\t\t\t\t\t\t\t\t<h4><strong>Representantes del Consejo de Administraci\u00f3n<\/strong><\/h4><table width=\"433\"><tbody><tr><td width=\"278\">Patricia Reche Mart\u00ednez<\/td><td width=\"155\">Presidenta<\/td><\/tr><tr><td>Noel Duque Alarc\u00f3n<\/td><td>Vicepresidente<\/td><\/tr><tr><td>Laura Rivas Moreno<\/td><td>Consejera<\/td><\/tr><tr><td>Josep Forn Cadafalch<\/td><td>Consejero<\/td><\/tr><tr><td>David Aguinaga Abad<\/td><td>Consejero<\/td><\/tr><tr><td>Alfredo Vega L\u00f3pez<\/td><td>Consejero<\/td><\/tr><tr><td>Aleix Pons i Coll<\/td><td>Consejero<\/td><\/tr><tr><td>Isidre Col\u00e1s Castilla<\/td><td>Consejero<\/td><\/tr><tr><td>Cristina Escud\u00e9 Blasi<\/td><td>Consejera<\/td><\/tr><tr><td>Anna Crispi Sucarrats<\/td><td>Consejera<\/td><\/tr><tr><td>Joseba Quevedo Cas\u00edn<\/td><td>Consejero<\/td><\/tr><tr><td>Francisco Rodr\u00edguez Gonz\u00e1lez<\/td><td>Consejero<\/td><\/tr><tr><td>Andr\u00e9s Garc\u00eda S\u00e1nchez<\/td><td>Consejero<\/td><\/tr><tr><td>\u00a0<\/td><td>\u00a0<\/td><\/tr><\/tbody><\/table><h4><strong>Secretario del Consejo de Administraci\u00f3n<\/strong><\/h4><table width=\"433\"><tbody><tr><td width=\"278\">\u00d2scar Gonz\u00e1lez Ballesteros<\/td><td width=\"155\">No Consejero<\/td><\/tr><\/tbody><\/table><h4><strong>Gerente<\/strong><\/h4><table width=\"433\"><tbody><tr><td width=\"278\">Pere Mora Segu\u00e9s<\/td><td width=\"155\">\u00a0<\/td><\/tr><\/tbody><\/table>\t\t\t\t\t\t\t\t<\/div>\n\t\t\t\t<\/div>\n\t\t\t\t\t<\/div>\n\t\t<\/div>\n\t\t\t\t<div class=\"elementor-column elementor-col-50 elementor-top-column elementor-element elementor-element-b980b16\" data-id=\"b980b16\" data-element_type=\"column\" data-e-type=\"column\">\n\t\t\t<div class=\"elementor-widget-wrap elementor-element-populated\">\n\t\t\t\t\t\t<div class=\"elementor-element elementor-element-edf87d1 dce_masking-none elementor-widget elementor-widget-image\" data-id=\"edf87d1\" data-element_type=\"widget\" data-e-type=\"widget\" data-widget_type=\"image.default\">\n\t\t\t\t<div class=\"elementor-widget-container\">\n\t\t\t\t\t\t\t\t\t\t\t\t\t\t\t<img fetchpriority=\"high\" decoding=\"async\" width=\"1024\" height=\"768\" src=\"https:\/\/taigua.cat\/wp-content\/uploads\/2024\/05\/20240424_093828-copia-2-1024x768.jpg\" class=\"attachment-large size-large wp-image-63137\" alt=\"\" srcset=\"https:\/\/taigua.cat\/wp-content\/uploads\/2024\/05\/20240424_093828-copia-2-1024x768.jpg 1024w, https:\/\/taigua.cat\/wp-content\/uploads\/2024\/05\/20240424_093828-copia-2-300x225.jpg 300w, https:\/\/taigua.cat\/wp-content\/uploads\/2024\/05\/20240424_093828-copia-2-768x576.jpg 768w, https:\/\/taigua.cat\/wp-content\/uploads\/2024\/05\/20240424_093828-copia-2-1536x1152.jpg 1536w, https:\/\/taigua.cat\/wp-content\/uploads\/2024\/05\/20240424_093828-copia-2-2048x1536.jpg 2048w\" sizes=\"(max-width: 1024px) 100vw, 1024px\" \/>\t\t\t\t\t\t\t\t\t\t\t\t\t\t\t<\/div>\n\t\t\t\t<\/div>\n\t\t\t\t<div class=\"elementor-element elementor-element-e5d4a06 elementor-widget elementor-widget-text-editor\" data-id=\"e5d4a06\" data-element_type=\"widget\" data-e-type=\"widget\" data-widget_type=\"text-editor.default\">\n\t\t\t\t<div class=\"elementor-widget-container\">\n\t\t\t\t\t\t\t\t\t<h5><strong>Las actas de los diferentes nombramientos<br \/><\/strong><\/h5><p><strong><a href=\"https:\/\/taigua.cat\/wp-content\/uploads\/2021\/12\/TAIGUA_Constitucio-Consell-05.07.2019-9.pdf\" target=\"_blank\" rel=\"noopener\">Constituci\u00f3n Consejo 05.07.2019<\/a><\/strong><\/p><p><strong><a href=\"https:\/\/taigua.cat\/wp-content\/uploads\/2021\/12\/TAIGUA-Nomenament-Consellers-18.09.2019.pdf\" target=\"_blank\" rel=\"noopener\">Nombramiento Consejeros 18.09.2019<\/a><\/strong><\/p><p><strong><a href=\"https:\/\/taigua.cat\/wp-content\/uploads\/2022\/04\/TAIGUA_Nomenament-21-20-2019-Vicepresidencia-Caballero.pdf\" target=\"_blank\" rel=\"noopener\">Nombramiento Vicepresidente 21.10.2019<\/a><\/strong><\/p><p><strong><a href=\"https:\/\/taigua.cat\/wp-content\/uploads\/2021\/12\/TAIGUA-Acord-Ple-20.12.2019-nomenament-consellers_aprovat.pdf\" target=\"_blank\" rel=\"noopener\">Nombramiento Consejeros 20.12.2019<\/a><\/strong><\/p><p><strong><a href=\"https:\/\/taigua.cat\/wp-content\/uploads\/2021\/12\/TAIGUA-Acord-Ple-18.03.2021-Nomenament-Conseller-Juan-Cano.pdf\" target=\"_blank\" rel=\"noopener\">Nombramiento Consejeros 18.03.2021<\/a><\/strong><\/p><p><strong><a href=\"https:\/\/taigua.cat\/wp-content\/uploads\/2022\/10\/TAIGUA-Acord-Ple-25.02.2022-Conseller-Andres-Garcia-2.pdf\" target=\"_blank\" rel=\"noopener\">Nombramiento Consejeros 25.02.2022<\/a><\/strong><\/p><p><strong><a href=\"https:\/\/taigua.cat\/wp-content\/uploads\/2022\/04\/TAIGUA-Acord-Ple-29.04.2022-Nomenament-de-Aleix-Pons-Coll.pdf\" target=\"_blank\" rel=\"noopener\">Nombramiento Consejeros 29.04.2022<\/a><\/strong><strong>\u00a0<\/strong><\/p><p><strong><a href=\"https:\/\/taigua.cat\/wp-content\/uploads\/2023\/11\/TAIGUA_Acord-Ple-16.05.2023-consellers-OAT-Quebedo-i-Rodriguez.pdf\" target=\"_blank\" rel=\"noopener\">Nombramiento Consejeros 16.05.2023<\/a><\/strong><\/p><p><strong><a href=\"https:\/\/taigua.cat\/wp-content\/uploads\/2023\/11\/TAIGUA_Acord-Ple-24.07.2023_Designacio-Organs-Govern_.pdf\" target=\"_blank\" rel=\"noopener\">Designaci\u00f3n Organos de Gobierno 24.07.23<\/a><\/strong><\/p><p><strong><a href=\"https:\/\/taigua.cat\/wp-content\/uploads\/2023\/11\/TAIGUA_Decret-17904_2023_Nomenament-Vicepresidencia-TAIGUA.pdf\" target=\"_blank\" rel=\"noopener\">Nombramiento Vicepresidencia Decreto 17904_2023<\/a><\/strong><\/p><p><strong><a href=\"https:\/\/taigua.cat\/wp-content\/uploads\/2025\/06\/Decret_d_Alcaldia-nomenament-NOEL-DUQUE.pdf\" target=\"_blank\" rel=\"noopener\">Nombramiento Vicepresidente. Decreto Alcaldia 2025<\/a><\/strong><\/p><p><strong><a href=\"https:\/\/taigua.cat\/wp-content\/uploads\/2025\/12\/TAIGUA_Acord-Ple-25.07.18-nomenament-conseller-AGUINAGA.pdf\">Nombramiento Consejeros 18.07.2025<\/a><\/strong><\/p><p><strong><a href=\"https:\/\/taigua.cat\/wp-content\/uploads\/2026\/02\/2025031-2.pdf\" target=\"_blank\" rel=\"noopener\">Nombramiento Consejeros 01.03.2026<\/a><\/strong><\/p>\t\t\t\t\t\t\t\t<\/div>\n\t\t\t\t<\/div>\n\t\t\t\t<div class=\"elementor-element elementor-element-cb47fb0 elementor-widget elementor-widget-text-editor\" data-id=\"cb47fb0\" data-element_type=\"widget\" data-e-type=\"widget\" data-widget_type=\"text-editor.default\">\n\t\t\t\t<div class=\"elementor-widget-container\">\n\t\t\t\t\t\t\t\t\t<h5 style=\"text-align: center;\"><strong>Acuerdos Consejo de Administraci\u00f3n:<br \/><\/strong><\/h5><p>En este espacio se publicar\u00e1 el contenido de las actas del Consejo de Administraci\u00f3n, que as\u00ed lo permitan los criterios de <strong>confidencialidad y protecci\u00f3n de datos<\/strong>, los <strong>procedimientos de contrataci\u00f3n p\u00fablica<\/strong> y los <strong>aspectos estrat\u00e9gicos<\/strong> de la propia entidad.<\/p>\t\t\t\t\t\t\t\t<\/div>\n\t\t\t\t<\/div>\n\t\t\t\t<div class=\"elementor-element elementor-element-4c7b98d elementor-widget elementor-widget-accordion\" data-id=\"4c7b98d\" data-element_type=\"widget\" data-e-type=\"widget\" data-widget_type=\"accordion.default\">\n\t\t\t\t<div class=\"elementor-widget-container\">\n\t\t\t\t\t\t\t<div class=\"elementor-accordion\">\n\t\t\t\t\t\t\t<div class=\"elementor-accordion-item\">\n\t\t\t\t\t<div id=\"elementor-tab-title-8011\" class=\"elementor-tab-title\" data-tab=\"1\" role=\"button\" aria-controls=\"elementor-tab-content-8011\" aria-expanded=\"false\">\n\t\t\t\t\t\t\t\t\t\t\t\t\t<span class=\"elementor-accordion-icon elementor-accordion-icon-left\" aria-hidden=\"true\">\n\t\t\t\t\t\t\t\t\t\t\t\t\t\t\t<span class=\"elementor-accordion-icon-closed\"><i class=\"fas fa-plus\"><\/i><\/span>\n\t\t\t\t\t\t\t\t<span class=\"elementor-accordion-icon-opened\"><i class=\"fas fa-minus\"><\/i><\/span>\n\t\t\t\t\t\t\t\t\t\t\t\t\t\t<\/span>\n\t\t\t\t\t\t\t\t\t\t\t\t<a class=\"elementor-accordion-title\" tabindex=\"0\">ACTAS CONSEJO 2025<\/a>\n\t\t\t\t\t<\/div>\n\t\t\t\t\t<div id=\"elementor-tab-content-8011\" class=\"elementor-tab-content elementor-clearfix\" data-tab=\"1\" role=\"region\" aria-labelledby=\"elementor-tab-title-8011\"><p><script> \njQuery(document).ready(function($) { \nvar delay = 100; setTimeout(function() { \n$('.elementor-tab-title').removeClass('elementor-active');\n $('.elementor-tab-content').css('display', 'none'); }, delay); \n}); \n<\/script><\/p><p><a href=\"https:\/\/taigua.cat\/wp-content\/uploads\/2025\/12\/20250310_TAIGUA_Acta-Consell.pdf\" target=\"_blank\" rel=\"noopener\">20250310_TAIGUA_Acta Consell<\/a><\/p><p><a href=\"https:\/\/taigua.cat\/wp-content\/uploads\/2025\/12\/20250318_TAIGUA_Acta-Consell.pdf\" target=\"_blank\" rel=\"noopener\">20250318_TAIGUA_Acta Consell<\/a><\/p><p><a href=\"https:\/\/taigua.cat\/wp-content\/uploads\/2025\/12\/20250529_TAIGUA_Acta-Consell.pdf\" target=\"_blank\" rel=\"noopener\">20250529_TAIGUA_Acta Consell<\/a><\/p><p><a href=\"https:\/\/taigua.cat\/wp-content\/uploads\/2025\/12\/20250603_TAIGUA_Acta-Consell.pdf\" target=\"_blank\" rel=\"noopener\">20250603_TAIGUA_Acta Consell<\/a><\/p><p><a href=\"https:\/\/taigua.cat\/wp-content\/uploads\/2025\/12\/20251009_TAIGUA_Acta-Consell.pdf\">20251009_TAIGUA_Acta Consell<\/a><\/p><p><a href=\"https:\/\/taigua.cat\/wp-content\/uploads\/2025\/12\/20251022_TAIGUA_Acta-Consell.pdf\">20251022_TAIGUA_Acta Consell<\/a><\/p><p><a href=\"https:\/\/taigua.cat\/wp-content\/uploads\/2026\/03\/20251114_TAIGUA_Acta-Consell.pdf\">20251114_TAIGUA_Acta Consell<\/a><\/p><\/div>\n\t\t\t\t<\/div>\n\t\t\t\t\t\t\t\t<\/div>\n\t\t\t\t\t\t<\/div>\n\t\t\t\t<\/div>\n\t\t\t\t<div class=\"elementor-element elementor-element-50db9fe elementor-widget elementor-widget-accordion\" data-id=\"50db9fe\" data-element_type=\"widget\" data-e-type=\"widget\" data-widget_type=\"accordion.default\">\n\t\t\t\t<div class=\"elementor-widget-container\">\n\t\t\t\t\t\t\t<div class=\"elementor-accordion\">\n\t\t\t\t\t\t\t<div class=\"elementor-accordion-item\">\n\t\t\t\t\t<div id=\"elementor-tab-title-8471\" class=\"elementor-tab-title\" data-tab=\"1\" role=\"button\" aria-controls=\"elementor-tab-content-8471\" aria-expanded=\"false\">\n\t\t\t\t\t\t\t\t\t\t\t\t\t<span class=\"elementor-accordion-icon elementor-accordion-icon-left\" aria-hidden=\"true\">\n\t\t\t\t\t\t\t\t\t\t\t\t\t\t\t<span class=\"elementor-accordion-icon-closed\"><i class=\"fas fa-plus\"><\/i><\/span>\n\t\t\t\t\t\t\t\t<span class=\"elementor-accordion-icon-opened\"><i class=\"fas fa-minus\"><\/i><\/span>\n\t\t\t\t\t\t\t\t\t\t\t\t\t\t<\/span>\n\t\t\t\t\t\t\t\t\t\t\t\t<a class=\"elementor-accordion-title\" tabindex=\"0\">ACTAS CONSEJO 2024<\/a>\n\t\t\t\t\t<\/div>\n\t\t\t\t\t<div id=\"elementor-tab-content-8471\" class=\"elementor-tab-content elementor-clearfix\" data-tab=\"1\" role=\"region\" aria-labelledby=\"elementor-tab-title-8471\"><p><script> \njQuery(document).ready(function($) { \nvar delay = 100; setTimeout(function() { \n$('.elementor-tab-title').removeClass('elementor-active');\n $('.elementor-tab-content').css('display', 'none'); }, delay); \n}); \n<\/script><\/p><p><a href=\"https:\/\/taigua.cat\/wp-content\/uploads\/2024\/12\/TAIGUA_Acta-Consell-19032024_.pdf\">01 TAIGUA_Acta Consell 19032024_<\/a><\/p><p><a href=\"https:\/\/taigua.cat\/wp-content\/uploads\/2024\/12\/TAIGUA_Acta-Consell-24042024_.pdf\">02 TAIGUA_Acta Consell 24042024_<\/a><\/p><p><a href=\"https:\/\/taigua.cat\/wp-content\/uploads\/2024\/12\/TAIGUA_Acta-Consell-20062024_.pdf\">03 TAIGUA_Acta Consell 20062024_<\/a><\/p><p><a href=\"https:\/\/taigua.cat\/wp-content\/uploads\/2024\/12\/TAIGUA_Acta-Consell-25092024_.pdf\">04 TAIGUA_Acta Consell 25092024_<\/a><\/p><p>\u00a0<a href=\"https:\/\/taigua.cat\/wp-content\/uploads\/2025\/12\/20241017_TAIGUA_Acta-Consell.pdf\" target=\"_blank\" rel=\"noopener\">05 TAIGUA Acta Consell 17102024<\/a><\/p><p><a href=\"https:\/\/taigua.cat\/wp-content\/uploads\/2025\/12\/20241205_TAIGUA_Acta-Consell.pdf\" target=\"_blank\" rel=\"noopener\">06 TAIGUA_Acta Consell 05122024<\/a><\/p><\/div>\n\t\t\t\t<\/div>\n\t\t\t\t\t\t\t\t<\/div>\n\t\t\t\t\t\t<\/div>\n\t\t\t\t<\/div>\n\t\t\t\t<div class=\"elementor-element elementor-element-1711c6d elementor-widget elementor-widget-accordion\" data-id=\"1711c6d\" data-element_type=\"widget\" data-e-type=\"widget\" data-widget_type=\"accordion.default\">\n\t\t\t\t<div class=\"elementor-widget-container\">\n\t\t\t\t\t\t\t<div class=\"elementor-accordion\">\n\t\t\t\t\t\t\t<div class=\"elementor-accordion-item\">\n\t\t\t\t\t<div id=\"elementor-tab-title-2411\" class=\"elementor-tab-title\" data-tab=\"1\" role=\"button\" aria-controls=\"elementor-tab-content-2411\" aria-expanded=\"false\">\n\t\t\t\t\t\t\t\t\t\t\t\t\t<span class=\"elementor-accordion-icon elementor-accordion-icon-left\" aria-hidden=\"true\">\n\t\t\t\t\t\t\t\t\t\t\t\t\t\t\t<span class=\"elementor-accordion-icon-closed\"><i class=\"fas fa-plus\"><\/i><\/span>\n\t\t\t\t\t\t\t\t<span class=\"elementor-accordion-icon-opened\"><i class=\"fas fa-minus\"><\/i><\/span>\n\t\t\t\t\t\t\t\t\t\t\t\t\t\t<\/span>\n\t\t\t\t\t\t\t\t\t\t\t\t<a class=\"elementor-accordion-title\" tabindex=\"0\">ACTAS CONSEJO 2023<\/a>\n\t\t\t\t\t<\/div>\n\t\t\t\t\t<div id=\"elementor-tab-content-2411\" class=\"elementor-tab-content elementor-clearfix\" data-tab=\"1\" role=\"region\" aria-labelledby=\"elementor-tab-title-2411\"><p><script> \njQuery(document).ready(function($) { \nvar delay = 100; setTimeout(function() { \n$('.elementor-tab-title').removeClass('elementor-active');\n $('.elementor-tab-content').css('display', 'none'); }, delay); \n}); \n<\/script><\/p><p><a href=\"https:\/\/taigua.cat\/wp-content\/uploads\/2024\/02\/01-Acta-Consell-09-03-2023.pdf\">01-Acta Consell 09-03-2023<\/a><\/p><p><a href=\"https:\/\/taigua.cat\/wp-content\/uploads\/2024\/02\/02-Acta-Consell-25-04-2023.pdf\">02-Acta Consell 25-04-2023<\/a><\/p><p><a href=\"https:\/\/taigua.cat\/wp-content\/uploads\/2024\/04\/03-Acta-Consell-29-09-2023.pdf\">03-Acta Consell 29-09-2023<\/a><\/p><p><a href=\"https:\/\/taigua.cat\/wp-content\/uploads\/2024\/02\/04-Acta-Consell-24-10-2023.pdf\">04-Acta Consell 24-10-2023<\/a><\/p><p><a href=\"https:\/\/taigua.cat\/wp-content\/uploads\/2024\/06\/05-Acta-Consell-28-11-2023.pdf\">05-Acta Consell 28-11-2023<\/a><\/p><\/div>\n\t\t\t\t<\/div>\n\t\t\t\t\t\t\t\t<\/div>\n\t\t\t\t\t\t<\/div>\n\t\t\t\t<\/div>\n\t\t\t\t<div class=\"elementor-element elementor-element-2e25da0 elementor-widget elementor-widget-accordion\" data-id=\"2e25da0\" data-element_type=\"widget\" data-e-type=\"widget\" data-widget_type=\"accordion.default\">\n\t\t\t\t<div class=\"elementor-widget-container\">\n\t\t\t\t\t\t\t<div class=\"elementor-accordion\">\n\t\t\t\t\t\t\t<div class=\"elementor-accordion-item\">\n\t\t\t\t\t<div id=\"elementor-tab-title-4831\" class=\"elementor-tab-title\" data-tab=\"1\" role=\"button\" aria-controls=\"elementor-tab-content-4831\" aria-expanded=\"false\">\n\t\t\t\t\t\t\t\t\t\t\t\t\t<span class=\"elementor-accordion-icon elementor-accordion-icon-left\" aria-hidden=\"true\">\n\t\t\t\t\t\t\t\t\t\t\t\t\t\t\t<span class=\"elementor-accordion-icon-closed\"><i class=\"fas fa-plus\"><\/i><\/span>\n\t\t\t\t\t\t\t\t<span class=\"elementor-accordion-icon-opened\"><i class=\"fas fa-minus\"><\/i><\/span>\n\t\t\t\t\t\t\t\t\t\t\t\t\t\t<\/span>\n\t\t\t\t\t\t\t\t\t\t\t\t<a class=\"elementor-accordion-title\" tabindex=\"0\">ACTAS CONSEJO 2022<\/a>\n\t\t\t\t\t<\/div>\n\t\t\t\t\t<div id=\"elementor-tab-content-4831\" class=\"elementor-tab-content elementor-clearfix\" data-tab=\"1\" role=\"region\" aria-labelledby=\"elementor-tab-title-4831\"><p><script> \njQuery(document).ready(function($) { \nvar delay = 100; setTimeout(function() { \n$('.elementor-tab-title').removeClass('elementor-active');\n $('.elementor-tab-content').css('display', 'none'); }, delay); \n}); \n<\/script><\/p><p><a href=\"https:\/\/taigua.cat\/wp-content\/uploads\/2023\/03\/6-2022-TAIGUA_Acta-Consell-19.12.2022.pdf\" target=\"_blank\" rel=\"noopener\">6-2022 TAIGUA_Acta Consell 19.12.2022<\/a><\/p><p><a href=\"https:\/\/taigua.cat\/wp-content\/uploads\/2023\/03\/5-2022-TAIGUA_Acta-Consell-20.10.2022.pdf\" target=\"_blank\" rel=\"noopener\">5-2022 TAIGUA_Acta Consell 20.10.2022<\/a><\/p><p><a href=\"https:\/\/taigua.cat\/wp-content\/uploads\/2023\/02\/4-2022-TAIGUA_Acta-Consell-27.09.2022.pdf\" target=\"_blank\" rel=\"noopener\">4-2022 TAIGUA_Acta Consell 27.09.2022<\/a><\/p><p><a href=\"https:\/\/taigua.cat\/wp-content\/uploads\/2023\/02\/3-2022-TAIGUA_Acta-Consell-13.06.2022.pdf\" target=\"_blank\" rel=\"noopener\">3-2022 TAIGUA_Acta Consell 13.06.2022<\/a><\/p><p><a href=\"https:\/\/taigua.cat\/wp-content\/uploads\/2023\/02\/2-2022-TAIGUA_Acta-Consell-05.05.2022.pdf\" target=\"_blank\" rel=\"noopener\">2-2022 TAIGUA_Acta Consell 05.05.2022<\/a><\/p><p><a href=\"https:\/\/taigua.cat\/wp-content\/uploads\/2023\/02\/1-2022-TAIGUA_Acta-Consell-30.03.2022.pdf\" target=\"_blank\" rel=\"noopener\">1-2022 TAIGUA_Acta Consell 30.03.2022<\/a><\/p><\/div>\n\t\t\t\t<\/div>\n\t\t\t\t\t\t\t\t<\/div>\n\t\t\t\t\t\t<\/div>\n\t\t\t\t<\/div>\n\t\t\t\t\t<\/div>\n\t\t<\/div>\n\t\t\t\t\t<\/div>\n\t\t<\/section>\n\t\t\t\t<\/div>\n\t\t","protected":false},"excerpt":{"rendered":"<p>Representantes del Consejo de Administraci\u00f3n Patricia Reche Mart\u00ednez Presidenta Noel Duque Alarc\u00f3n Vicepresidente Laura Rivas Moreno Consejera Josep Forn Cadafalch Consejero David Aguinaga Abad Consejero Alfredo Vega L\u00f3pez Consejero Aleix Pons i Coll Consejero Isidre Col\u00e1s Castilla Consejero Cristina Escud\u00e9 Blasi Consejera Anna Crispi Sucarrats Consejera Joseba Quevedo Cas\u00edn Consejero Francisco Rodr\u00edguez Gonz\u00e1lez Consejero Andr\u00e9s [&hellip;]<\/p>\n","protected":false},"author":7,"featured_media":0,"parent":0,"menu_order":0,"comment_status":"closed","ping_status":"closed","template":"","meta":{"_acf_changed":false,"footnotes":""},"class_list":["post-29427","page","type-page","status-publish","hentry"],"acf":[],"aioseo_notices":[],"_links":{"self":[{"href":"https:\/\/taigua.cat\/es\/wp-json\/wp\/v2\/pages\/29427","targetHints":{"allow":["GET"]}}],"collection":[{"href":"https:\/\/taigua.cat\/es\/wp-json\/wp\/v2\/pages"}],"about":[{"href":"https:\/\/taigua.cat\/es\/wp-json\/wp\/v2\/types\/page"}],"author":[{"embeddable":true,"href":"https:\/\/taigua.cat\/es\/wp-json\/wp\/v2\/users\/7"}],"replies":[{"embeddable":true,"href":"https:\/\/taigua.cat\/es\/wp-json\/wp\/v2\/comments?post=29427"}],"version-history":[{"count":231,"href":"https:\/\/taigua.cat\/es\/wp-json\/wp\/v2\/pages\/29427\/revisions"}],"predecessor-version":[{"id":206479,"href":"https:\/\/taigua.cat\/es\/wp-json\/wp\/v2\/pages\/29427\/revisions\/206479"}],"wp:attachment":[{"href":"https:\/\/taigua.cat\/es\/wp-json\/wp\/v2\/media?parent=29427"}],"curies":[{"name":"wp","href":"https:\/\/api.w.org\/{rel}","templated":true}]}}