{"id":29435,"date":"2022-02-28T11:46:58","date_gmt":"2022-02-28T10:46:58","guid":{"rendered":"https:\/\/taigua.proo.es\/?page_id=29435"},"modified":"2023-08-29T13:46:22","modified_gmt":"2023-08-29T11:46:22","slug":"observatorio-del-agua-de-terrassa","status":"publish","type":"page","link":"https:\/\/taigua.cat\/es\/observatorio-del-agua-de-terrassa\/","title":{"rendered":"OBSERVATORIO DEL AGUA DE TERRASSA"},"content":{"rendered":"\t\t<div data-elementor-type=\"wp-page\" data-elementor-id=\"29435\" class=\"elementor elementor-29435\" data-elementor-post-type=\"page\">\n\t\t\t\t\t\t<section class=\"elementor-section elementor-top-section elementor-element elementor-element-137939e elementor-section-boxed elementor-section-height-default elementor-section-height-default\" data-id=\"137939e\" data-element_type=\"section\" data-e-type=\"section\">\n\t\t\t\t\t\t<div class=\"elementor-container elementor-column-gap-default\">\n\t\t\t\t\t<div class=\"elementor-column elementor-col-100 elementor-top-column elementor-element elementor-element-e8312c3\" data-id=\"e8312c3\" data-element_type=\"column\" data-e-type=\"column\">\n\t\t\t<div class=\"elementor-widget-wrap elementor-element-populated\">\n\t\t\t\t\t\t<div class=\"elementor-element elementor-element-f9895a6 dce_masking-none elementor-widget elementor-widget-image\" data-id=\"f9895a6\" data-element_type=\"widget\" data-e-type=\"widget\" data-widget_type=\"image.default\">\n\t\t\t\t<div class=\"elementor-widget-container\">\n\t\t\t\t\t\t\t\t\t\t\t\t\t\t\t\t<a href=\"http:\/\/www.oat.cat\/\" target=\"_blank\">\n\t\t\t\t\t\t\t<img decoding=\"async\" src=\"https:\/\/taigua.cat\/wp-content\/uploads\/2021\/12\/logo-e1640165159247.jpg\" title=\"logo\" alt=\"logo\" loading=\"lazy\" \/>\t\t\t\t\t\t\t\t<\/a>\n\t\t\t\t\t\t\t\t\t\t\t\t\t\t\t<\/div>\n\t\t\t\t<\/div>\n\t\t\t\t<div class=\"elementor-element elementor-element-9dc9bc8 elementor-align-center elementor-widget elementor-widget-button\" data-id=\"9dc9bc8\" data-element_type=\"widget\" data-e-type=\"widget\" data-widget_type=\"button.default\">\n\t\t\t\t<div class=\"elementor-widget-container\">\n\t\t\t\t\t\t\t\t\t<div class=\"elementor-button-wrapper\">\n\t\t\t\t\t<a class=\"elementor-button elementor-button-link elementor-size-md\" href=\"https:\/\/taigua.cat\/wp-content\/uploads\/2023\/02\/II-CONCURS-DE-RELATS-CURTS-BASES.pdf\" target=\"_blank\">\n\t\t\t\t\t\t<span class=\"elementor-button-content-wrapper\">\n\t\t\t\t\t\t\t\t\t<span class=\"elementor-button-text\">II CONCURSO RELATOS BREVES DE OAT<\/span>\n\t\t\t\t\t<\/span>\n\t\t\t\t\t<\/a>\n\t\t\t\t<\/div>\n\t\t\t\t\t\t\t\t<\/div>\n\t\t\t\t<\/div>\n\t\t\t\t\t<\/div>\n\t\t<\/div>\n\t\t\t\t\t<\/div>\n\t\t<\/section>\n\t\t\t\t<section class=\"elementor-section elementor-top-section elementor-element elementor-element-a052f6d elementor-section-boxed elementor-section-height-default elementor-section-height-default\" data-id=\"a052f6d\" data-element_type=\"section\" data-e-type=\"section\">\n\t\t\t\t\t\t<div class=\"elementor-container elementor-column-gap-default\">\n\t\t\t\t\t<div class=\"elementor-column elementor-col-100 elementor-top-column elementor-element elementor-element-01dbb25\" data-id=\"01dbb25\" data-element_type=\"column\" data-e-type=\"column\">\n\t\t\t<div class=\"elementor-widget-wrap elementor-element-populated\">\n\t\t\t\t\t\t<div class=\"elementor-element elementor-element-e7aba68 elementor-widget elementor-widget-text-editor\" data-id=\"e7aba68\" data-element_type=\"widget\" data-e-type=\"widget\" data-widget_type=\"text-editor.default\">\n\t\t\t\t<div class=\"elementor-widget-container\">\n\t\t\t\t\t\t\t\t\t<div id=\"tw-target-text-container\" class=\"tw-ta-container F0azHf tw-nfl\" tabindex=\"0\"><p id=\"tw-target-text\" class=\"tw-data-text tw-text-large tw-ta\" dir=\"ltr\" data-placeholder=\"Traducci\u00f3\"><span class=\"Y2IQFc\" lang=\"es\"><strong>La transparencia y participaci\u00f3n ciudadana<\/strong> en el servicio del agua son objetivos prioritarios y dos de las principales novedades del nuevo modelo de gesti\u00f3n p\u00fablica del agua. El Pleno municipal de julio de 2018 aprob\u00f3 el <a href=\"https:\/\/taigua.cat\/wp-content\/uploads\/2022\/03\/2018_07_19_Reglament_Observatori_aigua.pdf\" target=\"_blank\" rel=\"noopener\">Reglamento del Observatorio del Agua de Terrassa (OAT)<\/a>, el \u00f3rgano que articular\u00e1 la participaci\u00f3n de la ciudadan\u00eda en la definici\u00f3n de las pol\u00edticas y en las decisiones estrat\u00e9gicas que afecten al servicio de abastecimiento de agua municipal. <\/span><\/p><p class=\"tw-data-text tw-text-large tw-ta\" dir=\"ltr\" data-placeholder=\"Traducci\u00f3\"><span class=\"Y2IQFc\" lang=\"es\">Con la creaci\u00f3n de este \u00f3rgano, se pone de manifiesto la voluntad pol\u00edtica de mejorar la gobernanza de la ciudad profundizando en la <strong>participaci\u00f3n<\/strong>, <strong>colaboraci\u00f3n<\/strong> y <strong>concertaci\u00f3n con la ciudadan\u00eda<\/strong>, con los agentes sociales y con la iniciativa ciudadana que ha impulsado el proceso de cambio de la forma de gesti\u00f3n del servicio. <\/span><\/p><p class=\"tw-data-text tw-text-large tw-ta\" dir=\"ltr\" data-placeholder=\"Traducci\u00f3\"><span class=\"Y2IQFc\" lang=\"es\">El Reglamento prev\u00e9 que el Observatorio est\u00e9 formado por una amplia representaci\u00f3n de la ciudadan\u00eda, de las entidades, de los agentes sociales y econ\u00f3micos, de los grupos pol\u00edticos, del Gobierno de la ciudad y de los sectores consumidores de agua.<\/span><\/p><p class=\"tw-data-text tw-text-large tw-ta\" dir=\"ltr\" data-placeholder=\"Traducci\u00f3\"><span class=\"Y2IQFc\" lang=\"es\"> Para acceder a la web del Observatorio haz clic <a href=\"http:\/\/www.oat.cat\/\">aqu\u00ed<\/a><\/span><\/p><\/div><div id=\"tw-target-rmn-container\" class=\"tw-target-rmn tw-ta-container F0azHf tw-nfl\"><pre id=\"tw-target-rmn\" class=\"tw-data-placeholder tw-text-small tw-ta\" dir=\"ltr\" data-placeholder=\"\">\u00a0<\/pre><\/div>\t\t\t\t\t\t\t\t<\/div>\n\t\t\t\t<\/div>\n\t\t\t\t\t<\/div>\n\t\t<\/div>\n\t\t\t\t\t<\/div>\n\t\t<\/section>\n\t\t\t\t<section class=\"elementor-section elementor-top-section elementor-element elementor-element-689b83a elementor-section-boxed elementor-section-height-default elementor-section-height-default\" data-id=\"689b83a\" data-element_type=\"section\" data-e-type=\"section\">\n\t\t\t\t\t\t<div class=\"elementor-container elementor-column-gap-default\">\n\t\t\t\t\t<div class=\"elementor-column elementor-col-100 elementor-top-column elementor-element elementor-element-0d62f6d\" data-id=\"0d62f6d\" data-element_type=\"column\" data-e-type=\"column\">\n\t\t\t<div class=\"elementor-widget-wrap elementor-element-populated\">\n\t\t\t\t\t\t<div class=\"elementor-element elementor-element-10a15a4 elementor-widget elementor-widget-text-editor\" data-id=\"10a15a4\" data-element_type=\"widget\" data-e-type=\"widget\" data-widget_type=\"text-editor.default\">\n\t\t\t\t<div class=\"elementor-widget-container\">\n\t\t\t\t\t\t\t\t\t<h3>Funciones<\/h3>\t\t\t\t\t\t\t\t<\/div>\n\t\t\t\t<\/div>\n\t\t\t\t\t<\/div>\n\t\t<\/div>\n\t\t\t\t\t<\/div>\n\t\t<\/section>\n\t\t\t\t<section class=\"elementor-section elementor-top-section elementor-element elementor-element-0fbccb7 elementor-section-boxed elementor-section-height-default elementor-section-height-default\" data-id=\"0fbccb7\" data-element_type=\"section\" data-e-type=\"section\">\n\t\t\t\t\t\t<div class=\"elementor-container elementor-column-gap-default\">\n\t\t\t\t\t<div class=\"elementor-column elementor-col-100 elementor-top-column elementor-element elementor-element-b341682\" data-id=\"b341682\" data-element_type=\"column\" data-e-type=\"column\">\n\t\t\t<div class=\"elementor-widget-wrap elementor-element-populated\">\n\t\t\t\t\t\t<div class=\"elementor-element elementor-element-0a2b9d6 elementor-widget elementor-widget-text-editor\" data-id=\"0a2b9d6\" data-element_type=\"widget\" data-e-type=\"widget\" data-widget_type=\"text-editor.default\">\n\t\t\t\t<div class=\"elementor-widget-container\">\n\t\t\t\t\t\t\t\t\t<p id=\"tw-target-text\" class=\"tw-data-text tw-text-large tw-ta\" dir=\"ltr\" data-placeholder=\"Traducci\u00f3\"><span class=\"Y2IQFc\" lang=\"es\">Entre las funciones de la OAT, cabe destacar la presentaci\u00f3n de propuestas para el funcionamiento de la entidad p\u00fablica que gestiona el agua, la elaboraci\u00f3n de estudios e informes, la informaci\u00f3n y formaci\u00f3n de la ciudadan\u00eda y el control p\u00fablico en la rendici\u00f3n de cuentas. El Observatorio tiene car\u00e1cter consultivo, asesor, deliberativo y propositivo, y capacidad de alcanzar acuerdos que tendr\u00e1n que ser considerados por el Gobierno municipal. <\/span><\/p><p class=\"tw-data-text tw-text-large tw-ta\" dir=\"ltr\" data-placeholder=\"Traducci\u00f3\"><span class=\"Y2IQFc\" lang=\"es\">La OAT tiene un funcionamiento aut\u00f3nomo, con su propio plan de trabajo, y los recursos suficientes para poder desarrollar sus funciones y alcanzar sus objetivos, en cumplimiento de los <strong>criterios de calidad democr\u00e1tica<\/strong> que tiene establecido el Ayuntamiento. <a href=\"https:\/\/taigua.cat\/wp-content\/uploads\/2022\/03\/Taula-del-Aigua-Presentacio-OAT-MISSIO-I-FUNCIONS.pdf\">Mesa del Agua-Presentaci\u00f3n OAT-MISI\u00d3N Y FUNCIONES<\/a><\/span><\/p>\t\t\t\t\t\t\t\t<\/div>\n\t\t\t\t<\/div>\n\t\t\t\t\t<\/div>\n\t\t<\/div>\n\t\t\t\t\t<\/div>\n\t\t<\/section>\n\t\t\t\t<\/div>\n\t\t","protected":false},"excerpt":{"rendered":"<p>II CONCURSO RELATOS BREVES DE OAT La transparencia y participaci\u00f3n ciudadana en el servicio del agua son objetivos prioritarios y dos de las principales novedades del nuevo modelo de gesti\u00f3n p\u00fablica del agua. El Pleno municipal de julio de 2018 aprob\u00f3 el Reglamento del Observatorio del Agua de Terrassa (OAT), el \u00f3rgano que articular\u00e1 la [&hellip;]<\/p>\n","protected":false},"author":7,"featured_media":0,"parent":0,"menu_order":0,"comment_status":"closed","ping_status":"closed","template":"","meta":{"_acf_changed":false,"footnotes":""},"class_list":["post-29435","page","type-page","status-publish","hentry"],"acf":[],"aioseo_notices":[],"_links":{"self":[{"href":"https:\/\/taigua.cat\/es\/wp-json\/wp\/v2\/pages\/29435","targetHints":{"allow":["GET"]}}],"collection":[{"href":"https:\/\/taigua.cat\/es\/wp-json\/wp\/v2\/pages"}],"about":[{"href":"https:\/\/taigua.cat\/es\/wp-json\/wp\/v2\/types\/page"}],"author":[{"embeddable":true,"href":"https:\/\/taigua.cat\/es\/wp-json\/wp\/v2\/users\/7"}],"replies":[{"embeddable":true,"href":"https:\/\/taigua.cat\/es\/wp-json\/wp\/v2\/comments?post=29435"}],"version-history":[{"count":22,"href":"https:\/\/taigua.cat\/es\/wp-json\/wp\/v2\/pages\/29435\/revisions"}],"predecessor-version":[{"id":44614,"href":"https:\/\/taigua.cat\/es\/wp-json\/wp\/v2\/pages\/29435\/revisions\/44614"}],"wp:attachment":[{"href":"https:\/\/taigua.cat\/es\/wp-json\/wp\/v2\/media?parent=29435"}],"curies":[{"name":"wp","href":"https:\/\/api.w.org\/{rel}","templated":true}]}}