{"id":29441,"date":"2022-02-28T13:09:23","date_gmt":"2022-02-28T12:09:23","guid":{"rendered":"https:\/\/taigua.proo.es\/?page_id=29441"},"modified":"2022-03-07T13:30:54","modified_gmt":"2022-03-07T12:30:54","slug":"un-modelo-a-seguir","status":"publish","type":"page","link":"https:\/\/taigua.cat\/es\/un-modelo-a-seguir\/","title":{"rendered":"UN MODELO A SEGUIR"},"content":{"rendered":"\t\t<div data-elementor-type=\"wp-page\" data-elementor-id=\"29441\" class=\"elementor elementor-29441\" data-elementor-post-type=\"page\">\n\t\t\t\t\t\t<section class=\"elementor-section elementor-top-section elementor-element elementor-element-25fa62e elementor-section-boxed elementor-section-height-default elementor-section-height-default\" data-id=\"25fa62e\" data-element_type=\"section\" data-e-type=\"section\">\n\t\t\t\t\t\t<div class=\"elementor-container elementor-column-gap-default\">\n\t\t\t\t\t<div class=\"elementor-column elementor-col-66 elementor-top-column elementor-element elementor-element-801c3cb\" data-id=\"801c3cb\" data-element_type=\"column\" data-e-type=\"column\">\n\t\t\t<div class=\"elementor-widget-wrap elementor-element-populated\">\n\t\t\t\t\t\t<div class=\"elementor-element elementor-element-f814c5a elementor-widget elementor-widget-text-editor\" data-id=\"f814c5a\" data-element_type=\"widget\" data-e-type=\"widget\" data-widget_type=\"text-editor.default\">\n\t\t\t\t<div class=\"elementor-widget-container\">\n\t\t\t\t\t\t\t\t\t<p id=\"tw-target-text\" class=\"tw-data-text tw-text-large tw-ta\" dir=\"ltr\" data-placeholder=\"Traducci\u00f3\"><span class=\"Y2IQFc\" lang=\"es\">El abastecimiento de agua siempre ha sido un servicio p\u00fablico, pero gestionado por una empresa privada. <strong>En el a\u00f1o 1941, el Pleno Municipal del Ayuntamiento de Terrassa hizo una concesi\u00f3n a la empresa Mina P\u00fablica de Aig\u00fces de Terrassa<\/strong> para que \u00e9sta se encargara de la gesti\u00f3n. 75 a\u00f1os despu\u00e9s, <strong>en diciembre de 2016, esta concesi\u00f3n finaliz\u00f3<\/strong> y el Pleno del Ayuntamiento tuvo que decidir qu\u00e9 modelo de gesti\u00f3n del agua era el mejor para Terrassa. Pod\u00eda volver a adjudicarla mediante concurso p\u00fablico o pod\u00eda asumir directamente su gesti\u00f3n.<\/span><\/p><div id=\"tw-target-text-container\" class=\"tw-ta-container F0azHf tw-nfl\" tabindex=\"0\"><p class=\"tw-data-text tw-text-large tw-ta\" dir=\"ltr\" data-placeholder=\"Traducci\u00f3\"><span class=\"Y2IQFc\" lang=\"es\">En abril de 2016, antes de la finalizaci\u00f3n de la concesi\u00f3n, el Ayuntamiento cre\u00f3 una <strong>comisi\u00f3n de trabajo<\/strong> con representantes de los grupos municipales y personal t\u00e9cnico, <strong>para estudiar las alternativas de formas de gesti\u00f3n del servicio.<\/strong> Posteriormente, en julio de 2016, 20 de 27 concejales y concejalas expresaron su compromiso con la gesti\u00f3n p\u00fablica y directa del agua, siguiendo el ejemplo de otras grandes ciudades europeas.<\/span><\/p><p id=\"tw-target-text\" class=\"tw-data-text tw-text-large tw-ta\" dir=\"ltr\" data-placeholder=\"Traducci\u00f3\"><span class=\"Y2IQFc\" lang=\"es\">Desde el fin del contrato, y para asegurar la prestaci\u00f3n del servicio mientras se acababa de definir el nuevo modelo, el Ayuntamiento Pleno aprob\u00f3 que Mina P\u00fablica de Aig\u00fces de Terrassa siguiera prestando el servicio a la ciudad mediante diversas pr\u00f3rrogas.<\/span><\/p><p class=\"tw-data-text tw-text-large tw-ta\" dir=\"ltr\" data-placeholder=\"Traducci\u00f3\"><span class=\"Y2IQFc\" lang=\"es\">En julio de 2017, la comisi\u00f3n de trabajo termin\u00f3 sus estudios de las alternativas de formas de gesti\u00f3n del servicio, que se recogen en una <a href=\"https:\/\/www.terrassa.cat\/documents\/12006\/15032606\/Memoria_gestio_aigua_c.pdf\">memoria<\/a> que demuestra que <strong>la gesti\u00f3n p\u00fablica directa es m\u00e1s eficiente y m\u00e1s sostenible econ\u00f3micamente<\/strong> que la gesti\u00f3n indirecta mediante una empresa privada, adem\u00e1s de ofrecer otras ventajas como la transparencia o la participaci\u00f3n. <\/span><\/p><p class=\"tw-data-text tw-text-large tw-ta\" dir=\"ltr\" data-placeholder=\"Traducci\u00f3\"><span class=\"Y2IQFc\" lang=\"es\"><strong>El d\u00eda 7 de septiembre de 2017, el Pleno tom\u00f3 en consideraci\u00f3n estas conclusiones y aprob\u00f3 inicialmente el cambio de la forma de gesti\u00f3n del servicio.<\/strong> <\/span><\/p><p class=\"tw-data-text tw-text-large tw-ta\" dir=\"ltr\" data-placeholder=\"Traducci\u00f3\"><span class=\"Y2IQFc\" lang=\"es\">El Pleno municipal del 22 de marzo de 2018 aprob\u00f3 definitivamente la forma de gesti\u00f3n directa del servicio de abastecimiento de agua mediante una entidad p\u00fablica empresarial local, con los votos favorables de 20 de 27 concejales y concejalas del Ayuntamiento de Terrassa ( PSC, TeC, ERC-MES y CUP), lo que daba inicio a la \u00faltima fase de un proceso que ha llevado a la gesti\u00f3n 100% municipal. <\/span><\/p><p class=\"tw-data-text tw-text-large tw-ta\" dir=\"ltr\" data-placeholder=\"Traducci\u00f3\"><span class=\"Y2IQFc\" lang=\"es\">En este <a href=\"https:\/\/taigua.cat\/es\/acuerdos-municipales\/\">enlace<\/a> encontrar\u00e9is los acuerdos aprobados por el Pleno Municipal del Ayuntamiento relativos al proceso del cambio de modelo de gesti\u00f3n del agua en la ciudad y a la nueva entidad p\u00fablica empresarial local TAIGUA, Agua Municipal de Terrassa, que ofrece ahora el servicio. <\/span><\/p><p class=\"tw-data-text tw-text-large tw-ta\" dir=\"ltr\" data-placeholder=\"Traducci\u00f3\"><span class=\"Y2IQFc\" lang=\"es\"><strong>Terrassa es actualmente una de las grandes ciudades que han apostado por la municipalizaci\u00f3n<\/strong> y una referencia a Catalu\u00f1a, al conjunto del Estado y en Europa. La ciudad fue una de las fundadoras de<a href=\"http:\/\/amap.cat\/\"> la Asociaci\u00f3n de Municipios y Entidades por el Agua P\u00fablica (AMAP).<\/a><\/span><\/p><p dir=\"ltr\" data-placeholder=\"Traducci\u00f3\">\u00a0<\/p><\/div><div id=\"tw-target-rmn-container\" class=\"tw-target-rmn tw-ta-container F0azHf tw-nfl\"><pre id=\"tw-target-rmn\" class=\"tw-data-placeholder tw-text-small tw-ta\" dir=\"ltr\" data-placeholder=\"\">\u00a0<\/pre><\/div>\t\t\t\t\t\t\t\t<\/div>\n\t\t\t\t<\/div>\n\t\t\t\t\t<\/div>\n\t\t<\/div>\n\t\t\t\t<div class=\"elementor-column elementor-col-33 elementor-top-column elementor-element elementor-element-4385bdc\" data-id=\"4385bdc\" data-element_type=\"column\" data-e-type=\"column\">\n\t\t\t<div class=\"elementor-widget-wrap elementor-element-populated\">\n\t\t\t\t\t\t<div class=\"elementor-element elementor-element-3d9f192 dce_masking-none elementor-widget elementor-widget-image\" data-id=\"3d9f192\" data-element_type=\"widget\" data-e-type=\"widget\" data-widget_type=\"image.default\">\n\t\t\t\t<div class=\"elementor-widget-container\">\n\t\t\t\t\t\t\t\t\t\t\t\t\t\t\t<img fetchpriority=\"high\" decoding=\"async\" width=\"300\" height=\"300\" src=\"https:\/\/taigua.cat\/wp-content\/uploads\/2021\/12\/ajuntament-1024x1019-1-un-model-1-300x300.jpg\" class=\"attachment-medium size-medium wp-image-26442\" alt=\"\" srcset=\"https:\/\/taigua.cat\/wp-content\/uploads\/2021\/12\/ajuntament-1024x1019-1-un-model-1-300x300.jpg 300w, https:\/\/taigua.cat\/wp-content\/uploads\/2021\/12\/ajuntament-1024x1019-1-un-model-1-150x150.jpg 150w, https:\/\/taigua.cat\/wp-content\/uploads\/2021\/12\/ajuntament-1024x1019-1-un-model-1.jpg 1024w\" sizes=\"(max-width: 300px) 100vw, 300px\" \/>\t\t\t\t\t\t\t\t\t\t\t\t\t\t\t<\/div>\n\t\t\t\t<\/div>\n\t\t\t\t<div class=\"elementor-element elementor-element-a37480f dce_masking-none elementor-widget elementor-widget-image\" data-id=\"a37480f\" data-element_type=\"widget\" data-e-type=\"widget\" data-widget_type=\"image.default\">\n\t\t\t\t<div class=\"elementor-widget-container\">\n\t\t\t\t\t\t\t\t\t\t\t\t<figure class=\"wp-caption\">\n\t\t\t\t\t\t\t\t\t\t<img decoding=\"async\" width=\"300\" height=\"201\" src=\"https:\/\/taigua.cat\/wp-content\/uploads\/2021\/12\/Foto-ple-municipal-2018-620x415-un-model-2-300x201.jpg\" class=\"attachment-medium size-medium wp-image-26448\" alt=\"\" srcset=\"https:\/\/taigua.cat\/wp-content\/uploads\/2021\/12\/Foto-ple-municipal-2018-620x415-un-model-2-300x201.jpg 300w, https:\/\/taigua.cat\/wp-content\/uploads\/2021\/12\/Foto-ple-municipal-2018-620x415-un-model-2.jpg 620w\" sizes=\"(max-width: 300px) 100vw, 300px\" \/>\t\t\t\t\t\t\t\t\t\t\t<figcaption class=\"widget-image-caption wp-caption-text\"><\/figcaption>\n\t\t\t\t\t\t\t\t\t\t<\/figure>\n\t\t\t\t\t\t\t\t\t<\/div>\n\t\t\t\t<\/div>\n\t\t\t\t\t<\/div>\n\t\t<\/div>\n\t\t\t\t\t<\/div>\n\t\t<\/section>\n\t\t\t\t<section class=\"elementor-section elementor-top-section elementor-element elementor-element-2786393 elementor-section-boxed elementor-section-height-default elementor-section-height-default\" data-id=\"2786393\" data-element_type=\"section\" data-e-type=\"section\">\n\t\t\t\t\t\t<div class=\"elementor-container elementor-column-gap-default\">\n\t\t\t\t\t<div class=\"elementor-column elementor-col-100 elementor-top-column elementor-element elementor-element-de72ede\" data-id=\"de72ede\" data-element_type=\"column\" data-e-type=\"column\">\n\t\t\t<div class=\"elementor-widget-wrap\">\n\t\t\t\t\t\t\t<\/div>\n\t\t<\/div>\n\t\t\t\t\t<\/div>\n\t\t<\/section>\n\t\t\t\t<\/div>\n\t\t","protected":false},"excerpt":{"rendered":"<p>El abastecimiento de agua siempre ha sido un servicio p\u00fablico, pero gestionado por una empresa privada. En el a\u00f1o 1941, el Pleno Municipal del Ayuntamiento de Terrassa hizo una concesi\u00f3n a la empresa Mina P\u00fablica de Aig\u00fces de Terrassa para que \u00e9sta se encargara de la gesti\u00f3n. 75 a\u00f1os despu\u00e9s, en diciembre de 2016, esta [&hellip;]<\/p>\n","protected":false},"author":7,"featured_media":0,"parent":0,"menu_order":0,"comment_status":"closed","ping_status":"closed","template":"","meta":{"_acf_changed":false,"footnotes":""},"class_list":["post-29441","page","type-page","status-publish","hentry"],"acf":[],"aioseo_notices":[],"_links":{"self":[{"href":"https:\/\/taigua.cat\/es\/wp-json\/wp\/v2\/pages\/29441","targetHints":{"allow":["GET"]}}],"collection":[{"href":"https:\/\/taigua.cat\/es\/wp-json\/wp\/v2\/pages"}],"about":[{"href":"https:\/\/taigua.cat\/es\/wp-json\/wp\/v2\/types\/page"}],"author":[{"embeddable":true,"href":"https:\/\/taigua.cat\/es\/wp-json\/wp\/v2\/users\/7"}],"replies":[{"embeddable":true,"href":"https:\/\/taigua.cat\/es\/wp-json\/wp\/v2\/comments?post=29441"}],"version-history":[{"count":0,"href":"https:\/\/taigua.cat\/es\/wp-json\/wp\/v2\/pages\/29441\/revisions"}],"wp:attachment":[{"href":"https:\/\/taigua.cat\/es\/wp-json\/wp\/v2\/media?parent=29441"}],"curies":[{"name":"wp","href":"https:\/\/api.w.org\/{rel}","templated":true}]}}