{"id":29484,"date":"2022-03-01T11:44:32","date_gmt":"2022-03-01T10:44:32","guid":{"rendered":"https:\/\/taigua.proo.es\/?page_id=29484"},"modified":"2023-09-14T12:12:52","modified_gmt":"2023-09-14T10:12:52","slug":"contratacion","status":"publish","type":"page","link":"https:\/\/taigua.cat\/es\/contratacion\/","title":{"rendered":"CONTRATACI\u00d3N"},"content":{"rendered":"\t\t<div data-elementor-type=\"wp-page\" data-elementor-id=\"29484\" class=\"elementor elementor-29484\" data-elementor-post-type=\"page\">\n\t\t\t\t\t\t<section class=\"elementor-section elementor-top-section elementor-element elementor-element-4e7a23e elementor-section-boxed elementor-section-height-default elementor-section-height-default\" data-id=\"4e7a23e\" data-element_type=\"section\" data-e-type=\"section\">\n\t\t\t\t\t\t<div class=\"elementor-container elementor-column-gap-default\">\n\t\t\t\t\t<div class=\"elementor-column elementor-col-50 elementor-top-column elementor-element elementor-element-a308dab\" data-id=\"a308dab\" data-element_type=\"column\" data-e-type=\"column\">\n\t\t\t<div class=\"elementor-widget-wrap elementor-element-populated\">\n\t\t\t\t\t\t<div class=\"elementor-element elementor-element-cfd0d6c elementor-widget elementor-widget-text-editor\" data-id=\"cfd0d6c\" data-element_type=\"widget\" data-e-type=\"widget\" data-widget_type=\"text-editor.default\">\n\t\t\t\t<div class=\"elementor-widget-container\">\n\t\t\t\t\t\t\t\t\t<div id=\"tw-target-text-container\" class=\"tw-ta-container F0azHf tw-nfl\" tabindex=\"0\"><h5 id=\"tw-target-text\" class=\"tw-data-text tw-text-large tw-ta\" dir=\"ltr\" data-placeholder=\"Traducci\u00f3\"><span class=\"Y2IQFc\" lang=\"es\">Para acceder a la Plataforma de Contrataci\u00f3n P\u00fablica de la Generalitat de Catalu\u00f1a<\/span><\/h5><\/div>\t\t\t\t\t\t\t\t<\/div>\n\t\t\t\t<\/div>\n\t\t\t\t\t<\/div>\n\t\t<\/div>\n\t\t\t\t<div class=\"elementor-column elementor-col-50 elementor-top-column elementor-element elementor-element-8e84e4a\" data-id=\"8e84e4a\" data-element_type=\"column\" data-e-type=\"column\">\n\t\t\t<div class=\"elementor-widget-wrap elementor-element-populated\">\n\t\t\t\t\t\t<div class=\"elementor-element elementor-element-7db95df elementor-widget elementor-widget-text-editor\" data-id=\"7db95df\" data-element_type=\"widget\" data-e-type=\"widget\" data-widget_type=\"text-editor.default\">\n\t\t\t\t<div class=\"elementor-widget-container\">\n\t\t\t\t\t\t\t\t\t<div id=\"tw-target-text-container\" class=\"tw-ta-container F0azHf tw-nfl\" tabindex=\"0\"><h5 id=\"tw-target-text\" class=\"tw-data-text tw-text-large tw-ta\" dir=\"ltr\" data-placeholder=\"Traducci\u00f3\"><span class=\"Y2IQFc\" lang=\"es\">Para la presentaci\u00f3n de facturas electr\u00f3nicas en Terrassa Cicle de l&#8217;Aigua, EPEL (TAIGUA)<\/span><\/h5><\/div>\t\t\t\t\t\t\t\t<\/div>\n\t\t\t\t<\/div>\n\t\t\t\t\t<\/div>\n\t\t<\/div>\n\t\t\t\t\t<\/div>\n\t\t<\/section>\n\t\t\t\t<section class=\"elementor-section elementor-top-section elementor-element elementor-element-f2a16e9 elementor-section-boxed elementor-section-height-default elementor-section-height-default\" data-id=\"f2a16e9\" data-element_type=\"section\" data-e-type=\"section\">\n\t\t\t\t\t\t<div class=\"elementor-container elementor-column-gap-default\">\n\t\t\t\t\t<div class=\"elementor-column elementor-col-50 elementor-top-column elementor-element elementor-element-8f8f257\" data-id=\"8f8f257\" data-element_type=\"column\" data-e-type=\"column\">\n\t\t\t<div class=\"elementor-widget-wrap elementor-element-populated\">\n\t\t\t\t\t\t<div class=\"elementor-element elementor-element-ca53736 dce_masking-none elementor-widget elementor-widget-image\" data-id=\"ca53736\" data-element_type=\"widget\" data-e-type=\"widget\" data-widget_type=\"image.default\">\n\t\t\t\t<div class=\"elementor-widget-container\">\n\t\t\t\t\t\t\t\t\t\t\t\t\t\t\t\t<a href=\"https:\/\/contractaciopublica.gencat.cat\/ecofin_pscp\/AppJava\/ca_ES\/cap.pscp?reqCode=viewDetail&#038;keyword=epel&#038;idCap=42573263&#038;ambit=5&#038;\" target=\"_blank\">\n\t\t\t\t\t\t\t<img decoding=\"async\" src=\"https:\/\/taigua.cat\/wp-content\/uploads\/2021\/11\/Mesa-de-trabajo-2-80.jpg\" title=\"Mesa de trabajo 2-80\" alt=\"Mesa de trabajo 2-80\" class=\"elementor-animation-grow\" loading=\"lazy\" \/>\t\t\t\t\t\t\t\t<\/a>\n\t\t\t\t\t\t\t\t\t\t\t\t\t\t\t<\/div>\n\t\t\t\t<\/div>\n\t\t\t\t<div class=\"elementor-element elementor-element-faa43e7 elementor-widget elementor-widget-text-editor\" data-id=\"faa43e7\" data-element_type=\"widget\" data-e-type=\"widget\" data-widget_type=\"text-editor.default\">\n\t\t\t\t<div class=\"elementor-widget-container\">\n\t\t\t\t\t\t\t\t\t<p id=\"tw-target-text\" class=\"tw-data-text tw-text-large tw-ta\" dir=\"ltr\" data-placeholder=\"Traducci\u00f3\"><span class=\"Y2IQFc\" lang=\"es\">El Departamento de Econom\u00eda y Hacienda, por medio de la Junta Consultiva de Contrataci\u00f3n Administrativa, pone a disposici\u00f3n de los \u00f3rganos de contrataci\u00f3n de Catalu\u00f1a, as\u00ed como de todos los operadores econ\u00f3micos, la Plataforma de servicios de contrataci\u00f3n p\u00fablica.<\/span><\/p>\t\t\t\t\t\t\t\t<\/div>\n\t\t\t\t<\/div>\n\t\t\t\t<div class=\"elementor-element elementor-element-efc83a2 elementor-widget elementor-widget-accordion\" data-id=\"efc83a2\" data-element_type=\"widget\" data-e-type=\"widget\" data-widget_type=\"accordion.default\">\n\t\t\t\t<div class=\"elementor-widget-container\">\n\t\t\t\t\t\t\t<div class=\"elementor-accordion\">\n\t\t\t\t\t\t\t<div class=\"elementor-accordion-item\">\n\t\t\t\t\t<div id=\"elementor-tab-title-2511\" class=\"elementor-tab-title\" data-tab=\"1\" role=\"button\" aria-controls=\"elementor-tab-content-2511\" aria-expanded=\"false\">\n\t\t\t\t\t\t\t\t\t\t\t\t\t<span class=\"elementor-accordion-icon elementor-accordion-icon-left\" aria-hidden=\"true\">\n\t\t\t\t\t\t\t\t\t\t\t\t\t\t\t<span class=\"elementor-accordion-icon-closed\"><i class=\"fas fa-plus\"><\/i><\/span>\n\t\t\t\t\t\t\t\t<span class=\"elementor-accordion-icon-opened\"><i class=\"fas fa-minus\"><\/i><\/span>\n\t\t\t\t\t\t\t\t\t\t\t\t\t\t<\/span>\n\t\t\t\t\t\t\t\t\t\t\t\t<a class=\"elementor-accordion-title\" tabindex=\"0\">leer m\u00e1s<\/a>\n\t\t\t\t\t<\/div>\n\t\t\t\t\t<div id=\"elementor-tab-content-2511\" class=\"elementor-tab-content elementor-clearfix\" data-tab=\"1\" role=\"region\" aria-labelledby=\"elementor-tab-title-2511\"><script> \njQuery(document).ready(function($) { \nvar delay = 100; setTimeout(function() { \n$('.elementor-tab-title').removeClass('elementor-active');\n $('.elementor-tab-content').css('display', 'none'); }, delay); \n}); \n<\/script><div id=\"tw-target-text-container\" class=\"tw-ta-container F0azHf tw-nfl\" tabindex=\"0\">\n<p id=\"tw-target-text\" class=\"tw-data-text tw-text-large tw-ta\" dir=\"ltr\" data-placeholder=\"Traducci\u00f3\"><span class=\"Y2IQFc\" lang=\"es\">La Plataforma se configura como un portal \u00fanico y completo para la difusi\u00f3n de la informaci\u00f3n de la actividad contractual y de los perfiles de contratante de los \u00f3rganos de contrataci\u00f3n de la Generalitat, de los entes que integran la Administraci\u00f3n local en Catalu\u00f1a, de las universidades p\u00fablicas de Catalu\u00f1a y de los entes de los respectivos sectores p\u00fablicos. <\/span><\/p>\n<p class=\"tw-data-text tw-text-large tw-ta\" dir=\"ltr\" data-placeholder=\"Traducci\u00f3\"><span class=\"Y2IQFc\" lang=\"es\">El conjunto de informaci\u00f3n y el dise\u00f1o de la aplicaci\u00f3n inform\u00e1tica de la Plataforma hacen posible que los operadores econ\u00f3micos de los mercados p\u00fablicos, especialmente las empresas, y los \u00f3rganos de contrataci\u00f3n dispongan de un conjunto de servicios y funcionalidades que posibilitan tanto la publicaci\u00f3n y acceso a la informaci\u00f3n, como las relaciones transaccionales electr\u00f3nicas seguras entre los \u00f3rganos de contrataci\u00f3n y las empresas, con la consiguiente reducci\u00f3n de costes asociados a la contrataci\u00f3n p\u00fablica, de acuerdo con la normativa reguladora. <\/span><\/p>\n<p class=\"tw-data-text tw-text-large tw-ta\" dir=\"ltr\" data-placeholder=\"Traducci\u00f3\"><span class=\"Y2IQFc\" lang=\"es\">Asimismo, en cumplimiento de lo dispuesto en el art\u00edculo 347.3 de la Ley 9\/2017, de 8 de noviembre, de contratos del sector p\u00fablico, por la que se transponen al ordenamiento jur\u00eddico espa\u00f1ol las directivas del Parlamento Europeo y del Consejo 2014 \/23\/UE y 2014\/24\/UE, de 26 de febrero de 2014 (LCSP), la informaci\u00f3n publicada en la Plataforma de servicios de contrataci\u00f3n p\u00fablica de la Generalidad de Catalu\u00f1a, relativa a la convocatoria de todas las licitaciones y sus resultados , se publica, por interconexi\u00f3n con dispositivos electr\u00f3nicos de agregaci\u00f3n de la informaci\u00f3n, en la Plataforma de Contrataci\u00f3n del Sector P\u00fablico estatal. Por \u00faltimo, de acuerdo con el art\u00edculo 63.7 de la LCSP, el sistema inform\u00e1tico que soporta los perfiles de contratante residenciados en la Plataforma dispone de un dispositivo electr\u00f3nico que permite acreditar de forma fehaciente el momento de inicio de la difusi\u00f3n p\u00fablica de la informaci\u00f3n que se incluye y su integridad, posibilitando la publicaci\u00f3n segura en Internet con efectos jur\u00eddicos.<\/span><\/p>\n\n<\/div>\n<div id=\"tw-target-rmn-container\" class=\"tw-target-rmn tw-ta-container F0azHf tw-nfl\">\n<pre id=\"tw-target-rmn\" class=\"tw-data-placeholder tw-text-small tw-ta\" dir=\"ltr\" data-placeholder=\"\"><\/pre>\n<\/div><\/div>\n\t\t\t\t<\/div>\n\t\t\t\t\t\t\t\t<\/div>\n\t\t\t\t\t\t<\/div>\n\t\t\t\t<\/div>\n\t\t\t\t\t<\/div>\n\t\t<\/div>\n\t\t\t\t<div class=\"elementor-column elementor-col-50 elementor-top-column elementor-element elementor-element-2e10bfe\" data-id=\"2e10bfe\" data-element_type=\"column\" data-e-type=\"column\">\n\t\t\t<div class=\"elementor-widget-wrap elementor-element-populated\">\n\t\t\t\t\t\t<div class=\"elementor-element elementor-element-b90279b dce_masking-none elementor-widget elementor-widget-image\" data-id=\"b90279b\" data-element_type=\"widget\" data-e-type=\"widget\" data-widget_type=\"image.default\">\n\t\t\t\t<div class=\"elementor-widget-container\">\n\t\t\t\t\t\t\t\t\t\t\t\t\t\t\t\t<a href=\"https:\/\/aoberta.terrassa.cat\/tramits\/fitxa.jsp?id=4761\" target=\"_blank\">\n\t\t\t\t\t\t\t<img decoding=\"async\" src=\"https:\/\/taigua.cat\/wp-content\/uploads\/2021\/11\/Mesa-de-trabajo-2-copia-2-80.jpg\" title=\"Mesa de trabajo 2 copia 2-80\" alt=\"Mesa de trabajo 2 copia 2-80\" class=\"elementor-animation-grow\" loading=\"lazy\" \/>\t\t\t\t\t\t\t\t<\/a>\n\t\t\t\t\t\t\t\t\t\t\t\t\t\t\t<\/div>\n\t\t\t\t<\/div>\n\t\t\t\t<div class=\"elementor-element elementor-element-fd14df2 elementor-widget elementor-widget-text-editor\" data-id=\"fd14df2\" data-element_type=\"widget\" data-e-type=\"widget\" data-widget_type=\"text-editor.default\">\n\t\t\t\t<div class=\"elementor-widget-container\">\n\t\t\t\t\t\t\t\t\t<p>En aplicaci\u00f3n de la <a href=\"https:\/\/aoberta.terrassa.cat\/normativa\/detallNormativa.jsp?id=02120\" target=\"otro\"><b>Ley 25\/2013, de 27 de diciembre <\/b><\/a>los proveedores del Ajuntamiento de Terrassa y de las <a href=\"https:\/\/seuelectronica.terrassa.cat\/web\/seu\/empreses-municipals\" target=\"otro\"><b>empresas municipales<\/b><\/a> deben presentar sus facturas en formato electr\u00f3nico.<\/p>\t\t\t\t\t\t\t\t<\/div>\n\t\t\t\t<\/div>\n\t\t\t\t<div class=\"elementor-element elementor-element-554fb31 elementor-widget elementor-widget-accordion\" data-id=\"554fb31\" data-element_type=\"widget\" data-e-type=\"widget\" data-widget_type=\"accordion.default\">\n\t\t\t\t<div class=\"elementor-widget-container\">\n\t\t\t\t\t\t\t<div class=\"elementor-accordion\">\n\t\t\t\t\t\t\t<div class=\"elementor-accordion-item\">\n\t\t\t\t\t<div id=\"elementor-tab-title-8941\" class=\"elementor-tab-title\" data-tab=\"1\" role=\"button\" aria-controls=\"elementor-tab-content-8941\" aria-expanded=\"false\">\n\t\t\t\t\t\t\t\t\t\t\t\t\t<span class=\"elementor-accordion-icon elementor-accordion-icon-left\" aria-hidden=\"true\">\n\t\t\t\t\t\t\t\t\t\t\t\t\t\t\t<span class=\"elementor-accordion-icon-closed\"><i class=\"fas fa-plus\"><\/i><\/span>\n\t\t\t\t\t\t\t\t<span class=\"elementor-accordion-icon-opened\"><i class=\"fas fa-minus\"><\/i><\/span>\n\t\t\t\t\t\t\t\t\t\t\t\t\t\t<\/span>\n\t\t\t\t\t\t\t\t\t\t\t\t<a class=\"elementor-accordion-title\" tabindex=\"0\">leer m\u00e1s<\/a>\n\t\t\t\t\t<\/div>\n\t\t\t\t\t<div id=\"elementor-tab-content-8941\" class=\"elementor-tab-content elementor-clearfix\" data-tab=\"1\" role=\"region\" aria-labelledby=\"elementor-tab-title-8941\"><p><script> \njQuery(document).ready(function($) { \nvar delay = 100; setTimeout(function() { \n$('.elementor-tab-title').removeClass('elementor-active');\n $('.elementor-tab-content').css('display', 'none'); }, delay); \n}); \n<\/script><\/p><div id=\"tw-target-text-container\" class=\"tw-ta-container F0azHf tw-nfl\" tabindex=\"0\"><p id=\"tw-target-text\" class=\"tw-data-text tw-text-large tw-ta\" dir=\"ltr\" data-placeholder=\"Traducci\u00f3\"><span class=\"Y2IQFc\" lang=\"es\">Las facturas deben llevar informaci\u00f3n codificada (c\u00f3digos DIR3) de los \u00f3rganos administrativos a los que van dirigidas (\u00f3rgano gestor, oficina contable y unidad tramitadora). Estos c\u00f3digos var\u00edan en funci\u00f3n del \u00e1rea, el servicio o la empresa con la que haya realizado la contrataci\u00f3n.<\/span><\/p><\/div><div id=\"tw-target-text-container\" class=\"tw-ta-container F0azHf tw-nfl\" tabindex=\"0\"><p id=\"tw-target-text\" class=\"tw-data-text tw-text-large tw-ta\" dir=\"ltr\" data-placeholder=\"Traducci\u00f3\"><span class=\"Y2IQFc\" lang=\"es\">El formato a utilizar es el formato\u00a0<a href=\"http:\/\/www.facturae.gob.es\/paginas\/Index.aspx\"><strong>facturae<\/strong><\/a>\u00a0. Con la utilizaci\u00f3n de este formato, el emisor de la factura se ahorra las tareas de impresi\u00f3n y env\u00edo, y el receptor las tareas de entrada manual de la informaci\u00f3n de la factura en sus sistemas. Las facturas en formato facturae se pueden presentar desde el apartado \u00abC\u00f3mo se puede tramitar\u00bb de esta p\u00e1gina o bien a trav\u00e9s del <a href=\"https:\/\/face.gob.es\/es\/\"><strong>Punto General de Entrada de Facturas Electr\u00f3nicas<\/strong> <strong>(FACe)<\/strong><\/a> de la Administraci\u00f3n del Estado. <\/span><\/p><p class=\"tw-data-text tw-text-large tw-ta\" dir=\"ltr\" data-placeholder=\"Traducci\u00f3\"><span class=\"Y2IQFc\" lang=\"es\">Puede consultar informaci\u00f3n sobre la factura electr\u00f3nica en la p\u00e1gina del <a href=\"https:\/\/efact.eacat.cat\/bustia\/home.htm\"><strong>efact<\/strong>,<\/a> o en la p\u00e1gina web del<strong> <a href=\"https:\/\/www.facturae.gob.es\/Paginas\/Index.aspx\">Gobierno de Espa\u00f1a<\/a><\/strong>, de c\u00f3mo generarla y poder presentarla en el Ayuntamiento o en las <a href=\"https:\/\/seuelectronica.terrassa.cat\/web\/seu\/empreses-municipals\"><strong>empresas municipales<\/strong><\/a>. En caso de dudas sobre la presentaci\u00f3n de facturas puede dirigirse al servicio de atenci\u00f3n telef\u00f3nica<strong><a href=\"https:\/\/aoberta.terrassa.cat\/oficines\/infoEntitat.jsp?id=8149\">\u00a0010<\/a>.<\/strong> Si lo que necesita es asesoramiento sobre c\u00f3mo generar facturas electr\u00f3nicas en formato facturae puede solicitar una cita en la <strong><a href=\"https:\/\/aoberta.terrassa.cat\/tramits\/fitxa.jsp?id=7814\">Oficina de Atenci\u00f3n a la Empresa<\/a> <\/strong><\/span><\/p><p class=\"tw-data-text tw-text-large tw-ta\" dir=\"ltr\" data-placeholder=\"Traducci\u00f3\"><span class=\"Y2IQFc\" lang=\"es\">Desde la <strong><a href=\"http:\/\/www.facturae.gob.es\/formato\/Paginas\/utilidades-online.aspx\">p\u00e1gina web de facturaci\u00f3n electr\u00f3nica del Gobierno de Espa\u00f1a<\/a><\/strong> puede validar que el formato de la factura sea correcto. <\/span><\/p><p class=\"tw-data-text tw-text-large tw-ta\" dir=\"ltr\" data-placeholder=\"Traducci\u00f3\"><span class=\"Y2IQFc\" lang=\"es\"><strong>El plazo de pago de las facturas<\/strong> es el establecido en los art\u00edculos 216.4, 222 y 235 del <a href=\"https:\/\/aoberta.terrassa.cat\/normativa\/detallNormativa.jsp?id=02462\"><strong>Texto Refundido de la ley de Contratos del Sector P\u00fablico<\/strong><\/a>. <\/span><\/p><p class=\"tw-data-text tw-text-large tw-ta\" dir=\"ltr\" data-placeholder=\"Traducci\u00f3\"><span class=\"Y2IQFc\" lang=\"es\">Las facturas deben llevar informaci\u00f3n codificada (c\u00f3digos DIR3) de los \u00f3rganos administrativos a los que van dirigidas (\u00f3rgano gestor, oficina contable y unidad tramitadora). Estos c\u00f3digos var\u00edan en funci\u00f3n del \u00e1rea, el servicio o la empresa con la que haya realizado la contrataci\u00f3n.<\/span><\/p><\/div><div id=\"tw-target-rmn-container\" class=\"tw-target-rmn tw-ta-container F0azHf tw-nfl\"><pre id=\"tw-target-rmn\" class=\"tw-data-placeholder tw-text-small tw-ta\" dir=\"ltr\" data-placeholder=\"\">\u00a0<\/pre><\/div><\/div>\n\t\t\t\t<\/div>\n\t\t\t\t\t\t\t\t<\/div>\n\t\t\t\t\t\t<\/div>\n\t\t\t\t<\/div>\n\t\t\t\t\t<\/div>\n\t\t<\/div>\n\t\t\t\t\t<\/div>\n\t\t<\/section>\n\t\t\t\t<\/div>\n\t\t","protected":false},"excerpt":{"rendered":"<p>Para acceder a la Plataforma de Contrataci\u00f3n P\u00fablica de la Generalitat de Catalu\u00f1a Para la presentaci\u00f3n de facturas electr\u00f3nicas en Terrassa Cicle de l&#8217;Aigua, EPEL (TAIGUA) El Departamento de Econom\u00eda y Hacienda, por medio de la Junta Consultiva de Contrataci\u00f3n Administrativa, pone a disposici\u00f3n de los \u00f3rganos de contrataci\u00f3n de Catalu\u00f1a, as\u00ed como de todos [&hellip;]<\/p>\n","protected":false},"author":7,"featured_media":0,"parent":0,"menu_order":0,"comment_status":"closed","ping_status":"closed","template":"","meta":{"_acf_changed":false,"footnotes":""},"class_list":["post-29484","page","type-page","status-publish","hentry"],"acf":[],"aioseo_notices":[],"_links":{"self":[{"href":"https:\/\/taigua.cat\/es\/wp-json\/wp\/v2\/pages\/29484","targetHints":{"allow":["GET"]}}],"collection":[{"href":"https:\/\/taigua.cat\/es\/wp-json\/wp\/v2\/pages"}],"about":[{"href":"https:\/\/taigua.cat\/es\/wp-json\/wp\/v2\/types\/page"}],"author":[{"embeddable":true,"href":"https:\/\/taigua.cat\/es\/wp-json\/wp\/v2\/users\/7"}],"replies":[{"embeddable":true,"href":"https:\/\/taigua.cat\/es\/wp-json\/wp\/v2\/comments?post=29484"}],"version-history":[{"count":0,"href":"https:\/\/taigua.cat\/es\/wp-json\/wp\/v2\/pages\/29484\/revisions"}],"wp:attachment":[{"href":"https:\/\/taigua.cat\/es\/wp-json\/wp\/v2\/media?parent=29484"}],"curies":[{"name":"wp","href":"https:\/\/api.w.org\/{rel}","templated":true}]}}