{"id":29675,"date":"2022-03-01T18:47:56","date_gmt":"2022-03-01T17:47:56","guid":{"rendered":"https:\/\/taigua.proo.es\/?page_id=29675"},"modified":"2025-06-09T10:30:42","modified_gmt":"2025-06-09T08:30:42","slug":"tu-factura","status":"publish","type":"page","link":"https:\/\/taigua.cat\/es\/tu-factura\/","title":{"rendered":"TU FACTURA"},"content":{"rendered":"\t\t<div data-elementor-type=\"wp-page\" data-elementor-id=\"29675\" class=\"elementor elementor-29675\" data-elementor-post-type=\"page\">\n\t\t\t\t\t\t<section class=\"elementor-section elementor-top-section elementor-element elementor-element-749c065 elementor-section-boxed elementor-section-height-default elementor-section-height-default\" data-id=\"749c065\" data-element_type=\"section\" data-e-type=\"section\">\n\t\t\t\t\t\t<div class=\"elementor-container elementor-column-gap-default\">\n\t\t\t\t\t<div class=\"elementor-column elementor-col-100 elementor-top-column elementor-element elementor-element-fa76805\" data-id=\"fa76805\" data-element_type=\"column\" data-e-type=\"column\">\n\t\t\t<div class=\"elementor-widget-wrap elementor-element-populated\">\n\t\t\t\t\t\t<div class=\"elementor-element elementor-element-8bcb900 elementor-align-center elementor-widget elementor-widget-button\" data-id=\"8bcb900\" data-element_type=\"widget\" data-e-type=\"widget\" data-widget_type=\"button.default\">\n\t\t\t\t<div class=\"elementor-widget-container\">\n\t\t\t\t\t\t\t\t\t<div class=\"elementor-button-wrapper\">\n\t\t\t\t\t<a class=\"elementor-button elementor-size-sm\" role=\"button\">\n\t\t\t\t\t\t<span class=\"elementor-button-content-wrapper\">\n\t\t\t\t\t\t\t\t\t<span class=\"elementor-button-text\">infografia informativa de la factura PENDIENTE DE ACTUALIZAR<\/span>\n\t\t\t\t\t<\/span>\n\t\t\t\t\t<\/a>\n\t\t\t\t<\/div>\n\t\t\t\t\t\t\t\t<\/div>\n\t\t\t\t<\/div>\n\t\t\t\t\t<\/div>\n\t\t<\/div>\n\t\t\t\t\t<\/div>\n\t\t<\/section>\n\t\t\t\t<section class=\"elementor-section elementor-top-section elementor-element elementor-element-c499902 elementor-section-boxed elementor-section-height-default elementor-section-height-default\" data-id=\"c499902\" data-element_type=\"section\" data-e-type=\"section\">\n\t\t\t\t\t\t<div class=\"elementor-container elementor-column-gap-default\">\n\t\t\t\t\t<div class=\"elementor-column elementor-col-100 elementor-top-column elementor-element elementor-element-b387874\" data-id=\"b387874\" data-element_type=\"column\" data-e-type=\"column\">\n\t\t\t<div class=\"elementor-widget-wrap elementor-element-populated\">\n\t\t\t\t\t\t<div class=\"elementor-element elementor-element-35cffc8 elementor-widget elementor-widget-text-editor\" data-id=\"35cffc8\" data-element_type=\"widget\" data-e-type=\"widget\" data-widget_type=\"text-editor.default\">\n\t\t\t\t<div class=\"elementor-widget-container\">\n\t\t\t\t\t\t\t\t\t<h4>\u00bfQu\u00e9 periodicidad tiene la factura?<\/h4><p>Para elaborar la factura del agua debemos leer la lectura que marca el contador. Esta lectura la tomamos trimestral o mensualmente dependiendo del tipo de contrato.<\/p><p><strong>Contratos dom\u00e9sticos &gt; factura trimestral<\/strong><br \/>Contratos comerciales &gt; factura trimestral o mensual<br \/>Contratos industriales &gt; factura mensual<\/p><p>(Hay que a\u00f1adir que el agua es el \u00fanico suministro dom\u00e9stico que se factura cada 3 meses)<\/p><p>Inf\u00f3rmate de las ayudas y bonificaciones en este <a href=\"https:\/\/taigua.cat\/es\/ayudas-sociales-y-bonificaciones\/\" target=\"_blank\" rel=\"noopener\"><strong>enlace<\/strong><\/a><\/p>\t\t\t\t\t\t\t\t<\/div>\n\t\t\t\t<\/div>\n\t\t\t\t\t<\/div>\n\t\t<\/div>\n\t\t\t\t\t<\/div>\n\t\t<\/section>\n\t\t\t\t<section class=\"elementor-section elementor-top-section elementor-element elementor-element-6b3fa6b elementor-section-boxed elementor-section-height-default elementor-section-height-default\" data-id=\"6b3fa6b\" data-element_type=\"section\" data-e-type=\"section\">\n\t\t\t\t\t\t<div class=\"elementor-container elementor-column-gap-default\">\n\t\t\t\t\t<div class=\"elementor-column elementor-col-100 elementor-top-column elementor-element elementor-element-1b1ff22\" data-id=\"1b1ff22\" data-element_type=\"column\" data-e-type=\"column\">\n\t\t\t<div class=\"elementor-widget-wrap elementor-element-populated\">\n\t\t\t\t<!-- dce invisible element c6273ff -->\t\t\t<\/div>\n\t\t<\/div>\n\t\t\t\t\t<\/div>\n\t\t<\/section>\n\t\t<!-- dce invisible element d18bdd9 -->\t\t<section class=\"elementor-section elementor-top-section elementor-element elementor-element-a9d9cd6 elementor-section-boxed elementor-section-height-default elementor-section-height-default\" data-id=\"a9d9cd6\" data-element_type=\"section\" data-e-type=\"section\">\n\t\t\t\t\t\t<div class=\"elementor-container elementor-column-gap-default\">\n\t\t\t\t\t<div class=\"elementor-column elementor-col-100 elementor-top-column elementor-element elementor-element-dda50ac\" data-id=\"dda50ac\" data-element_type=\"column\" data-e-type=\"column\">\n\t\t\t<div class=\"elementor-widget-wrap\">\n\t\t\t\t\t\t\t<\/div>\n\t\t<\/div>\n\t\t\t\t\t<\/div>\n\t\t<\/section>\n\t\t\t\t<section class=\"elementor-section elementor-top-section elementor-element elementor-element-e8e43bc elementor-section-boxed elementor-section-height-default elementor-section-height-default\" data-id=\"e8e43bc\" data-element_type=\"section\" data-e-type=\"section\">\n\t\t\t\t\t\t<div class=\"elementor-container elementor-column-gap-default\">\n\t\t\t\t\t<div class=\"elementor-column elementor-col-50 elementor-top-column elementor-element elementor-element-bc69a16\" data-id=\"bc69a16\" data-element_type=\"column\" data-e-type=\"column\">\n\t\t\t<div class=\"elementor-widget-wrap elementor-element-populated\">\n\t\t\t\t\t\t<div class=\"elementor-element elementor-element-002a5a4 elementor-widget elementor-widget-text-editor\" data-id=\"002a5a4\" data-element_type=\"widget\" data-e-type=\"widget\" data-widget_type=\"text-editor.default\">\n\t\t\t\t<div class=\"elementor-widget-container\">\n\t\t\t\t\t\t\t\t\t<h4><strong>NUEVA ESTRUCTURA DE LA TARIFA DEL AGUA DOM\u00c9STICA PARA FOMENTO DEL AHORRO (aplicable a partir de junio 2025)<\/strong><\/h4><h4><a href=\"https:\/\/taigua.cat\/wp-content\/uploads\/2025\/05\/Taigua-Dors-factura.pdf\" target=\"_blank\" rel=\"noopener\">M\u00c1S INFORMACI\u00d3N AQU\u00cd<\/a><\/h4>\t\t\t\t\t\t\t\t<\/div>\n\t\t\t\t<\/div>\n\t\t\t\t\t<\/div>\n\t\t<\/div>\n\t\t\t\t<div class=\"elementor-column elementor-col-50 elementor-top-column elementor-element elementor-element-3442d9e\" data-id=\"3442d9e\" data-element_type=\"column\" data-e-type=\"column\">\n\t\t\t<div class=\"elementor-widget-wrap elementor-element-populated\">\n\t\t\t\t\t\t<div class=\"elementor-element elementor-element-a1861bf dce_masking-none elementor-widget elementor-widget-image\" data-id=\"a1861bf\" data-element_type=\"widget\" data-e-type=\"widget\" data-widget_type=\"image.default\">\n\t\t\t\t<div class=\"elementor-widget-container\">\n\t\t\t\t\t\t\t\t\t\t\t\t\t\t\t\t<a href=\"https:\/\/taigua.cat\/wp-content\/uploads\/2025\/06\/nous-trams-27052025.mp4\" target=\"_blank\">\n\t\t\t\t\t\t\t<img decoding=\"async\" src=\"https:\/\/taigua.cat\/wp-content\/uploads\/elementor\/thumbs\/AIXETA-r6rh8fsvprskcyka6sjzyf4wqyi7gbxqlchd6976pk.jpg\" title=\"AIXETA\" alt=\"AIXETA\" loading=\"lazy\" \/>\t\t\t\t\t\t\t\t<\/a>\n\t\t\t\t\t\t\t\t\t\t\t\t\t\t\t<\/div>\n\t\t\t\t<\/div>\n\t\t\t\t\t<\/div>\n\t\t<\/div>\n\t\t\t\t\t<\/div>\n\t\t<\/section>\n\t\t\t\t<\/div>\n\t\t","protected":false},"excerpt":{"rendered":"<p>infografia informativa de la factura PENDIENTE DE ACTUALIZAR \u00bfQu\u00e9 periodicidad tiene la factura? Para elaborar la factura del agua debemos leer la lectura que marca el contador. Esta lectura la tomamos trimestral o mensualmente dependiendo del tipo de contrato. Contratos dom\u00e9sticos &gt; factura trimestralContratos comerciales &gt; factura trimestral o mensualContratos industriales &gt; factura mensual (Hay [&hellip;]<\/p>\n","protected":false},"author":1,"featured_media":0,"parent":0,"menu_order":0,"comment_status":"closed","ping_status":"closed","template":"","meta":{"_acf_changed":false,"footnotes":""},"class_list":["post-29675","page","type-page","status-publish","hentry"],"acf":[],"aioseo_notices":[],"_links":{"self":[{"href":"https:\/\/taigua.cat\/es\/wp-json\/wp\/v2\/pages\/29675","targetHints":{"allow":["GET"]}}],"collection":[{"href":"https:\/\/taigua.cat\/es\/wp-json\/wp\/v2\/pages"}],"about":[{"href":"https:\/\/taigua.cat\/es\/wp-json\/wp\/v2\/types\/page"}],"author":[{"embeddable":true,"href":"https:\/\/taigua.cat\/es\/wp-json\/wp\/v2\/users\/1"}],"replies":[{"embeddable":true,"href":"https:\/\/taigua.cat\/es\/wp-json\/wp\/v2\/comments?post=29675"}],"version-history":[{"count":0,"href":"https:\/\/taigua.cat\/es\/wp-json\/wp\/v2\/pages\/29675\/revisions"}],"wp:attachment":[{"href":"https:\/\/taigua.cat\/es\/wp-json\/wp\/v2\/media?parent=29675"}],"curies":[{"name":"wp","href":"https:\/\/api.w.org\/{rel}","templated":true}]}}