{"id":29692,"date":"2022-03-01T18:54:37","date_gmt":"2022-03-01T17:54:37","guid":{"rendered":"https:\/\/taigua.proo.es\/?page_id=29692"},"modified":"2026-01-15T10:58:27","modified_gmt":"2026-01-15T09:58:27","slug":"normativas-y-reglamentos","status":"publish","type":"page","link":"https:\/\/taigua.cat\/es\/normativas-y-reglamentos\/","title":{"rendered":"NORMATIVAS Y REGLAMENTOS"},"content":{"rendered":"\t\t<div data-elementor-type=\"wp-page\" data-elementor-id=\"29692\" class=\"elementor elementor-29692\" data-elementor-post-type=\"page\">\n\t\t\t\t\t\t<section class=\"elementor-section elementor-top-section elementor-element elementor-element-a8609f1 elementor-section-boxed elementor-section-height-default elementor-section-height-default\" data-id=\"a8609f1\" data-element_type=\"section\" data-e-type=\"section\">\n\t\t\t\t\t\t<div class=\"elementor-container elementor-column-gap-default\">\n\t\t\t\t\t<div class=\"elementor-column elementor-col-25 elementor-top-column elementor-element elementor-element-1cf2be8\" data-id=\"1cf2be8\" data-element_type=\"column\" data-e-type=\"column\">\n\t\t\t<div class=\"elementor-widget-wrap elementor-element-populated\">\n\t\t\t\t\t\t<div class=\"elementor-element elementor-element-0c60c61 elementor-widget elementor-widget-text-editor\" data-id=\"0c60c61\" data-element_type=\"widget\" data-e-type=\"widget\" data-widget_type=\"text-editor.default\">\n\t\t\t\t<div class=\"elementor-widget-container\">\n\t\t\t\t\t\t\t\t\t<p style=\"text-align: center;\">Municipales<\/p><p><img decoding=\"async\" class=\"wp-image-27809 aligncenter\" src=\"https:\/\/taigua.cat\/wp-content\/uploads\/2022\/01\/Bandera-Terrassa-Oficial-2019.jpg\" alt=\"\" width=\"160\" height=\"107\" srcset=\"https:\/\/taigua.cat\/wp-content\/uploads\/2022\/01\/Bandera-Terrassa-Oficial-2019.jpg 1706w, https:\/\/taigua.cat\/wp-content\/uploads\/2022\/01\/Bandera-Terrassa-Oficial-2019-300x199.jpg 300w, https:\/\/taigua.cat\/wp-content\/uploads\/2022\/01\/Bandera-Terrassa-Oficial-2019-1024x681.jpg 1024w, https:\/\/taigua.cat\/wp-content\/uploads\/2022\/01\/Bandera-Terrassa-Oficial-2019-768x510.jpg 768w, https:\/\/taigua.cat\/wp-content\/uploads\/2022\/01\/Bandera-Terrassa-Oficial-2019-1536x1021.jpg 1536w\" sizes=\"(max-width: 160px) 100vw, 160px\" \/><\/p>\t\t\t\t\t\t\t\t<\/div>\n\t\t\t\t<\/div>\n\t\t\t\t\t<\/div>\n\t\t<\/div>\n\t\t\t\t<div class=\"elementor-column elementor-col-25 elementor-top-column elementor-element elementor-element-15bb454\" data-id=\"15bb454\" data-element_type=\"column\" data-e-type=\"column\">\n\t\t\t<div class=\"elementor-widget-wrap elementor-element-populated\">\n\t\t\t\t\t\t<div class=\"elementor-element elementor-element-1ccaf79 elementor-widget elementor-widget-text-editor\" data-id=\"1ccaf79\" data-element_type=\"widget\" data-e-type=\"widget\" data-widget_type=\"text-editor.default\">\n\t\t\t\t<div class=\"elementor-widget-container\">\n\t\t\t\t\t\t\t\t\t<p style=\"text-align: center;\">Auton\u00f3micas<\/p><p style=\"text-align: center;\"><img decoding=\"async\" class=\"alignnone wp-image-27818\" src=\"https:\/\/taigua.cat\/wp-content\/uploads\/2022\/01\/bandera-catalana-1024x682-1.jpg\" alt=\"\" width=\"162\" height=\"109\" srcset=\"https:\/\/taigua.cat\/wp-content\/uploads\/2022\/01\/bandera-catalana-1024x682-1.jpg 1024w, https:\/\/taigua.cat\/wp-content\/uploads\/2022\/01\/bandera-catalana-1024x682-1-300x200.jpg 300w, https:\/\/taigua.cat\/wp-content\/uploads\/2022\/01\/bandera-catalana-1024x682-1-768x512.jpg 768w\" sizes=\"(max-width: 162px) 100vw, 162px\" \/><\/p>\t\t\t\t\t\t\t\t<\/div>\n\t\t\t\t<\/div>\n\t\t\t\t\t<\/div>\n\t\t<\/div>\n\t\t\t\t<div class=\"elementor-column elementor-col-25 elementor-top-column elementor-element elementor-element-dd2e59a\" data-id=\"dd2e59a\" data-element_type=\"column\" data-e-type=\"column\">\n\t\t\t<div class=\"elementor-widget-wrap elementor-element-populated\">\n\t\t\t\t\t\t<div class=\"elementor-element elementor-element-1a8df11 elementor-widget elementor-widget-text-editor\" data-id=\"1a8df11\" data-element_type=\"widget\" data-e-type=\"widget\" data-widget_type=\"text-editor.default\">\n\t\t\t\t<div class=\"elementor-widget-container\">\n\t\t\t\t\t\t\t\t\t<p style=\"text-align: center;\">Estatales<\/p><p><img decoding=\"async\" class=\"wp-image-27823 aligncenter\" src=\"https:\/\/taigua.cat\/wp-content\/uploads\/2022\/01\/descarga.png\" alt=\"\" width=\"158\" height=\"109\" \/><\/p><p style=\"text-align: center;\">\u00a0<\/p>\t\t\t\t\t\t\t\t<\/div>\n\t\t\t\t<\/div>\n\t\t\t\t\t<\/div>\n\t\t<\/div>\n\t\t\t\t<div class=\"elementor-column elementor-col-25 elementor-top-column elementor-element elementor-element-dd470e2\" data-id=\"dd470e2\" data-element_type=\"column\" data-e-type=\"column\">\n\t\t\t<div class=\"elementor-widget-wrap elementor-element-populated\">\n\t\t\t\t\t\t<div class=\"elementor-element elementor-element-9d1e2ee elementor-widget elementor-widget-text-editor\" data-id=\"9d1e2ee\" data-element_type=\"widget\" data-e-type=\"widget\" data-widget_type=\"text-editor.default\">\n\t\t\t\t<div class=\"elementor-widget-container\">\n\t\t\t\t\t\t\t\t\t<p style=\"text-align: center;\">Europeas<\/p><p><img loading=\"lazy\" decoding=\"async\" class=\"wp-image-27830 aligncenter\" src=\"https:\/\/taigua.cat\/wp-content\/uploads\/2022\/01\/descarga-1-2.png\" alt=\"\" width=\"165\" height=\"110\" \/><\/p>\t\t\t\t\t\t\t\t<\/div>\n\t\t\t\t<\/div>\n\t\t\t\t\t<\/div>\n\t\t<\/div>\n\t\t\t\t\t<\/div>\n\t\t<\/section>\n\t\t\t\t<section class=\"elementor-section elementor-top-section elementor-element elementor-element-82bb921 elementor-section-boxed elementor-section-height-default elementor-section-height-default\" data-id=\"82bb921\" data-element_type=\"section\" data-e-type=\"section\">\n\t\t\t\t\t\t<div class=\"elementor-container elementor-column-gap-default\">\n\t\t\t\t\t<div class=\"elementor-column elementor-col-100 elementor-top-column elementor-element elementor-element-fed304d\" data-id=\"fed304d\" data-element_type=\"column\" data-e-type=\"column\">\n\t\t\t<div class=\"elementor-widget-wrap elementor-element-populated\">\n\t\t\t\t\t\t<div class=\"elementor-element elementor-element-85a0dff elementor-widget elementor-widget-accordion\" data-id=\"85a0dff\" data-element_type=\"widget\" data-e-type=\"widget\" data-widget_type=\"accordion.default\">\n\t\t\t\t<div class=\"elementor-widget-container\">\n\t\t\t\t\t\t\t<div class=\"elementor-accordion\">\n\t\t\t\t\t\t\t<div class=\"elementor-accordion-item\">\n\t\t\t\t\t<div id=\"elementor-tab-title-1401\" class=\"elementor-tab-title\" data-tab=\"1\" role=\"button\" aria-controls=\"elementor-tab-content-1401\" aria-expanded=\"false\">\n\t\t\t\t\t\t\t\t\t\t\t\t\t<span class=\"elementor-accordion-icon elementor-accordion-icon-left\" aria-hidden=\"true\">\n\t\t\t\t\t\t\t\t\t\t\t\t\t\t\t<span class=\"elementor-accordion-icon-closed\"><i class=\"fas fa-plus\"><\/i><\/span>\n\t\t\t\t\t\t\t\t<span class=\"elementor-accordion-icon-opened\"><i class=\"fas fa-minus\"><\/i><\/span>\n\t\t\t\t\t\t\t\t\t\t\t\t\t\t<\/span>\n\t\t\t\t\t\t\t\t\t\t\t\t<a class=\"elementor-accordion-title\" tabindex=\"0\">MUNICIPALES<\/a>\n\t\t\t\t\t<\/div>\n\t\t\t\t\t<div id=\"elementor-tab-content-1401\" class=\"elementor-tab-content elementor-clearfix\" data-tab=\"1\" role=\"region\" aria-labelledby=\"elementor-tab-title-1401\"><p><script> \njQuery(document).ready(function($) { \nvar delay = 100; setTimeout(function() { \n$('.elementor-tab-title').removeClass('elementor-active');\n $('.elementor-tab-content').css('display', 'none'); }, delay); \n}); \n<\/script><\/p><p><a href=\"https:\/\/taigua.cat\/wp-content\/uploads\/2026\/01\/ORDENANCA-PPNT-04012026-4_01_26_3-1.pdf\" target=\"_blank\" rel=\"noopener\">ORDENAN\u00c7A REGULADORA DE LA PRESTACI\u00d3 PATRIMONIAL DE CAR\u00c0CTER P\u00daBLIC NO TRIBUTARI SOBRE LA PRESTACI\u00d3 DEL SERVEI P\u00daBLIC D&#8217;ABASTAMENT D&#8217;AIGUA A TERRASSA (VIGENT DES DEL\u00a0 01\/01\/2026)<\/a><\/p><p><a href=\"https:\/\/taigua.cat\/wp-content\/uploads\/2025\/06\/ORDENANCA-PPNT-2025-juny.pdf\">ORDENAN\u00c7A REGULADORA\u00a0 DE LA PRESTACI\u00d3 PATRIMONIAL DE CAR\u00c0CTER P\u00daBLIC NO TRIBUTARI SOBRE LA PRESTACI\u00d3 DEL SERVEI P\u00daBLIC D&#8217;ABASTAMENT D&#8217;AIGUA A TERRASSA (VIGENT DES DEL 01\/06\/2025<\/a>)<\/p><p><a href=\"https:\/\/taigua.cat\/wp-content\/uploads\/2025\/01\/ORDENANCA-PPNT-2025.pdf\" target=\"_blank\" rel=\"noopener\">ORDENAN\u00c7A REGULADORA DE LA PRESTACI\u00d3 PATRIMONIAL DE CAR\u00c0CTER P\u00daBLIC NO TRIBUTARI SOBRE LA PRESTACI\u00d3 DEL SERVEI P\u00daBLIC D\u2019ABASTAMENT D\u2019AIGUA A TERRASSA <strong>(VIGENTE DESDE EL 01\/01\/2025)<\/strong><\/a> y <a href=\"https:\/\/taigua.cat\/wp-content\/uploads\/2025\/02\/annex-PREUS-PUBLICS-PPNT-2025.pdf\" target=\"_blank\" rel=\"noopener\">anexo Article 9. Regulaci\u00f3n de los precios en caso de obras de ampliaciones, reparaciones, reposiciones y\/o desvios, de red y acometidas<\/a><\/p><p><a href=\"https:\/\/taigua.cat\/wp-content\/uploads\/2023\/12\/ORDENANCA-PPNT-01012024.pdf\" target=\"_blank\" rel=\"noopener\">Ordenan\u00e7a REGULADORA DE LA PRESTACI\u00d3 PATRIMONIAL DE CAR\u00c0CTER P\u00daBLIC NO TRIBUTARI SOBRE LA PRESTACI\u00d3 DEL SERVEI P\u00daBLIC D\u2019ABASTAMENT D\u2019AIGUA A TERRASSA <strong>(VIGENTE DESDE EL 01\/01\/2024)<\/strong><\/a><\/p><p><a href=\"https:\/\/taigua.cat\/wp-content\/uploads\/2022\/04\/REGLAMENT-DEL-SERVEI-PUBLIC-DABASTAMENT-DAIGUA-A-TERRASSA-1.pdf\" target=\"_blank\" rel=\"noopener\">REGLAMENTO DEL SERVICIO P\u00daBLICO DE ABASTECIMIENTO DOMICILIARIO Y DE AHORRO DE AGUA DE TERRASSA<\/a><\/p><p><a href=\"https:\/\/taigua.cat\/wp-content\/uploads\/2023\/03\/ORDENANCA-REGULADORA-ABASTAMENT-AIGUA-COMPTADORS-Publicacio_BOPB_20230312.pdf\" target=\"_blank\" rel=\"noopener\">Ordenan\u00e7a REGULADORA DE LA PRESTACI\u00d3 PATRIMONIAL DE CAR\u00c0CTER P\u00daBLIC NO TRIBUTARI SOBRE LA PRESTACI\u00d3 DEL SERVEI P\u00daBLIC D\u2019ABASTAMENT D\u2019AIGUA A TERRASSA (<strong>hasta 31-12-2023<\/strong>)<\/a><\/p><p><a href=\"https:\/\/taigua.cat\/wp-content\/uploads\/2023\/02\/ORDENANCES-FISCALS-2023.pdf\" target=\"_blank\" rel=\"noopener\">ORDENANZAS FISCALES TERRASSA 2023<\/a><\/p><p><a href=\"https:\/\/taigua.cat\/wp-content\/uploads\/2023\/01\/DECRET-DALCALDIA.-PROPOSTA-DE-MESURES-ARRAN-DE-LA-DECLARACIO-ACORDADA-PER-LAGENCIA.pdf\" target=\"_blank\" rel=\"noopener\">Decreto de Alcaldia de medidas sobre la declaraci\u00f3n de la ACA \u00a0DE ENTRADA EN ESTADO DE ALERTA POR SEQU\u00cdA\u00a0<\/a><\/p><p><a href=\"https:\/\/taigua.cat\/wp-content\/uploads\/2022\/04\/Instruccio_comptadors_vdef.pdf\" target=\"_blank\" rel=\"noopener\">Instrucci\u00f3 per a la instal\u00b7laci\u00f3 de comptadors d\u2019aigua provisionals d\u2019emerg\u00e8ncia social per a persones o unitats de conviv\u00e8ncia en situaci\u00f3 de risc d\u2019exclusi\u00f3 residencial. Mar\u00e7 2022<\/a><\/p><p><a href=\"https:\/\/aoberta.terrassa.cat\/tramits\/fitxa.jsp?id=7818\" target=\"_blank\" rel=\"noopener\">Derecho de acceso a la informaci\u00f3n p\u00fablica &#8211; Seu Electr\u00f2nica de l&#8217;Ajuntament de Terrassa<\/a><\/p><p><a href=\"https:\/\/aoberta.terrassa.cat\/normativa\/detallNormativa.jsp?id=02366\" target=\"_blank\" rel=\"noopener\">Ordenanza de transparencia, acceso a la informaci\u00f3n y buen gobierno<\/a><\/p><p>ENLACE A: <a href=\"https:\/\/aoberta.terrassa.cat\/normativa\" target=\"_blank\" rel=\"noopener\">Normativa en la web del AYUNTAMIENTO DE TERRASSA<\/a><\/p><\/div>\n\t\t\t\t<\/div>\n\t\t\t\t\t\t\t<div class=\"elementor-accordion-item\">\n\t\t\t\t\t<div id=\"elementor-tab-title-1402\" class=\"elementor-tab-title\" data-tab=\"2\" role=\"button\" aria-controls=\"elementor-tab-content-1402\" aria-expanded=\"false\">\n\t\t\t\t\t\t\t\t\t\t\t\t\t<span class=\"elementor-accordion-icon elementor-accordion-icon-left\" aria-hidden=\"true\">\n\t\t\t\t\t\t\t\t\t\t\t\t\t\t\t<span class=\"elementor-accordion-icon-closed\"><i class=\"fas fa-plus\"><\/i><\/span>\n\t\t\t\t\t\t\t\t<span class=\"elementor-accordion-icon-opened\"><i class=\"fas fa-minus\"><\/i><\/span>\n\t\t\t\t\t\t\t\t\t\t\t\t\t\t<\/span>\n\t\t\t\t\t\t\t\t\t\t\t\t<a class=\"elementor-accordion-title\" tabindex=\"0\">AUTON\u00d3MICAS<\/a>\n\t\t\t\t\t<\/div>\n\t\t\t\t\t<div id=\"elementor-tab-content-1402\" class=\"elementor-tab-content elementor-clearfix\" data-tab=\"2\" role=\"region\" aria-labelledby=\"elementor-tab-title-1402\"><p><a href=\"https:\/\/taigua.cat\/wp-content\/uploads\/2025\/04\/2082729-Resolucio-TER12712025-de-7-dabril-per-la-qual-sactualitzen-els-estats-de-sequera-hidrologica.pdf\" target=\"_blank\" rel=\"noopener\">2082729 Resoluci\u00f3 TER12712025, de 7 d&#8217;abril, per la qual s&#8217;actualitzen els estats de sequera hidrol\u00f2gica<\/a><\/p><p><a href=\"https:\/\/taigua.cat\/wp-content\/uploads\/2024\/05\/ACA_2027902.pdf\">RESOLUCI\u00d3 ACC\/1608\/2024, de 8 de maig, per la qual es declara la sortida de l&#8217;estat d&#8217;emerg\u00e8ncia I i l&#8217;entrada en estat d&#8217;excepcionalitat 2027902<\/a><\/p><p><a href=\"https:\/\/taigua.cat\/wp-content\/uploads\/2024\/04\/DECRET-LLEI-42024-de-16-dabril-mesures-urgents-per-palliar-els-efectes-sequera.pdf\">DECRET LLEI 42024, de 16 d&#8217;abril, de mesures urgents per pal\u00b7liar els efectes de la sequera<\/a><\/p><p><a href=\"https:\/\/taigua.cat\/wp-content\/uploads\/2024\/02\/Delaracio-estat-emergencia-I.pdf\">Declaraci\u00f3n estado Emergencia I<\/a><\/p><p><a href=\"https:\/\/taigua.cat\/wp-content\/uploads\/2023\/11\/DOGC-28-11-2023.pdf\">RESOLUCI\u00d3 ACC\/3987\/2023 INTENSIFICACI\u00d3N MEDIDAS EN ESTADO DE EXCEPCIONALIDAD (PREEMERGENCIA)<\/a><\/p><p><a href=\"https:\/\/taigua.cat\/wp-content\/uploads\/2023\/03\/RESOLUCIO-ACC7472023-de-6-de-marc.-Entrada-Excepcionalitat-Ter-Llobregat.pdf\">RESOLUCI\u00d3 ACC7472023, de 6 de mar\u00e7. Entrada Excepcionalitat Ter-Llobregat<\/a><\/p><p><a href=\"https:\/\/taigua.cat\/wp-content\/uploads\/2023\/03\/DECRET-LLEI-12023-de-28-de-febrer-pel-qual-sestableixen-mesures-extraordinaries.pdf\" target=\"_blank\" rel=\"noopener\">Decreto Ley 1\/2023 del 28 de febrero, que establece medidas extraordinarias y urgentes para abordar la situaci\u00f3n de la sequ\u00eda excepcional en el ambito del distrito de cuenca fluvial de Catalunya (publicado en el DOGC del 03\/02\/2023)<\/a><\/p><p><a href=\"https:\/\/taigua.cat\/wp-content\/uploads\/2022\/01\/Decret-Legislatiu-3-2003-de-4-de-novembre.pdf\" target=\"_blank\" rel=\"noopener\">Decret legislatiu 3\/2003, de 4 de novembre, pel qual s&#8217;aprova el Text ref\u00f3s de la legislaci\u00f3 en mat\u00e8ria d&#8217;aig\u00fces de Catalunya<\/a><\/p><p><a href=\"https:\/\/taigua.cat\/wp-content\/uploads\/2022\/01\/Decret-2-2021-transparencia.pdf\" target=\"_blank\" rel=\"noopener\">Decret 8\/2021, de 9 de febrer, sobre la transpar\u00e8ncia i el dret d&#8217;acc\u00e9s a la informaci\u00f3 p\u00fablica<\/a><\/p><p><a href=\"https:\/\/taigua.cat\/wp-content\/uploads\/2022\/03\/decret-103-2000-aprova-tributs-gestionats-per-Aca.pdf\" target=\"_blank\" rel=\"noopener\">Decret 103\/2000 de 6 de mar\u00e7, pel qual s&#8217;aprova el Reglament dels tributs gestionats per l&#8217;Ag\u00e8ncia Catalana de l&#8217;Aigua<\/a><\/p><\/div>\n\t\t\t\t<\/div>\n\t\t\t\t\t\t\t<div class=\"elementor-accordion-item\">\n\t\t\t\t\t<div id=\"elementor-tab-title-1403\" class=\"elementor-tab-title\" data-tab=\"3\" role=\"button\" aria-controls=\"elementor-tab-content-1403\" aria-expanded=\"false\">\n\t\t\t\t\t\t\t\t\t\t\t\t\t<span class=\"elementor-accordion-icon elementor-accordion-icon-left\" aria-hidden=\"true\">\n\t\t\t\t\t\t\t\t\t\t\t\t\t\t\t<span class=\"elementor-accordion-icon-closed\"><i class=\"fas fa-plus\"><\/i><\/span>\n\t\t\t\t\t\t\t\t<span class=\"elementor-accordion-icon-opened\"><i class=\"fas fa-minus\"><\/i><\/span>\n\t\t\t\t\t\t\t\t\t\t\t\t\t\t<\/span>\n\t\t\t\t\t\t\t\t\t\t\t\t<a class=\"elementor-accordion-title\" tabindex=\"0\">ESTATALES<\/a>\n\t\t\t\t\t<\/div>\n\t\t\t\t\t<div id=\"elementor-tab-content-1403\" class=\"elementor-tab-content elementor-clearfix\" data-tab=\"3\" role=\"region\" aria-labelledby=\"elementor-tab-title-1403\"><p><a href=\"https:\/\/taigua.cat\/wp-content\/uploads\/2023\/01\/Real-Decreto-3_2023-criterios-tecnico-sanitarios-de-la-calidad-del-agua-de-consumo.pdf\" target=\"_blank\" rel=\"noopener\">Real Decreto 3\/2023 de 10 de enero, por el que se establecen los criterios sanitarios de la calidad del agua de consumo humano<\/a>.<\/p><p><a href=\"https:\/\/taigua.cat\/wp-content\/uploads\/2023\/03\/CORRECCIO-DERRADES-al-Decret-llei-3-2023-de-28-de-febrer.pdf\" target=\"_blank\" rel=\"noopener\">CORRECCI\u00d3N erratas del Real Decreto 3\/2023<\/a><\/p><p><a href=\"https:\/\/www.boe.es\/buscar\/pdf\/2003\/BOE-A-2003-3596-consolidado.pdf\" target=\"_blank\" rel=\"noopener\">Real Decreto 140\/2003, de 7 de febrero, por el que se establecen los criterios sanitarios de la calidad del agua de consumo humano. (DEROGADO)<\/a><\/p><\/div>\n\t\t\t\t<\/div>\n\t\t\t\t\t\t\t<div class=\"elementor-accordion-item\">\n\t\t\t\t\t<div id=\"elementor-tab-title-1404\" class=\"elementor-tab-title\" data-tab=\"4\" role=\"button\" aria-controls=\"elementor-tab-content-1404\" aria-expanded=\"false\">\n\t\t\t\t\t\t\t\t\t\t\t\t\t<span class=\"elementor-accordion-icon elementor-accordion-icon-left\" aria-hidden=\"true\">\n\t\t\t\t\t\t\t\t\t\t\t\t\t\t\t<span class=\"elementor-accordion-icon-closed\"><i class=\"fas fa-plus\"><\/i><\/span>\n\t\t\t\t\t\t\t\t<span class=\"elementor-accordion-icon-opened\"><i class=\"fas fa-minus\"><\/i><\/span>\n\t\t\t\t\t\t\t\t\t\t\t\t\t\t<\/span>\n\t\t\t\t\t\t\t\t\t\t\t\t<a class=\"elementor-accordion-title\" tabindex=\"0\">EUROPEAS<\/a>\n\t\t\t\t\t<\/div>\n\t\t\t\t\t<div id=\"elementor-tab-content-1404\" class=\"elementor-tab-content elementor-clearfix\" data-tab=\"4\" role=\"region\" aria-labelledby=\"elementor-tab-title-1404\"><p><a href=\"https:\/\/taigua.cat\/wp-content\/uploads\/2022\/01\/DIRECTIVA.pdf\" target=\"_blank\" rel=\"noopener\">Directiva (UE) 2020\/2184 del Parlamento Europeo y del Consejo de 16 de diciembre de 2020 relativa a la calidad de las aguas destinadas al consumo humano (versi\u00f3n refundida).<\/a><\/p><\/div>\n\t\t\t\t<\/div>\n\t\t\t\t\t\t\t\t<\/div>\n\t\t\t\t\t\t<\/div>\n\t\t\t\t<\/div>\n\t\t\t\t\t<\/div>\n\t\t<\/div>\n\t\t\t\t\t<\/div>\n\t\t<\/section>\n\t\t\t\t<\/div>\n\t\t","protected":false},"excerpt":{"rendered":"<p>Municipales Auton\u00f3micas Estatales \u00a0 Europeas MUNICIPALES ORDENAN\u00c7A REGULADORA DE LA PRESTACI\u00d3 PATRIMONIAL DE CAR\u00c0CTER P\u00daBLIC NO TRIBUTARI SOBRE LA PRESTACI\u00d3 DEL SERVEI P\u00daBLIC D&#8217;ABASTAMENT D&#8217;AIGUA A TERRASSA (VIGENT DES DEL\u00a0 01\/01\/2026) ORDENAN\u00c7A REGULADORA\u00a0 DE LA PRESTACI\u00d3 PATRIMONIAL DE CAR\u00c0CTER P\u00daBLIC NO TRIBUTARI SOBRE LA PRESTACI\u00d3 DEL SERVEI P\u00daBLIC D&#8217;ABASTAMENT D&#8217;AIGUA A TERRASSA (VIGENT DES DEL [&hellip;]<\/p>\n","protected":false},"author":1,"featured_media":0,"parent":0,"menu_order":0,"comment_status":"closed","ping_status":"closed","template":"","meta":{"_acf_changed":false,"footnotes":""},"class_list":["post-29692","page","type-page","status-publish","hentry"],"acf":[],"aioseo_notices":[],"_links":{"self":[{"href":"https:\/\/taigua.cat\/es\/wp-json\/wp\/v2\/pages\/29692","targetHints":{"allow":["GET"]}}],"collection":[{"href":"https:\/\/taigua.cat\/es\/wp-json\/wp\/v2\/pages"}],"about":[{"href":"https:\/\/taigua.cat\/es\/wp-json\/wp\/v2\/types\/page"}],"author":[{"embeddable":true,"href":"https:\/\/taigua.cat\/es\/wp-json\/wp\/v2\/users\/1"}],"replies":[{"embeddable":true,"href":"https:\/\/taigua.cat\/es\/wp-json\/wp\/v2\/comments?post=29692"}],"version-history":[{"count":159,"href":"https:\/\/taigua.cat\/es\/wp-json\/wp\/v2\/pages\/29692\/revisions"}],"predecessor-version":[{"id":186808,"href":"https:\/\/taigua.cat\/es\/wp-json\/wp\/v2\/pages\/29692\/revisions\/186808"}],"wp:attachment":[{"href":"https:\/\/taigua.cat\/es\/wp-json\/wp\/v2\/media?parent=29692"}],"curies":[{"name":"wp","href":"https:\/\/api.w.org\/{rel}","templated":true}]}}