{"id":29826,"date":"2022-03-02T10:55:39","date_gmt":"2022-03-02T09:55:39","guid":{"rendered":"https:\/\/taigua.proo.es\/?page_id=29826"},"modified":"2025-12-10T17:22:24","modified_gmt":"2025-12-10T16:22:24","slug":"ayuntamiento","status":"publish","type":"page","link":"https:\/\/taigua.cat\/es\/ayuntamiento\/","title":{"rendered":"AYUNTAMIENTO"},"content":{"rendered":"\t\t<div data-elementor-type=\"wp-page\" data-elementor-id=\"29826\" class=\"elementor elementor-29826\" data-elementor-post-type=\"page\">\n\t\t\t\t\t\t<section data-dce-background-color=\"#FFFFFF\" class=\"elementor-section elementor-top-section elementor-element elementor-element-36d38d53 elementor-section-full_width elementor-section-height-default elementor-section-height-default\" data-id=\"36d38d53\" data-element_type=\"section\" data-e-type=\"section\" data-settings=\"{&quot;background_background&quot;:&quot;gradient&quot;}\">\n\t\t\t\t\t\t<div class=\"elementor-container elementor-column-gap-no\">\n\t\t\t\t\t<div class=\"elementor-column elementor-col-100 elementor-top-column elementor-element elementor-element-1e33dbfe\" data-id=\"1e33dbfe\" data-element_type=\"column\" data-e-type=\"column\">\n\t\t\t<div class=\"elementor-widget-wrap elementor-element-populated\">\n\t\t\t\t\t\t<section class=\"elementor-section elementor-inner-section elementor-element elementor-element-629d69 elementor-section-boxed elementor-section-height-default elementor-section-height-default\" data-id=\"629d69\" data-element_type=\"section\" data-e-type=\"section\">\n\t\t\t\t\t\t<div class=\"elementor-container elementor-column-gap-default\">\n\t\t\t\t\t<div class=\"elementor-column elementor-col-50 elementor-inner-column elementor-element elementor-element-657fa58\" data-id=\"657fa58\" data-element_type=\"column\" data-e-type=\"column\">\n\t\t\t<div class=\"elementor-widget-wrap elementor-element-populated\">\n\t\t\t\t\t\t<div class=\"elementor-element elementor-element-6618fd85 elementor-widget elementor-widget-text-editor\" data-id=\"6618fd85\" data-element_type=\"widget\" data-e-type=\"widget\" data-widget_type=\"text-editor.default\">\n\t\t\t\t<div class=\"elementor-widget-container\">\n\t\t\t\t\t\t\t\t\t<h2 style=\"text-align: center;\"><a href=\"https:\/\/www.terrassa.cat\/\"><span style=\"color: #379eff;\">AYUNTAMIENTO DE TERRASSA<\/span><\/a><\/h2>\t\t\t\t\t\t\t\t<\/div>\n\t\t\t\t<\/div>\n\t\t\t\t<div class=\"elementor-element elementor-element-1baf587d elementor-widget elementor-widget-text-editor\" data-id=\"1baf587d\" data-element_type=\"widget\" data-e-type=\"widget\" data-widget_type=\"text-editor.default\">\n\t\t\t\t<div class=\"elementor-widget-container\">\n\t\t\t\t\t\t\t\t\t<div id=\"tw-target-text-container\" class=\"tw-ta-container F0azHf tw-nfl\" tabindex=\"0\"><p class=\"tw-data-text tw-text-large tw-ta\" dir=\"ltr\" data-placeholder=\"Traducci\u00f3\"><span class=\"Y2IQFc\" lang=\"es\">Dentro de la estructura del Ayuntamiento de la ciudad, el Servicio p\u00fablico de abastecimiento de agua, es una materia adscrita al \u00e1mbito de la Concejalia de <\/span>Seguridad, V\u00eda P\u00fablica, Protecci\u00f3n Civil, Rieras, Medio Ambiente, Sostenibilidad y Energ\u00eda y Ciclos del Agua, D\u00f1a. Patricia Reche\u00a0<span class=\"Y2IQFc\" lang=\"es\"> quien a la vez ostenta la Presidencia del Consejo de Administraci\u00f3n de Terrassa Cicle de l&#8217;Aigua, EPEL (TAIGUA) <\/span><\/p><p class=\"tw-data-text tw-text-large tw-ta\" dir=\"ltr\" data-placeholder=\"Traducci\u00f3\"><a href=\"https:\/\/www.terrassa.cat\/patricia-reche-martinez\" target=\"_blank\" rel=\"noopener\"><span class=\"Y2IQFc\" lang=\"es\">Perfil de la Concejal Patricia Reche. <\/span><\/a><\/p><p class=\"tw-data-text tw-text-large tw-ta\" dir=\"ltr\" data-placeholder=\"Traducci\u00f3\"><span class=\"Y2IQFc\" lang=\"es\">La Vicepresidencia del Consejo de Administraci\u00f3n de Terrassa Cicle de l&#8217;Aigua, EPEL (TAIGUA) recae en el 6\u00ba Teniente de Alcalde del \u00c1rea de Transici\u00f3n Economica, el Sr. Noel Duque.\u00a0 \u00a0<\/span><\/p><p class=\"tw-data-text tw-text-large tw-ta\" dir=\"ltr\" data-placeholder=\"Traducci\u00f3\"><a href=\"https:\/\/www.terrassa.cat\/es\/noel-duque-alarcon\" target=\"_blank\" rel=\"noopener\"><span class=\"Y2IQFc\" lang=\"es\">Perfil del 6\u00ba Teniente de Alcalde Noel Duque<\/span><\/a><\/p><\/div>\t\t\t\t\t\t\t\t<\/div>\n\t\t\t\t<\/div>\n\t\t\t\t\t<\/div>\n\t\t<\/div>\n\t\t\t\t<div class=\"elementor-column elementor-col-50 elementor-inner-column elementor-element elementor-element-24ce3e91\" data-id=\"24ce3e91\" data-element_type=\"column\" data-e-type=\"column\">\n\t\t\t<div class=\"elementor-widget-wrap elementor-element-populated\">\n\t\t\t\t\t\t<div class=\"elementor-element elementor-element-511e4229 dce_masking-none elementor-widget elementor-widget-image\" data-id=\"511e4229\" data-element_type=\"widget\" data-e-type=\"widget\" data-widget_type=\"image.default\">\n\t\t\t\t<div class=\"elementor-widget-container\">\n\t\t\t\t\t\t\t\t\t\t\t\t\t\t\t<img fetchpriority=\"high\" decoding=\"async\" width=\"1024\" height=\"1019\" src=\"https:\/\/taigua.cat\/wp-content\/uploads\/2021\/12\/ajuntament-1024x1019-1-un-model-1.jpg\" class=\"attachment-large size-large wp-image-26442\" alt=\"\" srcset=\"https:\/\/taigua.cat\/wp-content\/uploads\/2021\/12\/ajuntament-1024x1019-1-un-model-1.jpg 1024w, https:\/\/taigua.cat\/wp-content\/uploads\/2021\/12\/ajuntament-1024x1019-1-un-model-1-300x300.jpg 300w, https:\/\/taigua.cat\/wp-content\/uploads\/2021\/12\/ajuntament-1024x1019-1-un-model-1-150x150.jpg 150w, https:\/\/taigua.cat\/wp-content\/uploads\/2021\/12\/ajuntament-1024x1019-1-un-model-1-768x764.jpg 768w\" sizes=\"(max-width: 1024px) 100vw, 1024px\" \/>\t\t\t\t\t\t\t\t\t\t\t\t\t\t\t<\/div>\n\t\t\t\t<\/div>\n\t\t\t\t\t<\/div>\n\t\t<\/div>\n\t\t\t\t\t<\/div>\n\t\t<\/section>\n\t\t\t\t<div class=\"elementor-element elementor-element-2adbae0 elementor-align-center elementor-widget elementor-widget-button\" data-id=\"2adbae0\" data-element_type=\"widget\" data-e-type=\"widget\" data-widget_type=\"button.default\">\n\t\t\t\t<div class=\"elementor-widget-container\">\n\t\t\t\t\t\t\t\t\t<div class=\"elementor-button-wrapper\">\n\t\t\t\t\t<a class=\"elementor-button elementor-button-link elementor-size-sm\" href=\"https:\/\/taigua.cat\/acords-municipals\/\" target=\"_blank\">\n\t\t\t\t\t\t<span class=\"elementor-button-content-wrapper\">\n\t\t\t\t\t\t\t\t\t<span class=\"elementor-button-text\">Acuerdos municipales en relaci\u00f3n con el suministro de agua y\/o con TAIGUA<\/span>\n\t\t\t\t\t<\/span>\n\t\t\t\t\t<\/a>\n\t\t\t\t<\/div>\n\t\t\t\t\t\t\t\t<\/div>\n\t\t\t\t<\/div>\n\t\t\t\t<section class=\"elementor-section elementor-inner-section elementor-element elementor-element-476519c elementor-section-full_width elementor-section-height-default elementor-section-height-default\" data-id=\"476519c\" data-element_type=\"section\" data-e-type=\"section\">\n\t\t\t\t\t\t<div class=\"elementor-container elementor-column-gap-default\">\n\t\t\t\t\t<div class=\"elementor-column elementor-col-100 elementor-inner-column elementor-element elementor-element-9affb80\" data-id=\"9affb80\" data-element_type=\"column\" data-e-type=\"column\">\n\t\t\t<div class=\"elementor-widget-wrap elementor-element-populated\">\n\t\t\t\t\t\t<div class=\"elementor-element elementor-element-e404707 dce_masking-none elementor-widget elementor-widget-image\" data-id=\"e404707\" data-element_type=\"widget\" data-e-type=\"widget\" data-widget_type=\"image.default\">\n\t\t\t\t<div class=\"elementor-widget-container\">\n\t\t\t\t\t\t\t\t\t\t\t\t\t\t\t<img decoding=\"async\" width=\"1024\" height=\"131\" src=\"https:\/\/taigua.cat\/wp-content\/uploads\/2020\/12\/Resource-1-11-1024x131.png\" class=\"attachment-large size-large wp-image-3404\" alt=\"\" srcset=\"https:\/\/taigua.cat\/wp-content\/uploads\/2020\/12\/Resource-1-11-1024x131.png 1024w, https:\/\/taigua.cat\/wp-content\/uploads\/2020\/12\/Resource-1-11-300x38.png 300w, https:\/\/taigua.cat\/wp-content\/uploads\/2020\/12\/Resource-1-11-768x98.png 768w, https:\/\/taigua.cat\/wp-content\/uploads\/2020\/12\/Resource-1-11-1536x196.png 1536w, https:\/\/taigua.cat\/wp-content\/uploads\/2020\/12\/Resource-1-11-2048x262.png 2048w\" sizes=\"(max-width: 1024px) 100vw, 1024px\" \/>\t\t\t\t\t\t\t\t\t\t\t\t\t\t\t<\/div>\n\t\t\t\t<\/div>\n\t\t\t\t\t<\/div>\n\t\t<\/div>\n\t\t\t\t\t<\/div>\n\t\t<\/section>\n\t\t\t\t\t<\/div>\n\t\t<\/div>\n\t\t\t\t\t<\/div>\n\t\t<\/section>\n\t\t\t\t<section class=\"elementor-section elementor-top-section elementor-element elementor-element-1a9c4402 elementor-section-full_width elementor-section-height-default elementor-section-height-default\" data-id=\"1a9c4402\" data-element_type=\"section\" data-e-type=\"section\">\n\t\t\t\t\t\t<div class=\"elementor-container elementor-column-gap-no\">\n\t\t\t\t\t<div class=\"elementor-column elementor-col-100 elementor-top-column elementor-element elementor-element-577848d7\" data-id=\"577848d7\" data-element_type=\"column\" data-e-type=\"column\">\n\t\t\t<div class=\"elementor-widget-wrap elementor-element-populated\">\n\t\t\t\t\t\t<section class=\"elementor-section elementor-inner-section elementor-element elementor-element-29f0e64b elementor-section-full_width elementor-section-height-default elementor-section-height-default\" data-id=\"29f0e64b\" data-element_type=\"section\" data-e-type=\"section\">\n\t\t\t\t\t\t<div class=\"elementor-container elementor-column-gap-default\">\n\t\t\t\t\t<div class=\"elementor-column elementor-col-100 elementor-inner-column elementor-element elementor-element-7a8f5a23\" data-id=\"7a8f5a23\" data-element_type=\"column\" data-e-type=\"column\">\n\t\t\t<div class=\"elementor-widget-wrap elementor-element-populated\">\n\t\t\t\t\t\t<div class=\"elementor-element elementor-element-199473c3 elementor-widget elementor-widget-spacer\" data-id=\"199473c3\" data-element_type=\"widget\" data-e-type=\"widget\" data-widget_type=\"spacer.default\">\n\t\t\t\t<div class=\"elementor-widget-container\">\n\t\t\t\t\t\t\t<div class=\"elementor-spacer\">\n\t\t\t<div class=\"elementor-spacer-inner\"><\/div>\n\t\t<\/div>\n\t\t\t\t\t\t<\/div>\n\t\t\t\t<\/div>\n\t\t\t\t\t<\/div>\n\t\t<\/div>\n\t\t\t\t\t<\/div>\n\t\t<\/section>\n\t\t\t\t\t<\/div>\n\t\t<\/div>\n\t\t\t\t\t<\/div>\n\t\t<\/section>\n\t\t\t\t<\/div>\n\t\t","protected":false},"excerpt":{"rendered":"<p>AYUNTAMIENTO DE TERRASSA Dentro de la estructura del Ayuntamiento de la ciudad, el Servicio p\u00fablico de abastecimiento de agua, es una materia adscrita al \u00e1mbito de la Concejalia de Seguridad, V\u00eda P\u00fablica, Protecci\u00f3n Civil, Rieras, Medio Ambiente, Sostenibilidad y Energ\u00eda y Ciclos del Agua, D\u00f1a. Patricia Reche\u00a0 quien a la vez ostenta la Presidencia del [&hellip;]<\/p>\n","protected":false},"author":7,"featured_media":0,"parent":0,"menu_order":0,"comment_status":"closed","ping_status":"closed","template":"elementor_header_footer","meta":{"_acf_changed":false,"footnotes":""},"class_list":["post-29826","page","type-page","status-publish","hentry"],"acf":[],"aioseo_notices":[],"_links":{"self":[{"href":"https:\/\/taigua.cat\/es\/wp-json\/wp\/v2\/pages\/29826","targetHints":{"allow":["GET"]}}],"collection":[{"href":"https:\/\/taigua.cat\/es\/wp-json\/wp\/v2\/pages"}],"about":[{"href":"https:\/\/taigua.cat\/es\/wp-json\/wp\/v2\/types\/page"}],"author":[{"embeddable":true,"href":"https:\/\/taigua.cat\/es\/wp-json\/wp\/v2\/users\/7"}],"replies":[{"embeddable":true,"href":"https:\/\/taigua.cat\/es\/wp-json\/wp\/v2\/comments?post=29826"}],"version-history":[{"count":0,"href":"https:\/\/taigua.cat\/es\/wp-json\/wp\/v2\/pages\/29826\/revisions"}],"wp:attachment":[{"href":"https:\/\/taigua.cat\/es\/wp-json\/wp\/v2\/media?parent=29826"}],"curies":[{"name":"wp","href":"https:\/\/api.w.org\/{rel}","templated":true}]}}