{"id":29927,"date":"2022-03-02T12:12:40","date_gmt":"2022-03-02T11:12:40","guid":{"rendered":"https:\/\/taigua.proo.es\/?page_id=29927"},"modified":"2024-02-19T19:16:28","modified_gmt":"2024-02-19T18:16:28","slug":"informacion-dureza","status":"publish","type":"page","link":"https:\/\/taigua.cat\/es\/informacion-dureza\/","title":{"rendered":"Informaci\u00f3n dureza"},"content":{"rendered":"\t\t<div data-elementor-type=\"wp-page\" data-elementor-id=\"29927\" class=\"elementor elementor-29927\" data-elementor-post-type=\"page\">\n\t\t\t\t\t\t<section class=\"elementor-section elementor-top-section elementor-element elementor-element-7d18c6b elementor-section-boxed elementor-section-height-default elementor-section-height-default\" data-id=\"7d18c6b\" data-element_type=\"section\" data-e-type=\"section\">\n\t\t\t\t\t\t<div class=\"elementor-container elementor-column-gap-default\">\n\t\t\t\t\t<div class=\"elementor-column elementor-col-100 elementor-top-column elementor-element elementor-element-673f06f\" data-id=\"673f06f\" data-element_type=\"column\" data-e-type=\"column\">\n\t\t\t<div class=\"elementor-widget-wrap elementor-element-populated\">\n\t\t\t\t\t\t<div class=\"elementor-element elementor-element-86b4a8c elementor-widget elementor-widget-heading\" data-id=\"86b4a8c\" data-element_type=\"widget\" data-e-type=\"widget\" data-widget_type=\"heading.default\">\n\t\t\t\t<div class=\"elementor-widget-container\">\n\t\t\t\t\t<h2 class=\"elementor-heading-title elementor-size-large\">Zonas de suministro de agua<\/h2>\t\t\t\t<\/div>\n\t\t\t\t<\/div>\n\t\t\t\t<div class=\"elementor-element elementor-element-a80a3e9 dce_masking-none elementor-widget elementor-widget-image\" data-id=\"a80a3e9\" data-element_type=\"widget\" data-e-type=\"widget\" data-widget_type=\"image.default\">\n\t\t\t\t<div class=\"elementor-widget-container\">\n\t\t\t\t\t\t\t\t\t\t\t\t\t\t\t\t<a href=\"https:\/\/taigua.cat\/wp-content\/uploads\/2022\/03\/zones-abastament-def.png\" data-elementor-open-lightbox=\"yes\" data-elementor-lightbox-title=\"zones abastament def\" data-e-action-hash=\"#elementor-action%3Aaction%3Dlightbox%26settings%3DeyJpZCI6MzEyOTcsInVybCI6Imh0dHBzOlwvXC90YWlndWEuY2F0XC93cC1jb250ZW50XC91cGxvYWRzXC8yMDIyXC8wM1wvem9uZXMtYWJhc3RhbWVudC1kZWYucG5nIn0%3D\">\n\t\t\t\t\t\t\t<img fetchpriority=\"high\" decoding=\"async\" width=\"614\" height=\"933\" src=\"https:\/\/taigua.cat\/wp-content\/uploads\/2022\/03\/zones-abastament-def.png\" class=\"attachment-large size-large wp-image-31297\" alt=\"\" srcset=\"https:\/\/taigua.cat\/wp-content\/uploads\/2022\/03\/zones-abastament-def.png 614w, https:\/\/taigua.cat\/wp-content\/uploads\/2022\/03\/zones-abastament-def-197x300.png 197w\" sizes=\"(max-width: 614px) 100vw, 614px\" \/>\t\t\t\t\t\t\t\t<\/a>\n\t\t\t\t\t\t\t\t\t\t\t\t\t\t\t<\/div>\n\t\t\t\t<\/div>\n\t\t\t\t<div class=\"elementor-element elementor-element-394cdc7 elementor-widget elementor-widget-spacer\" data-id=\"394cdc7\" data-element_type=\"widget\" data-e-type=\"widget\" data-widget_type=\"spacer.default\">\n\t\t\t\t<div class=\"elementor-widget-container\">\n\t\t\t\t\t\t\t<div class=\"elementor-spacer\">\n\t\t\t<div class=\"elementor-spacer-inner\"><\/div>\n\t\t<\/div>\n\t\t\t\t\t\t<\/div>\n\t\t\t\t<\/div>\n\t\t\t\t<div class=\"elementor-element elementor-element-e534739 elementor-widget elementor-widget-heading\" data-id=\"e534739\" data-element_type=\"widget\" data-e-type=\"widget\" data-widget_type=\"heading.default\">\n\t\t\t\t<div class=\"elementor-widget-container\">\n\t\t\t\t\t<h2 class=\"elementor-heading-title elementor-size-large\">Informaci\u00f3n dureza del agua<\/h2>\t\t\t\t<\/div>\n\t\t\t\t<\/div>\n\t\t\t\t<div class=\"elementor-element elementor-element-9419dfb elementor-align-center elementor-widget elementor-widget-button\" data-id=\"9419dfb\" data-element_type=\"widget\" data-e-type=\"widget\" data-widget_type=\"button.default\">\n\t\t\t\t<div class=\"elementor-widget-container\">\n\t\t\t\t\t\t\t\t\t<div class=\"elementor-button-wrapper\">\n\t\t\t\t\t<a class=\"elementor-button elementor-button-link elementor-size-sm\" href=\"https:\/\/taigua.cat\/wp-content\/uploads\/2022\/03\/DUREZA-DEL-AGUA.pdf\" target=\"_blank\">\n\t\t\t\t\t\t<span class=\"elementor-button-content-wrapper\">\n\t\t\t\t\t\t\t\t\t<span class=\"elementor-button-text\">Qu\u00e9 es la dureza del agua<\/span>\n\t\t\t\t\t<\/span>\n\t\t\t\t\t<\/a>\n\t\t\t\t<\/div>\n\t\t\t\t\t\t\t\t<\/div>\n\t\t\t\t<\/div>\n\t\t\t\t<div class=\"elementor-element elementor-element-479ccc6 elementor-align-center elementor-widget elementor-widget-button\" data-id=\"479ccc6\" data-element_type=\"widget\" data-e-type=\"widget\" data-widget_type=\"button.default\">\n\t\t\t\t<div class=\"elementor-widget-container\">\n\t\t\t\t\t\t\t\t\t<div class=\"elementor-button-wrapper\">\n\t\t\t\t\t<a class=\"elementor-button elementor-button-link elementor-size-sm\" href=\"https:\/\/taigua.cat\/wp-content\/uploads\/2024\/02\/2019-2023-CAST.pdf\" target=\"_blank\">\n\t\t\t\t\t\t<span class=\"elementor-button-content-wrapper\">\n\t\t\t\t\t\t\t\t\t<span class=\"elementor-button-text\">Evoluci\u00f3n de los \u00edndices de dureza del agua 2019-2023<\/span>\n\t\t\t\t\t<\/span>\n\t\t\t\t\t<\/a>\n\t\t\t\t<\/div>\n\t\t\t\t\t\t\t\t<\/div>\n\t\t\t\t<\/div>\n\t\t\t\t<div class=\"elementor-element elementor-element-e87fcc7 elementor-widget elementor-widget-text-editor\" data-id=\"e87fcc7\" data-element_type=\"widget\" data-e-type=\"widget\" data-widget_type=\"text-editor.default\">\n\t\t\t\t<div class=\"elementor-widget-container\">\n\t\t\t\t\t\t\t\t\t<h4 style=\"text-align: center;\"><a href=\"https:\/\/taigua.cat\/wp-content\/uploads\/2023\/01\/Real-Decreto-3_2023-criterios-tecnico-sanitarios-de-la-calidad-del-agua-de-consumo.pdf\" target=\"_blank\" rel=\"noopener\">Real Decreto 3\/2023<\/a><\/h4>\t\t\t\t\t\t\t\t<\/div>\n\t\t\t\t<\/div>\n\t\t\t\t\t<\/div>\n\t\t<\/div>\n\t\t\t\t\t<\/div>\n\t\t<\/section>\n\t\t\t\t<\/div>\n\t\t","protected":false},"excerpt":{"rendered":"<p>Zonas de suministro de agua Informaci\u00f3n dureza del agua Qu\u00e9 es la dureza del agua Evoluci\u00f3n de los \u00edndices de dureza del agua 2019-2023 Real Decreto 3\/2023<\/p>\n","protected":false},"author":1,"featured_media":0,"parent":0,"menu_order":0,"comment_status":"closed","ping_status":"closed","template":"","meta":{"_acf_changed":false,"footnotes":""},"class_list":["post-29927","page","type-page","status-publish","hentry"],"acf":[],"aioseo_notices":[],"_links":{"self":[{"href":"https:\/\/taigua.cat\/es\/wp-json\/wp\/v2\/pages\/29927","targetHints":{"allow":["GET"]}}],"collection":[{"href":"https:\/\/taigua.cat\/es\/wp-json\/wp\/v2\/pages"}],"about":[{"href":"https:\/\/taigua.cat\/es\/wp-json\/wp\/v2\/types\/page"}],"author":[{"embeddable":true,"href":"https:\/\/taigua.cat\/es\/wp-json\/wp\/v2\/users\/1"}],"replies":[{"embeddable":true,"href":"https:\/\/taigua.cat\/es\/wp-json\/wp\/v2\/comments?post=29927"}],"version-history":[{"count":85,"href":"https:\/\/taigua.cat\/es\/wp-json\/wp\/v2\/pages\/29927\/revisions"}],"predecessor-version":[{"id":53859,"href":"https:\/\/taigua.cat\/es\/wp-json\/wp\/v2\/pages\/29927\/revisions\/53859"}],"wp:attachment":[{"href":"https:\/\/taigua.cat\/es\/wp-json\/wp\/v2\/media?parent=29927"}],"curies":[{"name":"wp","href":"https:\/\/api.w.org\/{rel}","templated":true}]}}