{"id":29958,"date":"2022-03-02T12:30:38","date_gmt":"2022-03-02T11:30:38","guid":{"rendered":"https:\/\/taigua.proo.es\/?page_id=29958"},"modified":"2026-04-08T10:52:42","modified_gmt":"2026-04-08T08:52:42","slug":"participacion-ciudadana","status":"publish","type":"page","link":"https:\/\/taigua.cat\/es\/participacion-ciudadana\/","title":{"rendered":"PARTICIPACI\u00d3N CIUDADANA"},"content":{"rendered":"\t\t<div data-elementor-type=\"wp-page\" data-elementor-id=\"29958\" class=\"elementor elementor-29958\" data-elementor-post-type=\"page\">\n\t\t\t\t\t\t<section class=\"elementor-section elementor-top-section elementor-element elementor-element-c2ab17d elementor-section-boxed elementor-section-height-default elementor-section-height-default\" data-id=\"c2ab17d\" data-element_type=\"section\" data-e-type=\"section\">\n\t\t\t\t\t\t<div class=\"elementor-container elementor-column-gap-default\">\n\t\t\t\t\t<div class=\"elementor-column elementor-col-100 elementor-top-column elementor-element elementor-element-fa126f0\" data-id=\"fa126f0\" data-element_type=\"column\" data-e-type=\"column\">\n\t\t\t<div class=\"elementor-widget-wrap elementor-element-populated\">\n\t\t\t\t\t\t<div class=\"elementor-element elementor-element-5f44981 elementor-widget elementor-widget-spacer\" data-id=\"5f44981\" data-element_type=\"widget\" data-e-type=\"widget\" data-widget_type=\"spacer.default\">\n\t\t\t\t<div class=\"elementor-widget-container\">\n\t\t\t\t\t\t\t<div class=\"elementor-spacer\">\n\t\t\t<div class=\"elementor-spacer-inner\"><\/div>\n\t\t<\/div>\n\t\t\t\t\t\t<\/div>\n\t\t\t\t<\/div>\n\t\t\t\t\t<\/div>\n\t\t<\/div>\n\t\t\t\t\t<\/div>\n\t\t<\/section>\n\t\t\t\t<section class=\"elementor-section elementor-top-section elementor-element elementor-element-6a9f045 elementor-section-boxed elementor-section-height-default elementor-section-height-default\" data-id=\"6a9f045\" data-element_type=\"section\" data-e-type=\"section\">\n\t\t\t\t\t\t<div class=\"elementor-container elementor-column-gap-default\">\n\t\t\t\t\t<div class=\"elementor-column elementor-col-33 elementor-top-column elementor-element elementor-element-34ff9bd\" data-id=\"34ff9bd\" data-element_type=\"column\" data-e-type=\"column\">\n\t\t\t<div class=\"elementor-widget-wrap elementor-element-populated\">\n\t\t\t\t\t\t<div class=\"elementor-element elementor-element-996e634 dce_masking-none elementor-widget elementor-widget-image\" data-id=\"996e634\" data-element_type=\"widget\" data-e-type=\"widget\" data-widget_type=\"image.default\">\n\t\t\t\t<div class=\"elementor-widget-container\">\n\t\t\t\t\t\t\t\t\t\t\t\t\t\t\t<img decoding=\"async\" width=\"300\" height=\"106\" src=\"https:\/\/taigua.cat\/wp-content\/uploads\/2024\/11\/logo_taigua-300x106.webp\" class=\"attachment-medium size-medium wp-image-82803\" alt=\"Taigua | Aigua Municipal de Terrassa\" srcset=\"https:\/\/taigua.cat\/wp-content\/uploads\/2024\/11\/logo_taigua-300x106.webp 300w, https:\/\/taigua.cat\/wp-content\/uploads\/2024\/11\/logo_taigua.webp 459w\" sizes=\"(max-width: 300px) 100vw, 300px\" \/>\t\t\t\t\t\t\t\t\t\t\t\t\t\t\t<\/div>\n\t\t\t\t<\/div>\n\t\t\t\t\t<\/div>\n\t\t<\/div>\n\t\t\t\t<div class=\"elementor-column elementor-col-33 elementor-top-column elementor-element elementor-element-1019472\" data-id=\"1019472\" data-element_type=\"column\" data-e-type=\"column\">\n\t\t\t<div class=\"elementor-widget-wrap elementor-element-populated\">\n\t\t\t\t\t\t<div class=\"elementor-element elementor-element-ca0df1c dce_masking-none elementor-widget elementor-widget-image\" data-id=\"ca0df1c\" data-element_type=\"widget\" data-e-type=\"widget\" data-widget_type=\"image.default\">\n\t\t\t\t<div class=\"elementor-widget-container\">\n\t\t\t\t\t\t\t\t\t\t\t\t\t\t\t<img decoding=\"async\" width=\"118\" height=\"71\" src=\"https:\/\/taigua.cat\/wp-content\/uploads\/2022\/02\/governobert.png\" class=\"attachment-large size-large wp-image-29404\" alt=\"\" \/>\t\t\t\t\t\t\t\t\t\t\t\t\t\t\t<\/div>\n\t\t\t\t<\/div>\n\t\t\t\t\t<\/div>\n\t\t<\/div>\n\t\t\t\t<div class=\"elementor-column elementor-col-33 elementor-top-column elementor-element elementor-element-eafc456\" data-id=\"eafc456\" data-element_type=\"column\" data-e-type=\"column\">\n\t\t\t<div class=\"elementor-widget-wrap elementor-element-populated\">\n\t\t\t\t\t\t<div class=\"elementor-element elementor-element-5facd5a dce_masking-none elementor-widget elementor-widget-image\" data-id=\"5facd5a\" data-element_type=\"widget\" data-e-type=\"widget\" data-widget_type=\"image.default\">\n\t\t\t\t<div class=\"elementor-widget-container\">\n\t\t\t\t\t\t\t\t\t\t\t\t\t\t\t<img decoding=\"async\" width=\"206\" height=\"88\" src=\"https:\/\/taigua.cat\/wp-content\/uploads\/2021\/12\/logo-e1640165159247.jpg\" class=\"attachment-large size-large wp-image-26714\" alt=\"\" \/>\t\t\t\t\t\t\t\t\t\t\t\t\t\t\t<\/div>\n\t\t\t\t<\/div>\n\t\t\t\t\t<\/div>\n\t\t<\/div>\n\t\t\t\t\t<\/div>\n\t\t<\/section>\n\t\t\t\t<section class=\"elementor-section elementor-top-section elementor-element elementor-element-113cfab elementor-section-boxed elementor-section-height-default elementor-section-height-default\" data-id=\"113cfab\" data-element_type=\"section\" data-e-type=\"section\">\n\t\t\t\t\t\t<div class=\"elementor-container elementor-column-gap-default\">\n\t\t\t\t\t<div class=\"elementor-column elementor-col-33 elementor-top-column elementor-element elementor-element-4041211\" data-id=\"4041211\" data-element_type=\"column\" data-e-type=\"column\">\n\t\t\t<div class=\"elementor-widget-wrap elementor-element-populated\">\n\t\t\t\t\t\t<div class=\"elementor-element elementor-element-c8fad0c elementor-widget elementor-widget-text-editor\" data-id=\"c8fad0c\" data-element_type=\"widget\" data-e-type=\"widget\" data-widget_type=\"text-editor.default\">\n\t\t\t\t<div class=\"elementor-widget-container\">\n\t\t\t\t\t\t\t\t\t<h5 id=\"tw-target-text\" class=\"tw-data-text tw-text-large tw-ta\" dir=\"ltr\" data-placeholder=\"Traducci\u00f3\"><span class=\"Y2IQFc\" lang=\"es\">En TAIGUA, te escuchamos. <\/span><\/h5><p id=\"tw-target-text\" class=\"tw-data-text tw-text-large tw-ta\" dir=\"ltr\" data-placeholder=\"Traducci\u00f3\"><span class=\"Y2IQFc\" lang=\"es\">Queremos o\u00edr tu voz y que participes tambi\u00e9n haci\u00e9ndonos llegar tu opini\u00f3n y sugerencias. Ya sea por tel\u00e9fono al 937 362 820, o por el formulario que encontrar\u00e1s en <a href=\"https:\/\/taigua.cat\/es\/contacto\" target=\"_blank\" rel=\"noopener\">contacto<\/a>.<\/span><\/p><p class=\"tw-data-text tw-text-large tw-ta\" dir=\"ltr\" data-placeholder=\"Traducci\u00f3\"><span class=\"Y2IQFc\" lang=\"es\">Queremos tu participaci\u00f3n en la gesti\u00f3n del suministro de agua.<\/span><\/p>\t\t\t\t\t\t\t\t<\/div>\n\t\t\t\t<\/div>\n\t\t\t\t\t<\/div>\n\t\t<\/div>\n\t\t\t\t<div class=\"elementor-column elementor-col-33 elementor-top-column elementor-element elementor-element-2ddd0a1\" data-id=\"2ddd0a1\" data-element_type=\"column\" data-e-type=\"column\">\n\t\t\t<div class=\"elementor-widget-wrap elementor-element-populated\">\n\t\t\t\t\t\t<div class=\"elementor-element elementor-element-69331a1 elementor-widget elementor-widget-text-editor\" data-id=\"69331a1\" data-element_type=\"widget\" data-e-type=\"widget\" data-widget_type=\"text-editor.default\">\n\t\t\t\t<div class=\"elementor-widget-container\">\n\t\t\t\t\t\t\t\t\t<div><h5 dir=\"ltr\" data-placeholder=\"Traducci\u00f3\">Derecho de acceso a la informaci\u00f3n p\u00fablica<\/h5><p>Haz clic en este <a href=\"https:\/\/aoberta.terrassa.cat\/tramits\/fitxa.jsp?id=7818\" target=\"_blank\" rel=\"noopener\">enlace<\/a><\/p><h5 id=\"tw-target-text\" class=\"tw-data-text tw-text-large tw-ta\" dir=\"ltr\" data-placeholder=\"Traducci\u00f3\"><span class=\"Y2IQFc\" lang=\"es\">Registro municipal de participaci\u00f3n ciudadana.<\/span><\/h5><p class=\"tw-data-text tw-text-large tw-ta\" dir=\"ltr\" data-placeholder=\"Traducci\u00f3\"><span class=\"Y2IQFc\" lang=\"es\">Se pueden inscribir <strong>todos los ciudadanos y todas las ciudadanas mayores de diecis\u00e9is a\u00f1os y los colectivos no constituidos en entidad<\/strong> que expresen su inter\u00e9s y que manifiesten su voluntad de participar o colaborar en alguno de los \u00f3rganos o mecanismos de participaci\u00f3n municipal y \/o en procesos participativos que pueda organizar el Ayuntamiento de Terrassa. <\/span><\/p><p class=\"tw-data-text tw-text-large tw-ta\" dir=\"ltr\" data-placeholder=\"Traducci\u00f3\"><span class=\"Y2IQFc\" lang=\"es\">Haz clic en este <a href=\"https:\/\/aoberta.terrassa.cat\/tramits\/fitxa.jsp?id=7899\" target=\"_blank\" rel=\"noopener\">enlace<\/a><\/span><\/p><\/div>\t\t\t\t\t\t\t\t<\/div>\n\t\t\t\t<\/div>\n\t\t\t\t\t<\/div>\n\t\t<\/div>\n\t\t\t\t<div class=\"elementor-column elementor-col-33 elementor-top-column elementor-element elementor-element-ef174f7\" data-id=\"ef174f7\" data-element_type=\"column\" data-e-type=\"column\">\n\t\t\t<div class=\"elementor-widget-wrap elementor-element-populated\">\n\t\t\t\t\t\t<div class=\"elementor-element elementor-element-583c9ef elementor-widget elementor-widget-text-editor\" data-id=\"583c9ef\" data-element_type=\"widget\" data-e-type=\"widget\" data-widget_type=\"text-editor.default\">\n\t\t\t\t<div class=\"elementor-widget-container\">\n\t\t\t\t\t\t\t\t\t<h5 id=\"tw-target-text\" class=\"tw-data-text tw-text-large tw-ta\" dir=\"ltr\" data-placeholder=\"Traducci\u00f3\"><span class=\"Y2IQFc\" lang=\"es\">En la OAT, te escuchamos. <\/span><\/h5><p class=\"tw-data-text tw-text-large tw-ta\" dir=\"ltr\" data-placeholder=\"Traducci\u00f3\"><span class=\"Y2IQFc\" lang=\"es\">L&#8217;OAT es un \u00f3rgano aut\u00f3nomo que nace del movimiento social de la ciudad de Terrassa con el prop\u00f3sito de definir una nueva cultura de participaci\u00f3n ciudadana en la gobernanza del agua. Inform\u00e1te en: <\/span><\/p><p class=\"tw-data-text tw-text-large tw-ta\" dir=\"ltr\" data-placeholder=\"Traducci\u00f3\"><span class=\"Y2IQFc\" lang=\"es\"><a href=\"https:\/\/www.oat.cat\/es\/participa-collabora-amb-nosaltres\/\" target=\"_blank\" rel=\"noopener\">https:\/\/www.oat. cat\/participa y colabora con nosotros<\/a><\/span><\/p>\t\t\t\t\t\t\t\t<\/div>\n\t\t\t\t<\/div>\n\t\t\t\t\t<\/div>\n\t\t<\/div>\n\t\t\t\t\t<\/div>\n\t\t<\/section>\n\t\t\t\t<\/div>\n\t\t","protected":false},"excerpt":{"rendered":"<p>En TAIGUA, te escuchamos. Queremos o\u00edr tu voz y que participes tambi\u00e9n haci\u00e9ndonos llegar tu opini\u00f3n y sugerencias. Ya sea por tel\u00e9fono al 937 362 820, o por el formulario que encontrar\u00e1s en contacto. Queremos tu participaci\u00f3n en la gesti\u00f3n del suministro de agua. Derecho de acceso a la informaci\u00f3n p\u00fablica Haz clic en este [&hellip;]<\/p>\n","protected":false},"author":7,"featured_media":0,"parent":0,"menu_order":0,"comment_status":"closed","ping_status":"closed","template":"","meta":{"_acf_changed":false,"footnotes":""},"class_list":["post-29958","page","type-page","status-publish","hentry"],"acf":[],"aioseo_notices":[],"_links":{"self":[{"href":"https:\/\/taigua.cat\/es\/wp-json\/wp\/v2\/pages\/29958","targetHints":{"allow":["GET"]}}],"collection":[{"href":"https:\/\/taigua.cat\/es\/wp-json\/wp\/v2\/pages"}],"about":[{"href":"https:\/\/taigua.cat\/es\/wp-json\/wp\/v2\/types\/page"}],"author":[{"embeddable":true,"href":"https:\/\/taigua.cat\/es\/wp-json\/wp\/v2\/users\/7"}],"replies":[{"embeddable":true,"href":"https:\/\/taigua.cat\/es\/wp-json\/wp\/v2\/comments?post=29958"}],"version-history":[{"count":0,"href":"https:\/\/taigua.cat\/es\/wp-json\/wp\/v2\/pages\/29958\/revisions"}],"wp:attachment":[{"href":"https:\/\/taigua.cat\/es\/wp-json\/wp\/v2\/media?parent=29958"}],"curies":[{"name":"wp","href":"https:\/\/api.w.org\/{rel}","templated":true}]}}