{"id":29974,"date":"2022-03-02T12:39:33","date_gmt":"2022-03-02T11:39:33","guid":{"rendered":"https:\/\/taigua.proo.es\/?page_id=29974"},"modified":"2025-08-13T14:42:16","modified_gmt":"2025-08-13T12:42:16","slug":"calidad-del-agua","status":"publish","type":"page","link":"https:\/\/taigua.cat\/es\/calidad-del-agua\/","title":{"rendered":"Calidad del agua"},"content":{"rendered":"\t\t<div data-elementor-type=\"wp-page\" data-elementor-id=\"29974\" class=\"elementor elementor-29974\" data-elementor-post-type=\"page\">\n\t\t\t\t\t\t<section class=\"elementor-section elementor-top-section elementor-element elementor-element-f1cc238 elementor-section-boxed elementor-section-height-default elementor-section-height-default\" data-id=\"f1cc238\" data-element_type=\"section\" data-e-type=\"section\">\n\t\t\t\t\t\t<div class=\"elementor-container elementor-column-gap-default\">\n\t\t\t\t\t<div class=\"elementor-column elementor-col-25 elementor-top-column elementor-element elementor-element-54ebd1d\" data-id=\"54ebd1d\" data-element_type=\"column\" data-e-type=\"column\">\n\t\t\t<div class=\"elementor-widget-wrap elementor-element-populated\">\n\t\t\t\t\t\t<div class=\"elementor-element elementor-element-9c96956 dce_masking-none elementor-widget elementor-widget-image\" data-id=\"9c96956\" data-element_type=\"widget\" data-e-type=\"widget\" data-widget_type=\"image.default\">\n\t\t\t\t<div class=\"elementor-widget-container\">\n\t\t\t\t\t\t\t\t\t\t\t\t\t\t\t\t<a href=\"https:\/\/taigua.cat\/analitiques\/\" target=\"_blank\">\n\t\t\t\t\t\t\t<img fetchpriority=\"high\" decoding=\"async\" width=\"756\" height=\"475\" src=\"https:\/\/taigua.cat\/wp-content\/uploads\/2021\/11\/qualitat.jpg\" class=\"elementor-animation-grow attachment-large size-large wp-image-18934\" alt=\"\" srcset=\"https:\/\/taigua.cat\/wp-content\/uploads\/2021\/11\/qualitat.jpg 756w, https:\/\/taigua.cat\/wp-content\/uploads\/2021\/11\/qualitat-300x188.jpg 300w\" sizes=\"(max-width: 756px) 100vw, 756px\" \/>\t\t\t\t\t\t\t\t<\/a>\n\t\t\t\t\t\t\t\t\t\t\t\t\t\t\t<\/div>\n\t\t\t\t<\/div>\n\t\t\t\t<div data-dce-title-color=\"#379EFF\" class=\"elementor-element elementor-element-8e49830 elementor-widget elementor-widget-heading\" data-id=\"8e49830\" data-element_type=\"widget\" data-e-type=\"widget\" data-widget_type=\"heading.default\">\n\t\t\t\t<div class=\"elementor-widget-container\">\n\t\t\t\t\t<h5 class=\"elementor-heading-title elementor-size-default\"><a href=\"https:\/\/taigua.cat\/es\/analiticas\/\" target=\"_blank\">Anal\u00edticas<\/a><\/h5>\t\t\t\t<\/div>\n\t\t\t\t<\/div>\n\t\t\t\t\t<\/div>\n\t\t<\/div>\n\t\t\t\t<div class=\"elementor-column elementor-col-25 elementor-top-column elementor-element elementor-element-7be3d92\" data-id=\"7be3d92\" data-element_type=\"column\" data-e-type=\"column\">\n\t\t\t<div class=\"elementor-widget-wrap elementor-element-populated\">\n\t\t\t\t\t\t<div class=\"elementor-element elementor-element-8eac31e dce_masking-none elementor-widget elementor-widget-image\" data-id=\"8eac31e\" data-element_type=\"widget\" data-e-type=\"widget\" data-widget_type=\"image.default\">\n\t\t\t\t<div class=\"elementor-widget-container\">\n\t\t\t\t\t\t\t\t\t\t\t\t\t\t\t\t<a href=\"https:\/\/taigua.cat\/informacio-duresa\/\" target=\"_blank\">\n\t\t\t\t\t\t\t<img decoding=\"async\" width=\"768\" height=\"475\" src=\"https:\/\/taigua.cat\/wp-content\/uploads\/2021\/11\/duresa.jpeg\" class=\"elementor-animation-grow attachment-large size-large wp-image-26166\" alt=\"\" srcset=\"https:\/\/taigua.cat\/wp-content\/uploads\/2021\/11\/duresa.jpeg 768w, https:\/\/taigua.cat\/wp-content\/uploads\/2021\/11\/duresa-300x186.jpeg 300w\" sizes=\"(max-width: 768px) 100vw, 768px\" \/>\t\t\t\t\t\t\t\t<\/a>\n\t\t\t\t\t\t\t\t\t\t\t\t\t\t\t<\/div>\n\t\t\t\t<\/div>\n\t\t\t\t<div class=\"elementor-element elementor-element-ffee882 elementor-widget elementor-widget-heading\" data-id=\"ffee882\" data-element_type=\"widget\" data-e-type=\"widget\" data-widget_type=\"heading.default\">\n\t\t\t\t<div class=\"elementor-widget-container\">\n\t\t\t\t\t<h5 class=\"elementor-heading-title elementor-size-default\"><a href=\"https:\/\/taigua.cat\/es\/informacion-dureza\/\" target=\"_blank\">Informaci\u00f3n dureza<\/a><\/h5>\t\t\t\t<\/div>\n\t\t\t\t<\/div>\n\t\t\t\t\t<\/div>\n\t\t<\/div>\n\t\t\t\t<div class=\"elementor-column elementor-col-25 elementor-top-column elementor-element elementor-element-023541c\" data-id=\"023541c\" data-element_type=\"column\" data-e-type=\"column\">\n\t\t\t<div class=\"elementor-widget-wrap elementor-element-populated\">\n\t\t\t\t\t\t<div class=\"elementor-element elementor-element-8f166b3 dce_masking-none elementor-widget elementor-widget-image\" data-id=\"8f166b3\" data-element_type=\"widget\" data-e-type=\"widget\" data-widget_type=\"image.default\">\n\t\t\t\t<div class=\"elementor-widget-container\">\n\t\t\t\t\t\t\t\t\t\t\t\t\t\t\t\t<a href=\"https:\/\/taigua.cat\/es\/seguridad-del-agua-del-grifo\/\" target=\"_blank\">\n\t\t\t\t\t\t\t<img decoding=\"async\" width=\"768\" height=\"475\" src=\"https:\/\/taigua.cat\/wp-content\/uploads\/2021\/11\/aixeta.jpeg\" class=\"elementor-animation-grow attachment-large size-large wp-image-26164\" alt=\"\" srcset=\"https:\/\/taigua.cat\/wp-content\/uploads\/2021\/11\/aixeta.jpeg 768w, https:\/\/taigua.cat\/wp-content\/uploads\/2021\/11\/aixeta-300x186.jpeg 300w\" sizes=\"(max-width: 768px) 100vw, 768px\" \/>\t\t\t\t\t\t\t\t<\/a>\n\t\t\t\t\t\t\t\t\t\t\t\t\t\t\t<\/div>\n\t\t\t\t<\/div>\n\t\t\t\t<div class=\"elementor-element elementor-element-954e15c elementor-widget elementor-widget-heading\" data-id=\"954e15c\" data-element_type=\"widget\" data-e-type=\"widget\" data-widget_type=\"heading.default\">\n\t\t\t\t<div class=\"elementor-widget-container\">\n\t\t\t\t\t<h5 class=\"elementor-heading-title elementor-size-default\"><a href=\"https:\/\/taigua.cat\/es\/seguridad-del-agua-del-grifo\/\" target=\"_blank\">Seguridad del agua del grifo<\/a><\/h5>\t\t\t\t<\/div>\n\t\t\t\t<\/div>\n\t\t\t\t<div class=\"elementor-element elementor-element-5a8d34e elementor-widget elementor-widget-heading\" data-id=\"5a8d34e\" data-element_type=\"widget\" data-e-type=\"widget\" data-widget_type=\"heading.default\">\n\t\t\t\t<div class=\"elementor-widget-container\">\n\t\t\t\t\t<h5 class=\"elementor-heading-title elementor-size-default\"><a href=\"https:\/\/taigua.cat\/wp-content\/uploads\/2025\/08\/PLA-SANITARI-DE-LAIGUA-WEB.pdf\" target=\"_blank\">Plan sanitario del agua (PSA)<\/a><\/h5>\t\t\t\t<\/div>\n\t\t\t\t<\/div>\n\t\t\t\t\t<\/div>\n\t\t<\/div>\n\t\t\t\t<div class=\"elementor-column elementor-col-25 elementor-top-column elementor-element elementor-element-0ab2a33\" data-id=\"0ab2a33\" data-element_type=\"column\" data-e-type=\"column\">\n\t\t\t<div class=\"elementor-widget-wrap elementor-element-populated\">\n\t\t\t\t\t\t<div class=\"elementor-element elementor-element-d8f0100 dce_masking-none elementor-widget elementor-widget-image\" data-id=\"d8f0100\" data-element_type=\"widget\" data-e-type=\"widget\" data-widget_type=\"image.default\">\n\t\t\t\t<div class=\"elementor-widget-container\">\n\t\t\t\t\t\t\t\t\t\t\t\t\t\t\t\t<a href=\"https:\/\/taigua.cat\/es\/eficiencia-hidraulica\/\">\n\t\t\t\t\t\t\t<img loading=\"lazy\" decoding=\"async\" width=\"768\" height=\"475\" src=\"https:\/\/taigua.cat\/wp-content\/uploads\/2021\/11\/sistema-integrat-de-gestio-e1711468437785.jpg\" class=\"attachment-large size-large wp-image-18937\" alt=\"sistema-integrat-de-gestio\" \/>\t\t\t\t\t\t\t\t<\/a>\n\t\t\t\t\t\t\t\t\t\t\t\t\t\t\t<\/div>\n\t\t\t\t<\/div>\n\t\t\t\t<div class=\"elementor-element elementor-element-8ecd406 elementor-widget elementor-widget-heading\" data-id=\"8ecd406\" data-element_type=\"widget\" data-e-type=\"widget\" data-widget_type=\"heading.default\">\n\t\t\t\t<div class=\"elementor-widget-container\">\n\t\t\t\t\t<h5 class=\"elementor-heading-title elementor-size-default\"><a href=\"https:\/\/taigua.cat\/es\/eficiencia-hidraulica\/\" target=\"_blank\">Eficiencia Hidr\u00e1ulica<\/a><\/h5>\t\t\t\t<\/div>\n\t\t\t\t<\/div>\n\t\t\t\t\t<\/div>\n\t\t<\/div>\n\t\t\t\t\t<\/div>\n\t\t<\/section>\n\t\t\t\t<\/div>\n\t\t","protected":false},"excerpt":{"rendered":"<p>Anal\u00edticas Informaci\u00f3n dureza Seguridad del agua del grifo Plan sanitario del agua (PSA) Eficiencia Hidr\u00e1ulica<\/p>\n","protected":false},"author":1,"featured_media":0,"parent":0,"menu_order":0,"comment_status":"closed","ping_status":"closed","template":"","meta":{"_acf_changed":false,"footnotes":""},"class_list":["post-29974","page","type-page","status-publish","hentry"],"acf":[],"aioseo_notices":[],"_links":{"self":[{"href":"https:\/\/taigua.cat\/es\/wp-json\/wp\/v2\/pages\/29974","targetHints":{"allow":["GET"]}}],"collection":[{"href":"https:\/\/taigua.cat\/es\/wp-json\/wp\/v2\/pages"}],"about":[{"href":"https:\/\/taigua.cat\/es\/wp-json\/wp\/v2\/types\/page"}],"author":[{"embeddable":true,"href":"https:\/\/taigua.cat\/es\/wp-json\/wp\/v2\/users\/1"}],"replies":[{"embeddable":true,"href":"https:\/\/taigua.cat\/es\/wp-json\/wp\/v2\/comments?post=29974"}],"version-history":[{"count":0,"href":"https:\/\/taigua.cat\/es\/wp-json\/wp\/v2\/pages\/29974\/revisions"}],"wp:attachment":[{"href":"https:\/\/taigua.cat\/es\/wp-json\/wp\/v2\/media?parent=29974"}],"curies":[{"name":"wp","href":"https:\/\/api.w.org\/{rel}","templated":true}]}}