{"id":30012,"date":"2020-11-10T11:05:51","date_gmt":"2020-11-10T10:05:51","guid":{"rendered":"https:\/\/taigua.proo.es\/informacio-del-servei\/"},"modified":"2025-11-13T12:45:10","modified_gmt":"2025-11-13T11:45:10","slug":"informacion-del-servicio","status":"publish","type":"page","link":"https:\/\/taigua.cat\/es\/informacion-del-servicio\/","title":{"rendered":"Informaci\u00f3n del servicio"},"content":{"rendered":"\t\t<div data-elementor-type=\"wp-page\" data-elementor-id=\"30012\" class=\"elementor elementor-30012\" data-elementor-post-type=\"page\">\n\t\t\t\t\t\t<section class=\"elementor-section elementor-top-section elementor-element elementor-element-3fd1747 elementor-section-boxed elementor-section-height-default elementor-section-height-default\" data-id=\"3fd1747\" data-element_type=\"section\" data-e-type=\"section\">\n\t\t\t\t\t\t<div class=\"elementor-container elementor-column-gap-default\">\n\t\t\t\t\t<div class=\"elementor-column elementor-col-100 elementor-top-column elementor-element elementor-element-05486ed\" data-id=\"05486ed\" data-element_type=\"column\" data-e-type=\"column\">\n\t\t\t<div class=\"elementor-widget-wrap elementor-element-populated\">\n\t\t\t\t\t\t<div class=\"elementor-element elementor-element-4065104 elementor-widget elementor-widget-text-editor\" data-id=\"4065104\" data-element_type=\"widget\" data-e-type=\"widget\" data-widget_type=\"text-editor.default\">\n\t\t\t\t<div class=\"elementor-widget-container\">\n\t\t\t\t\t\t\t\t\t<p><strong>AVISOS<\/strong>:<\/p><ul><li>LA EMPRESA \u201cCAMBIO DE TITULAR\u201d NO TIENE NADA A VER CON TAIGUA PESE A QUE USAN INDEBIDAMENTE NUESTRO LOGO EN SU P\u00c1GINA WEB. HA SIDO REQUERIDA V\u00cdA BUROFAX PARA QUE LO RETIREN E INFORMEN DEBIDAMENTE DE SUS SERVICIOS. SE PRESENTAR\u00c1 DENUNCIA A MOSSOS D&#8217;ESQUADRA.<\/li><\/ul><ul><li>ALERTA POR LA VISITA A DOMICILIO DE FALSOS TRABAJADORES DE TAIGUA QUE INDICAN QUE HAN DE REALIZAR UNA ANAL\u00cdTICA DEL AGUA DE SU HOGAR. TAIGUA NO HACE VISITAS IMPREVISTAS A DOMICILIOS PARTICULARES. A MENUDO\u00a0 SON VENDEDORES DE APARATOS DE TRATAMIENTO DEL AGUA. Las personas que se encuentren en esta situaci\u00f3n, pueden contactar directamente con TAIGUA en el tel\u00e9fono 93 7362820 y solicitar por el Departamento Control de Calidad.<\/li><\/ul>\t\t\t\t\t\t\t\t<\/div>\n\t\t\t\t<\/div>\n\t\t\t\t\t<\/div>\n\t\t<\/div>\n\t\t\t\t\t<\/div>\n\t\t<\/section>\n\t\t\t\t<section class=\"elementor-section elementor-top-section elementor-element elementor-element-0c65724 elementor-section-boxed elementor-section-height-default elementor-section-height-default\" data-id=\"0c65724\" data-element_type=\"section\" data-e-type=\"section\">\n\t\t\t\t\t\t<div class=\"elementor-container elementor-column-gap-default\">\n\t\t\t\t\t<div class=\"elementor-column elementor-col-33 elementor-top-column elementor-element elementor-element-0a7bdb7\" data-id=\"0a7bdb7\" data-element_type=\"column\" data-e-type=\"column\">\n\t\t\t<div class=\"elementor-widget-wrap elementor-element-populated\">\n\t\t\t\t\t\t<div class=\"elementor-element elementor-element-d1cc55a elementor-widget elementor-widget-text-editor\" data-id=\"d1cc55a\" data-element_type=\"widget\" data-e-type=\"widget\" data-widget_type=\"text-editor.default\">\n\t\t\t\t<div class=\"elementor-widget-container\">\n\t\t\t\t\t\t\t\t\t<p><a href=\"https:\/\/taigua.cat\/es\/ajuts-socials-i-bonificacions\/\"><img decoding=\"async\" class=\"size-full wp-image-26908 alignnone\" src=\"https:\/\/taigua.cat\/wp-content\/uploads\/2021\/12\/ajuts_socials.png\" alt=\"\" width=\"74\" height=\"74\" \/> <\/a><a href=\"https:\/\/taigua.cat\/es\/ayudas-sociales-y-bonificaciones\/\"><span style=\"color: #01aeea; font-family: Roboto, sans-serif; font-size: 20px;\">Ayudas sociales y bonificaciones<\/span><\/a><\/p>\t\t\t\t\t\t\t\t<\/div>\n\t\t\t\t<\/div>\n\t\t\t\t<div class=\"elementor-element elementor-element-3ad3d6d elementor-widget elementor-widget-text-editor\" data-id=\"3ad3d6d\" data-element_type=\"widget\" data-e-type=\"widget\" data-widget_type=\"text-editor.default\">\n\t\t\t\t<div class=\"elementor-widget-container\">\n\t\t\t\t\t\t\t\t\t<p><a href=\"https:\/\/taigua.cat\/es\/avisos-e-incidencias\/\"><span style=\"color: #01aeea; font-family: Roboto, sans-serif; font-size: 20px;\"><img decoding=\"async\" class=\"alignnone size-full wp-image-26922\" src=\"https:\/\/taigua.cat\/wp-content\/uploads\/2021\/12\/avisos.png\" alt=\"\" width=\"74\" height=\"74\" \/> Avisos e incidencias<\/span><\/a><\/p>\t\t\t\t\t\t\t\t<\/div>\n\t\t\t\t<\/div>\n\t\t\t\t<div class=\"elementor-element elementor-element-86b2b4b elementor-widget elementor-widget-text-editor\" data-id=\"86b2b4b\" data-element_type=\"widget\" data-e-type=\"widget\" data-widget_type=\"text-editor.default\">\n\t\t\t\t<div class=\"elementor-widget-container\">\n\t\t\t\t\t\t\t\t\t<p><a href=\"https:\/\/taigua.cat\/consejos-de-ahorro\/\"><img decoding=\"async\" class=\"alignnone wp-image-26916 size-full\" src=\"https:\/\/taigua.cat\/wp-content\/uploads\/2021\/12\/consells_estalvi.png\" alt=\"\" width=\"74\" height=\"74\" \/>\u00a0<\/a> <a href=\"https:\/\/taigua.cat\/es\/consejos-de-ahorro\/\"><span style=\"color: #01aeea; font-family: Roboto, sans-serif; font-size: 20px;\">Consejos de ahorro<\/span><\/a><\/p>\t\t\t\t\t\t\t\t<\/div>\n\t\t\t\t<\/div>\n\t\t\t\t<div class=\"elementor-element elementor-element-fff31a8 elementor-widget elementor-widget-text-editor\" data-id=\"fff31a8\" data-element_type=\"widget\" data-e-type=\"widget\" data-widget_type=\"text-editor.default\">\n\t\t\t\t<div class=\"elementor-widget-container\">\n\t\t\t\t\t\t\t\t\t<p><a href=\"https:\/\/taigua.cat\/es\/contacto\/\"><span style=\"color: #01aeea; font-family: Roboto, sans-serif; font-size: 20px;\"><img loading=\"lazy\" decoding=\"async\" class=\"alignnone size-full wp-image-26924\" src=\"https:\/\/taigua.cat\/wp-content\/uploads\/2021\/12\/contacte.png\" alt=\"\" width=\"74\" height=\"74\" \/> Contacto<\/span><\/a><\/p>\t\t\t\t\t\t\t\t<\/div>\n\t\t\t\t<\/div>\n\t\t\t\t\t<\/div>\n\t\t<\/div>\n\t\t\t\t<div class=\"elementor-column elementor-col-33 elementor-top-column elementor-element elementor-element-2a300bd\" data-id=\"2a300bd\" data-element_type=\"column\" data-e-type=\"column\">\n\t\t\t<div class=\"elementor-widget-wrap elementor-element-populated\">\n\t\t\t\t\t\t<div class=\"elementor-element elementor-element-0d75d5b elementor-widget elementor-widget-text-editor\" data-id=\"0d75d5b\" data-element_type=\"widget\" data-e-type=\"widget\" data-widget_type=\"text-editor.default\">\n\t\t\t\t<div class=\"elementor-widget-container\">\n\t\t\t\t\t\t\t\t\t<p><a href=\"https:\/\/taigua.cat\/es\/el-cicle-integral-de-laigua\/\" target=\"_blank\" rel=\"noopener\"><span style=\"color: #01aeea; font-family: Roboto, sans-serif; font-size: 20px;\"><img loading=\"lazy\" decoding=\"async\" class=\"alignnone size-full wp-image-26912\" src=\"https:\/\/taigua.cat\/wp-content\/uploads\/2021\/12\/cicle_aigua.png\" alt=\"\" width=\"74\" height=\"74\" \/> El ciclo integral del agua<\/span><\/a><\/p>\t\t\t\t\t\t\t\t<\/div>\n\t\t\t\t<\/div>\n\t\t\t\t<div class=\"elementor-element elementor-element-d28ecfe elementor-widget elementor-widget-text-editor\" data-id=\"d28ecfe\" data-element_type=\"widget\" data-e-type=\"widget\" data-widget_type=\"text-editor.default\">\n\t\t\t\t<div class=\"elementor-widget-container\">\n\t\t\t\t\t\t\t\t\t<p><a href=\"https:\/\/taigua.cat\/es\/informacion-para-profesionales\/\"><span style=\"color: #01aeea; font-family: Roboto, sans-serif; font-size: 20px;\"><img loading=\"lazy\" decoding=\"async\" class=\"alignnone size-full wp-image-26918\" src=\"https:\/\/taigua.cat\/wp-content\/uploads\/2021\/12\/informacio_professionals.png\" alt=\"\" width=\"74\" height=\"74\" \/> Informaci\u00f3n para profesionales<\/span><\/a><\/p>\t\t\t\t\t\t\t\t<\/div>\n\t\t\t\t<\/div>\n\t\t\t\t<div class=\"elementor-element elementor-element-87eb64b elementor-widget elementor-widget-text-editor\" data-id=\"87eb64b\" data-element_type=\"widget\" data-e-type=\"widget\" data-widget_type=\"text-editor.default\">\n\t\t\t\t<div class=\"elementor-widget-container\">\n\t\t\t\t\t\t\t\t\t<p><a href=\"https:\/\/taigua.cat\/es\/tu-factura\/\" target=\"_blank\" rel=\"noopener\"><span style=\"color: #01aeea; font-family: Roboto, sans-serif; font-size: 20px;\"><img loading=\"lazy\" decoding=\"async\" class=\"alignnone size-full wp-image-26906\" src=\"https:\/\/taigua.cat\/wp-content\/uploads\/2021\/12\/teva_factura.png\" alt=\"\" width=\"74\" height=\"74\" \/> Tu factura<\/span><\/a><\/p>\t\t\t\t\t\t\t\t<\/div>\n\t\t\t\t<\/div>\n\t\t\t\t<div class=\"elementor-element elementor-element-68f30c7 elementor-widget elementor-widget-text-editor\" data-id=\"68f30c7\" data-element_type=\"widget\" data-e-type=\"widget\" data-widget_type=\"text-editor.default\">\n\t\t\t\t<div class=\"elementor-widget-container\">\n\t\t\t\t\t\t\t\t\t<p><a href=\"https:\/\/taigua.cat\/es\/normatives-i-reglaments\/\" target=\"_blank\" rel=\"noopener\"><span style=\"color: #01aeea; font-family: Roboto, sans-serif; font-size: 20px;\"><img loading=\"lazy\" decoding=\"async\" class=\"alignnone size-full wp-image-26914\" src=\"https:\/\/taigua.cat\/wp-content\/uploads\/2021\/12\/normativa.png\" alt=\"\" width=\"74\" height=\"74\" \/>\u00a0Normativa<\/span><\/a><\/p>\t\t\t\t\t\t\t\t<\/div>\n\t\t\t\t<\/div>\n\t\t\t\t<div class=\"elementor-element elementor-element-b3b29be elementor-widget elementor-widget-text-editor\" data-id=\"b3b29be\" data-element_type=\"widget\" data-e-type=\"widget\" data-widget_type=\"text-editor.default\">\n\t\t\t\t<div class=\"elementor-widget-container\">\n\t\t\t\t\t\t\t\t\t<p><a href=\"https:\/\/taigua.cat\/es\/contacto\/\"><span style=\"color: #01aeea; font-family: Roboto, sans-serif; font-size: 20px;\"><img loading=\"lazy\" decoding=\"async\" class=\"alignnone size-full wp-image-113710\" src=\"https:\/\/taigua.cat\/wp-content\/uploads\/2025\/03\/notificar-avaria.png\" alt=\"\" width=\"73\" height=\"74\" \/> <\/span><\/a><a href=\"https:\/\/taigua.cat\/es\/sequia\/\" target=\"_blank\" rel=\"noopener\"><span style=\"color: #01aeea; font-family: Roboto, sans-serif; font-size: 20px;\">Sequ\u00eda<\/span><\/a><\/p>\t\t\t\t\t\t\t\t<\/div>\n\t\t\t\t<\/div>\n\t\t\t\t\t<\/div>\n\t\t<\/div>\n\t\t\t\t<div class=\"elementor-column elementor-col-33 elementor-top-column elementor-element elementor-element-69cef50\" data-id=\"69cef50\" data-element_type=\"column\" data-e-type=\"column\">\n\t\t\t<div class=\"elementor-widget-wrap elementor-element-populated\">\n\t\t\t\t\t\t<div class=\"elementor-element elementor-element-1888fc3 elementor-widget elementor-widget-text-editor\" data-id=\"1888fc3\" data-element_type=\"widget\" data-e-type=\"widget\" data-widget_type=\"text-editor.default\">\n\t\t\t\t<div class=\"elementor-widget-container\">\n\t\t\t\t\t\t\t\t\t<p><a href=\"https:\/\/taigua.cat\/es\/preguntas-mas-frecuentes\/\" target=\"_blank\" rel=\"noopener\"><span style=\"color: #01aeea; font-family: Roboto, sans-serif; font-size: 20px;\" data-wp-editing=\"1\"><img loading=\"lazy\" decoding=\"async\" class=\"alignnone size-full wp-image-26920\" src=\"https:\/\/taigua.cat\/wp-content\/uploads\/2021\/12\/preguntes.png\" alt=\"\" width=\"74\" height=\"74\" \/> Preguntas frecuentes<\/span><\/a><\/p>\t\t\t\t\t\t\t\t<\/div>\n\t\t\t\t<\/div>\n\t\t\t\t<div class=\"elementor-element elementor-element-c8d0a77 elementor-widget elementor-widget-text-editor\" data-id=\"c8d0a77\" data-element_type=\"widget\" data-e-type=\"widget\" data-widget_type=\"text-editor.default\">\n\t\t\t\t<div class=\"elementor-widget-container\">\n\t\t\t\t\t\t\t\t\t<p><a href=\"https:\/\/taigua.cat\/es\/calidad-del-agua\/\" target=\"_blank\" rel=\"noopener\"><span style=\"color: #01aeea; font-family: Roboto, sans-serif; font-size: 20px;\"><img loading=\"lazy\" decoding=\"async\" class=\"alignnone size-full wp-image-26910\" src=\"https:\/\/taigua.cat\/wp-content\/uploads\/2021\/12\/qualitat_aigua.png\" alt=\"\" width=\"74\" height=\"74\" \/> Calidad del agua<\/span><\/a><\/p>\t\t\t\t\t\t\t\t<\/div>\n\t\t\t\t<\/div>\n\t\t\t\t<div class=\"elementor-element elementor-element-51d1630 elementor-widget elementor-widget-text-editor\" data-id=\"51d1630\" data-element_type=\"widget\" data-e-type=\"widget\" data-widget_type=\"text-editor.default\">\n\t\t\t\t<div class=\"elementor-widget-container\">\n\t\t\t\t\t\t\t\t\t<p><a href=\"https:\/\/taigua.cat\/es\/tarifas-del-agua\/\" target=\"_blank\" rel=\"noopener\"><span style=\"color: #01aeea; font-family: Roboto, sans-serif; font-size: 20px;\"><img loading=\"lazy\" decoding=\"async\" class=\"alignnone size-full wp-image-26904\" src=\"https:\/\/taigua.cat\/wp-content\/uploads\/2021\/12\/tarifes_aigua-1.png\" alt=\"\" width=\"74\" height=\"74\" \/> Tarifas del agua<\/span><\/a><\/p>\t\t\t\t\t\t\t\t<\/div>\n\t\t\t\t<\/div>\n\t\t\t\t<div class=\"elementor-element elementor-element-d5bb000 elementor-widget elementor-widget-text-editor\" data-id=\"d5bb000\" data-element_type=\"widget\" data-e-type=\"widget\" data-widget_type=\"text-editor.default\">\n\t\t\t\t<div class=\"elementor-widget-container\">\n\t\t\t\t\t\t\t\t\t<p><span style=\"color: #01aeea; font-family: Roboto, sans-serif; font-size: 20px;\" data-wp-editing=\"1\"><img loading=\"lazy\" decoding=\"async\" class=\"alignnone size-full wp-image-26914\" src=\"https:\/\/taigua.cat\/wp-content\/uploads\/2021\/12\/normativa.png\" alt=\"\" width=\"74\" height=\"74\" \/> <a href=\"https:\/\/taigua.cat\/es\/notas-tecnicas-de-taigua\/?_gl=1*15n0q3g*_ga*MTA3MDE0NjQ4LjE3MTMzMzg1MDM.*_up*MQ..*_ga_MZ39BHEKMB*MTcxMzM1MTY0Ni40LjAuMTcxMzM1MTY0Ni4wLjAuMA..\" target=\"_blank\" rel=\"noopener\">Notas T\u00e9cnicas de TAIGUA<\/a><\/span><\/p>\t\t\t\t\t\t\t\t<\/div>\n\t\t\t\t<\/div>\n\t\t\t\t\t<\/div>\n\t\t<\/div>\n\t\t\t\t\t<\/div>\n\t\t<\/section>\n\t\t\t\t<\/div>\n\t\t","protected":false},"excerpt":{"rendered":"<p>AVISOS: LA EMPRESA \u201cCAMBIO DE TITULAR\u201d NO TIENE NADA A VER CON TAIGUA PESE A QUE USAN INDEBIDAMENTE NUESTRO LOGO EN SU P\u00c1GINA WEB. HA SIDO REQUERIDA V\u00cdA BUROFAX PARA QUE LO RETIREN E INFORMEN DEBIDAMENTE DE SUS SERVICIOS. SE PRESENTAR\u00c1 DENUNCIA A MOSSOS D&#8217;ESQUADRA. ALERTA POR LA VISITA A DOMICILIO DE FALSOS TRABAJADORES DE [&hellip;]<\/p>\n","protected":false},"author":1,"featured_media":0,"parent":0,"menu_order":0,"comment_status":"closed","ping_status":"closed","template":"","meta":{"_acf_changed":false,"footnotes":""},"class_list":["post-30012","page","type-page","status-publish","hentry"],"acf":[],"aioseo_notices":[],"_links":{"self":[{"href":"https:\/\/taigua.cat\/es\/wp-json\/wp\/v2\/pages\/30012","targetHints":{"allow":["GET"]}}],"collection":[{"href":"https:\/\/taigua.cat\/es\/wp-json\/wp\/v2\/pages"}],"about":[{"href":"https:\/\/taigua.cat\/es\/wp-json\/wp\/v2\/types\/page"}],"author":[{"embeddable":true,"href":"https:\/\/taigua.cat\/es\/wp-json\/wp\/v2\/users\/1"}],"replies":[{"embeddable":true,"href":"https:\/\/taigua.cat\/es\/wp-json\/wp\/v2\/comments?post=30012"}],"version-history":[{"count":0,"href":"https:\/\/taigua.cat\/es\/wp-json\/wp\/v2\/pages\/30012\/revisions"}],"wp:attachment":[{"href":"https:\/\/taigua.cat\/es\/wp-json\/wp\/v2\/media?parent=30012"}],"curies":[{"name":"wp","href":"https:\/\/api.w.org\/{rel}","templated":true}]}}