{"id":30367,"date":"2022-03-02T20:10:28","date_gmt":"2022-03-02T19:10:28","guid":{"rendered":"https:\/\/taigua.proo.es\/?page_id=30367"},"modified":"2026-03-19T12:04:24","modified_gmt":"2026-03-19T11:04:24","slug":"transparencia","status":"publish","type":"page","link":"https:\/\/taigua.cat\/es\/transparencia\/","title":{"rendered":"TRANSPARENCIA"},"content":{"rendered":"\t\t<div data-elementor-type=\"wp-page\" data-elementor-id=\"30367\" class=\"elementor elementor-30367\" data-elementor-post-type=\"page\">\n\t\t\t\t\t\t<section class=\"elementor-section elementor-top-section elementor-element elementor-element-44cd31f elementor-section-boxed elementor-section-height-default elementor-section-height-default\" data-id=\"44cd31f\" data-element_type=\"section\" data-e-type=\"section\">\n\t\t\t\t\t\t<div class=\"elementor-container elementor-column-gap-default\">\n\t\t\t\t\t<div class=\"elementor-column elementor-col-25 elementor-top-column elementor-element elementor-element-48abe4f\" data-id=\"48abe4f\" data-element_type=\"column\" data-e-type=\"column\">\n\t\t\t<div class=\"elementor-widget-wrap elementor-element-populated\">\n\t\t\t\t\t\t<div class=\"elementor-element elementor-element-caf2ab6 dce_masking-none elementor-widget elementor-widget-image\" data-id=\"caf2ab6\" data-element_type=\"widget\" data-e-type=\"widget\" data-widget_type=\"image.default\">\n\t\t\t\t<div class=\"elementor-widget-container\">\n\t\t\t\t\t\t\t\t\t\t\t\t\t\t\t\t<a href=\"https:\/\/taigua.cat\/governanca\/\" target=\"_blank\">\n\t\t\t\t\t\t\t<img fetchpriority=\"high\" decoding=\"async\" width=\"768\" height=\"475\" src=\"https:\/\/taigua.cat\/wp-content\/uploads\/2021\/11\/ajuntament.jpg\" class=\"elementor-animation-grow attachment-full size-full wp-image-18945\" alt=\"\" srcset=\"https:\/\/taigua.cat\/wp-content\/uploads\/2021\/11\/ajuntament.jpg 768w, https:\/\/taigua.cat\/wp-content\/uploads\/2021\/11\/ajuntament-300x186.jpg 300w\" sizes=\"(max-width: 768px) 100vw, 768px\" \/>\t\t\t\t\t\t\t\t<\/a>\n\t\t\t\t\t\t\t\t\t\t\t\t\t\t\t<\/div>\n\t\t\t\t<\/div>\n\t\t\t\t<div data-dce-title-color=\"#379EFF\" class=\"elementor-element elementor-element-d10ccd9 elementor-widget elementor-widget-heading\" data-id=\"d10ccd9\" data-element_type=\"widget\" data-e-type=\"widget\" data-widget_type=\"heading.default\">\n\t\t\t\t<div class=\"elementor-widget-container\">\n\t\t\t\t\t<p class=\"elementor-heading-title elementor-size-default\"><a href=\"https:\/\/taigua.cat\/es\/gobernanza\/\" target=\"_blank\">Gobernanza<\/a><\/p>\t\t\t\t<\/div>\n\t\t\t\t<\/div>\n\t\t\t\t\t<\/div>\n\t\t<\/div>\n\t\t\t\t<div class=\"elementor-column elementor-col-25 elementor-top-column elementor-element elementor-element-564caf0\" data-id=\"564caf0\" data-element_type=\"column\" data-e-type=\"column\">\n\t\t\t<div class=\"elementor-widget-wrap elementor-element-populated\">\n\t\t\t\t\t\t<div class=\"elementor-element elementor-element-8486816 dce_masking-none elementor-widget elementor-widget-image\" data-id=\"8486816\" data-element_type=\"widget\" data-e-type=\"widget\" data-widget_type=\"image.default\">\n\t\t\t\t<div class=\"elementor-widget-container\">\n\t\t\t\t\t\t\t\t\t\t\t\t\t\t\t\t<a href=\"https:\/\/taigua.cat\/normatives-i-reglaments\/\" target=\"_blank\">\n\t\t\t\t\t\t\t<img decoding=\"async\" width=\"768\" height=\"475\" src=\"https:\/\/taigua.cat\/wp-content\/uploads\/2021\/11\/normatives-i-reglaments.jpg\" class=\"elementor-animation-grow attachment-full size-full wp-image-18940\" alt=\"\" srcset=\"https:\/\/taigua.cat\/wp-content\/uploads\/2021\/11\/normatives-i-reglaments.jpg 768w, https:\/\/taigua.cat\/wp-content\/uploads\/2021\/11\/normatives-i-reglaments-300x186.jpg 300w\" sizes=\"(max-width: 768px) 100vw, 768px\" \/>\t\t\t\t\t\t\t\t<\/a>\n\t\t\t\t\t\t\t\t\t\t\t\t\t\t\t<\/div>\n\t\t\t\t<\/div>\n\t\t\t\t<div data-dce-title-color=\"#379EFF\" class=\"elementor-element elementor-element-d99fbb6 elementor-widget elementor-widget-heading\" data-id=\"d99fbb6\" data-element_type=\"widget\" data-e-type=\"widget\" data-widget_type=\"heading.default\">\n\t\t\t\t<div class=\"elementor-widget-container\">\n\t\t\t\t\t<p class=\"elementor-heading-title elementor-size-default\"><a href=\"https:\/\/taigua.cat\/normatives-i-reglaments\/\" target=\"_blank\">Normativas y reglamentos<\/a><\/p>\t\t\t\t<\/div>\n\t\t\t\t<\/div>\n\t\t\t\t\t<\/div>\n\t\t<\/div>\n\t\t\t\t<div class=\"elementor-column elementor-col-25 elementor-top-column elementor-element elementor-element-ad92e1a\" data-id=\"ad92e1a\" data-element_type=\"column\" data-e-type=\"column\">\n\t\t\t<div class=\"elementor-widget-wrap elementor-element-populated\">\n\t\t\t\t\t\t<div class=\"elementor-element elementor-element-6c9e734 dce_masking-none elementor-widget elementor-widget-image\" data-id=\"6c9e734\" data-element_type=\"widget\" data-e-type=\"widget\" data-widget_type=\"image.default\">\n\t\t\t\t<div class=\"elementor-widget-container\">\n\t\t\t\t\t\t\t\t\t\t\t\t\t\t\t\t<a href=\"https:\/\/taigua.cat\/informacio-economica\/\" target=\"_blank\">\n\t\t\t\t\t\t\t<img decoding=\"async\" width=\"768\" height=\"475\" src=\"https:\/\/taigua.cat\/wp-content\/uploads\/2021\/11\/informacio-economica-1.jpg\" class=\"elementor-animation-grow attachment-full size-full wp-image-18950\" alt=\"\" srcset=\"https:\/\/taigua.cat\/wp-content\/uploads\/2021\/11\/informacio-economica-1.jpg 768w, https:\/\/taigua.cat\/wp-content\/uploads\/2021\/11\/informacio-economica-1-300x186.jpg 300w\" sizes=\"(max-width: 768px) 100vw, 768px\" \/>\t\t\t\t\t\t\t\t<\/a>\n\t\t\t\t\t\t\t\t\t\t\t\t\t\t\t<\/div>\n\t\t\t\t<\/div>\n\t\t\t\t<div data-dce-title-color=\"#379EFF\" class=\"elementor-element elementor-element-44cbef5 elementor-widget elementor-widget-heading\" data-id=\"44cbef5\" data-element_type=\"widget\" data-e-type=\"widget\" data-widget_type=\"heading.default\">\n\t\t\t\t<div class=\"elementor-widget-container\">\n\t\t\t\t\t<p class=\"elementor-heading-title elementor-size-default\"><a href=\"https:\/\/taigua.cat\/informacio-economica\/\" target=\"_blank\">Informaci\u00f3n econ\u00f3mica<\/a><\/p>\t\t\t\t<\/div>\n\t\t\t\t<\/div>\n\t\t\t\t\t<\/div>\n\t\t<\/div>\n\t\t\t\t<div class=\"elementor-column elementor-col-25 elementor-top-column elementor-element elementor-element-26071a5\" data-id=\"26071a5\" data-element_type=\"column\" data-e-type=\"column\">\n\t\t\t<div class=\"elementor-widget-wrap elementor-element-populated\">\n\t\t\t\t\t\t<div class=\"elementor-element elementor-element-55b93c5 dce_masking-none elementor-widget elementor-widget-image\" data-id=\"55b93c5\" data-element_type=\"widget\" data-e-type=\"widget\" data-widget_type=\"image.default\">\n\t\t\t\t<div class=\"elementor-widget-container\">\n\t\t\t\t\t\t\t\t\t\t\t\t\t\t\t\t<a href=\"https:\/\/taigua.cat\/es\/datos-de-interes-3\/\" target=\"_blank\">\n\t\t\t\t\t\t\t<img loading=\"lazy\" decoding=\"async\" width=\"333\" height=\"296\" src=\"https:\/\/taigua.cat\/wp-content\/uploads\/2025\/03\/ods.jpg\" class=\"attachment-large size-large wp-image-113505\" alt=\"\" srcset=\"https:\/\/taigua.cat\/wp-content\/uploads\/2025\/03\/ods.jpg 333w, https:\/\/taigua.cat\/wp-content\/uploads\/2025\/03\/ods-300x267.jpg 300w\" sizes=\"(max-width: 333px) 100vw, 333px\" \/>\t\t\t\t\t\t\t\t<\/a>\n\t\t\t\t\t\t\t\t\t\t\t\t\t\t\t<\/div>\n\t\t\t\t<\/div>\n\t\t\t\t<div data-dce-title-color=\"#379EFF\" class=\"elementor-element elementor-element-4fa357b elementor-widget elementor-widget-heading\" data-id=\"4fa357b\" data-element_type=\"widget\" data-e-type=\"widget\" data-widget_type=\"heading.default\">\n\t\t\t\t<div class=\"elementor-widget-container\">\n\t\t\t\t\t<p class=\"elementor-heading-title elementor-size-default\"><a href=\"https:\/\/taigua.cat\/es\/datos-de-interes-3\" target=\"_blank\">Datos de inter\u00e9s<\/a><\/p>\t\t\t\t<\/div>\n\t\t\t\t<\/div>\n\t\t\t\t\t<\/div>\n\t\t<\/div>\n\t\t\t\t\t<\/div>\n\t\t<\/section>\n\t\t\t\t<section class=\"elementor-section elementor-top-section elementor-element elementor-element-6ad98b0 elementor-section-boxed elementor-section-height-default elementor-section-height-default\" data-id=\"6ad98b0\" data-element_type=\"section\" data-e-type=\"section\">\n\t\t\t\t\t\t<div class=\"elementor-container elementor-column-gap-default\">\n\t\t\t\t\t<div class=\"elementor-column elementor-col-25 elementor-top-column elementor-element elementor-element-1a1e75a\" data-id=\"1a1e75a\" data-element_type=\"column\" data-e-type=\"column\">\n\t\t\t<div class=\"elementor-widget-wrap elementor-element-populated\">\n\t\t\t\t\t\t<div class=\"elementor-element elementor-element-075b8a3 dce_masking-none elementor-widget elementor-widget-image\" data-id=\"075b8a3\" data-element_type=\"widget\" data-e-type=\"widget\" data-widget_type=\"image.default\">\n\t\t\t\t<div class=\"elementor-widget-container\">\n\t\t\t\t\t\t\t\t\t\t\t\t\t\t\t\t<a href=\"https:\/\/taigua.cat\/es\/politicas-de-empresa\/\" target=\"_blank\">\n\t\t\t\t\t\t\t<img loading=\"lazy\" decoding=\"async\" width=\"722\" height=\"445\" src=\"https:\/\/taigua.cat\/wp-content\/uploads\/2021\/11\/sistema-integrat-de-gestio-e1711468437785.jpg\" class=\"attachment-full size-full wp-image-18936\" alt=\"sistema-integrat-de-gestio\" srcset=\"https:\/\/taigua.cat\/wp-content\/uploads\/2021\/11\/sistema-integrat-de-gestio-e1711468437785.jpg 722w, https:\/\/taigua.cat\/wp-content\/uploads\/2021\/11\/sistema-integrat-de-gestio-e1711468437785-300x185.jpg 300w\" sizes=\"(max-width: 722px) 100vw, 722px\" \/>\t\t\t\t\t\t\t\t<\/a>\n\t\t\t\t\t\t\t\t\t\t\t\t\t\t\t<\/div>\n\t\t\t\t<\/div>\n\t\t\t\t<div data-dce-title-color=\"#379EFF\" class=\"elementor-element elementor-element-7f21f95 elementor-widget elementor-widget-heading\" data-id=\"7f21f95\" data-element_type=\"widget\" data-e-type=\"widget\" data-widget_type=\"heading.default\">\n\t\t\t\t<div class=\"elementor-widget-container\">\n\t\t\t\t\t<p class=\"elementor-heading-title elementor-size-default\"><a href=\"https:\/\/taigua.cat\/es\/politicas-de-empresa\/\" target=\"_blank\">Pol\u00edticas de empresa<\/a><\/p>\t\t\t\t<\/div>\n\t\t\t\t<\/div>\n\t\t\t\t\t<\/div>\n\t\t<\/div>\n\t\t\t\t<div class=\"elementor-column elementor-col-25 elementor-top-column elementor-element elementor-element-5b7a950\" data-id=\"5b7a950\" data-element_type=\"column\" data-e-type=\"column\">\n\t\t\t<div class=\"elementor-widget-wrap elementor-element-populated\">\n\t\t\t\t\t\t<div class=\"elementor-element elementor-element-d1760d1 dce_masking-none elementor-widget elementor-widget-image\" data-id=\"d1760d1\" data-element_type=\"widget\" data-e-type=\"widget\" data-widget_type=\"image.default\">\n\t\t\t\t<div class=\"elementor-widget-container\">\n\t\t\t\t\t\t\t\t\t\t\t\t\t\t\t\t<a href=\"https:\/\/taigua.cat\/qualitat-de-laigua\/\" target=\"_blank\">\n\t\t\t\t\t\t\t<img loading=\"lazy\" decoding=\"async\" width=\"768\" height=\"475\" src=\"https:\/\/taigua.cat\/wp-content\/uploads\/2021\/11\/qualitat-1.jpg\" class=\"elementor-animation-grow attachment-full size-full wp-image-19036\" alt=\"qualitat\" srcset=\"https:\/\/taigua.cat\/wp-content\/uploads\/2021\/11\/qualitat-1.jpg 768w, https:\/\/taigua.cat\/wp-content\/uploads\/2021\/11\/qualitat-1-300x186.jpg 300w\" sizes=\"(max-width: 768px) 100vw, 768px\" \/>\t\t\t\t\t\t\t\t<\/a>\n\t\t\t\t\t\t\t\t\t\t\t\t\t\t\t<\/div>\n\t\t\t\t<\/div>\n\t\t\t\t<div data-dce-title-color=\"#379EFF\" class=\"elementor-element elementor-element-a0c2975 elementor-widget elementor-widget-heading\" data-id=\"a0c2975\" data-element_type=\"widget\" data-e-type=\"widget\" data-widget_type=\"heading.default\">\n\t\t\t\t<div class=\"elementor-widget-container\">\n\t\t\t\t\t<p class=\"elementor-heading-title elementor-size-default\"><a href=\"https:\/\/taigua.cat\/qualitat-de-laigua\/\" target=\"_blank\">Calidad del Agua y m\u00e1s datos <\/a><\/p>\t\t\t\t<\/div>\n\t\t\t\t<\/div>\n\t\t\t\t\t<\/div>\n\t\t<\/div>\n\t\t\t\t<div class=\"elementor-column elementor-col-25 elementor-top-column elementor-element elementor-element-5c8f169\" data-id=\"5c8f169\" data-element_type=\"column\" data-e-type=\"column\">\n\t\t\t<div class=\"elementor-widget-wrap elementor-element-populated\">\n\t\t\t\t\t\t<div class=\"elementor-element elementor-element-398edca dce_masking-none elementor-widget elementor-widget-image\" data-id=\"398edca\" data-element_type=\"widget\" data-e-type=\"widget\" data-widget_type=\"image.default\">\n\t\t\t\t<div class=\"elementor-widget-container\">\n\t\t\t\t\t\t\t\t\t\t\t\t\t\t\t\t<a href=\"https:\/\/taigua.cat\/enquestes\/\" target=\"_blank\">\n\t\t\t\t\t\t\t<img loading=\"lazy\" decoding=\"async\" width=\"1536\" height=\"948\" src=\"https:\/\/taigua.cat\/wp-content\/uploads\/2022\/04\/20220405_134924-1-e1649172540535-1536x948.jpg\" class=\"elementor-animation-grow attachment-1536x1536 size-1536x1536 wp-image-35062\" alt=\"\" srcset=\"https:\/\/taigua.cat\/wp-content\/uploads\/2022\/04\/20220405_134924-1-e1649172540535-1536x948.jpg 1536w, https:\/\/taigua.cat\/wp-content\/uploads\/2022\/04\/20220405_134924-1-e1649172540535-300x185.jpg 300w, https:\/\/taigua.cat\/wp-content\/uploads\/2022\/04\/20220405_134924-1-e1649172540535-1024x632.jpg 1024w, https:\/\/taigua.cat\/wp-content\/uploads\/2022\/04\/20220405_134924-1-e1649172540535-768x474.jpg 768w, https:\/\/taigua.cat\/wp-content\/uploads\/2022\/04\/20220405_134924-1-e1649172540535.jpg 1583w\" sizes=\"(max-width: 1536px) 100vw, 1536px\" \/>\t\t\t\t\t\t\t\t<\/a>\n\t\t\t\t\t\t\t\t\t\t\t\t\t\t\t<\/div>\n\t\t\t\t<\/div>\n\t\t\t\t<div data-dce-title-color=\"#379EFF\" class=\"elementor-element elementor-element-afc01db elementor-widget elementor-widget-heading\" data-id=\"afc01db\" data-element_type=\"widget\" data-e-type=\"widget\" data-widget_type=\"heading.default\">\n\t\t\t\t<div class=\"elementor-widget-container\">\n\t\t\t\t\t<p class=\"elementor-heading-title elementor-size-default\"><a href=\"https:\/\/taigua.cat\/enquestes\/\" target=\"_blank\">Encuestas<\/a><\/p>\t\t\t\t<\/div>\n\t\t\t\t<\/div>\n\t\t\t\t\t<\/div>\n\t\t<\/div>\n\t\t\t\t<div class=\"elementor-column elementor-col-25 elementor-top-column elementor-element elementor-element-5e26fbf\" data-id=\"5e26fbf\" data-element_type=\"column\" data-e-type=\"column\">\n\t\t\t<div class=\"elementor-widget-wrap elementor-element-populated\">\n\t\t\t\t\t\t<div class=\"elementor-element elementor-element-e6ab26c dce_masking-none elementor-widget elementor-widget-image\" data-id=\"e6ab26c\" data-element_type=\"widget\" data-e-type=\"widget\" data-widget_type=\"image.default\">\n\t\t\t\t<div class=\"elementor-widget-container\">\n\t\t\t\t\t\t\t\t\t\t\t\t<figure class=\"wp-caption\">\n\t\t\t\t\t\t\t\t\t\t\t<a href=\"https:\/\/www.seu-e.cat\/es\/web\/taigua\/govern-obert-i-transparencia\" target=\"_blank\">\n\t\t\t\t\t\t\t<img loading=\"lazy\" decoding=\"async\" width=\"150\" height=\"150\" src=\"https:\/\/taigua.cat\/wp-content\/uploads\/2025\/09\/transparencia-baner-1-150x150.png\" class=\"elementor-animation-grow attachment-thumbnail size-thumbnail wp-image-160078\" alt=\"\" \/>\t\t\t\t\t\t\t\t<\/a>\n\t\t\t\t\t\t\t\t\t\t\t<figcaption class=\"widget-image-caption wp-caption-text\"><\/figcaption>\n\t\t\t\t\t\t\t\t\t\t<\/figure>\n\t\t\t\t\t\t\t\t\t<\/div>\n\t\t\t\t<\/div>\n\t\t\t\t<div data-dce-title-color=\"#379EFF\" class=\"elementor-element elementor-element-f4986cf elementor-widget elementor-widget-heading\" data-id=\"f4986cf\" data-element_type=\"widget\" data-e-type=\"widget\" data-widget_type=\"heading.default\">\n\t\t\t\t<div class=\"elementor-widget-container\">\n\t\t\t\t\t<p class=\"elementor-heading-title elementor-size-default\"><a href=\"https:\/\/www.seu-e.cat\/es\/web\/taigua\/govern-obert-i-transparencia\" target=\"_blank\">Gobierno abierto y transparencia<\/a><\/p>\t\t\t\t<\/div>\n\t\t\t\t<\/div>\n\t\t\t\t\t<\/div>\n\t\t<\/div>\n\t\t\t\t\t<\/div>\n\t\t<\/section>\n\t\t\t\t<section class=\"elementor-section elementor-top-section elementor-element elementor-element-f809db0 elementor-section-boxed elementor-section-height-default elementor-section-height-default\" data-id=\"f809db0\" data-element_type=\"section\" data-e-type=\"section\">\n\t\t\t\t\t\t<div class=\"elementor-container elementor-column-gap-default\">\n\t\t\t\t\t<div class=\"elementor-column elementor-col-100 elementor-top-column elementor-element elementor-element-c0219d7\" data-id=\"c0219d7\" data-element_type=\"column\" data-e-type=\"column\">\n\t\t\t<div class=\"elementor-widget-wrap elementor-element-populated\">\n\t\t\t\t\t\t<div class=\"elementor-element elementor-element-1e23c7a elementor-align-center elementor-widget elementor-widget-button\" data-id=\"1e23c7a\" data-element_type=\"widget\" data-e-type=\"widget\" data-widget_type=\"button.default\">\n\t\t\t\t<div class=\"elementor-widget-container\">\n\t\t\t\t\t\t\t\t\t<div class=\"elementor-button-wrapper\">\n\t\t\t\t\t<a class=\"elementor-button elementor-button-link elementor-size-sm\" href=\"https:\/\/taigua.cat\/es\/resoluciones-de-emergencia-para-la-contratacion-de-servicios\/\" target=\"_blank\">\n\t\t\t\t\t\t<span class=\"elementor-button-content-wrapper\">\n\t\t\t\t\t\t\t\t\t<span class=\"elementor-button-text\">RESOLUCIONES DE EMERGENCIA PARA LA CONTRATACI\u00d3N DE SERVICIOS<\/span>\n\t\t\t\t\t<\/span>\n\t\t\t\t\t<\/a>\n\t\t\t\t<\/div>\n\t\t\t\t\t\t\t\t<\/div>\n\t\t\t\t<\/div>\n\t\t\t\t\t<\/div>\n\t\t<\/div>\n\t\t\t\t\t<\/div>\n\t\t<\/section>\n\t\t\t\t<section class=\"elementor-section elementor-top-section elementor-element elementor-element-63017f4 elementor-section-boxed elementor-section-height-default elementor-section-height-default\" data-id=\"63017f4\" data-element_type=\"section\" data-e-type=\"section\">\n\t\t\t\t\t\t<div class=\"elementor-container elementor-column-gap-default\">\n\t\t\t\t\t<div class=\"elementor-column elementor-col-50 elementor-top-column elementor-element elementor-element-d458d37\" data-id=\"d458d37\" data-element_type=\"column\" data-e-type=\"column\">\n\t\t\t<div class=\"elementor-widget-wrap elementor-element-populated\">\n\t\t\t\t\t\t<div class=\"elementor-element elementor-element-3132cf6 elementor-button-warning elementor-align-center elementor-widget elementor-widget-button\" data-id=\"3132cf6\" data-element_type=\"widget\" data-e-type=\"widget\" data-widget_type=\"button.default\">\n\t\t\t\t<div class=\"elementor-widget-container\">\n\t\t\t\t\t\t\t\t\t<div class=\"elementor-button-wrapper\">\n\t\t\t\t\t<a class=\"elementor-button elementor-button-link elementor-size-sm\" href=\"https:\/\/taigua.cat\/es\/politica-de-privacidad\/\" target=\"_blank\">\n\t\t\t\t\t\t<span class=\"elementor-button-content-wrapper\">\n\t\t\t\t\t\t\t\t\t<span class=\"elementor-button-text\">DERECHOS DE PROTECCI\u00d3N DE DATOS<\/span>\n\t\t\t\t\t<\/span>\n\t\t\t\t\t<\/a>\n\t\t\t\t<\/div>\n\t\t\t\t\t\t\t\t<\/div>\n\t\t\t\t<\/div>\n\t\t\t\t\t<\/div>\n\t\t<\/div>\n\t\t\t\t<div class=\"elementor-column elementor-col-50 elementor-top-column elementor-element elementor-element-3b80510\" data-id=\"3b80510\" data-element_type=\"column\" data-e-type=\"column\">\n\t\t\t<div class=\"elementor-widget-wrap elementor-element-populated\">\n\t\t\t\t\t\t<div class=\"elementor-element elementor-element-9454fc9 elementor-button-warning elementor-align-center elementor-widget elementor-widget-button\" data-id=\"9454fc9\" data-element_type=\"widget\" data-e-type=\"widget\" data-widget_type=\"button.default\">\n\t\t\t\t<div class=\"elementor-widget-container\">\n\t\t\t\t\t\t\t\t\t<div class=\"elementor-button-wrapper\">\n\t\t\t\t\t<a class=\"elementor-button elementor-button-link elementor-size-sm\" href=\"https:\/\/www.seu-e.cat\/ca\/web\/taigua\/tramits-i-gestions\/-\/tramits\/classificacio\/transparencia?p_auth=w917GrFa\" target=\"_blank\">\n\t\t\t\t\t\t<span class=\"elementor-button-content-wrapper\">\n\t\t\t\t\t\t\t\t\t<span class=\"elementor-button-text\">DERECHO DE ACCESO A LA INFORMACI\u00d3N P\u00daBLICA<\/span>\n\t\t\t\t\t<\/span>\n\t\t\t\t\t<\/a>\n\t\t\t\t<\/div>\n\t\t\t\t\t\t\t\t<\/div>\n\t\t\t\t<\/div>\n\t\t\t\t\t<\/div>\n\t\t<\/div>\n\t\t\t\t\t<\/div>\n\t\t<\/section>\n\t\t\t\t<\/div>\n\t\t","protected":false},"excerpt":{"rendered":"<p>Gobernanza Normativas y reglamentos Informaci\u00f3n econ\u00f3mica Datos de inter\u00e9s Pol\u00edticas de empresa Calidad del Agua y m\u00e1s datos Encuestas Gobierno abierto y transparencia RESOLUCIONES DE EMERGENCIA PARA LA CONTRATACI\u00d3N DE SERVICIOS DERECHOS DE PROTECCI\u00d3N DE DATOS DERECHO DE ACCESO A LA INFORMACI\u00d3N P\u00daBLICA<\/p>\n","protected":false},"author":7,"featured_media":0,"parent":0,"menu_order":0,"comment_status":"closed","ping_status":"closed","template":"","meta":{"_acf_changed":false,"footnotes":""},"class_list":["post-30367","page","type-page","status-publish","hentry"],"acf":[],"aioseo_notices":[],"_links":{"self":[{"href":"https:\/\/taigua.cat\/es\/wp-json\/wp\/v2\/pages\/30367","targetHints":{"allow":["GET"]}}],"collection":[{"href":"https:\/\/taigua.cat\/es\/wp-json\/wp\/v2\/pages"}],"about":[{"href":"https:\/\/taigua.cat\/es\/wp-json\/wp\/v2\/types\/page"}],"author":[{"embeddable":true,"href":"https:\/\/taigua.cat\/es\/wp-json\/wp\/v2\/users\/7"}],"replies":[{"embeddable":true,"href":"https:\/\/taigua.cat\/es\/wp-json\/wp\/v2\/comments?post=30367"}],"version-history":[{"count":167,"href":"https:\/\/taigua.cat\/es\/wp-json\/wp\/v2\/pages\/30367\/revisions"}],"predecessor-version":[{"id":201686,"href":"https:\/\/taigua.cat\/es\/wp-json\/wp\/v2\/pages\/30367\/revisions\/201686"}],"wp:attachment":[{"href":"https:\/\/taigua.cat\/es\/wp-json\/wp\/v2\/media?parent=30367"}],"curies":[{"name":"wp","href":"https:\/\/api.w.org\/{rel}","templated":true}]}}