{"id":30398,"date":"2022-03-03T10:23:14","date_gmt":"2022-03-03T09:23:14","guid":{"rendered":"https:\/\/taigua.proo.es\/?page_id=30398"},"modified":"2024-05-22T14:07:45","modified_gmt":"2024-05-22T12:07:45","slug":"consejos-de-ahorro","status":"publish","type":"page","link":"https:\/\/taigua.cat\/es\/consejos-de-ahorro\/","title":{"rendered":"Consejos de ahorro"},"content":{"rendered":"\t\t<div data-elementor-type=\"wp-page\" data-elementor-id=\"30398\" class=\"elementor elementor-30398\" data-elementor-post-type=\"page\">\n\t\t\t\t\t\t<section class=\"elementor-section elementor-top-section elementor-element elementor-element-0b329ca elementor-section-boxed elementor-section-height-default elementor-section-height-default\" data-id=\"0b329ca\" data-element_type=\"section\" data-e-type=\"section\">\n\t\t\t\t\t\t<div class=\"elementor-container elementor-column-gap-default\">\n\t\t\t\t\t<div class=\"elementor-column elementor-col-100 elementor-top-column elementor-element elementor-element-50d005a\" data-id=\"50d005a\" data-element_type=\"column\" data-e-type=\"column\">\n\t\t\t<div class=\"elementor-widget-wrap elementor-element-populated\">\n\t\t\t\t\t\t<div class=\"elementor-element elementor-element-8ab1cd3 elementor-widget elementor-widget-text-editor\" data-id=\"8ab1cd3\" data-element_type=\"widget\" data-e-type=\"widget\" data-widget_type=\"text-editor.default\">\n\t\t\t\t<div class=\"elementor-widget-container\">\n\t\t\t\t\t\t\t\t\t<h6>El agua es necesaria para la vida y las actividades humanas. Es un recurso escaso que debemos cuidar, mantener y ahorrar. En este sentido, hay que recordar la necesidad de que todo el mundo haga un consumo responsable.<\/h6>\t\t\t\t\t\t\t\t<\/div>\n\t\t\t\t<\/div>\n\t\t\t\t\t<\/div>\n\t\t<\/div>\n\t\t\t\t\t<\/div>\n\t\t<\/section>\n\t\t\t\t<section class=\"elementor-section elementor-top-section elementor-element elementor-element-3a0a730 elementor-section-boxed elementor-section-height-default elementor-section-height-default\" data-id=\"3a0a730\" data-element_type=\"section\" data-e-type=\"section\">\n\t\t\t\t\t\t<div class=\"elementor-container elementor-column-gap-default\">\n\t\t\t\t\t<div class=\"elementor-column elementor-col-50 elementor-top-column elementor-element elementor-element-3aab55c\" data-id=\"3aab55c\" data-element_type=\"column\" data-e-type=\"column\">\n\t\t\t<div class=\"elementor-widget-wrap elementor-element-populated\">\n\t\t\t\t\t\t<div class=\"elementor-element elementor-element-688b794 elementor-widget elementor-widget-heading\" data-id=\"688b794\" data-element_type=\"widget\" data-e-type=\"widget\" data-widget_type=\"heading.default\">\n\t\t\t\t<div class=\"elementor-widget-container\">\n\t\t\t\t\t<h4 class=\"elementor-heading-title elementor-size-default\">Recomendaciones para un consumo responsable <\/h4>\t\t\t\t<\/div>\n\t\t\t\t<\/div>\n\t\t\t\t<div class=\"elementor-element elementor-element-6d1fb65 elementor-widget elementor-widget-text-editor\" data-id=\"6d1fb65\" data-element_type=\"widget\" data-e-type=\"widget\" data-widget_type=\"text-editor.default\">\n\t\t\t\t<div class=\"elementor-widget-container\">\n\t\t\t\t\t\t\t\t\t<ul><li>Cierre el grifo mientras se jabone o lave los dientes. Un grifo abierto mana a 10 litros por minuto.<\/li><li>Coloque aireadores o reductores de caudal en los grifos. Se puede ahorrar hasta un 50% de agua.<\/li><li>Utilice la ducha (m\u00e1x. 3 minutos) en lugar de la ba\u00f1era. Para llenarla se necesitan 300 litros, mientras que la ducha de 3 min. gasta unos 45\/50 litros.<\/li><li>Aproveche el agua de ducha hasta que se calienta. La puedes utilizar para el inodoro, fregar o para regar. (Ten un cubo cerca).<\/li><li>No utilice el inodoro como papelera. En cada descarga se vierten unos 10 litros.<\/li><li>Instale, si es posible, cisternas de doble descarga.<\/li><li>Llene la lavadora y el lavavajillas a la m\u00e1xima capacidad y utilice programas de ahorro.<\/li><li>Aproveche el agua de lluvia para regar las plantas y h\u00e1galo por la ma\u00f1ana o por la noche para evitar la evaporaci\u00f3n.<\/li><li>Revise la instalaci\u00f3n para evitar fugas y repare los grifos que pierdan agua. Un grifo que gotea gasta hasta 30 litros al d\u00eda.<\/li><li>Si tiene jard\u00edn, aplique t\u00e9cnicas de riego por goteo o por microaspersi\u00f3n. Antes de plantar c\u00e9sped, hay que pensarlo bien: requiere mucha agua.<\/li><\/ul><p><strong>M\u00e1s informaci\u00f3n en este <\/strong><a href=\"http:\/\/aca.gencat.cat\/web\/.content\/10_ACA\/J_Publicacions\/03-guies\/09-guia_web_estalvi_aigua_domestics.pdf\" target=\"_blank\" rel=\"noopener\"><strong>enlace<\/strong><\/a><\/p>\t\t\t\t\t\t\t\t<\/div>\n\t\t\t\t<\/div>\n\t\t\t\t\t<\/div>\n\t\t<\/div>\n\t\t\t\t<div class=\"elementor-column elementor-col-50 elementor-top-column elementor-element elementor-element-850a524\" data-id=\"850a524\" data-element_type=\"column\" data-e-type=\"column\">\n\t\t\t<div class=\"elementor-widget-wrap elementor-element-populated\">\n\t\t\t\t\t\t<div class=\"elementor-element elementor-element-9249b3e dce_masking-none elementor-widget elementor-widget-video\" data-id=\"9249b3e\" data-element_type=\"widget\" data-e-type=\"widget\" data-settings=\"{&quot;video_type&quot;:&quot;hosted&quot;,&quot;controls&quot;:&quot;yes&quot;}\" data-widget_type=\"video.default\">\n\t\t\t\t<div class=\"elementor-widget-container\">\n\t\t\t\t\t\t\t<div class=\"e-hosted-video elementor-wrapper elementor-open-inline\">\n\t\t\t\t\t<video class=\"elementor-video\" src=\"https:\/\/taigua.cat\/wp-content\/uploads\/2021\/12\/Aigua-es-vida.mp4\" controls=\"\" preload=\"metadata\" controlsList=\"nodownload\"><\/video>\n\t\t\t\t<\/div>\n\t\t\t\t\t\t<\/div>\n\t\t\t\t<\/div>\n\t\t\t\t<div class=\"elementor-element elementor-element-ef161b6 dce_masking-none elementor-widget elementor-widget-image\" data-id=\"ef161b6\" data-element_type=\"widget\" data-e-type=\"widget\" data-widget_type=\"image.default\">\n\t\t\t\t<div class=\"elementor-widget-container\">\n\t\t\t\t\t\t\t\t\t\t\t\t\t\t\t\t<a href=\"https:\/\/vimeo.com\/manage\/videos\/662313046\" target=\"_blank\">\n\t\t\t\t\t\t\t<img fetchpriority=\"high\" decoding=\"async\" width=\"400\" height=\"243\" src=\"https:\/\/taigua.cat\/wp-content\/uploads\/2022\/08\/CONSEJOS-copia.jpg\" class=\"attachment-large size-large wp-image-37196\" alt=\"\" srcset=\"https:\/\/taigua.cat\/wp-content\/uploads\/2022\/08\/CONSEJOS-copia.jpg 400w, https:\/\/taigua.cat\/wp-content\/uploads\/2022\/08\/CONSEJOS-copia-300x182.jpg 300w\" sizes=\"(max-width: 400px) 100vw, 400px\" \/>\t\t\t\t\t\t\t\t<\/a>\n\t\t\t\t\t\t\t\t\t\t\t\t\t\t\t<\/div>\n\t\t\t\t<\/div>\n\t\t\t\t\t<\/div>\n\t\t<\/div>\n\t\t\t\t\t<\/div>\n\t\t<\/section>\n\t\t\t\t<section class=\"elementor-section elementor-top-section elementor-element elementor-element-91b7e40 elementor-section-boxed elementor-section-height-default elementor-section-height-default\" data-id=\"91b7e40\" data-element_type=\"section\" data-e-type=\"section\">\n\t\t\t\t\t\t<div class=\"elementor-container elementor-column-gap-default\">\n\t\t\t\t\t<div class=\"elementor-column elementor-col-100 elementor-top-column elementor-element elementor-element-09ff138\" data-id=\"09ff138\" data-element_type=\"column\" data-e-type=\"column\">\n\t\t\t<div class=\"elementor-widget-wrap elementor-element-populated\">\n\t\t\t\t\t\t<div class=\"elementor-element elementor-element-06e307a elementor-widget elementor-widget-text-editor\" data-id=\"06e307a\" data-element_type=\"widget\" data-e-type=\"widget\" data-widget_type=\"text-editor.default\">\n\t\t\t\t<div class=\"elementor-widget-container\">\n\t\t\t\t\t\t\t\t\t<p>V\u00eddeo de promoci\u00f3n del ahorro realizado por el alumnado de Escola de Natura. <a href=\"https:\/\/drive.google.com\/file\/d\/1Zs8aYi9GSqtVoRf89Dyjj-1QnGod7Co5\/view\" target=\"_blank\" rel=\"noopener\">enlace<\/a><\/p>\t\t\t\t\t\t\t\t<\/div>\n\t\t\t\t<\/div>\n\t\t\t\t\t<\/div>\n\t\t<\/div>\n\t\t\t\t\t<\/div>\n\t\t<\/section>\n\t\t\t\t<\/div>\n\t\t","protected":false},"excerpt":{"rendered":"<p>El agua es necesaria para la vida y las actividades humanas. Es un recurso escaso que debemos cuidar, mantener y ahorrar. En este sentido, hay que recordar la necesidad de que todo el mundo haga un consumo responsable. Recomendaciones para un consumo responsable Cierre el grifo mientras se jabone o lave los dientes. Un grifo [&hellip;]<\/p>\n","protected":false},"author":1,"featured_media":0,"parent":0,"menu_order":0,"comment_status":"closed","ping_status":"closed","template":"","meta":{"_acf_changed":false,"footnotes":""},"class_list":["post-30398","page","type-page","status-publish","hentry"],"acf":[],"aioseo_notices":[],"_links":{"self":[{"href":"https:\/\/taigua.cat\/es\/wp-json\/wp\/v2\/pages\/30398","targetHints":{"allow":["GET"]}}],"collection":[{"href":"https:\/\/taigua.cat\/es\/wp-json\/wp\/v2\/pages"}],"about":[{"href":"https:\/\/taigua.cat\/es\/wp-json\/wp\/v2\/types\/page"}],"author":[{"embeddable":true,"href":"https:\/\/taigua.cat\/es\/wp-json\/wp\/v2\/users\/1"}],"replies":[{"embeddable":true,"href":"https:\/\/taigua.cat\/es\/wp-json\/wp\/v2\/comments?post=30398"}],"version-history":[{"count":40,"href":"https:\/\/taigua.cat\/es\/wp-json\/wp\/v2\/pages\/30398\/revisions"}],"predecessor-version":[{"id":62833,"href":"https:\/\/taigua.cat\/es\/wp-json\/wp\/v2\/pages\/30398\/revisions\/62833"}],"wp:attachment":[{"href":"https:\/\/taigua.cat\/es\/wp-json\/wp\/v2\/media?parent=30398"}],"curies":[{"name":"wp","href":"https:\/\/api.w.org\/{rel}","templated":true}]}}