{"id":30430,"date":"2022-03-03T13:10:13","date_gmt":"2022-03-03T12:10:13","guid":{"rendered":"https:\/\/taigua.proo.es\/?page_id=30430"},"modified":"2024-10-23T13:44:41","modified_gmt":"2024-10-23T11:44:41","slug":"sistema-integrado-de-gestion","status":"publish","type":"page","link":"https:\/\/taigua.cat\/es\/sistema-integrado-de-gestion\/","title":{"rendered":"SISTEMA INTEGRADO DE GESTI\u00d3N"},"content":{"rendered":"\t\t<div data-elementor-type=\"wp-page\" data-elementor-id=\"30430\" class=\"elementor elementor-30430\" data-elementor-post-type=\"page\">\n\t\t\t\t\t\t<section class=\"elementor-section elementor-top-section elementor-element elementor-element-301919f elementor-section-boxed elementor-section-height-default elementor-section-height-default\" data-id=\"301919f\" data-element_type=\"section\" data-e-type=\"section\">\n\t\t\t\t\t\t<div class=\"elementor-container elementor-column-gap-default\">\n\t\t\t\t\t<div class=\"elementor-column elementor-col-100 elementor-top-column elementor-element elementor-element-d9c3d3b\" data-id=\"d9c3d3b\" data-element_type=\"column\" data-e-type=\"column\">\n\t\t\t<div class=\"elementor-widget-wrap elementor-element-populated\">\n\t\t\t\t\t\t<div class=\"elementor-element elementor-element-e1ff5c1 elementor-widget elementor-widget-text-editor\" data-id=\"e1ff5c1\" data-element_type=\"widget\" data-e-type=\"widget\" data-widget_type=\"text-editor.default\">\n\t\t\t\t<div class=\"elementor-widget-container\">\n\t\t\t\t\t\t\t\t\t<div id=\"tw-target-text-container\" class=\"tw-ta-container F0azHf tw-nfl\" tabindex=\"0\"><p id=\"tw-target-text\" class=\"tw-data-text tw-text-large tw-ta\" dir=\"ltr\" data-placeholder=\"Traducci\u00f3\"><span class=\"Y2IQFc\" lang=\"es\">TAIGUA se encuentra actualmente en fase de implantaci\u00f3n de un sistema de gesti\u00f3n integrado que incluye la gesti\u00f3n de la calidad ambiental, de la inocuidad y de la seguridad y salud en el trabajo. El sistema tiene como objetivo la mejora continua del agua y los servicios que presta TAIGUA, reduciendo su impacto ambiental y garantizando la seguridad de las personas trabajadoras.<\/span><\/p><p class=\"tw-data-text tw-text-large tw-ta\" dir=\"ltr\" data-placeholder=\"Traducci\u00f3\"><strong><span class=\"Y2IQFc\" lang=\"es\">ISO 9001:2015 Gesti\u00f3n de calidad.<\/span><\/strong><\/p><p class=\"tw-data-text tw-text-large tw-ta\" dir=\"ltr\" data-placeholder=\"Traducci\u00f3\"><span class=\"Y2IQFc\" lang=\"es\">Centrada en la mejora de la calidad de la gesti\u00f3n, el servicio prestado, el compromiso con el cliente y con las partes interesadas. Garantiza la mejora continua de las actividades y procesos de TAIGUA. Enfocada a la satisfacci\u00f3n de los usuarios y otras partes interesadas y enfocada al cumplimiento de requisitos legales y propios. <\/span><\/p><p class=\"tw-data-text tw-text-large tw-ta\" dir=\"ltr\" data-placeholder=\"Traducci\u00f3\"><strong><span class=\"Y2IQFc\" lang=\"es\">ISO 14001:2015 Gesti\u00f3n ambiental. <\/span><\/strong><\/p><p class=\"tw-data-text tw-text-large tw-ta\" dir=\"ltr\" data-placeholder=\"Traducci\u00f3\"><span class=\"Y2IQFc\" lang=\"es\">Establece un marco de referencia para proteger el medio ambiente mediante la mitigaci\u00f3n de los impactos ambientales garantizando el cumplimiento estricto de los requisitos legales y el establecimiento de unos compromisos ambientales respondiendo con las expectativas de las partes interesadas. <\/span><\/p><p class=\"tw-data-text tw-text-large tw-ta\" dir=\"ltr\" data-placeholder=\"Traducci\u00f3\"><strong><span class=\"Y2IQFc\" lang=\"es\">ISO 22000:2019 Sistemas de gesti\u00f3n de la inocuidad de los alimentos. <\/span><\/strong><\/p><p class=\"tw-data-text tw-text-large tw-ta\" dir=\"ltr\" data-placeholder=\"Traducci\u00f3\"><span class=\"Y2IQFc\" lang=\"es\">Considerando el agua como un alimento se aplica esta norma que permite controlar y reducir los riesgos para la salud que pueden afectar al agua de consumo humano. Permite disponer de un agua con la m\u00e1xima garant\u00eda sanitaria a los usuarios de TAIGUA. <\/span><\/p><p class=\"tw-data-text tw-text-large tw-ta\" dir=\"ltr\" data-placeholder=\"Traducci\u00f3\"><strong><span class=\"Y2IQFc\" lang=\"es\">EN 45001:2018 Sistemas de gesti\u00f3n de la seguridad y salud en el trabajo. <\/span><\/strong><\/p><p class=\"tw-data-text tw-text-large tw-ta\" dir=\"ltr\" data-placeholder=\"Traducci\u00f3\"><span class=\"Y2IQFc\" lang=\"es\">La gesti\u00f3n de la Seguridad y Salud en el trabajo tiene como objetivo proporcionar puestos de trabajo seguros y saludables. Es objetivo prioritario eliminar los peligros y minimizar los riesgos por la seguridad y salud estableciendo medidas de prevenci\u00f3n y protecci\u00f3n eficaces.<\/span><\/p><\/div><div id=\"tw-target-rmn-container\" class=\"tw-target-rmn tw-ta-container F0azHf tw-nfl\"><pre id=\"tw-target-rmn\" class=\"tw-data-placeholder tw-text-small tw-ta\" dir=\"ltr\" data-placeholder=\"\">\u00a0<\/pre><\/div>\t\t\t\t\t\t\t\t<\/div>\n\t\t\t\t<\/div>\n\t\t\t\t\t<\/div>\n\t\t<\/div>\n\t\t\t\t\t<\/div>\n\t\t<\/section>\n\t\t\t\t<section class=\"elementor-section elementor-top-section elementor-element elementor-element-134f3f3 elementor-section-boxed elementor-section-height-default elementor-section-height-default\" data-id=\"134f3f3\" data-element_type=\"section\" data-e-type=\"section\">\n\t\t\t\t\t\t<div class=\"elementor-container elementor-column-gap-default\">\n\t\t\t\t\t<div class=\"elementor-column elementor-col-100 elementor-top-column elementor-element elementor-element-b3f4cad\" data-id=\"b3f4cad\" data-element_type=\"column\" data-e-type=\"column\">\n\t\t\t<div class=\"elementor-widget-wrap elementor-element-populated\">\n\t\t\t\t\t\t<div class=\"elementor-element elementor-element-8982fe5 elementor-align-center elementor-widget elementor-widget-button\" data-id=\"8982fe5\" data-element_type=\"widget\" data-e-type=\"widget\" data-widget_type=\"button.default\">\n\t\t\t\t<div class=\"elementor-widget-container\">\n\t\t\t\t\t\t\t\t\t<div class=\"elementor-button-wrapper\">\n\t\t\t\t\t<a class=\"elementor-button elementor-button-link elementor-size-sm\" href=\"https:\/\/taigua.cat\/es\/politica-del-sistema-de-gestion-integrado-de-taigua\/\" target=\"_blank\">\n\t\t\t\t\t\t<span class=\"elementor-button-content-wrapper\">\n\t\t\t\t\t\t\t\t\t<span class=\"elementor-button-text\">Pol\u00edtica del Sistema de Gesti\u00f3n Integrada de TAIGUA<\/span>\n\t\t\t\t\t<\/span>\n\t\t\t\t\t<\/a>\n\t\t\t\t<\/div>\n\t\t\t\t\t\t\t\t<\/div>\n\t\t\t\t<\/div>\n\t\t\t\t\t<\/div>\n\t\t<\/div>\n\t\t\t\t\t<\/div>\n\t\t<\/section>\n\t\t\t\t<\/div>\n\t\t","protected":false},"excerpt":{"rendered":"<p>TAIGUA se encuentra actualmente en fase de implantaci\u00f3n de un sistema de gesti\u00f3n integrado que incluye la gesti\u00f3n de la calidad ambiental, de la inocuidad y de la seguridad y salud en el trabajo. El sistema tiene como objetivo la mejora continua del agua y los servicios que presta TAIGUA, reduciendo su impacto ambiental y [&hellip;]<\/p>\n","protected":false},"author":7,"featured_media":0,"parent":0,"menu_order":0,"comment_status":"closed","ping_status":"closed","template":"","meta":{"_acf_changed":false,"footnotes":""},"class_list":["post-30430","page","type-page","status-publish","hentry"],"acf":[],"aioseo_notices":[],"_links":{"self":[{"href":"https:\/\/taigua.cat\/es\/wp-json\/wp\/v2\/pages\/30430","targetHints":{"allow":["GET"]}}],"collection":[{"href":"https:\/\/taigua.cat\/es\/wp-json\/wp\/v2\/pages"}],"about":[{"href":"https:\/\/taigua.cat\/es\/wp-json\/wp\/v2\/types\/page"}],"author":[{"embeddable":true,"href":"https:\/\/taigua.cat\/es\/wp-json\/wp\/v2\/users\/7"}],"replies":[{"embeddable":true,"href":"https:\/\/taigua.cat\/es\/wp-json\/wp\/v2\/comments?post=30430"}],"version-history":[{"count":0,"href":"https:\/\/taigua.cat\/es\/wp-json\/wp\/v2\/pages\/30430\/revisions"}],"wp:attachment":[{"href":"https:\/\/taigua.cat\/es\/wp-json\/wp\/v2\/media?parent=30430"}],"curies":[{"name":"wp","href":"https:\/\/api.w.org\/{rel}","templated":true}]}}