{"id":38255,"date":"2022-11-17T11:51:37","date_gmt":"2022-11-17T10:51:37","guid":{"rendered":"https:\/\/taigua.cat\/?page_id=38255"},"modified":"2026-04-16T17:02:31","modified_gmt":"2026-04-16T15:02:31","slug":"politica-de-privacidad","status":"publish","type":"page","link":"https:\/\/taigua.cat\/es\/politica-de-privacidad\/","title":{"rendered":"Pol\u00edtica de privacidad y protecci\u00f3n de datos"},"content":{"rendered":"\t\t<div data-elementor-type=\"wp-page\" data-elementor-id=\"38255\" class=\"elementor elementor-38255\" data-elementor-post-type=\"page\">\n\t\t\t\t\t\t<section class=\"elementor-section elementor-top-section elementor-element elementor-element-fd1862e elementor-section-boxed elementor-section-height-default elementor-section-height-default\" data-id=\"fd1862e\" data-element_type=\"section\" data-e-type=\"section\">\n\t\t\t\t\t\t<div class=\"elementor-container elementor-column-gap-default\">\n\t\t\t\t\t<div class=\"elementor-column elementor-col-100 elementor-top-column elementor-element elementor-element-8dbd07a\" data-id=\"8dbd07a\" data-element_type=\"column\" data-e-type=\"column\">\n\t\t\t<div class=\"elementor-widget-wrap elementor-element-populated\">\n\t\t\t\t\t\t<div class=\"elementor-element elementor-element-f880dd1 elementor-widget elementor-widget-text-editor\" data-id=\"f880dd1\" data-element_type=\"widget\" data-e-type=\"widget\" data-widget_type=\"text-editor.default\">\n\t\t\t\t<div class=\"elementor-widget-container\">\n\t\t\t\t\t\t\t\t\t<p><strong>POL\u00cdTICA DE PRIVACIDAD Y PROTECCI\u00d3N DE DATOS DE TERRASSA CICLE DE L\u2019AIGUA EPEL \u201cTAIGUA\u201d<\/strong><\/p><p><strong>TERRASSA CICLE DE L\u2019AIGUA EPEL<\/strong> (en adelante <strong>TAIGUA<\/strong>), como responsable del tratamiento de datos personales, garantiza un nivel adecuado y coherente de protecci\u00f3n de las personas f\u00edsicas respecto a sus datos personales, objeto de tratamiento para el desarrollo de sus competencias, de acuerdo con los requerimientos del Reglamento general de protecci\u00f3n de datos (2016\/679) y de la Ley org\u00e1nica 3\/2018, de 5 de diciembre, de protecci\u00f3n de datos y garant\u00eda de los derechos digitales.<\/p><p><strong>TAIGUA<\/strong> realiza tratamientos de datos personales con plena responsabilidad y lealmente, y de acuerdo con las bases jur\u00eddicas que permiten la licitud de los tratamientos, en cumplimiento del Reglamento General de Protecci\u00f3n de Datos y de la Ley org\u00e1nica 3\/2018, de 5 de diciembre, de protecci\u00f3n de datos y garant\u00eda de los derechos digitales.<\/p><p>Con el objetivo de dar cumplimiento a legislaci\u00f3n sobre protecci\u00f3n de datos, TAIGUA ha elaborado y publicado su <a href=\"https:\/\/taigua.cat\/wp-content\/uploads\/2022\/11\/REGISTRO-ACTIVIDADES-DE-TRATAMIENTO.pdf\"><strong>Registro de Actividades de Tratamiento<\/strong><\/a> \u00a0y ha adoptado las medidas de seguridad t\u00e9cnicas y organizativas, apropiadas a los riesgos evaluados e identificados objetivamente para los derechos y libertades de las personas interesadas, a los que podr\u00edan dar lugar los datos tratados y los tratamientos realizados por la TAIGUA. TAIGUA aplica el principio de transparencia en el tratamiento de datos personales, facilitando a las personas interesadas la informaci\u00f3n sobre los tratamientos requerida por el RGPD y por la LOPDGDD, de forma concisa, f\u00e1cilmente accesible, completa y con un lenguaje f\u00e1cil de entender; a su vez, facilita el ejercicio de derechos mediante formularios disponibles al alcance de las personas interesadas en este <a href=\"https:\/\/taigua.cat\/es\/contacto\/\">enlace<\/a>.<\/p><p>Por otra parte, <strong>TAIGUA<\/strong> ha designado un Delegado de Protecci\u00f3n de Datos, de acuerdo con lo que dispone el art\u00edculo 37.1.a) del Reglamento general de protecci\u00f3n de datos (2016\/679) y los art\u00edculos 34 y 36 de la Ley org\u00e1nica 3\/2018 de protecci\u00f3n de datos personales y garant\u00eda de los derechos digitales. La direcci\u00f3n electr\u00f3nica de contacto del Delegado de Protecci\u00f3n de Datos es <a href=\"dpd@taigua.cat\"><strong>dpd@taigua.cat<\/strong><\/a>.<\/p><p>A continuaci\u00f3n, se difunde una informaci\u00f3n ampliada respecto a cada actividad de tratamiento bajo el \u00e1mbito de responsabilidad de TAIGUA, inventariadas en el Registro de Actividades de Tratamiento que completa la informaci\u00f3n b\u00e1sica facilitada en cada procedimiento de recogida de datos.<\/p><ol><li><u>Responsable del tratamiento<\/u>. <strong>TERRASSA CICLE DE L\u2019AIGUA EPEL<\/strong> <strong>-CIF. Q0802203J. <\/strong><strong>Direcci\u00f3n postal. C\/Sociedad 30, 08221 Terrassa<\/strong>;\u00a0 correo electr\u00f3nico: <a href=\"https:\/\/taigua.cat\/es\/contacto\/\" target=\"_blank\" rel=\"noopener\">Contactar<\/a><strong>. <\/strong><strong>Tel\u00e9fono: 937362820<\/strong>.<\/li><li><u>Datos de contacto del Delegado de Protecci\u00f3n de Datos:<\/u> <a href=\"dpd@taigua.cat\"><strong>dpd@taigua.cat<\/strong><\/a><u><\/u><\/li><li><u>Bases legales del tratamiento:<\/u><\/li><\/ol><p>El tratamiento de los datos personales de las personas interesadas, derivadas de competencias y funciones del por <strong>TAIGUA<\/strong> se fundamentan, con car\u00e1cter general, en las siguientes bases legales, que se detallan para cada actividad de tratamiento en el <a href=\"https:\/\/taigua.cat\/wp-content\/uploads\/2022\/11\/REGISTRO-ACTIVIDADES-DE-TRATAMIENTO.pdf\"><strong>Registro de Actividades de Tratamiento<\/strong><\/a> .<\/p><p>Reglamento General de Protecci\u00f3n de Datos 2016\/679<\/p><ul><li>Art\u00edculo 6.1.a. El interesado ha dado su consentimiento para el tratamiento de sus datos personales para una o distintas finalidades espec\u00edficas. Env\u00edo y gesti\u00f3n de los formularios sobre alta newsletter, comentarios, preguntas, sugerencias y\/o quejas, etc.<\/li><li>Art\u00edculo 6.1. b. El tratamiento es necesario para la ejecuci\u00f3n de un contrato en el que el interesado es parte o para su aplicaci\u00f3n a petici\u00f3n de este de medidas precontractuales. El llevar a cabo las actividades propias de la entidad con los ciudadanos que desean contratar los servicios de <strong>TAIGUA<\/strong>.<\/li><li>Art\u00edculo 6.1.c. El tratamiento ser\u00e1 necesario para el cumplimiento de una obligaci\u00f3n legal aplicable al responsable del tratamiento. El llevar a cabo las actividades propias de la administraci\u00f3n.<\/li><li>Art\u00edculo 6.1.e. El tratamiento ser\u00e1 necesario para el cumplimiento de una misi\u00f3n realizada en inter\u00e9s p\u00fablico o en ejercicio de poderes p\u00fablicos conferidos al responsable del tratamiento. El llevar a cabo las actividades propias de la administraci\u00f3n y tambi\u00e9n la actividad de videovigilancia.<\/li><\/ul><p>Ley org\u00e1nica 3\/2018 de protecci\u00f3n de datos personales y garant\u00eda de los derechos digitales.<\/p><ul><li>Art\u00edculo 6. Tratamiento basado en el consentimiento del afectado. Env\u00edo y gesti\u00f3n de los formularios sobre alta newsletter, comentarios, preguntas, sugerencias y\/o quejas, etc.<\/li><li>Art\u00edculo 8. Tratamiento de datos por obligaci\u00f3n legal, inter\u00e9s p\u00fablico o ejercicio de poderes p\u00fablicos. El llevar a cabo las actividades propias de la administraci\u00f3n.<\/li><\/ul><p>o El tratamiento de datos personales s\u00f3lo podr\u00e1 considerarse fundado en el cumplimiento de una obligaci\u00f3n legal exigible al responsable, en los t\u00e9rminos previstos en el art\u00edculo 6.1.c) del Reglamento (UE) 2016\/679, cuando as\u00ed lo prevea una norma de Derecho de la Uni\u00f3n Europea o una norma con rango de ley.<\/p><p>o El tratamiento de datos personales s\u00f3lo podr\u00e1 considerarse fundado en el cumplimiento de una misi\u00f3n realizada en inter\u00e9s p\u00fablico o en el ejercicio de poderes p\u00fablicos conferidos al responsable, en los t\u00e9rminos previstos en el art\u00edculo 6.1 e) del Reglamento (UE) 2016\/679, cuando derive de una competencia atribuida por una norma con rango de ley<\/p><ol start=\"4\"><li><u> Finalidades del tratamiento<\/u><\/li><\/ol><p>Las finalidades del tratamiento de los datos personales de las personas interesadas, que <strong>TAIGUA<\/strong> realiza en ejercicio de sus competencias, de acuerdo con las bases legales que legitiman su tratamiento, constan en el <a href=\"https:\/\/taigua.cat\/wp-content\/uploads\/2022\/11\/REGISTRO-ACTIVIDADES-DE-TRATAMIENTO.pdf\"><strong>Registro de Actividades de Tratamiento<\/strong><\/a><strong>.<\/strong><\/p><ol start=\"5\"><li><u> Periodo de conservaci\u00f3n de los datos (supresi\u00f3n de los datos)<\/u><\/li><\/ol><p>Los datos personales de las personas interesadas se conservar\u00e1n durante el tiempo necesario para el cumplimiento de los fines que justifican el tratamiento, de acuerdo con el ejercicio de las competencias y funciones de <strong>TAIGUA<\/strong>, y para determinar las posibles responsabilidades derivadas de las mismas fines. La supresi\u00f3n de los datos tambi\u00e9n atender\u00e1 a supuestos espec\u00edficos como el tratamiento de datos por el sistema de c\u00e1maras de videovigilancia, y a normativas sectorial que obligue a per\u00edodos m\u00ednimos de conservaci\u00f3n; y con posterioridad en aplicaci\u00f3n de la legislaci\u00f3n sobre archivos de la administraci\u00f3n p\u00fablica.<\/p><ol start=\"6\"><li><u> Derechos de protecci\u00f3n de datos y c\u00f3mo ejercerlos<\/u><\/li><\/ol><p>Las personas interesadas, titulares de los datos objeto de tratamiento por <strong>TAIGUA<\/strong> tienen reconocido el ejercicio de los derechos de protecci\u00f3n de datos: de acceso a sus datos, de rectificaci\u00f3n de datos err\u00f3neos, inexactos o incompletos, y de supresi\u00f3n cuando, entre otros motivos, los datos ya no sean necesarios para los fines que hab\u00edan justificado el tratamiento.<\/p><p>En determinadas circunstancias, los interesados podr\u00e1n solicitar la limitaci\u00f3n del tratamiento de sus datos, en cuyo caso \u00fanicamente se conservar\u00e1n para el ejercicio o la defensa en reclamaciones.<\/p><p>Por motivos relacionados con su situaci\u00f3n particular, los interesados podr\u00e1n oponerse al tratamiento de sus datos. En este supuesto, <strong>TAIGUA<\/strong> cesar\u00e1 en los tratamientos de estos datos salvo por motivos leg\u00edtimos o para el ejercicio o defensa de posibles reclamaciones.<\/p><p>Tambi\u00e9n se podr\u00e1 llevar a cabo la portabilidad de los datos personales de los interesados, siempre y cuando sean sobre aquellos datos recogidos cuya finalidad, no est\u00e9 fundamentada en el cumplimiento de una obligaci\u00f3n legal, una misi\u00f3n de inter\u00e9s p\u00fablico o en la ejercicio de poderes p\u00fablicos conferidos al Responsable del mismo (\u00fanicamente se podr\u00e1 dar respuesta al ejercicio del derecho de portabilidad cuyo tratamiento est\u00e9 fundamentado en el consentimiento del interesado y que este tratamiento se realice por medios automatizados).<\/p><p>Para ejercitar estos derechos, la persona interesada podr\u00e1 ponerse en contacto con <strong>TAIGUA<\/strong>, presentando el formulario correspondiente disponible al alcance de las personas interesadas en este <a href=\"https:\/\/taigua.cat\/es\/contacto\/\">enlace<\/a> al Registro electr\u00f3nico de <strong>TAIGUA<\/strong>.<\/p><p>Asimismo, en caso de no estar satisfecho con la respuesta a la solicitud de ejercicio de sus derechos, y en cualquier caso, siempre que lo considere oportuno, podr\u00e1 presentar una reclamaci\u00f3n ante la Autoridad Catalana de Protecci\u00f3n de Datos a trav\u00e9s de su sede electr\u00f3nica apdcat.gencat.cat.<\/p><ol start=\"7\"><li><u> Destinatarios de los datos:<\/u><\/li><\/ol><p>La identificaci\u00f3n de destinatarios de los datos consta en el <a href=\"https:\/\/taigua.cat\/wp-content\/uploads\/2022\/11\/REGISTRO-ACTIVIDADES-DE-TRATAMIENTO.pdf\"><strong>Registro de Actividades de Tratamiento<\/strong><\/a> ha hecho p\u00fablico. En cualquier caso, tambi\u00e9n pueden ser destinatarios de los datos personales otras administraciones p\u00fablicas competentes en la materia, cuando corresponda, habiendo sido fundamentada la cesi\u00f3n en una base legal leg\u00edtima, de acuerdo con el art\u00edculo 6 del RGPD y el art\u00edculo 8 de la LOPDGDD.<\/p><ol start=\"8\"><li><u> Transferencias internacionales de datos<\/u>.<\/li><\/ol><p>Para poder ofrecerle nuestros servicios, TAIGUA contrata recursos que realizan transferencias internacionales de datos a terceros pa\u00edses situados fuera de la Uni\u00f3n Europea. Estos pa\u00edses cuentan con un adecuado nivel de protecci\u00f3n de datos declarado por la Comisi\u00f3n Europea y tambi\u00e9n con la aportaci\u00f3n de garant\u00edas adecuadas como Cl\u00e1usulas Contractuales Tipo. Las actividades donde se realizan estas transferencias internacionales de datos son:<\/p><ul><li>TAIGUA contrata su infraestructura virtual seg\u00fan un modelo de computaci\u00f3n en la nube\u201d a trav\u00e9s de Microsoft, al amparo de Cl\u00e1usulas Contractuales Tipo. La informaci\u00f3n la tiene disponible en <a href=\"https:\/\/privacy.microsoft.com\/es-es\/privacystatement\">https:\/\/privacy.microsoft.com\/es-es\/privacystatement<\/a>.<\/li><li>Los casos en los que pueda haber transferencias internacionales de datos, ser\u00e1 a trav\u00e9s de las cookies provenientes de terceros (Google Analytics y Hotjar). Puede informarse de las transferencias de datos a pa\u00edses terceros que, en su caso, realizan los terceros identificados en esta pol\u00edtica de cookie, en sus correspondientes pol\u00edticas sobre el tratamiento de los datos recogidos.<\/li><\/ul><ol start=\"9\"><li><u> Decisiones automatizadas incluidas la elaboraci\u00f3n de perfiles<\/u><\/li><\/ol><p><strong>TAIGUA<\/strong>, no realiza la toma de decisiones automatizadas y tampoco la elaboraci\u00f3n de perfiles.<\/p><ol start=\"10\"><li><u> Contacto por parte de proveedores de TAIGUA \u2013 MINA y SERVIAIGUA<\/u><\/li><\/ol><p>A efectos de la correcta prestaci\u00f3n del servicio, TAIGUA cuenta con empresas para la gesti\u00f3n del alquiler y el mantenimiento de los contadores de agua, en particular MINA y SERVIAIGUA respectivamente. En este sentido, estas entidades se pondr\u00e1n en contacto con el cliente exclusivamente para la ejecuci\u00f3n de estos servicios. Estas empresas actuar\u00e1n en todo momento como encargadas del tratamiento por cuenta de TAIGUA, que ostenta la condici\u00f3n de responsable del tratamiento, sin que exista cesi\u00f3n de datos a terceros y tratar\u00e1n los datos de acuerdo a la normativa vigente en materia de protecci\u00f3n de datos.<\/p><ol start=\"11\"><li><u> Procedencia de los datos personales<\/u><\/li><\/ol><p>Los datos personales objeto de tratamiento por <strong>TAIGUA<\/strong>, en cumplimiento de una misi\u00f3n realizada en inter\u00e9s p\u00fablico, en ejercicio de poderes p\u00fablicos conferidos al responsable del tratamiento, en cumplimiento de una obligaci\u00f3n legal o en ejecuci\u00f3n de un contrato proceden directamente de las personas interesadas o de sus representantes.<\/p><p>En caso de que los datos no procedan directamente de las personas interesadas, por ejemplo, si proceden de otras administraciones p\u00fablicas, se dar\u00e1 cumplimiento al art\u00edculo 14 del RGPD, facilitando al interesado la informaci\u00f3n adicional requerida cuando los datos personales no se hayan obtenido del interesado, que incluye espec\u00edficamente la obligaci\u00f3n informar sobre el origen de los datos y sobre las categor\u00edas de datos personales objeto de tratamiento.<\/p><p>Asimismo, respecto al derecho de los ciudadanos de no aportar documentos que ya se encuentren en poder de la administraci\u00f3n actuante o hayan sido elaborados por cualquier otra administraci\u00f3n, se aplicar\u00e1 lo dispuesto en la redacci\u00f3n actual del art\u00edculo 28.2 de la Ley de procedimiento administrativo, de acuerdo con la disposici\u00f3n final duod\u00e9cima de la Ley org\u00e1nica 3\/2018, de protecci\u00f3n de datos personales y garant\u00eda de los derechos digitales.<\/p>\t\t\t\t\t\t\t\t<\/div>\n\t\t\t\t<\/div>\n\t\t\t\t\t<\/div>\n\t\t<\/div>\n\t\t\t\t\t<\/div>\n\t\t<\/section>\n\t\t\t\t<\/div>\n\t\t","protected":false},"excerpt":{"rendered":"<p>POL\u00cdTICA DE PRIVACIDAD Y PROTECCI\u00d3N DE DATOS DE TERRASSA CICLE DE L\u2019AIGUA EPEL \u201cTAIGUA\u201d TERRASSA CICLE DE L\u2019AIGUA EPEL (en adelante TAIGUA), como responsable del tratamiento de datos personales, garantiza un nivel adecuado y coherente de protecci\u00f3n de las personas f\u00edsicas respecto a sus datos personales, objeto de tratamiento para el desarrollo de sus competencias, [&hellip;]<\/p>\n","protected":false},"author":9,"featured_media":0,"parent":0,"menu_order":0,"comment_status":"closed","ping_status":"closed","template":"","meta":{"_acf_changed":false,"footnotes":""},"class_list":["post-38255","page","type-page","status-publish","hentry"],"acf":[],"aioseo_notices":[],"_links":{"self":[{"href":"https:\/\/taigua.cat\/es\/wp-json\/wp\/v2\/pages\/38255","targetHints":{"allow":["GET"]}}],"collection":[{"href":"https:\/\/taigua.cat\/es\/wp-json\/wp\/v2\/pages"}],"about":[{"href":"https:\/\/taigua.cat\/es\/wp-json\/wp\/v2\/types\/page"}],"author":[{"embeddable":true,"href":"https:\/\/taigua.cat\/es\/wp-json\/wp\/v2\/users\/9"}],"replies":[{"embeddable":true,"href":"https:\/\/taigua.cat\/es\/wp-json\/wp\/v2\/comments?post=38255"}],"version-history":[{"count":0,"href":"https:\/\/taigua.cat\/es\/wp-json\/wp\/v2\/pages\/38255\/revisions"}],"wp:attachment":[{"href":"https:\/\/taigua.cat\/es\/wp-json\/wp\/v2\/media?parent=38255"}],"curies":[{"name":"wp","href":"https:\/\/api.w.org\/{rel}","templated":true}]}}