{"id":38541,"date":"2022-11-28T12:33:37","date_gmt":"2022-11-28T11:33:37","guid":{"rendered":"https:\/\/taigua.cat\/?page_id=38541"},"modified":"2024-12-03T17:10:16","modified_gmt":"2024-12-03T16:10:16","slug":"politica-de-cookies","status":"publish","type":"page","link":"https:\/\/taigua.cat\/es\/politica-de-cookies\/","title":{"rendered":"Pol\u00edtica de Cookies"},"content":{"rendered":"\t\t<div data-elementor-type=\"wp-page\" data-elementor-id=\"38541\" class=\"elementor elementor-38541\" data-elementor-post-type=\"page\">\n\t\t\t\t\t\t<section class=\"elementor-section elementor-top-section elementor-element elementor-element-cc799ff elementor-section-boxed elementor-section-height-default elementor-section-height-default\" data-id=\"cc799ff\" data-element_type=\"section\" data-e-type=\"section\">\n\t\t\t\t\t\t<div class=\"elementor-container elementor-column-gap-default\">\n\t\t\t\t\t<div class=\"elementor-column elementor-col-100 elementor-top-column elementor-element elementor-element-ff46538\" data-id=\"ff46538\" data-element_type=\"column\" data-e-type=\"column\">\n\t\t\t<div class=\"elementor-widget-wrap elementor-element-populated\">\n\t\t\t\t\t\t<div class=\"elementor-element elementor-element-1376644 elementor-widget elementor-widget-text-editor\" data-id=\"1376644\" data-element_type=\"widget\" data-e-type=\"widget\" data-widget_type=\"text-editor.default\">\n\t\t\t\t<div class=\"elementor-widget-container\">\n\t\t\t\t\t\t\t\t\t<p class=\"p1\"><b>Definici\u00f3n de las cookies<\/b><\/p><p class=\"p1\">Las cookies (o galetas) son peque\u00f1os archivos de texto que se almacenan localmente en la \u00abmemoria cach\u00e9\u00bb de su navegador de Internet. Este espacio web utiliza cookies y\/o tecnolog\u00edas que almacenan y recuperan informaci\u00f3n cuando se navega por internet. Estas tecnolog\u00edas permiten espacio web reconocer su navegador y como resultado, almacenar sus preferencias de usuario.<\/p><p class=\"p1\"><b>Tipo y funci\u00f3n de las cookies<\/b><\/p><p class=\"p3\">\u2022 <b>Propias<\/b>: Son aquellas que se env\u00edan al equipo terminal del usuario desde un equipo o dominio gestionado por el propio editor y desde el que se presta el servicio solicitado por el usuario.<\/p><p class=\"p3\">\u2022 <b>De Terceros<\/b>: Son aquellas que se remiten al equipo terminal del usuario desde un equipo o dominio que no es gestionado por el editor, sino por otra entidad que trata los datos obtenidos por medio de las cookies.<\/p><p class=\"p3\">\u2022 <b>Permanentes<\/b>: Permiten acceder a datos del terminal del usuario por un per\u00edodo definido por el responsable de la cookie.<\/p><p class=\"p3\">\u2022 <b>De Sesi\u00f3n<\/b>: Son aquellas dise\u00f1adas para recoger y almacenar datos mientras el usuario accede a una p\u00e1gina web y que almacena y conservan informaci\u00f3n del usuario en una sola ocasi\u00f3n.<\/p><p class=\"p3\">\u2022 <b>T\u00e9cnicas<\/b>: Permiten al usuario la navegaci\u00f3n a trav\u00e9s de una web y el uso de diferentes opciones o servicios.<\/p><p class=\"p3\">\u2022<b> De Personalizaci\u00f3n<\/b>: Permiten recordar informaci\u00f3n para que el usuario pueda acceder al servicio con determinadas caracter\u00edsticas que pueden diferenciar su experiencia de la de otros usuarios, disponiendo de unas caracter\u00edsticas de navegaci\u00f3n personalizadas por la p\u00e1gina web.<\/p><p class=\"p3\">\u2022 <b>Anal\u00edticas<\/b>: Permiten el seguimiento y an\u00e1lisis de comportamiento del usuario de webs a las que est\u00e1n vinculadas, con la finalidad posterior de introducir mejoras en funci\u00f3n de los datos a\u00f1adidos.<\/p><p class=\"p3\">\u2022 <b>Publicitarias<\/b>: Permiten la gesti\u00f3n de los espacios publicitarios del editor en base a ciertos criterios, como el contenido editado o la frecuencia de accesos.<\/p><p class=\"p1\"><b>\u00bfQu\u00e9 tipos de cookies se utilizan en esta p\u00e1gina web y su utilidad<\/b><\/p><p class=\"p3\">\u2022 Propias<\/p><p class=\"p3\">\u2022 De Terceros<\/p><p class=\"p3\">\u2022 Permanentes<\/p><p class=\"p3\">\u2022 De Sesi\u00f3n<\/p><p class=\"p3\">\u2022 T\u00e9cnicas<\/p><p class=\"p3\">\u2022 De Personalizaci\u00f3n<\/p><p class=\"p3\">\u2022 Anal\u00edticas<\/p><ol class=\"ol1\"><li class=\"li1\"><b>Cuadro listado con el tipo de cookies que se utilizan en la p\u00e1gina web y su finalidad<\/b><\/li><\/ol><table class=\"t1\" cellspacing=\"0\" cellpadding=\"0\"><tbody><tr><td class=\"td1\" valign=\"top\"><p class=\"p6\"><b>NOMBRE<\/b><\/p><\/td><td class=\"td2\" valign=\"top\"><p class=\"p6\"><b>PROPIETARIO<\/b><\/p><\/td><td class=\"td3\" valign=\"top\"><p class=\"p6\"><b>DURACI\u00d3N<\/b><\/p><\/td><td class=\"td4\" valign=\"top\"><p class=\"p6\"><b>FINALIDAD<\/b><\/p><\/td><\/tr><tr><td class=\"td5\" valign=\"top\"><p class=\"p7\">_hjFirstSeen<\/p><p class=\"p7\">_hjAbsoluteSessionInProgress<\/p><p class=\"p7\">_hjIncludedInSessionSample, _hjIncludedInPageviewSample<\/p><p class=\"p7\">_hjSessionUser<\/p><\/td><td class=\"td6\" valign=\"top\"><p class=\"p7\">Hotjar<\/p><\/td><td class=\"td7\" valign=\"top\"><p class=\"p7\">Sesi\u00f3n<\/p><p class=\"p7\">30 minutos<\/p><p class=\"p7\">30 minutos<\/p><p class=\"p7\">30 minutos<\/p><\/td><td class=\"td8\" valign=\"top\"><p class=\"p7\">Sirve para identificar la primera sesi\u00f3n de un usuario nuevo<\/p><p class=\"p7\">Esta cookie se utiliza para detectar la primera sesi\u00f3n de visita del usuario a la p\u00e1gina<\/p><p class=\"p7\">Esta cookie est\u00e1 configurada para que Hotjar pueda saber si este visitante est\u00e1 incluido en el seguimiento de datos definido<\/p><p class=\"p7\">Se establece una vez que el visitante interact\u00faa con un popup. Sirve para que no vuelva a aparecer si ya se ha mostrado.<\/p><\/td><\/tr><tr><td class=\"td9\" valign=\"top\"><p class=\"p7\">_ga<\/p><p class=\"p7\">_gid<\/p><p class=\"p7\">_gat<\/p><\/td><td class=\"td10\" valign=\"top\"><p class=\"p7\">Google Analytics<\/p><\/td><td class=\"td11\" valign=\"top\"><p class=\"p7\">2 a\u00f1os<\/p><p class=\"p7\">24 horas<\/p><p class=\"p7\">1 minuto<\/p><\/td><td class=\"td12\" valign=\"top\"><p class=\"p7\">Se utiliza para hacer seguimiento de los visitantes<\/p><p class=\"p7\">Permite que el usuario vea el contenido de la web si la comparte<\/p><p class=\"p7\">Se utiliza para limitar el porcentaje de solicitudes<span class=\"Apple-converted-space\">\u00a0<\/span><\/p><\/td><\/tr><tr><td class=\"td13\" valign=\"top\"><p class=\"p7\">PHPSESSID<\/p><\/td><td class=\"td14\" valign=\"top\"><p class=\"p7\">Propia<\/p><\/td><td class=\"td15\" valign=\"top\"><p class=\"p7\">Sesi\u00f3n<\/p><\/td><td class=\"td16\" valign=\"top\"><p class=\"p7\">Permite guardar datos serializados de estado<\/p><\/td><\/tr><\/tbody><\/table><p class=\"p1\"><b>Puede desactivar el uso de cookies propias y de terceros mediante la configuraci\u00f3n de las opciones del navegador instalado en su equipo:<\/b><\/p><ul class=\"ul1\"><li class=\"li10\"><span class=\"s2\">Internet Explorer 9 <a href=\"https:\/\/support.microsoft.com\/es-es\/help\/17442\/windows-internet-explorer-delete-manage-cookies\"><span class=\"s3\">https:\/\/support.microsoft.com\/es-es\/help\/17442\/windows-internet-explorer-delete-manage-cookies<\/span><\/a><\/span><\/li><li class=\"li10\"><span class=\"s2\">Chrome <a href=\"https:\/\/support.google.com\/chrome\/answer\/95647?co=GENIE.Platform=Desktop&amp;hl=es\"><span class=\"s3\">https:\/\/support.google.com\/chrome\/answer\/95647?co=GENIE.Platform%3DDesktop&amp;hl=es<\/span><\/a><\/span><\/li><li class=\"li10\"><span class=\"s2\">Mozilla Firefox <a href=\"https:\/\/support.mozilla.org\/es\/kb\/habilitar-y-deshabilitar-cookies-sitios-web-rastrear-preferencias\"><span class=\"s3\">https:\/\/support.mozilla.org\/es\/kb\/habilitar-y-deshabilitar-cookies-sitios-web-rastrear-preferencias<\/span><\/a><\/span><\/li><li class=\"li10\"><span class=\"s2\">Safari <a href=\"https:\/\/support.apple.com\/es-es\/guide\/safari\/sfri11471\/mac\"><span class=\"s3\">https:\/\/support.apple.com\/es-es\/guide\/safari\/sfri11471\/mac<\/span><\/a><\/span><\/li><\/ul><p class=\"p1\"><b>Puede configurar las cookies aceptadas haciendo clic <\/b><span class=\"s4\"><b>aqu\u00ed<\/b><\/span>. <span class=\"s5\">Se abrir\u00e1 el mismo cuadro de casillas C2 del apartado 1.1.<\/span><\/p><p class=\"p1\"><b>Transferencias internacionales de datos<\/b><\/p><p class=\"p1\">La aceptaci\u00f3n de algunas de estas cookies puede suponer la transferencia internacional de datos de los usuarios a terceros pa\u00edses, necesaria para el funcionamiento de los servicios de algunos de los proveedores de esta p\u00e1gina web. La base legal para esta transferencia es el consentimiento del usuario, manifestado al consentir y aceptar el uso de las cookies de que en cada caso se trate. Las transferencias internacionales de datos se realizar\u00e1n a pa\u00edses con un adecuado nivel de protecci\u00f3n, declarado por la Comisi\u00f3n Europea y con la aportaci\u00f3n de garant\u00edas adecuadas como las Cl\u00e1usulas Contractuales Tipo. Los casos en los que puede haber transferencias internacionales de datos, ser\u00e1 a trav\u00e9s de las Cookies provenientes de terceros (Hotjar y Google Analytics). Puede informarse de las transferencias de datos a pa\u00edses terceros que, en su caso, realizan los terceros identificados en esta pol\u00edtica de cookies, en sus correspondientes pol\u00edticas sobre el tratamiento de los datos recogidos.<\/p><p class=\"p1\"><b>Elaboraci\u00f3n de perfiles de navegaci\u00f3n<\/b><\/p><p class=\"p1\"><b>TAIGUA<\/b>, si realiza la elaboraci\u00f3n de perfiles de navegaci\u00f3n, cuando usted acepta y da su consentimiento al funcionamiento de nuestras Cookies Anal\u00edtiques durante su navegaci\u00f3n por nuestra p\u00e1gina web. Las consecuencias de este tratamiento ser\u00e1n la recogida y an\u00e1lisis de sus datos para la creaci\u00f3n de perfiles de navegaci\u00f3n para analizar su actividad y ofrecerle publicidad personalizada. Puede informarse sobre el tratamiento de los datos recogidos a tal efecto, en las correspondientes pol\u00edticas sobre el tratamiento de los datos recogidos de cada uno de los responsables de cookies de terceros identificados.<\/p><p class=\"p1\"><b>Conservaci\u00f3n de los datos obtenidos<\/b><\/p><p class=\"p1\">Los datos recogidos por medio de las cookies de sesi\u00f3n, s\u00f3lo se conservar\u00e1n durante el plazo en que el usuario navegue por esta p\u00e1gina web. Los datos recogidos por medio de las cookies persistentes se conservar\u00e1n durante un plazo superior al de la sesi\u00f3n de navegaci\u00f3n por esta p\u00e1gina web. Puede informarse sobre la conservaci\u00f3n de los datos obtenidos por los terceros que se indican en el siguiente apartado, en sus correspondientes pol\u00edticas sobre el tratamiento de los datos recogidos.<\/p><p class=\"p1\"><b>Identificaci\u00f3n de los responsables de las cookies y del tratamiento de los datos obtenidos<\/b><\/p><p class=\"p1\">El responsable de las cookies propias y del tratamiento de los datos obtenidos <b>ser\u00e1 Terrassa Cicle del Agua EPEL \u201cTAIGUA\u201d.<\/b> El correo electr\u00f3nico de contacto es: <b>dpd@taigua.cat.\u00a0<\/b><strong>(Esta direcci\u00f3n: <a href=\"mailto:dpd@taigua.cat\">dpd@taigua.cat<\/a>, es EXCLUSIVAMENTE para notificaciones relacionadas con la gesti\u00f3n de los DATOS PERSONALES que obran en poder de TAIGUA (modificaci\u00f3n o supresi\u00f3n). Las consultas comerciales y tr\u00e1mites relativos a facturaci\u00f3n y\/o el servicio de agua, deben efectuarse directamente en la web taigua.cat, en el espacio <a href=\"https:\/\/taigua.cat\/es\/todos-los-tramites\/\" target=\"_blank\" rel=\"noopener\">Todos los tr\u00e1mites<\/a>, o en <a href=\"https:\/\/taigua.cat\/es\/contacto\/\" target=\"_blank\" rel=\"noopener\">Contacto<\/a>.)<\/strong><\/p><p class=\"p1\">El responsable de las cookies de terceros son Google Analytics y Hotjar.<\/p>\t\t\t\t\t\t\t\t<\/div>\n\t\t\t\t<\/div>\n\t\t\t\t\t<\/div>\n\t\t<\/div>\n\t\t\t\t\t<\/div>\n\t\t<\/section>\n\t\t\t\t<\/div>\n\t\t","protected":false},"excerpt":{"rendered":"<p>Definici\u00f3n de las cookies Las cookies (o galetas) son peque\u00f1os archivos de texto que se almacenan localmente en la \u00abmemoria cach\u00e9\u00bb de su navegador de Internet. Este espacio web utiliza cookies y\/o tecnolog\u00edas que almacenan y recuperan informaci\u00f3n cuando se navega por internet. Estas tecnolog\u00edas permiten espacio web reconocer su navegador y como resultado, almacenar [&hellip;]<\/p>\n","protected":false},"author":1,"featured_media":0,"parent":0,"menu_order":0,"comment_status":"closed","ping_status":"closed","template":"","meta":{"_acf_changed":false,"footnotes":""},"class_list":["post-38541","page","type-page","status-publish","hentry"],"acf":[],"aioseo_notices":[],"_links":{"self":[{"href":"https:\/\/taigua.cat\/es\/wp-json\/wp\/v2\/pages\/38541","targetHints":{"allow":["GET"]}}],"collection":[{"href":"https:\/\/taigua.cat\/es\/wp-json\/wp\/v2\/pages"}],"about":[{"href":"https:\/\/taigua.cat\/es\/wp-json\/wp\/v2\/types\/page"}],"author":[{"embeddable":true,"href":"https:\/\/taigua.cat\/es\/wp-json\/wp\/v2\/users\/1"}],"replies":[{"embeddable":true,"href":"https:\/\/taigua.cat\/es\/wp-json\/wp\/v2\/comments?post=38541"}],"version-history":[{"count":18,"href":"https:\/\/taigua.cat\/es\/wp-json\/wp\/v2\/pages\/38541\/revisions"}],"predecessor-version":[{"id":86331,"href":"https:\/\/taigua.cat\/es\/wp-json\/wp\/v2\/pages\/38541\/revisions\/86331"}],"wp:attachment":[{"href":"https:\/\/taigua.cat\/es\/wp-json\/wp\/v2\/media?parent=38541"}],"curies":[{"name":"wp","href":"https:\/\/api.w.org\/{rel}","templated":true}]}}