{"id":38549,"date":"2022-11-28T12:36:55","date_gmt":"2022-11-28T11:36:55","guid":{"rendered":"https:\/\/taigua.cat\/?page_id=38549"},"modified":"2024-12-03T17:11:25","modified_gmt":"2024-12-03T16:11:25","slug":"aviso-legal","status":"publish","type":"page","link":"https:\/\/taigua.cat\/es\/aviso-legal\/","title":{"rendered":"Aviso Legal"},"content":{"rendered":"\t\t<div data-elementor-type=\"wp-page\" data-elementor-id=\"38549\" class=\"elementor elementor-38549\" data-elementor-post-type=\"page\">\n\t\t\t\t\t\t<section class=\"elementor-section elementor-top-section elementor-element elementor-element-55d2abc elementor-section-boxed elementor-section-height-default elementor-section-height-default\" data-id=\"55d2abc\" data-element_type=\"section\" data-e-type=\"section\">\n\t\t\t\t\t\t<div class=\"elementor-container elementor-column-gap-default\">\n\t\t\t\t\t<div class=\"elementor-column elementor-col-100 elementor-top-column elementor-element elementor-element-2804d1e\" data-id=\"2804d1e\" data-element_type=\"column\" data-e-type=\"column\">\n\t\t\t<div class=\"elementor-widget-wrap elementor-element-populated\">\n\t\t\t\t\t\t<div class=\"elementor-element elementor-element-1221ecd elementor-widget elementor-widget-text-editor\" data-id=\"1221ecd\" data-element_type=\"widget\" data-e-type=\"widget\" data-widget_type=\"text-editor.default\">\n\t\t\t\t<div class=\"elementor-widget-container\">\n\t\t\t\t\t\t\t\t\t<p class=\"p1\"><b>Informaci\u00f3n del titular<\/b><\/p><p class=\"p1\"><b>TERRASSA CICLE DE L\u2019AIGUA EPEL<\/b> (en adelante <b>TAIGUA<\/b>) es el titular del dominio <b>taigua.cat<\/b> con CIF: <b>Q0802203J<\/b>, con domicilio en direcci\u00f3n postal <strong>Pl. de Jaume Jover, 1 08223 \u00a0Terrassa.<\/strong><\/p><p class=\"p1\">El correo electr\u00f3nico de ATENCI\u00d3N est\u00e0 en taigua.cat, en:<strong> \u00a0<a href=\"https:\/\/taigua.cat\/es\/contacto\/\" target=\"_blank\" rel=\"noopener\">Contacto<\/a>.\u00a0<\/strong><\/p><p class=\"p1\">El correo electr\u00f3nico del Delegado de Protecci\u00f3n de Datos es:<strong> <a href=\"mailto:dpd@taigua.cat\">dpd@taigua.cat<\/a><\/strong><span class=\"s1\"><b>.\u00a0 <\/b><strong>(<\/strong><\/span><strong>Esta direcci\u00f3n: <a href=\"mailto:dpd@taigua.cat\">dpd@taigua.cat<\/a>, es EXCLUSIVAMENTE para notificaciones relacionadas con la gesti\u00f3n de los DATOS PERSONALES que obran en poder de TAIGUA (modificaci\u00f3n o supresi\u00f3n).\u00a0Las consultas comerciales y tr\u00e1mites relativos a facturaci\u00f3n y\/o el servicio de agua, deben efectuarse directamente en la web taigua.cat, en el espacio\u00a0<a href=\"https:\/\/taigua.cat\/es\/todos-los-tramites\/\" target=\"_blank\" rel=\"noopener\">Todos los tr\u00e1mites<\/a>, o en\u00a0<a href=\"https:\/\/taigua.cat\/es\/contacto\/\" target=\"_blank\" rel=\"noopener\">Contacto<\/a>.)<\/strong><\/p><p class=\"p1\">Recomendamos leer atentamente el presente aviso legal y otras pol\u00edticas antes de utilizar nuestra p\u00e1gina web y servicios.<\/p><p class=\"p1\">Cualquier uso de esta web implica la aceptaci\u00f3n de todas las condiciones incluidas en estos y otros documentos legales y su sometimiento a la legislaci\u00f3n espa\u00f1ola en todo momento, renunciando expresamente a cualquier otro fuero.<\/p><p class=\"p1\"><b>Garant\u00edas y responsabilidades<\/b><\/p><p class=\"p1\"><b>TAIGUA<\/b> a trav\u00e9s de su p\u00e1gina web ofrece informaci\u00f3n sobre sus servicios de forma gen\u00e9rica. El usuario que accede a la web reconoce y acepta voluntaria y expresamente la responsabilidad del uso de esta p\u00e1gina web y se compromete a no realizar ning\u00fan acto que pueda infringir la ley o las condiciones establecidas en estos t\u00e9rminos legales, en cuyo caso podr\u00e1 comportar las correspondientes responsabilidades legalmente establecidas.<\/p><p class=\"p1\"><b>TAIGUA<\/b> se reserva el derecho a efectuar, en cualquier momento y sin necesidad de previo aviso, modificaciones y actualizaciones de la informaci\u00f3n contenida en la web, de su configuraci\u00f3n y presentaci\u00f3n y de las condiciones generales, as\u00ed como de eliminar informaci\u00f3n o suspender temporalmente la accesibilidad a la web.<\/p><p class=\"p2\"><b>TAIGUA<\/b> no puede garantizar:<\/p><ul class=\"ul1\"><li class=\"li2\">La inexistencia de interrupciones o errores en el acceso a la web o a su contenido, ni se hace responsable de posibles problemas t\u00e9cnicos que puedan producirse durante la conexi\u00f3n a Internet. Sin embargo, no se hace responsable de los da\u00f1os que se puedan derivar de interferencias, omisiones o virus inform\u00e1ticos motivados por causas ajenas al titular de la web, as\u00ed como de da\u00f1os causados por terceras personas mediante intromisiones ileg\u00edtimas o da\u00f1os al sistema inform\u00e1tico fuera del control del titular de la web.<\/li><li class=\"li2\">La aplicaci\u00f3n de su Pol\u00edtica de Privacidad a accesos mediante enlaces de terceros a esta web, ni a trav\u00e9s de enlaces de esta web a otras webs.<\/li><\/ul><ul class=\"ul2\"><li class=\"li2\">Todo enlace de terceros a esta web deber\u00e1 hacerse en su p\u00e1gina principal o de entrada, previa autorizaci\u00f3n y por escrito del titular y no se podr\u00e1 realizar ninguna modificaci\u00f3n, limitaci\u00f3n ni ning\u00fan tipo de manifestaci\u00f3n sobre la web, debiendo sin embargo, cumplir con el resto de previsiones de esta normativa.<\/li><li class=\"li1\">En caso de existir enlaces no supervisados por <b>TAIGUA<\/b> no se asumir\u00e1 responsabilidades sobre los enlaces o contenidos o consecuencias del uso de estos enlaces.<\/li><\/ul><p class=\"p1\"><b>Propiedad intelectual<\/b><\/p><p class=\"p1\">Esta web se rige por las leyes espa\u00f1olas y por la legislaci\u00f3n nacional e internacional sobre propiedad intelectual e industrial.<\/p><p class=\"p1\">Todos los contenidos incluidos en la web (textos, contenidos audiovisuales, c\u00f3digos fuente, dise\u00f1o gr\u00e1fico, signos, logos, marcas, bases de datos, programas inform\u00e1ticos, edici\u00f3n, programaci\u00f3n, compilaci\u00f3n y otros elementos y contenidos necesarios para su funcionamiento) son propiedad del titular de la misma. Los contenidos que pueda contener la web que no fueran de su titularidad, gozan de la autorizaci\u00f3n de sus titulares para su uso y comunicaci\u00f3n y est\u00e1n protegidas por los correspondientes derechos de propiedad intelectual.<\/p><p class=\"p1\">Cualquier uso no autorizado de estos contenidos ser\u00e1 considerado un incumplimiento de los derechos de propiedad intelectual o industrial, pudiendo dar lugar a consecuencias legales. La simple navegaci\u00f3n o uso de la web no otorga en ning\u00fan caso licencia o cesi\u00f3n total o parcial de derechos sobre los derechos de propiedad intelectual, quedando expresamente prohibida cualquier transmisi\u00f3n, reproducci\u00f3n, distribuci\u00f3n, comunicaci\u00f3n p\u00fablica o transformaci\u00f3n total o parcial de los mismos sin previo consentimiento de sus titulares.<\/p><p class=\"p1\"><b>Privacidad<\/b><\/p><p class=\"p2\"><b>TAIGUA<\/b> garantiza la confidencialidad de los datos personales que usted facilite en nuestra plataforma y la aplicaci\u00f3n de las medidas de seguridad establecidas por la normativa. Si desea conocer nuestra Pol\u00edtica de <span class=\"s4\">Privacidad<\/span> haga <span class=\"s4\">clic <a href=\"https:\/\/taigua.cat\/es\/politica-de-privacidad\/\" target=\"_blank\" rel=\"noopener\">aqu\u00ed<\/a><\/span>.<\/p>\t\t\t\t\t\t\t\t<\/div>\n\t\t\t\t<\/div>\n\t\t\t\t\t<\/div>\n\t\t<\/div>\n\t\t\t\t\t<\/div>\n\t\t<\/section>\n\t\t\t\t<\/div>\n\t\t","protected":false},"excerpt":{"rendered":"<p>Informaci\u00f3n del titular TERRASSA CICLE DE L\u2019AIGUA EPEL (en adelante TAIGUA) es el titular del dominio taigua.cat con CIF: Q0802203J, con domicilio en direcci\u00f3n postal Pl. de Jaume Jover, 1 08223 \u00a0Terrassa. El correo electr\u00f3nico de ATENCI\u00d3N est\u00e0 en taigua.cat, en: \u00a0Contacto.\u00a0 El correo electr\u00f3nico del Delegado de Protecci\u00f3n de Datos es: dpd@taigua.cat.\u00a0 (Esta direcci\u00f3n: [&hellip;]<\/p>\n","protected":false},"author":1,"featured_media":0,"parent":0,"menu_order":0,"comment_status":"closed","ping_status":"closed","template":"","meta":{"_acf_changed":false,"footnotes":""},"class_list":["post-38549","page","type-page","status-publish","hentry"],"acf":[],"aioseo_notices":[],"_links":{"self":[{"href":"https:\/\/taigua.cat\/es\/wp-json\/wp\/v2\/pages\/38549","targetHints":{"allow":["GET"]}}],"collection":[{"href":"https:\/\/taigua.cat\/es\/wp-json\/wp\/v2\/pages"}],"about":[{"href":"https:\/\/taigua.cat\/es\/wp-json\/wp\/v2\/types\/page"}],"author":[{"embeddable":true,"href":"https:\/\/taigua.cat\/es\/wp-json\/wp\/v2\/users\/1"}],"replies":[{"embeddable":true,"href":"https:\/\/taigua.cat\/es\/wp-json\/wp\/v2\/comments?post=38549"}],"version-history":[{"count":20,"href":"https:\/\/taigua.cat\/es\/wp-json\/wp\/v2\/pages\/38549\/revisions"}],"predecessor-version":[{"id":86334,"href":"https:\/\/taigua.cat\/es\/wp-json\/wp\/v2\/pages\/38549\/revisions\/86334"}],"wp:attachment":[{"href":"https:\/\/taigua.cat\/es\/wp-json\/wp\/v2\/media?parent=38549"}],"curies":[{"name":"wp","href":"https:\/\/api.w.org\/{rel}","templated":true}]}}