{"id":39059,"date":"2022-12-28T11:17:46","date_gmt":"2022-12-28T10:17:46","guid":{"rendered":"https:\/\/taigua.cat\/?page_id=39059"},"modified":"2025-07-25T17:26:31","modified_gmt":"2025-07-25T15:26:31","slug":"resoluciones-de-emergencia-para-la-contratacion-de-servicios","status":"publish","type":"page","link":"https:\/\/taigua.cat\/es\/resoluciones-de-emergencia-para-la-contratacion-de-servicios\/","title":{"rendered":"RESOLUCIONES DE EMERGENCIA PARA LA CONTRATACI\u00d3N DE SERVICIOS"},"content":{"rendered":"\t\t<div data-elementor-type=\"wp-page\" data-elementor-id=\"39059\" class=\"elementor elementor-39059\" data-elementor-post-type=\"page\">\n\t\t\t\t\t\t<section class=\"elementor-section elementor-top-section elementor-element elementor-element-061ba68 elementor-section-boxed elementor-section-height-default elementor-section-height-default\" data-id=\"061ba68\" data-element_type=\"section\" data-e-type=\"section\">\n\t\t\t\t\t\t<div class=\"elementor-container elementor-column-gap-default\">\n\t\t\t\t\t<div class=\"elementor-column elementor-col-100 elementor-top-column elementor-element elementor-element-b7b9db1\" data-id=\"b7b9db1\" data-element_type=\"column\" data-e-type=\"column\">\n\t\t\t<div class=\"elementor-widget-wrap elementor-element-populated\">\n\t\t\t\t\t\t<div class=\"elementor-element elementor-element-8a3d435 elementor-align-center elementor-widget elementor-widget-button\" data-id=\"8a3d435\" data-element_type=\"widget\" data-e-type=\"widget\" data-widget_type=\"button.default\">\n\t\t\t\t<div class=\"elementor-widget-container\">\n\t\t\t\t\t\t\t\t\t<div class=\"elementor-button-wrapper\">\n\t\t\t\t\t<a class=\"elementor-button elementor-button-link elementor-size-sm\" href=\"https:\/\/taigua.cat\/wp-content\/uploads\/2025\/07\/06.1.-RESOLUCIO-144-ADJUDICACIO-EME250147.sig-1.pdf\" target=\"_blank\">\n\t\t\t\t\t\t<span class=\"elementor-button-content-wrapper\">\n\t\t\t\t\t\t\t\t\t<span class=\"elementor-button-text\">PRUEBA PILOTO CON DIOXIDO DE CLORO ANTES DEL TRATAMIENTO DE FILTROS DE AGUA DE POZOS<\/span>\n\t\t\t\t\t<\/span>\n\t\t\t\t\t<\/a>\n\t\t\t\t<\/div>\n\t\t\t\t\t\t\t\t<\/div>\n\t\t\t\t<\/div>\n\t\t\t\t\t<\/div>\n\t\t<\/div>\n\t\t\t\t\t<\/div>\n\t\t<\/section>\n\t\t\t\t<section class=\"elementor-section elementor-top-section elementor-element elementor-element-bf4b956 elementor-section-boxed elementor-section-height-default elementor-section-height-default\" data-id=\"bf4b956\" data-element_type=\"section\" data-e-type=\"section\">\n\t\t\t\t\t\t<div class=\"elementor-container elementor-column-gap-default\">\n\t\t\t\t\t<div class=\"elementor-column elementor-col-25 elementor-top-column elementor-element elementor-element-f33b348\" data-id=\"f33b348\" data-element_type=\"column\" data-e-type=\"column\">\n\t\t\t<div class=\"elementor-widget-wrap elementor-element-populated\">\n\t\t\t\t\t\t<div class=\"elementor-element elementor-element-5f41da2 elementor-align-center elementor-widget elementor-widget-button\" data-id=\"5f41da2\" data-element_type=\"widget\" data-e-type=\"widget\" data-widget_type=\"button.default\">\n\t\t\t\t<div class=\"elementor-widget-container\">\n\t\t\t\t\t\t\t\t\t<div class=\"elementor-button-wrapper\">\n\t\t\t\t\t<a class=\"elementor-button elementor-button-link elementor-size-sm\" href=\"https:\/\/taigua.cat\/wp-content\/uploads\/2023\/08\/03.-RESOLUCIO-DECLARACIO-EMERGENCIA-COL\u00b7LECTOR-ABRERA-signada.pdf\" target=\"_blank\">\n\t\t\t\t\t\t<span class=\"elementor-button-content-wrapper\">\n\t\t\t\t\t\t\t\t\t<span class=\"elementor-button-text\">COLECTOR ABRERA<\/span>\n\t\t\t\t\t<\/span>\n\t\t\t\t\t<\/a>\n\t\t\t\t<\/div>\n\t\t\t\t\t\t\t\t<\/div>\n\t\t\t\t<\/div>\n\t\t\t\t\t<\/div>\n\t\t<\/div>\n\t\t\t\t<div class=\"elementor-column elementor-col-25 elementor-top-column elementor-element elementor-element-f62ff0b\" data-id=\"f62ff0b\" data-element_type=\"column\" data-e-type=\"column\">\n\t\t\t<div class=\"elementor-widget-wrap elementor-element-populated\">\n\t\t\t\t\t\t<div class=\"elementor-element elementor-element-5cacd3e elementor-align-center elementor-widget elementor-widget-button\" data-id=\"5cacd3e\" data-element_type=\"widget\" data-e-type=\"widget\" data-widget_type=\"button.default\">\n\t\t\t\t<div class=\"elementor-widget-container\">\n\t\t\t\t\t\t\t\t\t<div class=\"elementor-button-wrapper\">\n\t\t\t\t\t<a class=\"elementor-button elementor-button-link elementor-size-sm\" href=\"https:\/\/taigua.cat\/wp-content\/uploads\/2022\/10\/03.1.-RESOLUCIO-DECLARACIO-EMERGENCIA.pdf\" target=\"_blank\">\n\t\t\t\t\t\t<span class=\"elementor-button-content-wrapper\">\n\t\t\t\t\t\t\t\t\t<span class=\"elementor-button-text\">INCENDIO EN ABRERA<\/span>\n\t\t\t\t\t<\/span>\n\t\t\t\t\t<\/a>\n\t\t\t\t<\/div>\n\t\t\t\t\t\t\t\t<\/div>\n\t\t\t\t<\/div>\n\t\t\t\t\t<\/div>\n\t\t<\/div>\n\t\t\t\t<div class=\"elementor-column elementor-col-25 elementor-top-column elementor-element elementor-element-447e0bd\" data-id=\"447e0bd\" data-element_type=\"column\" data-e-type=\"column\">\n\t\t\t<div class=\"elementor-widget-wrap elementor-element-populated\">\n\t\t\t\t\t\t<div class=\"elementor-element elementor-element-5096969 elementor-align-center elementor-widget elementor-widget-button\" data-id=\"5096969\" data-element_type=\"widget\" data-e-type=\"widget\" data-widget_type=\"button.default\">\n\t\t\t\t<div class=\"elementor-widget-container\">\n\t\t\t\t\t\t\t\t\t<div class=\"elementor-button-wrapper\">\n\t\t\t\t\t<a class=\"elementor-button elementor-button-link elementor-size-sm\" href=\"https:\/\/taigua.cat\/wp-content\/uploads\/2022\/12\/03.-RESOLUCIO-DECLARACIO-EMERGENCIA-POBLE-NOU.pdf\" target=\"_blank\">\n\t\t\t\t\t\t<span class=\"elementor-button-content-wrapper\">\n\t\t\t\t\t\t\t\t\t<span class=\"elementor-button-text\">POBLE NOU<\/span>\n\t\t\t\t\t<\/span>\n\t\t\t\t\t<\/a>\n\t\t\t\t<\/div>\n\t\t\t\t\t\t\t\t<\/div>\n\t\t\t\t<\/div>\n\t\t\t\t\t<\/div>\n\t\t<\/div>\n\t\t\t\t<div class=\"elementor-column elementor-col-25 elementor-top-column elementor-element elementor-element-cd8471b\" data-id=\"cd8471b\" data-element_type=\"column\" data-e-type=\"column\">\n\t\t\t<div class=\"elementor-widget-wrap elementor-element-populated\">\n\t\t\t\t\t\t<div class=\"elementor-element elementor-element-663de5f elementor-align-center elementor-widget elementor-widget-button\" data-id=\"663de5f\" data-element_type=\"widget\" data-e-type=\"widget\" data-widget_type=\"button.default\">\n\t\t\t\t<div class=\"elementor-widget-container\">\n\t\t\t\t\t\t\t\t\t<div class=\"elementor-button-wrapper\">\n\t\t\t\t\t<a class=\"elementor-button elementor-button-link elementor-size-sm\" href=\"https:\/\/taigua.cat\/wp-content\/uploads\/2023\/03\/03.2.-RESOLUCIO-DECLARACIO-EMERGENCIA-CAN-JOFRESA-SIGNADA.pdf\" target=\"_blank\">\n\t\t\t\t\t\t<span class=\"elementor-button-content-wrapper\">\n\t\t\t\t\t\t\t\t\t<span class=\"elementor-button-text\">TUBER\u00cdA C\/BADALONA<\/span>\n\t\t\t\t\t<\/span>\n\t\t\t\t\t<\/a>\n\t\t\t\t<\/div>\n\t\t\t\t\t\t\t\t<\/div>\n\t\t\t\t<\/div>\n\t\t\t\t\t<\/div>\n\t\t<\/div>\n\t\t\t\t\t<\/div>\n\t\t<\/section>\n\t\t\t\t<section class=\"elementor-section elementor-top-section elementor-element elementor-element-217cf64 elementor-section-boxed elementor-section-height-default elementor-section-height-default\" data-id=\"217cf64\" data-element_type=\"section\" data-e-type=\"section\">\n\t\t\t\t\t\t<div class=\"elementor-container elementor-column-gap-default\">\n\t\t\t\t\t<div class=\"elementor-column elementor-col-100 elementor-top-column elementor-element elementor-element-cd00715\" data-id=\"cd00715\" data-element_type=\"column\" data-e-type=\"column\">\n\t\t\t<div class=\"elementor-widget-wrap elementor-element-populated\">\n\t\t\t\t\t\t<div class=\"elementor-element elementor-element-d5fafa0 elementor-widget elementor-widget-accordion\" data-id=\"d5fafa0\" data-element_type=\"widget\" data-e-type=\"widget\" data-widget_type=\"accordion.default\">\n\t\t\t\t<div class=\"elementor-widget-container\">\n\t\t\t\t\t\t\t<div class=\"elementor-accordion\">\n\t\t\t\t\t\t\t<div class=\"elementor-accordion-item\">\n\t\t\t\t\t<div id=\"elementor-tab-title-2241\" class=\"elementor-tab-title\" data-tab=\"1\" role=\"button\" aria-controls=\"elementor-tab-content-2241\" aria-expanded=\"false\">\n\t\t\t\t\t\t\t\t\t\t\t\t\t<span class=\"elementor-accordion-icon elementor-accordion-icon-left\" aria-hidden=\"true\">\n\t\t\t\t\t\t\t\t\t\t\t\t\t\t\t<span class=\"elementor-accordion-icon-closed\"><i class=\"fas fa-plus\"><\/i><\/span>\n\t\t\t\t\t\t\t\t<span class=\"elementor-accordion-icon-opened\"><i class=\"fas fa-minus\"><\/i><\/span>\n\t\t\t\t\t\t\t\t\t\t\t\t\t\t<\/span>\n\t\t\t\t\t\t\t\t\t\t\t\t<a class=\"elementor-accordion-title\" tabindex=\"0\">SITUACI\u00d3N DE SEQU\u00cdA EXCEPCIONAL<\/a>\n\t\t\t\t\t<\/div>\n\t\t\t\t\t<div id=\"elementor-tab-content-2241\" class=\"elementor-tab-content elementor-clearfix\" data-tab=\"1\" role=\"region\" aria-labelledby=\"elementor-tab-title-2241\"><p><script> \njQuery(document).ready(function($) { \nvar delay = 100; setTimeout(function() { \n$('.elementor-tab-title').removeClass('elementor-active');\n $('.elementor-tab-content').css('display', 'none'); }, delay); \n}); \n<\/script><\/p><p><a href=\"https:\/\/taigua.cat\/wp-content\/uploads\/2023\/07\/03.1.-RESOLUCIO-CONTRACTACIO-EMERGENCIA-SEQUERA.sig-002.pdf\">1. RESOLUCI\u00d3N CONTRATACI\u00d3N EMERGENCIA DE PRELOCALIZADORES\u00a0<\/a><\/p><p><a href=\"https:\/\/taigua.cat\/wp-content\/uploads\/2023\/08\/03.-RESOLUCIO-DECLARACIO-EMERGENCIA-SECTORITZACIO-EME230336_signada-DEF.pdf\" target=\"_blank\" rel=\"noopener\">2. RESOLUCI\u00d3N CONTRATACI\u00d3N EMERGENCIA DEL SERVICIO PUESTA A PUNTO DE LA SECTORIZACI\u00d3N DE LA RED<\/a><\/p><p><a href=\"https:\/\/taigua.cat\/wp-content\/uploads\/2024\/01\/03.-RESOLUCIO-CONTRACTACIO-EMERGENCIA-DIRECCIO-OBRA-anon.pdf\">03. RESOLUCI\u00d3N CONTRATACI\u00d3N EMERGENCIA DIRECCI\u00d3N OBRA (anon)<\/a><\/p><p><a href=\"https:\/\/taigua.cat\/wp-content\/uploads\/2024\/01\/03.1.-RESOLUCIO-CONTRACTACIO-EMERGENCIA-RIERA-DE-PALAU-SIGNADA-anon.pdf\">03.1. RESOLUCI\u00d3N CONTRATACI\u00d3N EMERG\u00c8NCIA RIERA DE PALAU FIRMADA (anon)<\/a><\/p><\/div>\n\t\t\t\t<\/div>\n\t\t\t\t\t\t\t\t<\/div>\n\t\t\t\t\t\t<\/div>\n\t\t\t\t<\/div>\n\t\t\t\t\t<\/div>\n\t\t<\/div>\n\t\t\t\t\t<\/div>\n\t\t<\/section>\n\t\t\t\t<\/div>\n\t\t","protected":false},"excerpt":{"rendered":"<p>PRUEBA PILOTO CON DIOXIDO DE CLORO ANTES DEL TRATAMIENTO DE FILTROS DE AGUA DE POZOS COLECTOR ABRERA INCENDIO EN ABRERA POBLE NOU TUBER\u00cdA C\/BADALONA SITUACI\u00d3N DE SEQU\u00cdA EXCEPCIONAL 1. RESOLUCI\u00d3N CONTRATACI\u00d3N EMERGENCIA DE PRELOCALIZADORES\u00a0 2. RESOLUCI\u00d3N CONTRATACI\u00d3N EMERGENCIA DEL SERVICIO PUESTA A PUNTO DE LA SECTORIZACI\u00d3N DE LA RED 03. RESOLUCI\u00d3N CONTRATACI\u00d3N EMERGENCIA DIRECCI\u00d3N OBRA [&hellip;]<\/p>\n","protected":false},"author":9,"featured_media":0,"parent":0,"menu_order":0,"comment_status":"closed","ping_status":"closed","template":"","meta":{"_acf_changed":false,"footnotes":""},"class_list":["post-39059","page","type-page","status-publish","hentry"],"acf":[],"aioseo_notices":[],"_links":{"self":[{"href":"https:\/\/taigua.cat\/es\/wp-json\/wp\/v2\/pages\/39059","targetHints":{"allow":["GET"]}}],"collection":[{"href":"https:\/\/taigua.cat\/es\/wp-json\/wp\/v2\/pages"}],"about":[{"href":"https:\/\/taigua.cat\/es\/wp-json\/wp\/v2\/types\/page"}],"author":[{"embeddable":true,"href":"https:\/\/taigua.cat\/es\/wp-json\/wp\/v2\/users\/9"}],"replies":[{"embeddable":true,"href":"https:\/\/taigua.cat\/es\/wp-json\/wp\/v2\/comments?post=39059"}],"version-history":[{"count":58,"href":"https:\/\/taigua.cat\/es\/wp-json\/wp\/v2\/pages\/39059\/revisions"}],"predecessor-version":[{"id":147106,"href":"https:\/\/taigua.cat\/es\/wp-json\/wp\/v2\/pages\/39059\/revisions\/147106"}],"wp:attachment":[{"href":"https:\/\/taigua.cat\/es\/wp-json\/wp\/v2\/media?parent=39059"}],"curies":[{"name":"wp","href":"https:\/\/api.w.org\/{rel}","templated":true}]}}