{"id":41517,"date":"2023-03-21T18:20:35","date_gmt":"2023-03-21T17:20:35","guid":{"rendered":"https:\/\/taigua.cat\/?page_id=41517"},"modified":"2023-03-24T17:51:04","modified_gmt":"2023-03-24T16:51:04","slug":"dia-mundial-del-agua","status":"publish","type":"page","link":"https:\/\/taigua.cat\/es\/dia-mundial-del-agua\/","title":{"rendered":"D\u00eda Mundial del Agua"},"content":{"rendered":"\t\t<div data-elementor-type=\"wp-page\" data-elementor-id=\"41517\" class=\"elementor elementor-41517\" data-elementor-post-type=\"page\">\n\t\t\t\t\t\t<section class=\"elementor-section elementor-top-section elementor-element elementor-element-61b74800 elementor-section-boxed elementor-section-height-default elementor-section-height-default\" data-id=\"61b74800\" data-element_type=\"section\" data-e-type=\"section\">\n\t\t\t\t\t\t<div class=\"elementor-container elementor-column-gap-default\">\n\t\t\t\t\t<div class=\"elementor-column elementor-col-100 elementor-top-column elementor-element elementor-element-5e9d9def\" data-id=\"5e9d9def\" data-element_type=\"column\" data-e-type=\"column\">\n\t\t\t<div class=\"elementor-widget-wrap elementor-element-populated\">\n\t\t\t\t\t\t<div class=\"elementor-element elementor-element-da1666 elementor-widget elementor-widget-text-editor\" data-id=\"da1666\" data-element_type=\"widget\" data-e-type=\"widget\" data-widget_type=\"text-editor.default\">\n\t\t\t\t<div class=\"elementor-widget-container\">\n\t\t\t\t\t\t\t\t\t<blockquote><h5>Lema del D\u00eda Mundial del Agua 2023: <span style=\"\"><strong>Aceleramos los cambios a trav\u00e9s del partenariado y la cooperaci\u00f3n<\/strong><\/span><\/h5><\/blockquote>\t\t\t\t\t\t\t\t<\/div>\n\t\t\t\t<\/div>\n\t\t\t\t\t<\/div>\n\t\t<\/div>\n\t\t\t\t\t<\/div>\n\t\t<\/section>\n\t\t\t\t<section class=\"elementor-section elementor-top-section elementor-element elementor-element-d128d05 elementor-section-boxed elementor-section-height-default elementor-section-height-default\" data-id=\"d128d05\" data-element_type=\"section\" data-e-type=\"section\">\n\t\t\t\t\t\t<div class=\"elementor-container elementor-column-gap-default\">\n\t\t\t\t\t<div class=\"elementor-column elementor-col-100 elementor-top-column elementor-element elementor-element-4a157e3f\" data-id=\"4a157e3f\" data-element_type=\"column\" data-e-type=\"column\">\n\t\t\t<div class=\"elementor-widget-wrap elementor-element-populated\">\n\t\t\t\t\t\t<section class=\"elementor-section elementor-inner-section elementor-element elementor-element-20b86255 elementor-section-boxed elementor-section-height-default elementor-section-height-default\" data-id=\"20b86255\" data-element_type=\"section\" data-e-type=\"section\">\n\t\t\t\t\t\t<div class=\"elementor-container elementor-column-gap-default\">\n\t\t\t\t\t<div class=\"elementor-column elementor-col-50 elementor-inner-column elementor-element elementor-element-106ad4de\" data-id=\"106ad4de\" data-element_type=\"column\" data-e-type=\"column\">\n\t\t\t<div class=\"elementor-widget-wrap elementor-element-populated\">\n\t\t\t\t\t\t<div class=\"elementor-element elementor-element-4dd6c092 elementor-widget elementor-widget-text-editor\" data-id=\"4dd6c092\" data-element_type=\"widget\" data-e-type=\"widget\" data-widget_type=\"text-editor.default\">\n\t\t\t\t<div class=\"elementor-widget-container\">\n\t\t\t\t\t\t\t\t\t<p><a href=\"https:\/\/vimeo.com\/manage\/videos\/811345197\" target=\"_blank\" rel=\"noopener\">TELEDIARIO INFORMATIVOS TVE<\/a><\/p><p>La idea de celebrar este d\u00eda internacional se remonta a 1992, a\u00f1o en que tuvo lugar la Conferencia de las Naciones Unidas sobre el Medio Ambiente y el Desarrollo de R\u00edo de Janeiro. Ese mismo a\u00f1o, la Asamblea General adopt\u00f3 la resoluci\u00f3n por la que el 22 de marzo de cada a\u00f1o fue declarado D\u00eda Mundial del Agua, siendo 1993 el primer a\u00f1o de celebraci\u00f3n.<\/p><p>El D\u00eda Mundial del Agua se celebra cada a\u00f1o para recordar la relevancia de este l\u00edquido esencial. Recordemos que 2.200 millones de personas viven a\u00fan sin acceso a agua potable. Esta celebraci\u00f3n tiene como objetivo concienciar sobre la crisis mundial del agua y la necesidad de buscar medidas para abordarla de manera que consigamos el Objetivo de Desarrollo Sostenible No 6: Agua y saneamiento para todos antes de 2030.<\/p><p>Para este a\u00f1o las <a href=\"https:\/\/www.un.org\/es\/observances\/water-day\" target=\"_blank\" rel=\"noopener\">Naciones Unidas (UN)<\/a> han escogido el lema \u00ab<strong>Aceleramos los cambios a trav\u00e9s del partenariado y la cooperaci\u00f3n<\/strong>\u00ab. A nivel local se incrementar\u00e1n las actuaciones para que los zaragozanos y las terrassenques nos concienciemos de la importancia del agua y que es ya inexcusable que todos y todas hagamos un uso racional, ahora m\u00e1s que nunca y con la imperiosa necesidad de incluir estas medidas ya dentro de nuestra vida cotidiana. El a\u00f1o pasado, 2022 el lema fue \u00ab<strong>Aguas subterr\u00e1neas, hacer visible lo invisible<\/strong>\u00ab, el principal objetivo era evidenciar su importancia y reivindicar una gesti\u00f3n adecuada y eficaz de este recurso h\u00eddrico de gran importancia que, al margen de los glaciares y los casquetes polares, supone m\u00e1s del 90% del agua dulce disponible en el mundo.<\/p><p>La <a href=\"https:\/\/aca.gencat.cat\/ca\/laca\/campanyes-i-divulgacio\/dia-mundial-de-laigua\/\" target=\"_blank\" rel=\"noopener\">Agencia Catalana del Agua (ACA)<\/a>, como administraci\u00f3n de gesti\u00f3n p\u00fablica del agua en Catalu\u00f1a, participa activamente en el D\u00eda Mundial del Agua, una cita emblem\u00e1tica que se celebra cada 22 de marzo,<\/p>\t\t\t\t\t\t\t\t<\/div>\n\t\t\t\t<\/div>\n\t\t\t\t<div class=\"elementor-element elementor-element-75f55f4d elementor-widget-divider--view-line elementor-widget elementor-widget-divider\" data-id=\"75f55f4d\" data-element_type=\"widget\" data-e-type=\"widget\" data-widget_type=\"divider.default\">\n\t\t\t\t<div class=\"elementor-widget-container\">\n\t\t\t\t\t\t\t<div class=\"elementor-divider\">\n\t\t\t<span class=\"elementor-divider-separator\">\n\t\t\t\t\t\t<\/span>\n\t\t<\/div>\n\t\t\t\t\t\t<\/div>\n\t\t\t\t<\/div>\n\t\t\t\t\t<\/div>\n\t\t<\/div>\n\t\t\t\t<div class=\"elementor-column elementor-col-50 elementor-inner-column elementor-element elementor-element-7a10d6bb\" data-id=\"7a10d6bb\" data-element_type=\"column\" data-e-type=\"column\">\n\t\t\t<div class=\"elementor-widget-wrap elementor-element-populated\">\n\t\t\t\t\t\t<div class=\"elementor-element elementor-element-48783ea2 dce_masking-none elementor-widget elementor-widget-image\" data-id=\"48783ea2\" data-element_type=\"widget\" data-e-type=\"widget\" data-widget_type=\"image.default\">\n\t\t\t\t<div class=\"elementor-widget-container\">\n\t\t\t\t\t\t\t\t\t\t\t\t\t\t\t<img fetchpriority=\"high\" decoding=\"async\" width=\"416\" height=\"657\" src=\"https:\/\/taigua.cat\/wp-content\/uploads\/2021\/11\/taigua-02.jpg\" class=\"attachment-large size-large wp-image-18820\" alt=\"\" srcset=\"https:\/\/taigua.cat\/wp-content\/uploads\/2021\/11\/taigua-02.jpg 416w, https:\/\/taigua.cat\/wp-content\/uploads\/2021\/11\/taigua-02-190x300.jpg 190w\" sizes=\"(max-width: 416px) 100vw, 416px\" \/>\t\t\t\t\t\t\t\t\t\t\t\t\t\t\t<\/div>\n\t\t\t\t<\/div>\n\t\t\t\t\t<\/div>\n\t\t<\/div>\n\t\t\t\t\t<\/div>\n\t\t<\/section>\n\t\t\t\t\t<\/div>\n\t\t<\/div>\n\t\t\t\t\t<\/div>\n\t\t<\/section>\n\t\t\t\t<section class=\"elementor-section elementor-top-section elementor-element elementor-element-50ec611 elementor-section-boxed elementor-section-height-default elementor-section-height-default\" data-id=\"50ec611\" data-element_type=\"section\" data-e-type=\"section\">\n\t\t\t\t\t\t<div class=\"elementor-container elementor-column-gap-default\">\n\t\t\t\t\t<div class=\"elementor-column elementor-col-100 elementor-top-column elementor-element elementor-element-b04b886\" data-id=\"b04b886\" data-element_type=\"column\" data-e-type=\"column\">\n\t\t\t<div class=\"elementor-widget-wrap elementor-element-populated\">\n\t\t\t\t\t\t<div class=\"elementor-element elementor-element-85aca81 dce_masking-none elementor-widget elementor-widget-video\" data-id=\"85aca81\" data-element_type=\"widget\" data-e-type=\"widget\" data-settings=\"{&quot;video_type&quot;:&quot;vimeo&quot;,&quot;autoplay&quot;:&quot;yes&quot;}\" data-widget_type=\"video.default\">\n\t\t\t\t<div class=\"elementor-widget-container\">\n\t\t\t\t\t\t\t<div class=\"elementor-wrapper elementor-open-inline\">\n\t\t\t<iframe class=\"elementor-video-iframe\" allowfullscreen allow=\"autoplay\" title=\"Reproductor de v\u00eddeo vimeo\" src=\"https:\/\/player.vimeo.com\/video\/690613027?autoplay=1&amp;color&amp;autopause=0&amp;loop=0&amp;muted=0&amp;title=1&amp;portrait=1&amp;byline=1#t=\"><\/iframe>\t\t<\/div>\n\t\t\t\t\t\t<\/div>\n\t\t\t\t<\/div>\n\t\t\t\t\t<\/div>\n\t\t<\/div>\n\t\t\t\t\t<\/div>\n\t\t<\/section>\n\t\t\t\t<section class=\"elementor-section elementor-top-section elementor-element elementor-element-82a7376 elementor-section-boxed elementor-section-height-default elementor-section-height-default\" data-id=\"82a7376\" data-element_type=\"section\" data-e-type=\"section\">\n\t\t\t\t\t\t<div class=\"elementor-container elementor-column-gap-default\">\n\t\t\t\t\t<div class=\"elementor-column elementor-col-100 elementor-top-column elementor-element elementor-element-6fc57d3f\" data-id=\"6fc57d3f\" data-element_type=\"column\" data-e-type=\"column\">\n\t\t\t<div class=\"elementor-widget-wrap elementor-element-populated\">\n\t\t\t\t\t\t<div class=\"elementor-element elementor-element-721724b0 dce_masking-none elementor-widget elementor-widget-image\" data-id=\"721724b0\" data-element_type=\"widget\" data-e-type=\"widget\" data-widget_type=\"image.default\">\n\t\t\t\t<div class=\"elementor-widget-container\">\n\t\t\t\t\t\t\t\t\t\t\t\t\t\t\t<img decoding=\"async\" src=\"https:\/\/taigua.cat\/wp-content\/uploads\/elementor\/thumbs\/pexels-sharefaith-1231251-scaled-paihzk719j06xkvdj79cw9otth5lrwv9w7titz9jh4.jpg\" title=\"pexels-sharefaith-1231251\" alt=\"pexels-sharefaith-1231251\" loading=\"lazy\" \/>\t\t\t\t\t\t\t\t\t\t\t\t\t\t\t<\/div>\n\t\t\t\t<\/div>\n\t\t\t\t\t<\/div>\n\t\t<\/div>\n\t\t\t\t\t<\/div>\n\t\t<\/section>\n\t\t\t\t<\/div>\n\t\t","protected":false},"excerpt":{"rendered":"<p>Lema del D\u00eda Mundial del Agua 2023: Aceleramos los cambios a trav\u00e9s del partenariado y la cooperaci\u00f3n TELEDIARIO INFORMATIVOS TVE La idea de celebrar este d\u00eda internacional se remonta a 1992, a\u00f1o en que tuvo lugar la Conferencia de las Naciones Unidas sobre el Medio Ambiente y el Desarrollo de R\u00edo de Janeiro. Ese mismo [&hellip;]<\/p>\n","protected":false},"author":9,"featured_media":0,"parent":0,"menu_order":0,"comment_status":"closed","ping_status":"closed","template":"","meta":{"_acf_changed":false,"footnotes":""},"class_list":["post-41517","page","type-page","status-publish","hentry"],"acf":[],"aioseo_notices":[],"_links":{"self":[{"href":"https:\/\/taigua.cat\/es\/wp-json\/wp\/v2\/pages\/41517","targetHints":{"allow":["GET"]}}],"collection":[{"href":"https:\/\/taigua.cat\/es\/wp-json\/wp\/v2\/pages"}],"about":[{"href":"https:\/\/taigua.cat\/es\/wp-json\/wp\/v2\/types\/page"}],"author":[{"embeddable":true,"href":"https:\/\/taigua.cat\/es\/wp-json\/wp\/v2\/users\/9"}],"replies":[{"embeddable":true,"href":"https:\/\/taigua.cat\/es\/wp-json\/wp\/v2\/comments?post=41517"}],"version-history":[{"count":19,"href":"https:\/\/taigua.cat\/es\/wp-json\/wp\/v2\/pages\/41517\/revisions"}],"predecessor-version":[{"id":41826,"href":"https:\/\/taigua.cat\/es\/wp-json\/wp\/v2\/pages\/41517\/revisions\/41826"}],"wp:attachment":[{"href":"https:\/\/taigua.cat\/es\/wp-json\/wp\/v2\/media?parent=41517"}],"curies":[{"name":"wp","href":"https:\/\/api.w.org\/{rel}","templated":true}]}}