{"id":41577,"date":"2023-03-21T19:16:20","date_gmt":"2023-03-21T18:16:20","guid":{"rendered":"https:\/\/taigua.cat\/?page_id=41577"},"modified":"2025-05-19T10:58:04","modified_gmt":"2025-05-19T08:58:04","slug":"sequia","status":"publish","type":"page","link":"https:\/\/taigua.cat\/es\/sequia\/","title":{"rendered":"SEQU\u00cdA"},"content":{"rendered":"\t\t<div data-elementor-type=\"wp-page\" data-elementor-id=\"41577\" class=\"elementor elementor-41577\" data-elementor-post-type=\"page\">\n\t\t\t\t\t\t<section class=\"elementor-section elementor-top-section elementor-element elementor-element-7bfe12bc elementor-section-boxed elementor-section-height-default elementor-section-height-default\" data-id=\"7bfe12bc\" data-element_type=\"section\" data-e-type=\"section\">\n\t\t\t\t\t\t<div class=\"elementor-container elementor-column-gap-default\">\n\t\t\t\t\t<div class=\"elementor-column elementor-col-100 elementor-top-column elementor-element elementor-element-c072224\" data-id=\"c072224\" data-element_type=\"column\" data-e-type=\"column\">\n\t\t\t<div class=\"elementor-widget-wrap elementor-element-populated\">\n\t\t\t\t\t\t<div class=\"elementor-element elementor-element-206fa9db elementor-widget elementor-widget-heading\" data-id=\"206fa9db\" data-element_type=\"widget\" data-e-type=\"widget\" data-widget_type=\"heading.default\">\n\t\t\t\t<div class=\"elementor-widget-container\">\n\t\t\t\t\t<h2 class=\"elementor-heading-title elementor-size-default\"><a href=\"https:\/\/taigua.cat\/wp-content\/uploads\/2025\/05\/DOGC-9414-13-maig-2025.-NORMALITAT.pdf\" target=\"_blank\">El Govern ha acordado el cambio de estado de PREALERTA a NORMALIDAD.\nPublicaci\u00f3n en el DOGC. <\/a><\/h2>\t\t\t\t<\/div>\n\t\t\t\t<\/div>\n\t\t\t\t\t<\/div>\n\t\t<\/div>\n\t\t\t\t\t<\/div>\n\t\t<\/section>\n\t\t\t\t<section class=\"elementor-section elementor-top-section elementor-element elementor-element-c832acd elementor-section-boxed elementor-section-height-default elementor-section-height-default\" data-id=\"c832acd\" data-element_type=\"section\" data-e-type=\"section\">\n\t\t\t\t\t\t<div class=\"elementor-container elementor-column-gap-default\">\n\t\t\t\t\t<div class=\"elementor-column elementor-col-33 elementor-top-column elementor-element elementor-element-876b87a\" data-id=\"876b87a\" data-element_type=\"column\" data-e-type=\"column\">\n\t\t\t<div class=\"elementor-widget-wrap elementor-element-populated\">\n\t\t\t\t\t\t<div class=\"elementor-element elementor-element-9efca27 elementor-align-center elementor-widget elementor-widget-button\" data-id=\"9efca27\" data-element_type=\"widget\" data-e-type=\"widget\" data-widget_type=\"button.default\">\n\t\t\t\t<div class=\"elementor-widget-container\">\n\t\t\t\t\t\t\t\t\t<div class=\"elementor-button-wrapper\">\n\t\t\t\t\t<a class=\"elementor-button elementor-button-link elementor-size-md\" href=\"https:\/\/taigua.cat\/wp-content\/uploads\/2023\/07\/TAIGUA-SEQUERA_Llarg.mp4\" target=\"_blank\">\n\t\t\t\t\t\t<span class=\"elementor-button-content-wrapper\">\n\t\t\t\t\t\t\t\t\t<span class=\"elementor-button-text\">ANUNCIO AHORRO. CADA GOTA CUENTA<\/span>\n\t\t\t\t\t<\/span>\n\t\t\t\t\t<\/a>\n\t\t\t\t<\/div>\n\t\t\t\t\t\t\t\t<\/div>\n\t\t\t\t<\/div>\n\t\t\t\t\t<\/div>\n\t\t<\/div>\n\t\t\t\t<div class=\"elementor-column elementor-col-33 elementor-top-column elementor-element elementor-element-503de3f\" data-id=\"503de3f\" data-element_type=\"column\" data-e-type=\"column\">\n\t\t\t<div class=\"elementor-widget-wrap elementor-element-populated\">\n\t\t\t\t<!-- dce invisible element 51339c5 -->\t\t\t<\/div>\n\t\t<\/div>\n\t\t\t\t<div class=\"elementor-column elementor-col-33 elementor-top-column elementor-element elementor-element-b2f7792\" data-id=\"b2f7792\" data-element_type=\"column\" data-e-type=\"column\">\n\t\t\t<div class=\"elementor-widget-wrap elementor-element-populated\">\n\t\t\t\t\t\t<div class=\"elementor-element elementor-element-573fca8 elementor-align-center elementor-widget elementor-widget-button\" data-id=\"573fca8\" data-element_type=\"widget\" data-e-type=\"widget\" data-widget_type=\"button.default\">\n\t\t\t\t<div class=\"elementor-widget-container\">\n\t\t\t\t\t\t\t\t\t<div class=\"elementor-button-wrapper\">\n\t\t\t\t\t<a class=\"elementor-button elementor-button-link elementor-size-md\" href=\"https:\/\/taigua.cat\/wp-content\/uploads\/2023\/11\/20231118-DT.-PITJOR-SEQUERA-ULTIMS-TRES-ANYS.pdf\" target=\"_blank\">\n\t\t\t\t\t\t<span class=\"elementor-button-content-wrapper\">\n\t\t\t\t\t\t\t\t\t<span class=\"elementor-button-text\">LA PEOR SEQU\u00cdA DE LOS \u00daLTIMOS TRES A\u00d1OS<\/span>\n\t\t\t\t\t<\/span>\n\t\t\t\t\t<\/a>\n\t\t\t\t<\/div>\n\t\t\t\t\t\t\t\t<\/div>\n\t\t\t\t<\/div>\n\t\t\t\t\t<\/div>\n\t\t<\/div>\n\t\t\t\t\t<\/div>\n\t\t<\/section>\n\t\t\t\t<section class=\"elementor-section elementor-top-section elementor-element elementor-element-38e2ad0 elementor-section-boxed elementor-section-height-default elementor-section-height-default\" data-id=\"38e2ad0\" data-element_type=\"section\" data-e-type=\"section\">\n\t\t\t\t\t\t<div class=\"elementor-container elementor-column-gap-default\">\n\t\t\t\t\t<div class=\"elementor-column elementor-col-50 elementor-top-column elementor-element elementor-element-48b9798\" data-id=\"48b9798\" data-element_type=\"column\" data-e-type=\"column\">\n\t\t\t<div class=\"elementor-widget-wrap elementor-element-populated\">\n\t\t\t\t\t\t<div class=\"elementor-element elementor-element-cffe467 elementor-widget elementor-widget-accordion\" data-id=\"cffe467\" data-element_type=\"widget\" data-e-type=\"widget\" data-widget_type=\"accordion.default\">\n\t\t\t\t<div class=\"elementor-widget-container\">\n\t\t\t\t\t\t\t<div class=\"elementor-accordion\">\n\t\t\t\t\t\t\t<div class=\"elementor-accordion-item\">\n\t\t\t\t\t<div id=\"elementor-tab-title-2181\" class=\"elementor-tab-title\" data-tab=\"1\" role=\"button\" aria-controls=\"elementor-tab-content-2181\" aria-expanded=\"false\">\n\t\t\t\t\t\t\t\t\t\t\t\t\t<span class=\"elementor-accordion-icon elementor-accordion-icon-left\" aria-hidden=\"true\">\n\t\t\t\t\t\t\t\t\t\t\t\t\t\t\t<span class=\"elementor-accordion-icon-closed\"><i class=\"fas fa-plus\"><\/i><\/span>\n\t\t\t\t\t\t\t\t<span class=\"elementor-accordion-icon-opened\"><i class=\"fas fa-minus\"><\/i><\/span>\n\t\t\t\t\t\t\t\t\t\t\t\t\t\t<\/span>\n\t\t\t\t\t\t\t\t\t\t\t\t<a class=\"elementor-accordion-title\" tabindex=\"0\">CONSEJOS DE AHORRO<\/a>\n\t\t\t\t\t<\/div>\n\t\t\t\t\t<div id=\"elementor-tab-content-2181\" class=\"elementor-tab-content elementor-clearfix\" data-tab=\"1\" role=\"region\" aria-labelledby=\"elementor-tab-title-2181\"><p><script> \njQuery(document).ready(function($) { \nvar delay = 100; setTimeout(function() { \n$('.elementor-tab-title').removeClass('elementor-active');\n $('.elementor-tab-content').css('display', 'none'); }, delay); \n}); \n<\/script><br \/><a href=\"https:\/\/taigua.cat\/wp-content\/uploads\/2023\/03\/MESURES-DESTALVI-PER-LESTAT-DEXCEPCIONALITAT.pdf?_gl=1*71jqpp*_up*MQ..*_ga*NjQwODY4NTU2LjE2NzgzNzg2MDY.*_ga_MZ39BHEKMB*MTY3ODM3ODYwNS4xLjEuMTY3ODM3OTA1MS4wLjAuMA..\" target=\"_blank\" rel=\"noreferrer noopener\">QU\u00c8 PUC FER I QU\u00c8 NO. CONSELLS<\/a><\/p><p><a href=\"https:\/\/taigua.cat\/wp-content\/uploads\/2023\/04\/230306-Excepcionalitat-Sequera.pdf\">L\u2019AJUNTAMENT ES PREPARA PER ADEQUAR-SE A L&#8217;ESTAT D&#8217;EXCEPCIONALITAT PER SEQUERA<\/a><\/p><p><a href=\"https:\/\/taigua.cat\/wp-content\/uploads\/2023\/03\/Sequera_flyer.pdf\" target=\"_blank\" rel=\"noopener\">LA PLUJA NO LA CONTROLES, L&#8217;AIXETA S\u00cd<\/a><\/p><p><a href=\"https:\/\/www.taigua.cat\/consells-destalvi\/\" target=\"_blank\" rel=\"noopener\">CONSELLS D&#8217;ESTALVI<\/a><\/p><p><a href=\"https:\/\/sequera.gencat.cat\/ca\/inici\" target=\"_blank\" rel=\"noopener\">Ag\u00e8ncia Catalana de l&#8217;Aigua. El portal de la sequera<\/a>.<\/p><\/div>\n\t\t\t\t<\/div>\n\t\t\t\t\t\t\t\t<\/div>\n\t\t\t\t\t\t<\/div>\n\t\t\t\t<\/div>\n\t\t\t\t\t<\/div>\n\t\t<\/div>\n\t\t\t\t<div class=\"elementor-column elementor-col-50 elementor-top-column elementor-element elementor-element-c333e8a\" data-id=\"c333e8a\" data-element_type=\"column\" data-e-type=\"column\">\n\t\t\t<div class=\"elementor-widget-wrap elementor-element-populated\">\n\t\t\t\t\t\t<div class=\"elementor-element elementor-element-c7f2428 elementor-widget elementor-widget-accordion\" data-id=\"c7f2428\" data-element_type=\"widget\" data-e-type=\"widget\" data-widget_type=\"accordion.default\">\n\t\t\t\t<div class=\"elementor-widget-container\">\n\t\t\t\t\t\t\t<div class=\"elementor-accordion\">\n\t\t\t\t\t\t\t<div class=\"elementor-accordion-item\">\n\t\t\t\t\t<div id=\"elementor-tab-title-2091\" class=\"elementor-tab-title\" data-tab=\"1\" role=\"button\" aria-controls=\"elementor-tab-content-2091\" aria-expanded=\"false\">\n\t\t\t\t\t\t\t\t\t\t\t\t\t<span class=\"elementor-accordion-icon elementor-accordion-icon-left\" aria-hidden=\"true\">\n\t\t\t\t\t\t\t\t\t\t\t\t\t\t\t<span class=\"elementor-accordion-icon-closed\"><i class=\"fas fa-plus\"><\/i><\/span>\n\t\t\t\t\t\t\t\t<span class=\"elementor-accordion-icon-opened\"><i class=\"fas fa-minus\"><\/i><\/span>\n\t\t\t\t\t\t\t\t\t\t\t\t\t\t<\/span>\n\t\t\t\t\t\t\t\t\t\t\t\t<a class=\"elementor-accordion-title\" tabindex=\"0\">NORMATIVAS<\/a>\n\t\t\t\t\t<\/div>\n\t\t\t\t\t<div id=\"elementor-tab-content-2091\" class=\"elementor-tab-content elementor-clearfix\" data-tab=\"1\" role=\"region\" aria-labelledby=\"elementor-tab-title-2091\"><p><script> \njQuery(document).ready(function($) { \nvar delay = 100; setTimeout(function() { \n$('.elementor-tab-title').removeClass('elementor-active');\n $('.elementor-tab-content').css('display', 'none'); }, delay); \n}); \n<\/script><\/p><p><a href=\"https:\/\/taigua.cat\/wp-content\/uploads\/2025\/05\/DOGC-9414-13-maig-2025.-NORMALITAT.pdf\">DOGC 9414 13 maig 2025. RETORN A ESTAT DE NORMALITAT<\/a><\/p><p><a href=\"https:\/\/taigua.cat\/wp-content\/uploads\/2025\/04\/2082729-Resolucio-TER12712025-de-7-dabril-per-la-qual-sactualitzen-els-estats-de-sequera-hidrologica.pdf\">2082729-Resolucio-TER12712025-de-7-dabril-per-la-qual-sactualitzen-els-estats-de-sequera-hidrologica<\/a><\/p><p><a href=\"https:\/\/taigua.cat\/wp-content\/uploads\/2024\/06\/RES.-ACC23112024-de-25-junio.pdf\">RES. ACC23112024 de 25 junio de salida del estado de emergencia y retorno al estado de alerta<\/a><\/p><p><a href=\"https:\/\/taigua.cat\/wp-content\/uploads\/2024\/05\/ACA_2027902.pdf\">RESOLUCI\u00d3 ACC\/1608\/2024, de 8 de maig, per la qual es declara la sortida de l\u2019estat d\u2019emerg\u00e8ncia I i l\u2019entrada en estat d\u2019excepcionalitat 2027902<\/a><\/p><p><a href=\"https:\/\/taigua.cat\/wp-content\/uploads\/2024\/02\/Delaracio-estat-emergencia-I.pdf\">DECLARACI\u00d3 ESTAT D&#8217;EMERG\u00c8NCIA I<\/a><\/p><p><a href=\"https:\/\/taigua.cat\/wp-content\/uploads\/2023\/11\/DOGC-28-11-2023.pdf\">RESOLUCI\u00d3 ACC\/3987\/2023 INTENSIFICACI\u00d3N MEDIDAS EN ESTADO DE EXCEPCIONALIDAD (PREEMERGENCIA)<\/a><\/p><p><a href=\"https:\/\/taigua.cat\/wp-content\/uploads\/2023\/03\/RESOLUCIO-ACC7472023-de-6-de-marc.-Entrada-Excepcionalitat-Ter-Llobregat.pdf\" target=\"_blank\" rel=\"noopener\">RESOLUCI\u00d3 ACC\/747\/2023, de 6 de mar\u00e7, per la qual es declara l&#8217;entrada a l&#8217;estat d&#8217;excepcionalitat<\/a><\/p><p><a href=\"https:\/\/taigua.cat\/wp-content\/uploads\/2023\/03\/DECRET-LLEI-12023-de-28-de-febrer-pel-qual-sestableixen-mesures-extraordinaries.pdf\" target=\"_blank\" rel=\"noopener\">DECRET LLEI 1\/2023, de 28 de febrer, pel qual s&#8217;estableixen mesures extraordin\u00e0ries i urgents per fer front a la situaci\u00f3 de sequera excepcional<\/a> (<a href=\"https:\/\/taigua.cat\/wp-content\/uploads\/2023\/03\/poster-sequera-restriccions-excepcionalitat.pdf?_gl=1*1pxv6qf*_ga*MTQxMDg5ODQ0LjE2NzgzNzgzNTk.*_up*MQ..*_ga_MZ39BHEKMB*MTY3ODM3ODM1OC4xLjEuMTY3ODM3ODM2OS4wLjAuMA..\" target=\"_blank\" rel=\"noreferrer noopener\">mesures extraordin\u00e0ries i urgents<\/a> per fer front a la situaci\u00f3 de sequera)<\/p><p><a href=\"https:\/\/taigua.cat\/wp-content\/uploads\/2022\/11\/RESOLUCIO-ACC36872022-de-22-de-novembre.pdf\" target=\"_blank\" rel=\"noreferrer noopener\">RESOLUCI\u00d3 ACC\/3687\/2022 de 22 de novembre, per la qual s&#8217;actualitzen els estats de sequera pluviom\u00e8trica<\/a><\/p><p><a href=\"https:\/\/taigua.cat\/wp-content\/uploads\/2022\/11\/Acord-GOV12020-de-8-gener-2020.pdf\" target=\"_blank\" rel=\"noreferrer noopener\">ACORD GOV\/1\/2020, de 8 de gener, pel qual s&#8217;aprova el Pla especial d&#8217;actuaci\u00f3 en situaci\u00f3 d&#8217;alerta i eventual sequera<\/a><\/p><\/div>\n\t\t\t\t<\/div>\n\t\t\t\t\t\t\t\t<\/div>\n\t\t\t\t\t\t<\/div>\n\t\t\t\t<\/div>\n\t\t\t\t\t<\/div>\n\t\t<\/div>\n\t\t\t\t\t<\/div>\n\t\t<\/section>\n\t\t\t\t<section class=\"elementor-section elementor-top-section elementor-element elementor-element-9b8b36e elementor-section-boxed elementor-section-height-default elementor-section-height-default\" data-id=\"9b8b36e\" data-element_type=\"section\" data-e-type=\"section\">\n\t\t\t\t\t\t<div class=\"elementor-container elementor-column-gap-default\">\n\t\t\t\t\t<div class=\"elementor-column elementor-col-50 elementor-top-column elementor-element elementor-element-2dab26d\" data-id=\"2dab26d\" data-element_type=\"column\" data-e-type=\"column\">\n\t\t\t<div class=\"elementor-widget-wrap elementor-element-populated\">\n\t\t\t\t\t\t<div class=\"elementor-element elementor-element-d7071ef elementor-widget elementor-widget-accordion\" data-id=\"d7071ef\" data-element_type=\"widget\" data-e-type=\"widget\" data-widget_type=\"accordion.default\">\n\t\t\t\t<div class=\"elementor-widget-container\">\n\t\t\t\t\t\t\t<div class=\"elementor-accordion\">\n\t\t\t\t\t\t\t<div class=\"elementor-accordion-item\">\n\t\t\t\t\t<div id=\"elementor-tab-title-2251\" class=\"elementor-tab-title\" data-tab=\"1\" role=\"button\" aria-controls=\"elementor-tab-content-2251\" aria-expanded=\"false\">\n\t\t\t\t\t\t\t\t\t\t\t\t\t<span class=\"elementor-accordion-icon elementor-accordion-icon-left\" aria-hidden=\"true\">\n\t\t\t\t\t\t\t\t\t\t\t\t\t\t\t<span class=\"elementor-accordion-icon-closed\"><i class=\"fas fa-plus\"><\/i><\/span>\n\t\t\t\t\t\t\t\t<span class=\"elementor-accordion-icon-opened\"><i class=\"fas fa-minus\"><\/i><\/span>\n\t\t\t\t\t\t\t\t\t\t\t\t\t\t<\/span>\n\t\t\t\t\t\t\t\t\t\t\t\t<a class=\"elementor-accordion-title\" tabindex=\"0\">PLAN ESPECIAL DE SEQU\u00cdA (PES)  DE LA RED EN ALTA<\/a>\n\t\t\t\t\t<\/div>\n\t\t\t\t\t<div id=\"elementor-tab-content-2251\" class=\"elementor-tab-content elementor-clearfix\" data-tab=\"1\" role=\"region\" aria-labelledby=\"elementor-tab-title-2251\"><p><script> \njQuery(document).ready(function($) { \nvar delay = 100; setTimeout(function() { \n$('.elementor-tab-title').removeClass('elementor-active');\n $('.elementor-tab-content').css('display', 'none'); }, delay); \n}); \n<\/script>Terrassa Cicle de l&#8217;Aigua, EPEL (TAIGUA), es una entidad que conjuga dos funciones: la distribuci\u00f3n de agua en Terrassa (<strong>en baja<\/strong>) y la de gestor de abastecimiento de agua <strong>en alta<\/strong> en Terrassa, Viladecavalls, Ullastrell y Matadepera. Por esta raz\u00f3n est\u00e1 obligada a la redacci\u00f3n del Plan de emergencia en situaci\u00f3n de sequ\u00eda de ente gestor de red en alta.\u00a0<\/p><p><a href=\"https:\/\/taigua.cat\/wp-content\/uploads\/2023\/03\/Pla_sequera_xarxa_alta_TAIGUA.pdf\" target=\"_blank\" rel=\"noopener\">PLA D&#8217;EMERG\u00c8NCIA EN SITUACIONS DE SEQUERA DE LA XARXA EN ALTA<\/a><\/p><\/div>\n\t\t\t\t<\/div>\n\t\t\t\t\t\t\t\t<\/div>\n\t\t\t\t\t\t<\/div>\n\t\t\t\t<\/div>\n\t\t\t\t\t<\/div>\n\t\t<\/div>\n\t\t\t\t<div class=\"elementor-column elementor-col-50 elementor-top-column elementor-element elementor-element-c0cb8de\" data-id=\"c0cb8de\" data-element_type=\"column\" data-e-type=\"column\">\n\t\t\t<div class=\"elementor-widget-wrap elementor-element-populated\">\n\t\t\t\t\t\t<div class=\"elementor-element elementor-element-4913b08 elementor-widget elementor-widget-accordion\" data-id=\"4913b08\" data-element_type=\"widget\" data-e-type=\"widget\" data-widget_type=\"accordion.default\">\n\t\t\t\t<div class=\"elementor-widget-container\">\n\t\t\t\t\t\t\t<div class=\"elementor-accordion\">\n\t\t\t\t\t\t\t<div class=\"elementor-accordion-item\">\n\t\t\t\t\t<div id=\"elementor-tab-title-7661\" class=\"elementor-tab-title\" data-tab=\"1\" role=\"button\" aria-controls=\"elementor-tab-content-7661\" aria-expanded=\"false\">\n\t\t\t\t\t\t\t\t\t\t\t\t\t<span class=\"elementor-accordion-icon elementor-accordion-icon-left\" aria-hidden=\"true\">\n\t\t\t\t\t\t\t\t\t\t\t\t\t\t\t<span class=\"elementor-accordion-icon-closed\"><i class=\"fas fa-plus\"><\/i><\/span>\n\t\t\t\t\t\t\t\t<span class=\"elementor-accordion-icon-opened\"><i class=\"fas fa-minus\"><\/i><\/span>\n\t\t\t\t\t\t\t\t\t\t\t\t\t\t<\/span>\n\t\t\t\t\t\t\t\t\t\t\t\t<a class=\"elementor-accordion-title\" tabindex=\"0\">PLAN MUNICIPAL DE EMERGENCIA EN SITUACI\u00d3N DE SEQU\u00cdA<\/a>\n\t\t\t\t\t<\/div>\n\t\t\t\t\t<div id=\"elementor-tab-content-7661\" class=\"elementor-tab-content elementor-clearfix\" data-tab=\"1\" role=\"region\" aria-labelledby=\"elementor-tab-title-7661\"><p><script> \njQuery(document).ready(function($) { \nvar delay = 100; setTimeout(function() { \n$('.elementor-tab-title').removeClass('elementor-active');\n $('.elementor-tab-content').css('display', 'none'); }, delay); \n}); \n<\/script>El desarrollo del \u201cPlan de Emergencia en situaciones de sequ\u00eda del municipio de Terrassa\u201d es obligatorio por tratarse de un municipio de m\u00e1s de 20.000 habitantes (art. 27.3 de la Ley 10\/2001, de 5 de julio del Plan Hidrol\u00f3gico Nacional). Su redacci\u00f3n se realiza con sujeci\u00f3n a lo dispuesto en el marco normativo de aplicaci\u00f3n.\u00a0<\/p><p><a href=\"https:\/\/taigua.cat\/wp-content\/uploads\/2023\/04\/PE_SEQUERA-EN-BAIXA.pdf\" target=\"_blank\" rel=\"noopener\">PLA D&#8217;EMERG\u00c8NCIA EN SITUACIONS DE SEQUERA DE TERRASSA<\/a><\/p><p><a href=\"https:\/\/taigua.cat\/wp-content\/uploads\/2025\/04\/250411-NP-Terrassa-aixeca-les-limitacions-daigua-i-entra-en-la-fase-de-prealerta-per-sequera-decretada-pel-Govern.pdf\">250411 NP Terrassa aixeca les limitacions d\u2019aigua i entra en la fase de prealerta per sequera decretada pel Govern<\/a><\/p><p><a href=\"https:\/\/taigua.cat\/wp-content\/uploads\/2023\/12\/231204-NP-LAjuntament-incrementa-mesures-per-fer-front-a-la-sequera.pdf\">231204 NP L\u2019Ajuntament incrementa mesures per fer front a la sequera<\/a><\/p><\/div>\n\t\t\t\t<\/div>\n\t\t\t\t\t\t\t\t<\/div>\n\t\t\t\t\t\t<\/div>\n\t\t\t\t<\/div>\n\t\t\t\t\t<\/div>\n\t\t<\/div>\n\t\t\t\t\t<\/div>\n\t\t<\/section>\n\t\t\t\t<section class=\"elementor-section elementor-top-section elementor-element elementor-element-ce72a2c elementor-section-boxed elementor-section-height-default elementor-section-height-default\" data-id=\"ce72a2c\" data-element_type=\"section\" data-e-type=\"section\">\n\t\t\t\t\t\t<div class=\"elementor-container elementor-column-gap-default\">\n\t\t\t\t\t<div class=\"elementor-column elementor-col-100 elementor-top-column elementor-element elementor-element-681b834\" data-id=\"681b834\" data-element_type=\"column\" data-e-type=\"column\">\n\t\t\t<div class=\"elementor-widget-wrap elementor-element-populated\">\n\t\t\t\t\t\t<div class=\"elementor-element elementor-element-70240fe elementor-widget elementor-widget-text-editor\" data-id=\"70240fe\" data-element_type=\"widget\" data-e-type=\"widget\" data-widget_type=\"text-editor.default\">\n\t\t\t\t<div class=\"elementor-widget-container\">\n\t\t\t\t\t\t\t\t\t<h6><strong><span style=\"color: #379eff;\">La Ag\u00e8ncia Catalana de l&#8217;Aigua (ACA), despu\u00e9s de revisar la situaci\u00f3n de la sequ\u00eda, HA DECLARADO EL RETORNO AL ESTADO DE PREALERTA en las unidades de explotaci\u00f3n: Embalses del Llobregat, Embalses del Ter y Embalses del Ter-Llobregat y se modifican los estados de sequ\u00eda\u00a0 hidrol\u00f3gica y pluviom\u00e9trica de otras unidades de explotaci\u00f3n que entra en vigor el 11 de abril\u00a0<\/span><\/strong><\/h6><h6><strong><span style=\"color: #379eff;\">M\u00e1s informaci\u00f3n en este <a href=\"https:\/\/taigua.cat\/wp-content\/uploads\/2025\/04\/2082729-Resolucio-TER12712025-de-7-dabril-per-la-qual-sactualitzen-els-estats-de-sequera-hidrologica.pdf\" target=\"_blank\" rel=\"noopener\">enlace<\/a>.<\/span><\/strong><\/h6>\t\t\t\t\t\t\t\t<\/div>\n\t\t\t\t<\/div>\n\t\t\t\t\t<\/div>\n\t\t<\/div>\n\t\t\t\t\t<\/div>\n\t\t<\/section>\n\t\t\t\t<section class=\"elementor-section elementor-top-section elementor-element elementor-element-dc7a0c1 elementor-section-boxed elementor-section-height-default elementor-section-height-default\" data-id=\"dc7a0c1\" data-element_type=\"section\" data-e-type=\"section\">\n\t\t\t\t\t\t<div class=\"elementor-container elementor-column-gap-default\">\n\t\t\t\t\t<div class=\"elementor-column elementor-col-100 elementor-top-column elementor-element elementor-element-57caf18a\" data-id=\"57caf18a\" data-element_type=\"column\" data-e-type=\"column\">\n\t\t\t<div class=\"elementor-widget-wrap elementor-element-populated\">\n\t\t\t\t\t\t<div class=\"elementor-element elementor-element-29d3505f elementor-widget elementor-widget-text-editor\" data-id=\"29d3505f\" data-element_type=\"widget\" data-e-type=\"widget\" data-widget_type=\"text-editor.default\">\n\t\t\t\t<div class=\"elementor-widget-container\">\n\t\t\t\t\t\t\t\t\t<p><strong>Recordemos qui\u00e9n y porqu\u00e9 declara los diferentes estados en los que nos podemos encontrar?<\/strong><\/p><p>Los diferentes estados est\u00e1n previstos en el Plan Especial de Sequ\u00eda (PES), aprobado por Acuerdo GOV\/1\/2020, de 8 de enero, en tanto que herramienta de gesti\u00f3n de car\u00e1cter preventivo que mantiene una vigilancia permanente sobre la evoluci\u00f3n de las reservas de agua y establece para cada escenario y \u00e1mbito de actuaci\u00f3n la progresividad de las medidas que combinan la gesti\u00f3n de la demanda con la disponibilidad del recurso.<\/p><p><strong>Estos estados pueden ser:<\/strong><\/p><ol><li>Estado o escenario de <strong><u>normalidad<\/u><\/strong>. AZUL<\/li><li>Estado o escenario de <strong><u>prealerta<\/u><\/strong>. VERDE<\/li><li>Estado o escenario <strong><u>de alerta<\/u><\/strong>. AMARILLO<\/li><li>Estado o escenario <strong><u>de excepcionalidad<\/u><\/strong>. NARANJA<\/li><li>y finalmente el Estado o escenario <strong><u>de emergencia<\/u><\/strong>. ROJO<\/li><\/ol><p>Lo que hace la Ag\u00e8ncia Catalana de l&#8217;Aigua es, en base al estado de los recursos de las diferentes cuencas que tenemos en Catalu\u00f1a, decretar uno u otro estado, lo que conlleva una serie de consecuencias por lo que respecta al uso del agua. Terrassa pertenece al sistema Ter Llobregat. Los embalses que regulan los caudales procedentes del Ter son Sau- Susqueda y los del r\u00edo Llobregat son Sant Pon\u00e7-Llosa del Cavall y La Baells. La capacidad m\u00e1xima del todo el conjunto es de 612 Hm\u00b3. Por lo tanto actualmente seguimos en fase de excepcionalidad hidrol\u00f3gica. (en preemergencia).\u00a0<\/p><p>El PES (plan especial de sequ\u00eda), se establece a partir de qu\u00e9 vol\u00famenes de reserva del conjunto de embalses se entra y sale de cada uno de los escenarios anteriores (normalidad, prealerta, alerta y excepcionalidad). Se entra en excepcionalidad cuando las reservas en conjunto se sit\u00faan en 145 Hm\u00b3 (<strong>23%<\/strong>) (o Ter por debajo de 85\u00a0 Hm\u00b3 o Llobregat por debajo de 40 Hm\u00b3)<\/p><p>La situaci\u00f3n sigue siendo cr\u00edtica y eso es lo que regula el propio PES. En esta fase determina una nueva serie de limitaciones, que sumadas a las que haya determinado cada municipio en su propio Plan de Emergencia de la Sequ\u00eda, deben implementarse.<\/p><p>Aqu\u00ed hay que diferenciar en el tipo de suministro. TAIGUA abastece a la poblaci\u00f3n de Terrassa, lo que se denomina el suministro en BAJA pero al mismo tiempo suministra tambi\u00e9n a otros municipios (Matadepera, Viladecavalls y Ullastrell), lo que se denomina el suministro en ALTA. Despu\u00e9s estos municipios hacen su distribuci\u00f3n a las respectivas poblaciones en BAJA.<\/p><p>Por lo que respecta al suministro en ALTA (lo que hace a los municipios), se debe velar (SANCIONES DEL GOBIERNO) para que estos municipios lo limiten a <strong>250 litros\/persona<\/strong> y reduzcan el uso <strong>agr\u00edcola, industrial y l\u00fadico.<\/strong><\/p>\t\t\t\t\t\t\t\t<\/div>\n\t\t\t\t<\/div>\n\t\t\t\t\t<\/div>\n\t\t<\/div>\n\t\t\t\t\t<\/div>\n\t\t<\/section>\n\t\t\t\t<section class=\"elementor-section elementor-top-section elementor-element elementor-element-dc5089e elementor-section-boxed elementor-section-height-default elementor-section-height-default\" data-id=\"dc5089e\" data-element_type=\"section\" data-e-type=\"section\">\n\t\t\t\t\t\t<div class=\"elementor-container elementor-column-gap-default\">\n\t\t\t\t\t<div class=\"elementor-column elementor-col-100 elementor-top-column elementor-element elementor-element-ea67e15\" data-id=\"ea67e15\" data-element_type=\"column\" data-e-type=\"column\">\n\t\t\t<div class=\"elementor-widget-wrap elementor-element-populated\">\n\t\t\t\t<!-- dce invisible element 86d6d27 -->\t\t\t<\/div>\n\t\t<\/div>\n\t\t\t\t\t<\/div>\n\t\t<\/section>\n\t\t\t\t<\/div>\n\t\t","protected":false},"excerpt":{"rendered":"<p>El Govern ha acordado el cambio de estado de PREALERTA a NORMALIDAD. Publicaci\u00f3n en el DOGC. ANUNCIO AHORRO. CADA GOTA CUENTA TERRASSA LEVANTA LAS LIMITACIONES DE AGUA Y ENTRA EN FASE DE PREALERTA LA PEOR SEQU\u00cdA DE LOS \u00daLTIMOS TRES A\u00d1OS CONSEJOS DE AHORRO QU\u00c8 PUC FER I QU\u00c8 NO. CONSELLS L\u2019AJUNTAMENT ES PREPARA PER [&hellip;]<\/p>\n","protected":false},"author":9,"featured_media":0,"parent":0,"menu_order":0,"comment_status":"closed","ping_status":"closed","template":"","meta":{"_acf_changed":false,"footnotes":""},"class_list":["post-41577","page","type-page","status-publish","hentry"],"acf":[],"aioseo_notices":[],"_links":{"self":[{"href":"https:\/\/taigua.cat\/es\/wp-json\/wp\/v2\/pages\/41577","targetHints":{"allow":["GET"]}}],"collection":[{"href":"https:\/\/taigua.cat\/es\/wp-json\/wp\/v2\/pages"}],"about":[{"href":"https:\/\/taigua.cat\/es\/wp-json\/wp\/v2\/types\/page"}],"author":[{"embeddable":true,"href":"https:\/\/taigua.cat\/es\/wp-json\/wp\/v2\/users\/9"}],"replies":[{"embeddable":true,"href":"https:\/\/taigua.cat\/es\/wp-json\/wp\/v2\/comments?post=41577"}],"version-history":[{"count":209,"href":"https:\/\/taigua.cat\/es\/wp-json\/wp\/v2\/pages\/41577\/revisions"}],"predecessor-version":[{"id":128561,"href":"https:\/\/taigua.cat\/es\/wp-json\/wp\/v2\/pages\/41577\/revisions\/128561"}],"wp:attachment":[{"href":"https:\/\/taigua.cat\/es\/wp-json\/wp\/v2\/media?parent=41577"}],"curies":[{"name":"wp","href":"https:\/\/api.w.org\/{rel}","templated":true}]}}