{"id":42670,"date":"2023-04-27T13:25:54","date_gmt":"2023-04-27T11:25:54","guid":{"rendered":"https:\/\/taigua.cat\/?page_id=42670"},"modified":"2026-03-27T12:17:09","modified_gmt":"2026-03-27T11:17:09","slug":"cambio-a-contador-de-taigua","status":"publish","type":"page","link":"https:\/\/taigua.cat\/es\/cambio-a-contador-de-taigua\/","title":{"rendered":"Cambio a contador de Taigua"},"content":{"rendered":"\t\t<div data-elementor-type=\"wp-page\" data-elementor-id=\"42670\" class=\"elementor elementor-42670\" data-elementor-post-type=\"page\">\n\t\t\t\t\t\t<section class=\"elementor-section elementor-top-section elementor-element elementor-element-f56279d elementor-section-stretched elementor-section-boxed elementor-section-height-default elementor-section-height-default\" data-id=\"f56279d\" data-element_type=\"section\" data-e-type=\"section\" data-settings=\"{&quot;stretch_section&quot;:&quot;section-stretched&quot;}\">\n\t\t\t\t\t\t<div class=\"elementor-container elementor-column-gap-default\">\n\t\t\t\t\t<div class=\"elementor-column elementor-col-100 elementor-top-column elementor-element elementor-element-6ea1ab4\" data-id=\"6ea1ab4\" data-element_type=\"column\" data-e-type=\"column\">\n\t\t\t<div class=\"elementor-widget-wrap elementor-element-populated\">\n\t\t\t\t\t\t<div class=\"elementor-element elementor-element-72c2db7 elementor-widget__width-initial elementor-widget elementor-widget-text-editor\" data-id=\"72c2db7\" data-element_type=\"widget\" data-e-type=\"widget\" data-widget_type=\"text-editor.default\">\n\t\t\t\t<div class=\"elementor-widget-container\">\n\t\t\t\t\t\t\t\t\t<h5><strong>TAIGUA ya puede gestionar su contador.<\/strong><\/h5><h5>M\u00e1s informaci\u00f3n en el apartado de esta web de preguntas frecuentes, <a href=\"https:\/\/taigua.cat\/es\/preguntas-mas-frecuentes\" target=\"_blank\" rel=\"noopener\">aqu\u00ed<\/a>.<\/h5><h5>Acceso al Informe sobre cambio de gesti\u00f3n de contadores elaborado por FACUA, en este <a href=\"https:\/\/taigua.cat\/wp-content\/uploads\/2024\/04\/Informe_Canvi_gestio_comptadors_Aigua_FACUA-2.pdf\" target=\"_blank\" rel=\"noopener\">enlace<\/a><\/h5>\t\t\t\t\t\t\t\t<\/div>\n\t\t\t\t<\/div>\n\t\t\t\t<div class=\"elementor-element elementor-element-51e0ebd elementor-widget__width-auto elementor-widget elementor-widget-text-editor\" data-id=\"51e0ebd\" data-element_type=\"widget\" data-e-type=\"widget\" data-widget_type=\"text-editor.default\">\n\t\t\t\t<div class=\"elementor-widget-container\">\n\t\t\t\t\t\t\t\t\t<h6 style=\"text-align: left;\">Previamente es necesario realizar la baja del servicio de contador a su gestor actual (MINA\/Serveis de l&#8217;Aigua). Para ello tiene dos opciones:<\/h6><ol><li style=\"text-align: left;\"><h6>Autorizar a TAIGUA a tramitar la baja. Es necesario rellenar el documento adjunto y devolverlo firmado. <strong><a href=\"https:\/\/taigua.cat\/wp-content\/uploads\/2024\/04\/AUTORIZACION-CONTADORES_CAST.pdf\" target=\"_blank\" rel=\"noopener\">Enlace<\/a>.<\/strong><\/h6><\/li><li style=\"text-align: left;\"><h6>Dirigirse a su gestor actual y tramitar la baja.<\/h6><\/li><\/ol>\t\t\t\t\t\t\t\t<\/div>\n\t\t\t\t<\/div>\n\t\t\t\t\t<\/div>\n\t\t<\/div>\n\t\t\t\t\t<\/div>\n\t\t<\/section>\n\t\t\t\t<section class=\"elementor-section elementor-top-section elementor-element elementor-element-84a7b82 elementor-section-boxed elementor-section-height-default elementor-section-height-default\" data-id=\"84a7b82\" data-element_type=\"section\" data-e-type=\"section\">\n\t\t\t\t\t\t<div class=\"elementor-container elementor-column-gap-default\">\n\t\t\t\t\t<div class=\"elementor-column elementor-col-100 elementor-top-column elementor-element elementor-element-e95df53\" data-id=\"e95df53\" data-element_type=\"column\" data-e-type=\"column\">\n\t\t\t<div class=\"elementor-widget-wrap elementor-element-populated\">\n\t\t\t\t\t\t<div class=\"elementor-element elementor-element-02a7338 elementor-widget elementor-widget-heading\" data-id=\"02a7338\" data-element_type=\"widget\" data-e-type=\"widget\" data-widget_type=\"heading.default\">\n\t\t\t\t<div class=\"elementor-widget-container\">\n\t\t\t\t\t<h4 class=\"elementor-heading-title elementor-size-default\">Pida el cambio rellenando este formulario:<\/h4>\t\t\t\t<\/div>\n\t\t\t\t<\/div>\n\t\t\t\t<div class=\"elementor-element elementor-element-adb44ba elementor-widget elementor-widget-text-editor\" data-id=\"adb44ba\" data-element_type=\"widget\" data-e-type=\"widget\" data-widget_type=\"text-editor.default\">\n\t\t\t\t<div class=\"elementor-widget-container\">\n\t\t\t\t\t\t\t\t\t<p>La <strong>cuota de alta <\/strong>, que se paga s\u00f3lo una vez, es de 16,85 \u20ac m\u00e1s 21% de IVA (20,39\u20ac), y cubre los gastos por las gestiones administrativas del alta y puesta en marcha del servicio. El coste de este tr\u00e1mite se le domiciliar\u00e1 en la cuenta bancaria que consta en el contrato de suministro. <\/p><p>El servicio de contador se factura de forma integrada en la cuota de servicio y supone un incremento de 3,95 \u20ac + 10% de IVA (4,35 \u20ac) al trimestre por los contadores de 15 mm. Para di\u00e1metros superiores, <a href=\"https:\/\/taigua.cat\/es\/tarifas-del-agua\/\">consultar<\/a> las cuotas en la web de TAIGUA.<br \/><br \/><br \/><\/p>\t\t\t\t\t\t\t\t<\/div>\n\t\t\t\t<\/div>\n\t\t\t\t\t<\/div>\n\t\t<\/div>\n\t\t\t\t\t<\/div>\n\t\t<\/section>\n\t\t\t\t<section class=\"elementor-section elementor-top-section elementor-element elementor-element-8f2be1e elementor-section-stretched elementor-section-boxed elementor-section-height-default elementor-section-height-default\" data-id=\"8f2be1e\" data-element_type=\"section\" data-e-type=\"section\" data-settings=\"{&quot;stretch_section&quot;:&quot;section-stretched&quot;}\">\n\t\t\t\t\t\t<div class=\"elementor-container elementor-column-gap-default\">\n\t\t\t\t\t<div class=\"elementor-column elementor-col-100 elementor-top-column elementor-element elementor-element-c173b22\" data-id=\"c173b22\" data-element_type=\"column\" data-e-type=\"column\">\n\t\t\t<div class=\"elementor-widget-wrap elementor-element-populated\">\n\t\t\t\t\t\t<div class=\"elementor-element elementor-element-d1958ae elementor-widget elementor-widget-text-editor\" data-id=\"d1958ae\" data-element_type=\"widget\" data-e-type=\"widget\" data-widget_type=\"text-editor.default\">\n\t\t\t\t<div class=\"elementor-widget-container\">\n\t\t\t\t\t\t\t\t\t<p>\n<div class=\"wpcf7 no-js\" id=\"wpcf7-f42669-o1\" lang=\"ca\" dir=\"ltr\" data-wpcf7-id=\"42669\">\n<div class=\"screen-reader-response\"><p role=\"status\" aria-live=\"polite\" aria-atomic=\"true\"><\/p> <ul><\/ul><\/div>\n<form action=\"\/es\/wp-json\/wp\/v2\/pages\/42670#wpcf7-f42669-o1\" method=\"post\" class=\"wpcf7-form init\" aria-label=\"Formulari de contacte\" novalidate=\"novalidate\" data-status=\"init\">\n<fieldset class=\"hidden-fields-container\"><input type=\"hidden\" name=\"_wpcf7\" value=\"42669\" \/><input type=\"hidden\" name=\"_wpcf7_version\" value=\"6.1.5\" \/><input type=\"hidden\" name=\"_wpcf7_locale\" value=\"ca\" \/><input type=\"hidden\" name=\"_wpcf7_unit_tag\" value=\"wpcf7-f42669-o1\" \/><input type=\"hidden\" name=\"_wpcf7_container_post\" value=\"0\" \/><input type=\"hidden\" name=\"_wpcf7_posted_data_hash\" value=\"\" \/><input type=\"hidden\" name=\"_wpcf7_recaptcha_response\" value=\"\" \/>\n<\/fieldset>\n<p>* N\u00famero de contrato:<br \/>\n<span class=\"wpcf7-form-control-wrap\" data-name=\"Contracte\"><input size=\"40\" maxlength=\"400\" class=\"wpcf7-form-control wpcf7-text wpcf7-validates-as-required\" aria-required=\"true\" aria-invalid=\"false\" value=\"\" type=\"text\" name=\"Contracte\" \/><\/span>\n<\/p>\n<p>* Direcci\u00f3n de suministro:<br \/>\n<span class=\"wpcf7-form-control-wrap\" data-name=\"Adreca\"><input size=\"40\" maxlength=\"400\" class=\"wpcf7-form-control wpcf7-text wpcf7-validates-as-required\" aria-required=\"true\" aria-invalid=\"false\" value=\"\" type=\"text\" name=\"Adreca\" \/><\/span> * N\u00famero: <span class=\"wpcf7-form-control-wrap\" data-name=\"Num\"><input size=\"40\" maxlength=\"400\" class=\"wpcf7-form-control wpcf7-text wpcf7-validates-as-required\" aria-required=\"true\" aria-invalid=\"false\" value=\"\" type=\"text\" name=\"Num\" \/><\/span> Escalera: <span class=\"wpcf7-form-control-wrap\" data-name=\"Esc\"><input size=\"40\" maxlength=\"400\" class=\"wpcf7-form-control wpcf7-text\" aria-invalid=\"false\" value=\"\" type=\"text\" name=\"Esc\" \/><\/span> Piso: <span class=\"wpcf7-form-control-wrap\" data-name=\"Pis\"><input size=\"40\" maxlength=\"400\" class=\"wpcf7-form-control wpcf7-text\" aria-invalid=\"false\" value=\"\" type=\"text\" name=\"Pis\" \/><\/span> Puerta: <span class=\"wpcf7-form-control-wrap\" data-name=\"Porta\"><input size=\"40\" maxlength=\"400\" class=\"wpcf7-form-control wpcf7-text\" aria-invalid=\"false\" value=\"\" type=\"text\" name=\"Porta\" \/><\/span>\n<\/p>\n<p>* C\u00f3digo postal: <span class=\"wpcf7-form-control-wrap\" data-name=\"CodiPostal\"><input size=\"40\" maxlength=\"400\" class=\"wpcf7-form-control wpcf7-text wpcf7-validates-as-required\" aria-required=\"true\" aria-invalid=\"false\" value=\"\" type=\"text\" name=\"CodiPostal\" \/><\/span><br \/>\n* Poblaci\u00f3n: <span class=\"wpcf7-form-control-wrap\" data-name=\"Poblacio\"><select class=\"wpcf7-form-control wpcf7-select wpcf7-validates-as-required\" aria-required=\"true\" aria-invalid=\"false\" name=\"Poblacio\"><option value=\"Terrassa\">Terrassa<\/option><\/select><\/span>\n<\/p>\n<p>* Nombre y apellidos del titular del contrato:<br \/>\n<span class=\"wpcf7-form-control-wrap\" data-name=\"Nom\"><input size=\"40\" maxlength=\"400\" class=\"wpcf7-form-control wpcf7-text wpcf7-validates-as-required\" aria-required=\"true\" aria-invalid=\"false\" value=\"\" type=\"text\" name=\"Nom\" \/><\/span>\n<\/p>\n<p>* DNI\/NIF del titular del contrato:<br \/>\n<span class=\"wpcf7-form-control-wrap\" data-name=\"DNI\"><input size=\"40\" maxlength=\"400\" class=\"wpcf7-form-control wpcf7-text wpcf7-validates-as-required\" aria-required=\"true\" aria-invalid=\"false\" value=\"\" type=\"text\" name=\"DNI\" \/><\/span>\n<\/p>\n<p>* Correo electr\u00f3nico: <span class=\"wpcf7-form-control-wrap\" data-name=\"Correu\"><input size=\"40\" maxlength=\"400\" class=\"wpcf7-form-control wpcf7-email wpcf7-validates-as-required wpcf7-text wpcf7-validates-as-email\" aria-required=\"true\" aria-invalid=\"false\" value=\"\" type=\"email\" name=\"Correu\" \/><\/span>\n<\/p>\n<p>* Tel\u00e9fono de contacto: <span class=\"wpcf7-form-control-wrap\" data-name=\"Telefon\"><input size=\"40\" maxlength=\"400\" class=\"wpcf7-form-control wpcf7-tel wpcf7-validates-as-required wpcf7-text wpcf7-validates-as-tel\" aria-required=\"true\" aria-invalid=\"false\" value=\"\" type=\"tel\" name=\"Telefon\" \/><\/span> (preferiblemente, que sea un m\u00f3vil)\n<\/p>\n<p><strong>* DNI escaneado o NIF sociedad del titular del contrato (cara 1) <\/strong><br \/>\n<span class=\"wpcf7-form-control-wrap\" data-name=\"documentacio\"><input size=\"40\" class=\"wpcf7-form-control wpcf7-drag-n-drop-file d-none\" aria-required=\"true\" aria-invalid=\"false\" type=\"file\" multiple=\"multiple\" data-name=\"documentacio\" data-type=\"jpg|jpeg|png|gif|bmp|txt|doc|docx|pdf|rar|zip\" data-min=\"1\" data-id=\"42669\" data-version=\"free version 1.3.9.7\" accept=\".jpg, .jpeg, .png, .gif, .bmp, .txt, .doc, .docx, .pdf, .rar, .zip\" \/><\/span>\n<\/p>\n<p><strong> DNI escaneado o NIF sociedad del titular del contrato (cara 2) <\/strong><br \/>\n<span class=\"wpcf7-form-control-wrap\" data-name=\"documentacio2\"><input size=\"40\" class=\"wpcf7-form-control wpcf7-drag-n-drop-file d-none\" aria-invalid=\"false\" type=\"file\" multiple=\"multiple\" data-name=\"documentacio2\" data-type=\"jpg|jpeg|png|gif|bmp|txt|doc|docx|pdf|rar|zip\" data-min=\"1\" data-id=\"42669\" data-version=\"free version 1.3.9.7\" accept=\".jpg, .jpeg, .png, .gif, .bmp, .txt, .doc, .docx, .pdf, .rar, .zip\" \/><\/span>\n<\/p>\n<p><strong>* Autorizaci\u00f3n firmada o documento de baja del gestor del contador (Mina\/Servaigua). <\/strong><br \/>\n<span class=\"wpcf7-form-control-wrap\" data-name=\"documentacio-add\"><input size=\"40\" class=\"wpcf7-form-control wpcf7-drag-n-drop-file d-none\" aria-required=\"true\" aria-invalid=\"false\" type=\"file\" multiple=\"multiple\" data-name=\"documentacio-add\" data-type=\"jpg|jpeg|png|gif|bmp|txt|doc|docx|pdf|rar|zip\" data-min=\"1\" data-id=\"42669\" data-version=\"free version 1.3.9.7\" accept=\".jpg, .jpeg, .png, .gif, .bmp, .txt, .doc, .docx, .pdf, .rar, .zip\" \/><\/span>\n<\/p>\n<p>Protecci\u00f3n de datos: TERRASSA CICLE DEL AGUA EPEL (TAIGUA) tratar\u00e1 sus datos para gestionar su cambio de contador a TAIGUA a trav\u00e9s de nuestro formulario de contacto. Puede ejercer sus derechos en <a href=\"mailto:dpd@taigua.cat\">dpd@taigua.cat<\/a>. Conozca nuestra pol\u00edtica de privacidad haciendo clic <a target=\"_blank\" href=\"https:\/\/taigua.cat\/es\/politica-de-privacidad\/\">aqu\u00ed<\/a>.\n<\/p>\n<p>* El USUARIO\/A autoriza el tratamiento de sus datos para la comercializaci\u00f3n de otros servicios y actividades y para poder remitirle, por correo postal, por correo electr\u00f3nico y por cualquier otro medio de comunicaci\u00f3n electr\u00f3nica equivalente, informaci\u00f3n y publicidad sobre dichos servicios y actividades: <span class=\"wpcf7-form-control-wrap\" data-name=\"client\"><span class=\"wpcf7-form-control wpcf7-radio\"><span class=\"wpcf7-list-item first\"><input type=\"radio\" name=\"client\" value=\"S\u00ed\" checked=\"checked\" \/><span class=\"wpcf7-list-item-label\">S\u00ed<\/span><\/span><span class=\"wpcf7-list-item last\"><input type=\"radio\" name=\"client\" value=\"No\" \/><span class=\"wpcf7-list-item-label\">No<\/span><\/span><\/span><\/span>\n<\/p>\n<p><span style=\"font-weight: 800; color: #379eff;\">Una vez realizado su tr\u00e1mite, recibir\u00e1 la documentaci\u00f3n a firmar en el correo electr\u00f3nico que ha indicado.<\/span>\n<\/p>\n<p><input class=\"wpcf7-form-control wpcf7-submit has-spinner\" type=\"submit\" value=\"Enviar\" \/>\n<\/p><div class=\"wpcf7-response-output\" aria-hidden=\"true\"><\/div>\n<\/form>\n<\/div>\n<\/p>\t\t\t\t\t\t\t\t<\/div>\n\t\t\t\t<\/div>\n\t\t\t\t\t<\/div>\n\t\t<\/div>\n\t\t\t\t\t<\/div>\n\t\t<\/section>\n\t\t\t\t<\/div>\n\t\t","protected":false},"excerpt":{"rendered":"<p>TAIGUA ya puede gestionar su contador. M\u00e1s informaci\u00f3n en el apartado de esta web de preguntas frecuentes, aqu\u00ed. Acceso al Informe sobre cambio de gesti\u00f3n de contadores elaborado por FACUA, en este enlace Previamente es necesario realizar la baja del servicio de contador a su gestor actual (MINA\/Serveis de l&#8217;Aigua). Para ello tiene dos opciones: [&hellip;]<\/p>\n","protected":false},"author":1,"featured_media":0,"parent":0,"menu_order":0,"comment_status":"closed","ping_status":"closed","template":"","meta":{"_acf_changed":false,"footnotes":""},"class_list":["post-42670","page","type-page","status-publish","hentry"],"acf":[],"aioseo_notices":[],"_links":{"self":[{"href":"https:\/\/taigua.cat\/es\/wp-json\/wp\/v2\/pages\/42670","targetHints":{"allow":["GET"]}}],"collection":[{"href":"https:\/\/taigua.cat\/es\/wp-json\/wp\/v2\/pages"}],"about":[{"href":"https:\/\/taigua.cat\/es\/wp-json\/wp\/v2\/types\/page"}],"author":[{"embeddable":true,"href":"https:\/\/taigua.cat\/es\/wp-json\/wp\/v2\/users\/1"}],"replies":[{"embeddable":true,"href":"https:\/\/taigua.cat\/es\/wp-json\/wp\/v2\/comments?post=42670"}],"version-history":[{"count":0,"href":"https:\/\/taigua.cat\/es\/wp-json\/wp\/v2\/pages\/42670\/revisions"}],"wp:attachment":[{"href":"https:\/\/taigua.cat\/es\/wp-json\/wp\/v2\/media?parent=42670"}],"curies":[{"name":"wp","href":"https:\/\/api.w.org\/{rel}","templated":true}]}}