{"id":44977,"date":"2023-09-28T15:47:09","date_gmt":"2023-09-28T13:47:09","guid":{"rendered":"https:\/\/taigua.cat\/?page_id=44977"},"modified":"2023-11-30T18:49:48","modified_gmt":"2023-11-30T17:49:48","slug":"cambio-de-nombre-del-titular-prueba","status":"publish","type":"page","link":"https:\/\/taigua.cat\/es\/cambio-de-nombre-del-titular-prueba\/","title":{"rendered":"Cambio de nombre del titular &#8211; prueba"},"content":{"rendered":"\t\t<div data-elementor-type=\"wp-page\" data-elementor-id=\"44977\" class=\"elementor elementor-44977\" data-elementor-post-type=\"page\">\n\t\t\t\t\t\t<section class=\"elementor-section elementor-top-section elementor-element elementor-element-f05d735 elementor-section-boxed elementor-section-height-default elementor-section-height-default\" data-id=\"f05d735\" data-element_type=\"section\" data-e-type=\"section\">\n\t\t\t\t\t\t<div class=\"elementor-container elementor-column-gap-default\">\n\t\t\t\t\t<div class=\"elementor-column elementor-col-100 elementor-top-column elementor-element elementor-element-427e30e\" data-id=\"427e30e\" data-element_type=\"column\" data-e-type=\"column\">\n\t\t\t<div class=\"elementor-widget-wrap elementor-element-populated\">\n\t\t\t\t\t\t<div class=\"elementor-element elementor-element-67c253b elementor-widget elementor-widget-shortcode\" data-id=\"67c253b\" data-element_type=\"widget\" data-e-type=\"widget\" data-widget_type=\"shortcode.default\">\n\t\t\t\t<div class=\"elementor-widget-container\">\n\t\t\t\t\t\t\t<div class=\"elementor-shortcode\"><div class=\"frm_forms  with_frm_style frm_style_formidable-style\" id=\"frm_form_6_container\" data-token=\"e548cbbbfc0e2edcd2283ddfe8f365bc\">\n<form enctype=\"multipart\/form-data\" method=\"post\" class=\"frm-show-form  frm_js_validate  frm_pro_form \" id=\"form_test22\" data-token=\"e548cbbbfc0e2edcd2283ddfe8f365bc\">\n<div class=\"frm_form_fields  frm_page_num_1\">\n<fieldset>\n<legend class=\"frm_screen_reader\">CAMBIO DE NOMBRE DEL TITULAR<\/legend>\r\n\r\n<div class=\"frm_fields_container\">\n<div class=\"frm_rootline_group\" role=\"group\" tabindex=\"0\" aria-label=\"P\u00e1gina 1 de 4\" ><ul class=\"frm_page_bar frm_rootline_4 frm_rootline frm_rootline_line  frm_show_lines frm_show_titles\"><li class=\"frm_rootline_single frm_current_page\"><input type=\"button\" value=\"1\" data-page=\"\" class=\" frm_page_1\" aria-disabled=\"true\" data-field=\"0\" aria-label=\"Datos de suministro\"  \/><span class=\"frm_rootline_title\">Datos de suministro<\/span><\/li><li class=\"frm_rootline_single\"><input type=\"button\" value=\"2\" data-page=\"16\" class=\"frm_page_skip frm_page_2\" data-field=\"144\" aria-label=\"Datos personales y de contacto\"  \/><span class=\"frm_rootline_title\">Datos personales y de contacto<\/span><\/li><li class=\"frm_rootline_single\"><input type=\"button\" value=\"3\" data-page=\"39\" class=\"frm_page_skip frm_page_3\" data-field=\"158\" aria-label=\"Datos bancarios\"  \/><span class=\"frm_rootline_title\">Datos bancarios<\/span><\/li>\t\t<li class=\"frm_rootline_single frm_rootline_show_hidden_steps_btn frm_hidden\">\n\t\t\t<input type=\"button\" class=\"frm_rootline_show_more_btn\" value=\"\u00b7\u00b7\u00b7\" \/>\n\t\t\t<ul class=\"frm_rootline_hidden_steps frm_hidden\"><\/ul>\n\t\t<\/li>\n\t\t<li class=\"frm_rootline_single\"><input type=\"button\" value=\"4\" data-page=\"59\" class=\"frm_page_skip frm_page_4\" data-field=\"169\" aria-label=\"Documentaci\u00f3n\"  \/><span class=\"frm_rootline_title\">Documentaci\u00f3n<\/span><\/li><\/ul><div class=\"frm_clearfix\"><\/div><\/div><input type=\"hidden\" name=\"frm_action\" value=\"create\" \/>\n<input type=\"hidden\" name=\"form_id\" value=\"6\" \/>\n<input type=\"hidden\" name=\"frm_hide_fields_6\" id=\"frm_hide_fields_6\" value=\"\" \/>\n<input type=\"hidden\" name=\"form_key\" value=\"test22\" \/>\n<input type=\"hidden\" name=\"item_meta[0]\" value=\"\" \/>\n<input type=\"hidden\" id=\"frm_submit_entry_6\" name=\"frm_submit_entry_6\" value=\"46525a6669\" \/><input type=\"hidden\" name=\"_wp_http_referer\" value=\"\/es\/wp-json\/wp\/v2\/pages\/44977\" \/><div id=\"frm_field_137_container\" class=\"frm_form_field  frm_html_container form-field\">\n<div class=\"elementor-field-type-html elementor-field-group elementor-column elementor-field-group-field_57aa3c2 elementor-col-100\" style=\"color: #3f4b5b; font-size: 15px;\">\n<p>El cambio de nombre implica un nuevo contrato con la fianza correspondiente.<br \/>Este tr\u00e1mite por la web puede tener una demora de m\u00e1ximo 7 d\u00edas laborables. Si tuviera que hacerse de forma inmediata, ser\u00e1 necesario hacerlo personalmente en nuestras oficinas.<br \/>Para realizar un cambio de titularidad del contrato necesitamos los siguientes datos y documentaci\u00f3n: Para consultar el coste de este tr\u00e1mite pulse <span style=\"color: #3f4b5b; font-size: 15px;\">mi <span style=\"color: #379eff;\"><a style=\"color: #379eff; font-size: 15px;\" href=\"https:\/\/taigua.cat\/tarifes-de-laigua\/\" target=\"_blank\" rel=\"noopener\">aqu\u00ed<\/a><\/span>.<br \/>Para realizar el c\u00e1lculo de la factura de consumo en base a los habitantes empadronados en la vivienda es necesario adjuntar el Padr\u00f3n Colectivo actualizado.<\/span><\/p>\n<p>Para poder realizar el cambio de nombre es imprescindible dar la lectura.<\/p>\n<\/div>\n<\/div>\n<div id=\"frm_field_276_container\" class=\"frm_form_field form-field  frm_required_field frm_top_container frm4 frm_first\">\r\n    <label for=\"field_weopg\" id=\"field_weopg_label\" class=\"frm_primary_label\">Lectura contador (m3)\r\n        <span class=\"frm_required\" aria-hidden=\"true\">*<\/span>\r\n    <\/label>\r\n    <input type=\"number\" id=\"field_weopg\" name=\"item_meta[276]\" value=\"\" data-reqmsg=\"Lectura contador (m3) cannot be blank.\" aria-required=\"true\" data-invmsg=\"Number is invalid\" aria-invalid=\"false\"   min=\"0\" max=\"9999999\" step=\"any\" \/>\r\n    \r\n    \r\n<\/div>\n<div id=\"frm_field_277_container\" class=\"frm_form_field form-field  frm_required_field frm_top_container frm4\">\r\n    <label for=\"field_yylsn\" id=\"field_yylsn_label\" class=\"frm_primary_label\">Fecha\r\n        <span class=\"frm_required\" aria-hidden=\"true\">*<\/span>\r\n    <\/label>\r\n    <input type=\"text\" id=\"field_yylsn\" name=\"item_meta[277]\" value=\"\"  maxlength=\"10\" data-reqmsg=\"Fecha cannot be blank.\" aria-required=\"true\" data-invmsg=\"Date is invalid\" class=\"frm_date\" aria-invalid=\"false\"  \/>\r\n    \r\n    \r\n<\/div>\n<div id=\"frm_field_278_container\" class=\"frm_form_field form-field  frm_required_field frm_top_container frm4\">\r\n    <label for=\"field_h8cby\" id=\"field_h8cby_label\" class=\"frm_primary_label\">File Upload\r\n        <span class=\"frm_required\" aria-hidden=\"true\">*<\/span>\r\n    <\/label>\r\n    <input type=\"hidden\"  data-reqmsg=\"File Upload cannot be blank.\" data-invmsg=\"File Upload is invalid\" aria-invalid=\"false\"   name=\"item_meta[278]\"  data-reqmsg=\"File Upload cannot be blank.\"  value=\"\" data-frmfile=\"278\" \/>\n\n<div class=\"frm_dropzone frm_single_upload frm_clearfix\" id=\"file278_dropzone\" role=\"group\" >\n\t<div class=\"fallback\">\n\t\t<input type=\"file\" name=\"file278\" id=\"field_h8cby\"\n\t\t\t data-reqmsg=\"File Upload cannot be blank.\" data-invmsg=\"File Upload is invalid\" aria-invalid=\"false\"  \t\t\t\/>\n\t\t\t\t<div class=\"frm_clearfix \"><\/div>\n\t<\/div>\n\t<div class=\"dz-message needsclick\">\n\t\t\t\t<svg  viewBox=\"0 0 18 18\" class=\"frmsvg frm-svg-icon\">\n\t<path viewBox=\"0 0 18 18\" fill-rule=\"evenodd\" clip-rule=\"evenodd\" d=\"M8.2 4v8a.8.8 0 001.5 0V4l2.1 2.2A.7.7 0 1013 5L9.5 1.7a.7.7 0 00-1.1 0L5.1 5.2a.8.8 0 001 1l2.1-2zm7.6 4.3c.4 0 .7.3.7.7v6.8c0 .4-.3.7-.8.7H2.3a.8.8 0 01-.8-.8V9A.8.8 0 013 9v6h12V9c0-.4.3-.8.8-.8z\"><\/path>\n<\/svg>\t\t<span class=\"frm_upload_text\"><button type=\"button\" aria-label=\"File Upload. Drop a file here or click to upload. Tama\u00f1o m\u00e1ximo del archivo: 69.52MB\">Drop a file here or click to upload<\/button><\/span>\n\t\t<span class=\"frm_compact_text\"><button type=\"button\" aria-label=\"File Upload. Choose File. Tama\u00f1o m\u00e1ximo del archivo: 69.52MB\">Choose File<\/button><\/span>\n\t\t<div class=\"frm_small_text\">\n\t\t\t<p>Tama\u00f1o m\u00e1ximo del archivo: 69.52MB<\/p>\n\t\t<\/div>\n\t<\/div>\n<\/div>\n\t\r\n    \r\n    \r\n<\/div>\n<div id=\"frm_field_275_container\" class=\"frm_form_field form-field  frm_required_field frm_top_container frm3 frm_first\">\r\n    <label for=\"field_ymkmk\" id=\"field_ymkmk_label\" class=\"frm_primary_label\">N\u00famero contrato\r\n        <span class=\"frm_required\" aria-hidden=\"true\">*<\/span>\r\n    <\/label>\r\n    <input  type=\"text\" id=\"field_ymkmk\" name=\"item_meta[275]\" value=\"\"  maxlength=\"8\" data-reqmsg=\"Rellena este campo.\" aria-required=\"true\" data-invmsg=\"Formato incorrecto, introduce una E o T seguida de 6 o 7 caracteres.\" aria-invalid=\"false\" pattern=\"[eEtT][a-zA-Z0-9]{6,7}$\"   aria-describedby=\"frm_desc_field_ymkmk\" \/>\r\n    <div class=\"frm_description\" id=\"frm_desc_field_ymkmk\"><span class=\"interrogant_lect_compt\" style=\"background:#000; color:#fff; border-radius:500px;padding:2px 8px; margin-top:10px; display: block;width: min-content;cursor:pointer;margin-bottom:5px;\">?<\/span>\r\n<div id=\"descripcio_lectura_comptador\"> Introduce una E o T seguida de 6 o 7 caracteres<\/div><\/div>\r\n    \r\n<\/div>\n<div id=\"frm_field_273_container\" class=\"frm_form_field form-field  frm_required_field frm_top_container frm6\">\r\n    <label for=\"field_qzbo1\" id=\"field_qzbo1_label\" class=\"frm_primary_label\">Direcci\u00f3n del suministro\r\n        <span class=\"frm_required\" aria-hidden=\"true\">*<\/span>\r\n    <\/label>\r\n    <input  type=\"text\" id=\"field_qzbo1\" name=\"item_meta[273]\" value=\"\"  data-reqmsg=\"Empleneu aquest camp.\" aria-required=\"true\" data-invmsg=\"Text is invalid\" aria-invalid=\"false\"   \/>\r\n    \r\n    \r\n<\/div>\n<div id=\"frm_field_274_container\" class=\"frm_form_field form-field  frm_required_field frm_top_container frm3\">\r\n    <label for=\"field_hwjyc\" id=\"field_hwjyc_label\" class=\"frm_primary_label\">N\u00famero\r\n        <span class=\"frm_required\" aria-hidden=\"true\">*<\/span>\r\n    <\/label>\r\n    <input type=\"number\" id=\"field_hwjyc\" name=\"item_meta[274]\" value=\"\" data-reqmsg=\"Empleneu aquest camp.\" aria-required=\"true\" data-invmsg=\"Number is invalid\" aria-invalid=\"false\"   min=\"0\" max=\"9999999\" step=\"any\" \/>\r\n    \r\n    \r\n<\/div>\n<div id=\"frm_field_141_container\" class=\"frm_form_field form-field  frm_top_container frm4 frm_first\">\r\n    <label for=\"field_f4ufq4\" id=\"field_f4ufq4_label\" class=\"frm_primary_label\">Escalera \/ Piso \/ Puerta\r\n        <span class=\"frm_required\" aria-hidden=\"true\"><\/span>\r\n    <\/label>\r\n    <input  type=\"text\" id=\"field_f4ufq4\" name=\"item_meta[141]\" value=\"\"  data-invmsg=\"Text is invalid\" aria-invalid=\"false\"   \/>\r\n    \r\n    \r\n<\/div>\n<div id=\"frm_field_142_container\" class=\"frm_form_field form-field  frm_required_field frm_top_container frm4\">\r\n    <label for=\"field_u84p74\" id=\"field_u84p74_label\" class=\"frm_primary_label\">C\u00f3digo Postal\r\n        <span class=\"frm_required\" aria-hidden=\"true\">*<\/span>\r\n    <\/label>\r\n    <input  type=\"text\" id=\"field_u84p74\" name=\"item_meta[142]\" value=\"\"  data-reqmsg=\"Empleneu aquest camp.\" aria-required=\"true\" data-invmsg=\"Feu servir el format sol\u00b7licitat (xxxxx).\" aria-invalid=\"false\" pattern=\"\\d{5}$\"   \/>\r\n    \r\n    \r\n<\/div>\n<div id=\"frm_field_143_container\" class=\"frm_form_field form-field  frm_required_field frm_top_container frm4\">\r\n    <label for=\"field_extww4\" id=\"field_extww4_label\" class=\"frm_primary_label\">Poblaci\u00f3n\r\n        <span class=\"frm_required\" aria-hidden=\"true\">*<\/span>\r\n    <\/label>\r\n    \t\t<select name=\"item_meta[143]\" id=\"field_extww4\"  data-frmval=\"Terrassa\" data-reqmsg=\"Empleneu aquest camp.\" aria-required=\"true\" data-invmsg=\"Poblaci\u00f3n no es v\u00e1lido\" aria-invalid=\"false\"  >\n\t\t<option  value=\"Terrassa\" selected='selected'>Terrassa<\/option>\t<\/select>\n\t\r\n    \r\n    \r\n<\/div>\n<input type=\"hidden\" name=\"frm_page_order_6\" id=\"frm_page_order_6\" value=\"16\" \/>\t\t<input  type=\"hidden\" name=\"item_meta[145]\" id=\"field_lwy1k4\" value=\"\"     \/>\n\t\t\t\t<input  type=\"hidden\" name=\"item_meta[146]\" id=\"field_bcwut4\" value=\"\"     \/>\n\t\t\t\t<input  type=\"hidden\" name=\"item_meta[147]\" id=\"field_pqp5z4\" value=\"NIF\"  data-frmval=\"NIF\"   \/>\n\t\t\t\t<input  type=\"hidden\" name=\"item_meta[148]\" id=\"field_3euky4\" value=\"\"  pattern=\"\\d{8}[A-Za-z]$\"   \/>\n\t\t\t\t<input  type=\"hidden\" name=\"item_meta[264]\" id=\"field_tikwe\" value=\"\"  pattern=\"([a-zA-Z])(\\d{7})([0-9A-J])$\"   \/>\n\t\t\t\t<input  type=\"hidden\" name=\"item_meta[265]\" id=\"field_eufmd\" value=\"\"  pattern=\"[a-zA-Z]\\d{7}[a-zA-Z]$\"   \/>\n\t\t\t\t<input  type=\"hidden\" name=\"item_meta[149]\" id=\"field_oawec4\" value=\"\"  pattern=\"\\d{9}$\"   \/>\n\t\t\t\t<input  type=\"hidden\" name=\"item_meta[150]\" id=\"field_lvbh64\" value=\"\"     \/>\n\t\t\t\t<input  type=\"hidden\" name=\"item_meta[151]\" id=\"field_lebpm4-0\" value=\"S\u00ed\"  data-frmval=\"S\u00ed\"   \/>\n\t\t\t\t<input  type=\"hidden\" name=\"item_meta[152]\" id=\"field_k3j154-0\" value=\"Catal\u00e1n\"  data-frmval=\"Catal\u00e1n\"   \/>\n\t\t\t\t<input  type=\"hidden\" name=\"item_meta[153]\" id=\"field_8lr3l4\" value=\"\"     \/>\n\t\t\t\t<input  type=\"hidden\" name=\"item_meta[154]\" id=\"field_lbet54\" value=\"\"     \/>\n\t\t\t\t<input  type=\"hidden\" name=\"item_meta[155]\" id=\"field_yo35c4\" value=\"\"     \/>\n\t\t\t\t<input  type=\"hidden\" name=\"item_meta[156]\" id=\"field_4x36c4\" value=\"\"     \/>\n\t\t\t\t<input  type=\"hidden\" name=\"item_meta[157]\" id=\"field_mtxi84\" value=\"\"     \/>\n\t\t\t\t<input  type=\"hidden\" name=\"item_meta[158]\" id=\"field_qnc534\" value=\"\"     \/>\n\t\t\t\t<input  type=\"hidden\" name=\"item_meta[160]\" id=\"field_sc3h34\" value=\"\"     \/>\n\t\t\t\t<input  type=\"hidden\" name=\"item_meta[161]\" id=\"field_81g0n4\" value=\"\"     \/>\n\t\t\t\t<input  type=\"hidden\" name=\"item_meta[162]\" id=\"field_11ii14\" value=\"\"  pattern=\"ES\\d{22}$\"   \/>\n\t\t\t\t<input  type=\"hidden\" name=\"item_meta[163]\" id=\"field_t0obr4-0\" value=\"El presente tr\u00e1mite comporta una obligaci\u00f3n del pago de las tarifas aprobadas\"  data-frmval=\"El presente tr\u00e1mite comporta una obligaci\u00f3n del pago de las tarifas aprobadas\"   \/>\n\t\t\t\t<input  type=\"hidden\" name=\"item_meta[164]\" id=\"field_gse7m2-0\" value=\"S\u00ed\"  data-frmval=\"S\u00ed\"   \/>\n\t\t\t\t<input  type=\"hidden\" name=\"item_meta[166]\" id=\"field_x2cet2\" value=\"\"     \/>\n\t\t\t\t<input  type=\"hidden\" name=\"item_meta[167]\" id=\"field_ets5r2\" value=\"\"     \/>\n\t\t\t\t<input  type=\"hidden\" name=\"item_meta[168]\" id=\"field_9mtit2\" value=\"\"  pattern=\"ES\\d{22}$\"   \/>\n\t\t\t\t<input  type=\"hidden\" name=\"item_meta[169]\" id=\"field_j7ek04\" value=\"\"     \/>\n\t\t\t\t<input  type=\"hidden\" name=\"item_meta[171]\" id=\"field_2pff4\" value=\"\"     \/>\n\t\t\t\t<input  type=\"hidden\" name=\"item_meta[172]\" id=\"field_k36ec4\" value=\"\"     \/>\n\t\t\t\t<input  type=\"hidden\" name=\"item_meta[173]\" id=\"field_pywwd4\" value=\"\"     \/>\n\t\t\t\t<input  type=\"hidden\" name=\"item_meta[174]\" id=\"field_r0hr\" value=\"\"     \/>\n\t\t\t\t<input  type=\"hidden\" name=\"item_meta[176]\" id=\"field_2pm1x4-0\" value=\"\"     \/>\n\t\t\t\t<input  type=\"hidden\" name=\"item_meta[285]\" id=\"field_oq2lq\" value=\"\"  autocomplete=\"email\"     \/>\n\t\t<input type=\"hidden\" name=\"item_meta[952]\" id=\"field_sr2rq\" value=\"\" data-frmval=\"\"\/>\n<input type=\"hidden\" name=\"item_meta[1079]\" id=\"field_2xy4k\" value=\"\" \/>\n\t\t\t\t\t<input  type=\"hidden\" name=\"item_meta[280]\" id=\"field_ch8bv\" value=\"\"     \/>\n\t\t\t<input type=\"hidden\" name=\"item_key\" value=\"\" \/>\n\t\t\t<div id=\"frm_field_1149_container\">\n\t\t\t<label for=\"field_l908t\" >\n\t\t\t\tSi eres humano, deja este campo en blanco.\t\t\t<\/label>\n\t\t\t<input  id=\"field_l908t\" type=\"text\" class=\"frm_form_field form-field frm_verify\" name=\"item_meta[1149]\" value=\"\"  \/>\n\t\t<\/div>\n\t\t<input name=\"frm_state\" type=\"hidden\" value=\"5vt98gP7kpM7wPiQYrrrEyET+jD4I+0G7iY1yVd+w6xYQLOZIrGlFz1cQsMl8sYw\" \/><div class=\"frm_submit\">\r\n\r\n<button class=\"frm_button_submit\" type=\"submit\"  >Siguiente<\/button>\r\n\r\n\r\n<\/div><\/div>\n<\/fieldset>\n<\/div>\n\n<\/form>\n<\/div>\n<\/div>\n\t\t\t\t\t\t<\/div>\n\t\t\t\t<\/div>\n\t\t\t\t\t<\/div>\n\t\t<\/div>\n\t\t\t\t\t<\/div>\n\t\t<\/section>\n\t\t\t\t<\/div>\n\t\t","protected":false},"excerpt":{"rendered":"","protected":false},"author":1,"featured_media":0,"parent":0,"menu_order":0,"comment_status":"closed","ping_status":"closed","template":"","meta":{"_acf_changed":false,"footnotes":""},"class_list":["post-44977","page","type-page","status-publish","hentry"],"acf":[],"aioseo_notices":[],"_links":{"self":[{"href":"https:\/\/taigua.cat\/es\/wp-json\/wp\/v2\/pages\/44977","targetHints":{"allow":["GET"]}}],"collection":[{"href":"https:\/\/taigua.cat\/es\/wp-json\/wp\/v2\/pages"}],"about":[{"href":"https:\/\/taigua.cat\/es\/wp-json\/wp\/v2\/types\/page"}],"author":[{"embeddable":true,"href":"https:\/\/taigua.cat\/es\/wp-json\/wp\/v2\/users\/1"}],"replies":[{"embeddable":true,"href":"https:\/\/taigua.cat\/es\/wp-json\/wp\/v2\/comments?post=44977"}],"version-history":[{"count":0,"href":"https:\/\/taigua.cat\/es\/wp-json\/wp\/v2\/pages\/44977\/revisions"}],"wp:attachment":[{"href":"https:\/\/taigua.cat\/es\/wp-json\/wp\/v2\/media?parent=44977"}],"curies":[{"name":"wp","href":"https:\/\/api.w.org\/{rel}","templated":true}]}}