{"id":44983,"date":"2023-09-28T16:16:53","date_gmt":"2023-09-28T14:16:53","guid":{"rendered":"https:\/\/taigua.cat\/?page_id=44983"},"modified":"2023-09-28T16:17:22","modified_gmt":"2023-09-28T14:17:22","slug":"contratar-el-suministro","status":"publish","type":"page","link":"https:\/\/taigua.cat\/es\/contratar-el-suministro\/","title":{"rendered":"Contratar el suministro"},"content":{"rendered":"\t\t<div data-elementor-type=\"wp-page\" data-elementor-id=\"44983\" class=\"elementor elementor-44983\" data-elementor-post-type=\"page\">\n\t\t\t\t\t\t<section class=\"elementor-section elementor-top-section elementor-element elementor-element-87b84a4 elementor-section-boxed elementor-section-height-default elementor-section-height-default\" data-id=\"87b84a4\" data-element_type=\"section\" data-e-type=\"section\">\n\t\t\t\t\t\t<div class=\"elementor-container elementor-column-gap-default\">\n\t\t\t\t\t<div class=\"elementor-column elementor-col-100 elementor-top-column elementor-element elementor-element-9744ddd\" data-id=\"9744ddd\" data-element_type=\"column\" data-e-type=\"column\">\n\t\t\t<div class=\"elementor-widget-wrap elementor-element-populated\">\n\t\t\t\t\t\t<div class=\"elementor-element elementor-element-62e58ae elementor-widget elementor-widget-text-editor\" data-id=\"62e58ae\" data-element_type=\"widget\" data-e-type=\"widget\" data-widget_type=\"text-editor.default\">\n\t\t\t\t<div class=\"elementor-widget-container\">\n\t\t\t\t\t\t\t\t\t<p>\n<div class=\"wpcf7 no-js\" id=\"wpcf7-f18610-o1\" lang=\"ca\" dir=\"ltr\" data-wpcf7-id=\"18610\">\n<div class=\"screen-reader-response\"><p role=\"status\" aria-live=\"polite\" aria-atomic=\"true\"><\/p> <ul><\/ul><\/div>\n<form action=\"\/es\/wp-json\/wp\/v2\/pages\/44983#wpcf7-f18610-o1\" method=\"post\" class=\"wpcf7-form init\" aria-label=\"Formulari de contacte\" novalidate=\"novalidate\" data-status=\"init\">\n<fieldset class=\"hidden-fields-container\"><input type=\"hidden\" name=\"_wpcf7\" value=\"18610\" \/><input type=\"hidden\" name=\"_wpcf7_version\" value=\"6.1.5\" \/><input type=\"hidden\" name=\"_wpcf7_locale\" value=\"ca\" \/><input type=\"hidden\" name=\"_wpcf7_unit_tag\" value=\"wpcf7-f18610-o1\" \/><input type=\"hidden\" name=\"_wpcf7_container_post\" value=\"0\" \/><input type=\"hidden\" name=\"_wpcf7_posted_data_hash\" value=\"\" \/><input type=\"hidden\" name=\"_wpcf7_recaptcha_response\" value=\"\" \/>\n<\/fieldset>\n<p>Per contractar el subministrament necessitem les seg\u00fcents dades i documentaci\u00f3.\n<\/p>\n<p>Per consultar el cost d\u2019aquest tr\u00e0mit premi <a href=\"https:\/\/taigua.cat\/tarifes-de-laigua\/\">aqu\u00ed<\/a>.\n<\/p>\n<p>* Nom i cognoms, o ra\u00f3 social, del nou titular:<br \/>\n<span class=\"wpcf7-form-control-wrap\" data-name=\"Nom\"><input size=\"40\" maxlength=\"400\" class=\"wpcf7-form-control wpcf7-text wpcf7-validates-as-required\" aria-required=\"true\" aria-invalid=\"false\" value=\"\" type=\"text\" name=\"Nom\" \/><\/span>\n<\/p>\n<p>* NIF, CIF o NIE (en cas de persones estrangeres):<br \/>\n<span class=\"wpcf7-form-control-wrap\" data-name=\"DNI\"><input size=\"40\" maxlength=\"400\" class=\"wpcf7-form-control wpcf7-text wpcf7-validates-as-required\" aria-required=\"true\" aria-invalid=\"false\" value=\"\" type=\"text\" name=\"DNI\" \/><\/span>\n<\/p>\n<p>* Adre\u00e7a de subministrament:<br \/>\n<span class=\"wpcf7-form-control-wrap\" data-name=\"Adreca\"><input size=\"40\" maxlength=\"400\" class=\"wpcf7-form-control wpcf7-text wpcf7-validates-as-required\" aria-required=\"true\" aria-invalid=\"false\" value=\"\" type=\"text\" name=\"Adreca\" \/><\/span> * N\u00famero: <span class=\"wpcf7-form-control-wrap\" data-name=\"Num\"><input size=\"40\" maxlength=\"400\" class=\"wpcf7-form-control wpcf7-text wpcf7-validates-as-required\" aria-required=\"true\" aria-invalid=\"false\" value=\"\" type=\"text\" name=\"Num\" \/><\/span> Escala: <span class=\"wpcf7-form-control-wrap\" data-name=\"Esc\"><input size=\"40\" maxlength=\"400\" class=\"wpcf7-form-control wpcf7-text\" aria-invalid=\"false\" value=\"\" type=\"text\" name=\"Esc\" \/><\/span> Pis: <span class=\"wpcf7-form-control-wrap\" data-name=\"Pis\"><input size=\"40\" maxlength=\"400\" class=\"wpcf7-form-control wpcf7-text\" aria-invalid=\"false\" value=\"\" type=\"text\" name=\"Pis\" \/><\/span> Porta: <span class=\"wpcf7-form-control-wrap\" data-name=\"Porta\"><input size=\"40\" maxlength=\"400\" class=\"wpcf7-form-control wpcf7-text\" aria-invalid=\"false\" value=\"\" type=\"text\" name=\"Porta\" \/><\/span>\n<\/p>\n<p>* Codi postal: <span class=\"wpcf7-form-control-wrap\" data-name=\"CodiPostal\"><input size=\"40\" maxlength=\"400\" class=\"wpcf7-form-control wpcf7-text wpcf7-validates-as-required\" aria-required=\"true\" aria-invalid=\"false\" value=\"\" type=\"text\" name=\"CodiPostal\" \/><\/span><br \/>\n* Poblaci\u00f3: <span class=\"wpcf7-form-control-wrap\" data-name=\"Poblacio\"><select class=\"wpcf7-form-control wpcf7-select wpcf7-validates-as-required\" aria-required=\"true\" aria-invalid=\"false\" name=\"Poblacio\"><option value=\"Terrassa\">Terrassa<\/option><\/select><\/span>\n<\/p>\n<p>* Tel\u00e8fon de contacte: <span class=\"wpcf7-form-control-wrap\" data-name=\"Telefon\"><input size=\"40\" maxlength=\"400\" class=\"wpcf7-form-control wpcf7-tel wpcf7-validates-as-required wpcf7-text wpcf7-validates-as-tel\" aria-required=\"true\" aria-invalid=\"false\" value=\"\" type=\"tel\" name=\"Telefon\" \/><\/span> (preferiblement, que sigui un m\u00f2bil)\n<\/p>\n<p>* Vol rebre les factures de consum d\u2019aigua per correu electr\u00f2nic?<br \/>\n<span class=\"wpcf7-form-control-wrap\" data-name=\"factures\"><span class=\"wpcf7-form-control wpcf7-radio\"><span class=\"wpcf7-list-item first\"><input type=\"radio\" name=\"factures\" value=\"S\u00ed\" checked=\"checked\" \/><span class=\"wpcf7-list-item-label\">S\u00ed<\/span><\/span><span class=\"wpcf7-list-item last\"><input type=\"radio\" name=\"factures\" value=\"No\" \/><span class=\"wpcf7-list-item-label\">No<\/span><\/span><\/span><\/span>\n<\/p>\n<p>En cas afirmatiu, recordi que, a partir d\u2019aquesta sol\u00b7licitud, nom\u00e9s rebr\u00e0 la factura per mitjans electr\u00f2nics i que si canvia d\u2019adre\u00e7a electr\u00f2nica ens ho ha de notificar.\n<\/p>\n<p>* Correu electr\u00f2nic: <span class=\"wpcf7-form-control-wrap\" data-name=\"Correu\"><input size=\"40\" maxlength=\"400\" class=\"wpcf7-form-control wpcf7-email wpcf7-validates-as-required wpcf7-text wpcf7-validates-as-email\" aria-required=\"true\" aria-invalid=\"false\" value=\"\" type=\"email\" name=\"Correu\" \/><\/span>\n<\/p>\n<p>Adre\u00e7a de correspond\u00e8ncia:<br \/>\n<span class=\"wpcf7-form-control-wrap\" data-name=\"Adreca2\"><input size=\"40\" maxlength=\"400\" class=\"wpcf7-form-control wpcf7-text\" aria-invalid=\"false\" value=\"\" type=\"text\" name=\"Adreca2\" \/><\/span> N\u00famero: <span class=\"wpcf7-form-control-wrap\" data-name=\"Num2\"><input size=\"40\" maxlength=\"400\" class=\"wpcf7-form-control wpcf7-text\" aria-invalid=\"false\" value=\"\" type=\"text\" name=\"Num2\" \/><\/span> Escala: <span class=\"wpcf7-form-control-wrap\" data-name=\"Esc2\"><input size=\"40\" maxlength=\"400\" class=\"wpcf7-form-control wpcf7-text\" aria-invalid=\"false\" value=\"\" type=\"text\" name=\"Esc2\" \/><\/span> Pis: <span class=\"wpcf7-form-control-wrap\" data-name=\"Pis2\"><input size=\"40\" maxlength=\"400\" class=\"wpcf7-form-control wpcf7-text\" aria-invalid=\"false\" value=\"\" type=\"text\" name=\"Pis2\" \/><\/span> Porta: <span class=\"wpcf7-form-control-wrap\" data-name=\"Porta2\"><input size=\"40\" maxlength=\"400\" class=\"wpcf7-form-control wpcf7-text\" aria-invalid=\"false\" value=\"\" type=\"text\" name=\"Porta2\" \/><\/span>\n<\/p>\n<p>Codi postal: <span class=\"wpcf7-form-control-wrap\" data-name=\"CodiPostal2\"><input size=\"40\" maxlength=\"400\" class=\"wpcf7-form-control wpcf7-text\" aria-invalid=\"false\" value=\"\" type=\"text\" name=\"CodiPostal2\" \/><\/span> Poblaci\u00f3: <span class=\"wpcf7-form-control-wrap\" data-name=\"Poblacio2\"><input size=\"40\" maxlength=\"400\" class=\"wpcf7-form-control wpcf7-text\" aria-invalid=\"false\" value=\"\" type=\"text\" name=\"Poblacio2\" \/><\/span>\n<\/p>\n<p>* Nom i cognoms o ra\u00f3 social de la persona propiet\u00e0ria de l\u2019immoble:<br \/>\n<span class=\"wpcf7-form-control-wrap\" data-name=\"Nom2\"><input size=\"40\" maxlength=\"400\" class=\"wpcf7-form-control wpcf7-text wpcf7-validates-as-required\" aria-required=\"true\" aria-invalid=\"false\" value=\"\" type=\"text\" name=\"Nom2\" \/><\/span>\n<\/p>\n<p>* Tipus d\u2019\u00fas:<br \/>\n<span class=\"wpcf7-form-control-wrap\" data-name=\"us\"><span class=\"wpcf7-form-control wpcf7-radio\"><span class=\"wpcf7-list-item first\"><input type=\"radio\" name=\"us\" value=\"Dom\u00e8stic\" checked=\"checked\" \/><span class=\"wpcf7-list-item-label\">Dom\u00e8stic<\/span><\/span><span class=\"wpcf7-list-item\"><input type=\"radio\" name=\"us\" value=\"Comercial\" \/><span class=\"wpcf7-list-item-label\">Comercial<\/span><\/span><span class=\"wpcf7-list-item\"><input type=\"radio\" name=\"us\" value=\"Industrial\" \/><span class=\"wpcf7-list-item-label\">Industrial<\/span><\/span><span class=\"wpcf7-list-item last\"><input type=\"radio\" name=\"us\" value=\"Altres\" \/><span class=\"wpcf7-list-item-label\">Altres<\/span><\/span><\/span><\/span>\n<\/p>\n<p>Propietat del comptador:<br \/>\n<span class=\"wpcf7-form-control-wrap\" data-name=\"comptador\"><span class=\"wpcf7-form-control wpcf7-radio\"><span class=\"wpcf7-list-item first\"><input type=\"radio\" name=\"comptador\" value=\"Taigua\" checked=\"checked\" \/><span class=\"wpcf7-list-item-label\">Taigua<\/span><\/span><span class=\"wpcf7-list-item last\"><input type=\"radio\" name=\"comptador\" value=\"Altres\" \/><span class=\"wpcf7-list-item-label\">Altres<\/span><\/span><\/span><\/span>\n<\/p>\n<div style=\"background-color: #F2F1F1; padding: 20px;\">\n\t<p><strong>NOM\u00c9S PER A HABITATGES<\/strong>\n\t<\/p>\n\t<p>Segons el que preveu la <strong>Llei 18\/2007<\/strong>, de 28 de desembre, sobre el dret a l\u2019habitatge, i el <strong>Decret 55\/2009<\/strong>, de 7 d\u2019abril (DOGC 5357, de 9 d\u2019abril), del Departament de Medi Ambient i Habitatge del Govern de la Generalitat de Catalunya, sobre les condicions d\u2019habitabilitat dels habitatges i la c\u00e8dula d\u2019habitabilitat, les empreses subministradores han d\u2019exigir la <strong>c\u00e8dula d\u2019habitabilitat<\/strong> (qualificaci\u00f3 definitiva en el cas d\u2019habitatges amb protecci\u00f3 oficial destinats a primera ocupaci\u00f3) per contractar un nou subministrament i incorporar una c\u00f2pia en l\u2019expedient de contractaci\u00f3.\n\t<\/p>\n\t<p>Qui demani aquest tr\u00e0mit ha d\u2019acreditar la titularitat de l\u2019immoble o habitatge. Aix\u00ed, doncs, la documentaci\u00f3 necess\u00e0ria que s\u2019ha d\u2019adjuntar per poder contractar el subministrament \u00e9s:\n\t<\/p>\n\t<p><strong>Per a \u00fas dom\u00e8stic (Cost variable. Demanar informaci\u00f3 al 937362820 o a: atenciousuari@taigua.cat)<\/strong><br \/>\n&#8211; NIF del nou titular del contracte PER LES DUES CARES<br \/>\n&#8211; C\u00f2pia de l\u2019escriptura de compra (m\u00ednim des de la p\u00e0gina 1 fins a refer\u00e8ncia cadastral incloses) o del contracte de lloguer signat<br \/>\n&#8211; C\u00e8dula d\u2019habitabilitat definitiva\n\t<\/p>\n\t<p><strong>Per a \u00fas comercial, industrial i d\u2019obres (Cost variable. Demanar informaci\u00f3 al 937362820 o a: atenciousuari@taigua.cat)<br \/>\n<\/strong><br \/>\n&#8211; Persones jur\u00eddiques: c\u00f2pia del NIF de la societat<br \/>\n&#8211; Persones f\u00edsiques: NIF del nou titular del contracte PER LES DUES CARES, i c\u00f2pia de l\u2019escriptura de compra (m\u00ednim des de la p\u00e0gina 1 fins a refer\u00e8ncia cadastral incloses) o del contracte de lloguer signat\n\t<\/p>\n\t<p><strong>Per a \u00fas d\u2019incendis<\/strong><br \/>\n&#8211; Persones jur\u00eddiques: c\u00f2pies de les escriptures de constituci\u00f3 de la societat i de poders\n\t<\/p>\n\t<p><strong>* NIF per davant \/ NIF de la societat<\/strong><br \/>\n<span class=\"wpcf7-form-control-wrap\" data-name=\"documentacio\"><input size=\"40\" class=\"wpcf7-form-control wpcf7-drag-n-drop-file d-none\" aria-required=\"true\" aria-invalid=\"false\" type=\"file\" multiple=\"multiple\" data-name=\"documentacio\" data-type=\"jpg|jpeg|png|gif|bmp|txt|doc|docx|pdf|rar|zip\" data-min=\"1\" data-id=\"18610\" data-version=\"free version 1.3.9.6\" accept=\".jpg, .jpeg, .png, .gif, .bmp, .txt, .doc, .docx, .pdf, .rar, .zip\" \/><\/span>\n\t<\/p>\n\t<p><strong>* NIF per darrere <\/strong><br \/>\n<span class=\"wpcf7-form-control-wrap\" data-name=\"documentacio2\"><input size=\"40\" class=\"wpcf7-form-control wpcf7-drag-n-drop-file d-none\" aria-invalid=\"false\" type=\"file\" multiple=\"multiple\" data-name=\"documentacio2\" data-type=\"jpg|jpeg|png|gif|bmp|txt|doc|docx|pdf|rar|zip\" data-min=\"1\" data-id=\"18610\" data-version=\"free version 1.3.9.6\" accept=\".jpg, .jpeg, .png, .gif, .bmp, .txt, .doc, .docx, .pdf, .rar, .zip\" \/><\/span>\n\t<\/p>\n\t<p><strong>* Document addicional (c\u00f2pia de l\u2019escriptura de compra, contracte de lloguer, c\u00f2pies de les escriptures de constituci\u00f3 de la societat i de poders)<\/strong><br \/>\n<span class=\"wpcf7-form-control-wrap\" data-name=\"documentacio-add\"><input size=\"40\" class=\"wpcf7-form-control wpcf7-drag-n-drop-file d-none\" aria-required=\"true\" aria-invalid=\"false\" type=\"file\" multiple=\"multiple\" data-name=\"documentacio-add\" data-type=\"jpg|jpeg|png|gif|bmp|txt|doc|docx|pdf|rar|zip\" data-min=\"1\" data-id=\"18610\" data-version=\"free version 1.3.9.6\" accept=\".jpg, .jpeg, .png, .gif, .bmp, .txt, .doc, .docx, .pdf, .rar, .zip\" \/><\/span>\n\t<\/p>\n<\/div>\n<p>Indiqui les seves dades banc\u00e0ries per domiciliar el pagament:\n<\/p>\n<p>* Titular del compte: <span class=\"wpcf7-form-control-wrap\" data-name=\"Compte\"><input size=\"40\" maxlength=\"400\" class=\"wpcf7-form-control wpcf7-text wpcf7-validates-as-required\" aria-required=\"true\" aria-invalid=\"false\" value=\"\" type=\"text\" name=\"Compte\" \/><\/span><br \/>\n* Nom de l\u2019entitat: <span class=\"wpcf7-form-control-wrap\" data-name=\"Entitat\"><input size=\"40\" maxlength=\"400\" class=\"wpcf7-form-control wpcf7-text wpcf7-validates-as-required\" aria-required=\"true\" aria-invalid=\"false\" value=\"\" type=\"text\" name=\"Entitat\" \/><\/span><br \/>\n* Introdueix el teu n\u00famero IBAN (24 d\u00edgits sense espais): <span class=\"wpcf7-form-control-wrap\" data-name=\"iban\"><input size=\"40\" maxlength=\"400\" class=\"wpcf7-form-control wpcf7-text wpcf7-validates-as-required iban\" aria-required=\"true\" aria-invalid=\"false\" value=\"\" type=\"text\" name=\"iban\" \/><\/span>\n<\/p>\n<p>* En quin idioma vol rebre la documentaci\u00f3? <span class=\"wpcf7-form-control-wrap\" data-name=\"idiomadoc\"><span class=\"wpcf7-form-control wpcf7-radio\"><span class=\"wpcf7-list-item first\"><input type=\"radio\" name=\"idiomadoc\" value=\"Catal\u00e0\" checked=\"checked\" \/><span class=\"wpcf7-list-item-label\">Catal\u00e0<\/span><\/span><span class=\"wpcf7-list-item last\"><input type=\"radio\" name=\"idiomadoc\" value=\"Castell\u00e0\" \/><span class=\"wpcf7-list-item-label\">Castell\u00e0<\/span><\/span><\/span><\/span>\n<\/p>\n<p>Un cop se sol\u00b7liciti una alta de subministrament, si la finca ja disposa de connexi\u00f3 externa a la xarxa i la bateria de comptadors est\u00e0 en servei, s\u2019instal\u00b7lar\u00e0 el comptador en un termini m\u00e0xim de dos dies laborables a partir de la formalitzaci\u00f3 del contracte.\n<\/p>\n<p>* El present tr\u00e0mit comporta una obligaci\u00f3 del pagament de les tarifes aprovades: <span class=\"wpcf7-form-control-wrap\" data-name=\"obligaciopagament\"><span class=\"wpcf7-form-control wpcf7-checkbox wpcf7-validates-as-required\"><span class=\"wpcf7-list-item first last\"><input type=\"checkbox\" name=\"obligaciopagament[]\" value=\"Ho accepto\" \/><span class=\"wpcf7-list-item-label\">Ho accepto<\/span><\/span><\/span><\/span>\n<\/p>\n<p>El termini de desistiment del servei, per part del client, conclour\u00e0 als 14 dies naturals comptats a partir de la celebraci\u00f3 del contracte.\n<\/p>\n<p>Protecci\u00f3 de dades: TERRASSA CICLE DE L\u2019AIGUA EPEL (TAIGUA) tractar\u00e0 les seves dades per a gestionar la seva contractaci\u00f3 dels serveis de subministrament a trav\u00e9s del nostre formulari de contacte. Pot exercir els seus drets a dpd@taigua.cat. Conegui la nostra pol\u00edtica de privacitat fent clic <a target=\"_blank\" href=\"https:\/\/taigua.cat\/politica-de-privacitat\/\">aqu\u00ed<\/a>.\n<\/p>\n<p>* L\u2019USUARI\/A autoritza el tractament de les seves dades per a la comercialitzaci\u00f3 d\u2019altres serveis i activitats i per tal de poder-li remetre, per correu postal, per correu electr\u00f2nic i per qualsevol altre mitj\u00e0 de comunicaci\u00f3 electr\u00f2nica equivalent, informaci\u00f3 i publicitat sobre els esmentats serveis i activitats: <span class=\"wpcf7-form-control-wrap\" data-name=\"client\"><span class=\"wpcf7-form-control wpcf7-checkbox wpcf7-validates-as-required\"><span class=\"wpcf7-list-item first\"><input type=\"checkbox\" name=\"client[]\" value=\"S\u00ed\" \/><span class=\"wpcf7-list-item-label\">S\u00ed<\/span><\/span><span class=\"wpcf7-list-item last\"><input type=\"checkbox\" name=\"client[]\" value=\"No\" \/><span class=\"wpcf7-list-item-label\">No<\/span><\/span><\/span><\/span>\n<\/p>\n<p><span style=\"font-weight: 800; color: #379eff;\">Un cop realitzat el seu tr\u00e0mit, rebr\u00e0 la documentaci\u00f3 a signar al correu electr\u00f2nic que ha indicat.<\/span>\n<\/p>\n<p><input class=\"wpcf7-form-control wpcf7-submit has-spinner\" type=\"submit\" value=\"Enviar\" \/>\n<\/p><div class=\"wpcf7-response-output\" aria-hidden=\"true\"><\/div>\n<\/form>\n<\/div>\n<\/p>\t\t\t\t\t\t\t\t<\/div>\n\t\t\t\t<\/div>\n\t\t\t\t\t<\/div>\n\t\t<\/div>\n\t\t\t\t\t<\/div>\n\t\t<\/section>\n\t\t\t\t<\/div>\n\t\t","protected":false},"excerpt":{"rendered":"","protected":false},"author":1,"featured_media":0,"parent":0,"menu_order":0,"comment_status":"closed","ping_status":"closed","template":"","meta":{"_acf_changed":false,"footnotes":""},"class_list":["post-44983","page","type-page","status-publish","hentry"],"acf":[],"aioseo_notices":[],"_links":{"self":[{"href":"https:\/\/taigua.cat\/es\/wp-json\/wp\/v2\/pages\/44983","targetHints":{"allow":["GET"]}}],"collection":[{"href":"https:\/\/taigua.cat\/es\/wp-json\/wp\/v2\/pages"}],"about":[{"href":"https:\/\/taigua.cat\/es\/wp-json\/wp\/v2\/types\/page"}],"author":[{"embeddable":true,"href":"https:\/\/taigua.cat\/es\/wp-json\/wp\/v2\/users\/1"}],"replies":[{"embeddable":true,"href":"https:\/\/taigua.cat\/es\/wp-json\/wp\/v2\/comments?post=44983"}],"version-history":[{"count":4,"href":"https:\/\/taigua.cat\/es\/wp-json\/wp\/v2\/pages\/44983\/revisions"}],"predecessor-version":[{"id":44987,"href":"https:\/\/taigua.cat\/es\/wp-json\/wp\/v2\/pages\/44983\/revisions\/44987"}],"wp:attachment":[{"href":"https:\/\/taigua.cat\/es\/wp-json\/wp\/v2\/media?parent=44983"}],"curies":[{"name":"wp","href":"https:\/\/api.w.org\/{rel}","templated":true}]}}