{"id":54762,"date":"2024-02-27T11:15:27","date_gmt":"2024-02-27T10:15:27","guid":{"rendered":"https:\/\/taigua.cat\/?page_id=54762"},"modified":"2024-03-08T16:41:36","modified_gmt":"2024-03-08T15:41:36","slug":"mantenimento","status":"publish","type":"page","link":"https:\/\/taigua.cat\/es\/mantenimento\/","title":{"rendered":"Mantenimento"},"content":{"rendered":"\t\t<div data-elementor-type=\"wp-page\" data-elementor-id=\"54762\" class=\"elementor elementor-54762\" data-elementor-post-type=\"page\">\n\t\t\t\t\t\t<section data-dce-background-image-url=\"https:\/\/taigua.cat\/wp-content\/uploads\/2024\/02\/fondo.webp\" class=\"elementor-section elementor-top-section elementor-element elementor-element-48deda3 elementor-section-full_width elementor-section-height-min-height elementor-section-items-stretch elementor-section-content-space-between manteniment elementor-section-height-default\" data-id=\"48deda3\" data-element_type=\"section\" data-e-type=\"section\" data-settings=\"{&quot;background_background&quot;:&quot;classic&quot;}\">\n\t\t\t\t\t\t<div class=\"elementor-container elementor-column-gap-default\">\n\t\t\t\t\t<div class=\"elementor-column elementor-col-100 elementor-top-column elementor-element elementor-element-57794c3\" data-id=\"57794c3\" data-element_type=\"column\" data-e-type=\"column\">\n\t\t\t<div class=\"elementor-widget-wrap elementor-element-populated\">\n\t\t\t\t\t\t<section class=\"elementor-section elementor-inner-section elementor-element elementor-element-317f73a elementor-section-boxed elementor-section-height-default elementor-section-height-default\" data-id=\"317f73a\" data-element_type=\"section\" data-e-type=\"section\">\n\t\t\t\t\t\t<div class=\"elementor-container elementor-column-gap-default\">\n\t\t\t\t\t<div class=\"elementor-column elementor-col-100 elementor-inner-column elementor-element elementor-element-00e16ff\" data-id=\"00e16ff\" data-element_type=\"column\" data-e-type=\"column\">\n\t\t\t<div class=\"elementor-widget-wrap elementor-element-populated\">\n\t\t\t\t\t\t<div class=\"elementor-element elementor-element-fed2662 dce_masking-none elementor-widget elementor-widget-image\" data-id=\"fed2662\" data-element_type=\"widget\" data-e-type=\"widget\" data-widget_type=\"image.default\">\n\t\t\t\t<div class=\"elementor-widget-container\">\n\t\t\t\t\t\t\t\t\t\t\t\t\t\t\t<img fetchpriority=\"high\" decoding=\"async\" width=\"1024\" height=\"364\" src=\"https:\/\/taigua.cat\/wp-content\/uploads\/2024\/02\/logo_taigua-1024x364.webp\" class=\"attachment-large size-large wp-image-54916\" alt=\"Taigua\" srcset=\"https:\/\/taigua.cat\/wp-content\/uploads\/2024\/02\/logo_taigua-1024x364.webp 1024w, https:\/\/taigua.cat\/wp-content\/uploads\/2024\/02\/logo_taigua-300x107.webp 300w, https:\/\/taigua.cat\/wp-content\/uploads\/2024\/02\/logo_taigua-768x273.webp 768w, https:\/\/taigua.cat\/wp-content\/uploads\/2024\/02\/logo_taigua.webp 1526w\" sizes=\"(max-width: 1024px) 100vw, 1024px\" \/>\t\t\t\t\t\t\t\t\t\t\t\t\t\t\t<\/div>\n\t\t\t\t<\/div>\n\t\t\t\t\t<\/div>\n\t\t<\/div>\n\t\t<!-- dce invisible element 4753520 -->\t\t\t<\/div>\n\t\t<\/section>\n\t\t\t\t<section class=\"elementor-section elementor-inner-section elementor-element elementor-element-984ab90 elementor-section-boxed elementor-section-height-default elementor-section-height-default\" data-id=\"984ab90\" data-element_type=\"section\" data-e-type=\"section\">\n\t\t\t\t\t\t<div class=\"elementor-container elementor-column-gap-default\">\n\t\t\t\t\t<div class=\"elementor-column elementor-col-50 elementor-inner-column elementor-element elementor-element-8adfcec\" data-id=\"8adfcec\" data-element_type=\"column\" data-e-type=\"column\">\n\t\t\t<div class=\"elementor-widget-wrap elementor-element-populated\">\n\t\t\t\t\t\t<div data-dce-text-color=\"#000000\" class=\"elementor-element elementor-element-8d81557 elementor-widget elementor-widget-text-editor\" data-id=\"8d81557\" data-element_type=\"widget\" data-e-type=\"widget\" data-widget_type=\"text-editor.default\">\n\t\t\t\t<div class=\"elementor-widget-container\">\n\t\t\t\t\t\t\t\t\t<p>Debido a dificultades en la migraci\u00f3n de nuestros sistemas inform\u00e1ticos de gesti\u00f3n de usuarios, <span style=\"color: #ff0000;\">TEMPORALMENTE NO SE PUEDEN REALIZAR GESTIONES CONTRACTUALES NI PAGOS EN LA WEB.<\/span><\/p>\t\t\t\t\t\t\t\t<\/div>\n\t\t\t\t<\/div>\n\t\t\t\t<div data-dce-text-color=\"#2F97FF\" class=\"elementor-element elementor-element-3d63160 elementor-widget elementor-widget-text-editor\" data-id=\"3d63160\" data-element_type=\"widget\" data-e-type=\"widget\" data-widget_type=\"text-editor.default\">\n\t\t\t\t<div class=\"elementor-widget-container\">\n\t\t\t\t\t\t\t\t\t<p><strong>ROGAMOS DISCULPEN LAS MOLESTIAS<\/strong><\/p>\t\t\t\t\t\t\t\t<\/div>\n\t\t\t\t<\/div>\n\t\t\t\t\t<\/div>\n\t\t<\/div>\n\t\t\t\t<div class=\"elementor-column elementor-col-50 elementor-inner-column elementor-element elementor-element-ce61d23\" data-id=\"ce61d23\" data-element_type=\"column\" data-e-type=\"column\">\n\t\t\t<div class=\"elementor-widget-wrap elementor-element-populated\">\n\t\t\t\t\t\t<div class=\"elementor-element elementor-element-06540e6 dce_masking-none elementor-widget elementor-widget-image\" data-id=\"06540e6\" data-element_type=\"widget\" data-e-type=\"widget\" data-widget_type=\"image.default\">\n\t\t\t\t<div class=\"elementor-widget-container\">\n\t\t\t\t\t\t\t\t\t\t\t\t\t\t\t<img decoding=\"async\" width=\"985\" height=\"638\" src=\"https:\/\/taigua.cat\/wp-content\/uploads\/2024\/02\/ilustracion.webp\" class=\"attachment-large size-large wp-image-54640\" alt=\"\" srcset=\"https:\/\/taigua.cat\/wp-content\/uploads\/2024\/02\/ilustracion.webp 985w, https:\/\/taigua.cat\/wp-content\/uploads\/2024\/02\/ilustracion-300x194.webp 300w, https:\/\/taigua.cat\/wp-content\/uploads\/2024\/02\/ilustracion-768x497.webp 768w\" sizes=\"(max-width: 985px) 100vw, 985px\" \/>\t\t\t\t\t\t\t\t\t\t\t\t\t\t\t<\/div>\n\t\t\t\t<\/div>\n\t\t\t\t\t<\/div>\n\t\t<\/div>\n\t\t\t\t\t<\/div>\n\t\t<\/section>\n\t\t\t\t<section class=\"elementor-section elementor-inner-section elementor-element elementor-element-63cc7ec elementor-section-boxed elementor-section-height-default elementor-section-height-default\" data-id=\"63cc7ec\" data-element_type=\"section\" data-e-type=\"section\">\n\t\t\t\t\t\t<div class=\"elementor-container elementor-column-gap-default\">\n\t\t\t\t\t<div class=\"elementor-column elementor-col-100 elementor-inner-column elementor-element elementor-element-c2f5cdf\" data-id=\"c2f5cdf\" data-element_type=\"column\" data-e-type=\"column\">\n\t\t\t<div class=\"elementor-widget-wrap elementor-element-populated\">\n\t\t\t\t\t\t<div data-dce-text-color=\"#FFFFFF\" class=\"elementor-element elementor-element-f20d854 elementor-widget elementor-widget-text-editor\" data-id=\"f20d854\" data-element_type=\"widget\" data-e-type=\"widget\" data-widget_type=\"text-editor.default\">\n\t\t\t\t<div class=\"elementor-widget-container\">\n\t\t\t\t\t\t\t\t\t<img decoding=\"async\" src=\"https:\/\/taigua.cat\/wp-content\/uploads\/2024\/02\/Captura-de-Pantalla-2024-02-27-a-las-11.04.55.png\"><br>\n\n<a style=\"color: #fff;\" href=\"mailto:atenciousuari@taigua.cat\">atenciousuari@taigua.cat<\/a><br>\n\nPl. de Jaume Jover, 1 \u2013 08223 Terrassa\t\t\t\t\t\t\t\t<\/div>\n\t\t\t\t<\/div>\n\t\t\t\t\t<\/div>\n\t\t<\/div>\n\t\t\t\t\t<\/div>\n\t\t<\/section>\n\t\t\t\t\t<\/div>\n\t\t<\/div>\n\t\t\t\t\t<\/div>\n\t\t<\/section>\n\t\t\t\t<\/div>\n\t\t","protected":false},"excerpt":{"rendered":"<p>Debido a dificultades en la migraci\u00f3n de nuestros sistemas inform\u00e1ticos de gesti\u00f3n de usuarios, TEMPORALMENTE NO SE PUEDEN REALIZAR GESTIONES CONTRACTUALES NI PAGOS EN LA WEB. ROGAMOS DISCULPEN LAS MOLESTIAS atenciousuari@taigua.cat Pl. de Jaume Jover, 1 \u2013 08223 Terrassa<\/p>\n","protected":false},"author":1,"featured_media":0,"parent":0,"menu_order":0,"comment_status":"closed","ping_status":"closed","template":"elementor_canvas","meta":{"_acf_changed":false,"footnotes":""},"class_list":["post-54762","page","type-page","status-publish","hentry"],"acf":[],"aioseo_notices":[],"_links":{"self":[{"href":"https:\/\/taigua.cat\/es\/wp-json\/wp\/v2\/pages\/54762","targetHints":{"allow":["GET"]}}],"collection":[{"href":"https:\/\/taigua.cat\/es\/wp-json\/wp\/v2\/pages"}],"about":[{"href":"https:\/\/taigua.cat\/es\/wp-json\/wp\/v2\/types\/page"}],"author":[{"embeddable":true,"href":"https:\/\/taigua.cat\/es\/wp-json\/wp\/v2\/users\/1"}],"replies":[{"embeddable":true,"href":"https:\/\/taigua.cat\/es\/wp-json\/wp\/v2\/comments?post=54762"}],"version-history":[{"count":0,"href":"https:\/\/taigua.cat\/es\/wp-json\/wp\/v2\/pages\/54762\/revisions"}],"wp:attachment":[{"href":"https:\/\/taigua.cat\/es\/wp-json\/wp\/v2\/media?parent=54762"}],"curies":[{"name":"wp","href":"https:\/\/api.w.org\/{rel}","templated":true}]}}