{"id":59187,"date":"2024-04-17T12:30:31","date_gmt":"2024-04-17T10:30:31","guid":{"rendered":"https:\/\/taigua.cat\/?page_id=59187"},"modified":"2024-11-13T09:57:01","modified_gmt":"2024-11-13T08:57:01","slug":"notas-tecnicas-de-taigua","status":"publish","type":"page","link":"https:\/\/taigua.cat\/es\/notas-tecnicas-de-taigua\/","title":{"rendered":"NOTAS T\u00c9CNICAS DE TAIGUA"},"content":{"rendered":"\t\t<div data-elementor-type=\"wp-page\" data-elementor-id=\"59187\" class=\"elementor elementor-59187\" data-elementor-post-type=\"page\">\n\t\t\t\t\t\t<section class=\"elementor-section elementor-top-section elementor-element elementor-element-9b14dc1 elementor-section-boxed elementor-section-height-default elementor-section-height-default\" data-id=\"9b14dc1\" data-element_type=\"section\" data-e-type=\"section\">\n\t\t\t\t\t\t<div class=\"elementor-container elementor-column-gap-default\">\n\t\t\t\t\t<div class=\"elementor-column elementor-col-100 elementor-top-column elementor-element elementor-element-220fa5b\" data-id=\"220fa5b\" data-element_type=\"column\" data-e-type=\"column\">\n\t\t\t<div class=\"elementor-widget-wrap elementor-element-populated\">\n\t\t\t\t\t\t<div class=\"elementor-element elementor-element-ec3578f elementor-widget elementor-widget-accordion\" data-id=\"ec3578f\" data-element_type=\"widget\" data-e-type=\"widget\" data-widget_type=\"accordion.default\">\n\t\t\t\t<div class=\"elementor-widget-container\">\n\t\t\t\t\t\t\t<div class=\"elementor-accordion\">\n\t\t\t\t\t\t\t<div class=\"elementor-accordion-item\">\n\t\t\t\t\t<div id=\"elementor-tab-title-2471\" class=\"elementor-tab-title\" data-tab=\"1\" role=\"button\" aria-controls=\"elementor-tab-content-2471\" aria-expanded=\"false\">\n\t\t\t\t\t\t\t\t\t\t\t\t\t<span class=\"elementor-accordion-icon elementor-accordion-icon-left\" aria-hidden=\"true\">\n\t\t\t\t\t\t\t\t\t\t\t\t\t\t\t<span class=\"elementor-accordion-icon-closed\"><i class=\"fas fa-plus\"><\/i><\/span>\n\t\t\t\t\t\t\t\t<span class=\"elementor-accordion-icon-opened\"><i class=\"fas fa-minus\"><\/i><\/span>\n\t\t\t\t\t\t\t\t\t\t\t\t\t\t<\/span>\n\t\t\t\t\t\t\t\t\t\t\t\t<a class=\"elementor-accordion-title\" tabindex=\"0\">NOTA T\u00c9CNICA 1: REQUERIMIENTO B\u00c1SICO DE AGUA (RBA)<\/a>\n\t\t\t\t\t<\/div>\n\t\t\t\t\t<div id=\"elementor-tab-content-2471\" class=\"elementor-tab-content elementor-clearfix\" data-tab=\"1\" role=\"region\" aria-labelledby=\"elementor-tab-title-2471\"><p>La evoluci\u00f3n de las determinaciones normativas respecto a la inclusi\u00f3n de un derecho al agua, formulado nominalmente como una provisi\u00f3n de agua b\u00e1sica, m\u00ednimo vital, o dotaci\u00f3n m\u00ednima (las denominaciones var\u00edan), conduce a la necesidad de especificar cuantitativa y cualitativamente a qu\u00e9 volumen &#8211; y con qu\u00e9 caracter\u00edsticas &#8211; se est\u00e1 haciendo referencia, algo que pr\u00e1cticamente ninguna de las fuentes normativas entra a concretar, qued\u00e1ndose en la expresi\u00f3n de un volumen diario. Esta nota propone una elecci\u00f3n del requerimiento b\u00e1sico de agua por persona, RBA, fundamentada en los referentes de la literatura t\u00e9cnica que han mostrado, en la b\u00fasqueda bibliogr\u00e1fica realizada, mayor frecuencia y m\u00e1s alusiones cruzadas.<\/p><p><a href=\"https:\/\/taigua.cat\/wp-content\/uploads\/2024\/04\/NT-001-2003-Requerimiento-Basico-de-Agua.pdf\" target=\"_blank\" rel=\"noopener\">NT-001-2003 &#8211; REQUERIMIENTO B\u00c1SICO DE AGUA<\/a><\/p><\/div>\n\t\t\t\t<\/div>\n\t\t\t\t\t\t\t<div class=\"elementor-accordion-item\">\n\t\t\t\t\t<div id=\"elementor-tab-title-2472\" class=\"elementor-tab-title\" data-tab=\"2\" role=\"button\" aria-controls=\"elementor-tab-content-2472\" aria-expanded=\"false\">\n\t\t\t\t\t\t\t\t\t\t\t\t\t<span class=\"elementor-accordion-icon elementor-accordion-icon-left\" aria-hidden=\"true\">\n\t\t\t\t\t\t\t\t\t\t\t\t\t\t\t<span class=\"elementor-accordion-icon-closed\"><i class=\"fas fa-plus\"><\/i><\/span>\n\t\t\t\t\t\t\t\t<span class=\"elementor-accordion-icon-opened\"><i class=\"fas fa-minus\"><\/i><\/span>\n\t\t\t\t\t\t\t\t\t\t\t\t\t\t<\/span>\n\t\t\t\t\t\t\t\t\t\t\t\t<a class=\"elementor-accordion-title\" tabindex=\"0\">NOTA T\u00c9CNICA 2: METODOLOG\u00cdA DEL C\u00c1CULO TARIFARIO DEL SERVICIO DE AGUA<\/a>\n\t\t\t\t\t<\/div>\n\t\t\t\t\t<div id=\"elementor-tab-content-2472\" class=\"elementor-tab-content elementor-clearfix\" data-tab=\"2\" role=\"region\" aria-labelledby=\"elementor-tab-title-2472\"><section class=\"page-content\"><div class=\"container\"><div class=\"row\"><div class=\"col-lg-12 col-md-12 col-sm-12 col-xs-12\"><div class=\"rtd\"><div class=\"vc_row wpb_row vc_row-fluid pix-vc_row-no-padding pix-row-overlay kswr_pnone kswr_mnone kswr_bnone\"><div class=\"wpb_column vc_column_container vc_col-sm-12\"><div class=\"vc_column-inner \"><div class=\"wpb_wrapper\"><div class=\"vc_toggle vc_toggle_default vc_toggle_color_default vc_toggle_size_md vc_toggle_active\"><div class=\"vc_toggle_content\"><section class=\"page-content\"><div class=\"container\"><div class=\"row\"><div class=\"col-lg-12 col-md-12 col-sm-12 col-xs-12\"><div class=\"rtd\"><div class=\"vc_row wpb_row vc_row-fluid pix-vc_row-no-padding pix-row-overlay kswr_pnone kswr_mnone kswr_bnone\"><div class=\"wpb_column vc_column_container vc_col-sm-12\"><div class=\"vc_column-inner \"><div class=\"wpb_wrapper\"><div class=\"vc_toggle vc_toggle_default vc_toggle_color_default vc_toggle_size_md vc_toggle_active\"><div class=\"vc_toggle_content\"><p>La nota tiene por objetivo presentar la metodolog\u00eda com\u00fan que se considera pertinente para el establecimiento de tarifas, independientemente del sistema de gesti\u00f3n (directa o indirecta), desde el equilibrio global a largo plazo, hasta la estructuraci\u00f3n tarifaria.<\/p><p><a href=\"https:\/\/taigua.cat\/wp-content\/uploads\/2024\/04\/NT-002-2023-CALCUL-TARIFARI.pdf\" target=\"_blank\" rel=\"noopener\">NT-002-2023 &#8211; C\u00c1LCULO TARIFARIO<\/a><\/p><\/div><\/div><\/div><\/div><\/div><\/div><\/div><\/div><\/div><\/div><\/section><\/div><\/div><\/div><\/div><\/div><\/div><\/div><\/div><\/div><\/div><\/section><\/div>\n\t\t\t\t<\/div>\n\t\t\t\t\t\t\t<div class=\"elementor-accordion-item\">\n\t\t\t\t\t<div id=\"elementor-tab-title-2473\" class=\"elementor-tab-title\" data-tab=\"3\" role=\"button\" aria-controls=\"elementor-tab-content-2473\" aria-expanded=\"false\">\n\t\t\t\t\t\t\t\t\t\t\t\t\t<span class=\"elementor-accordion-icon elementor-accordion-icon-left\" aria-hidden=\"true\">\n\t\t\t\t\t\t\t\t\t\t\t\t\t\t\t<span class=\"elementor-accordion-icon-closed\"><i class=\"fas fa-plus\"><\/i><\/span>\n\t\t\t\t\t\t\t\t<span class=\"elementor-accordion-icon-opened\"><i class=\"fas fa-minus\"><\/i><\/span>\n\t\t\t\t\t\t\t\t\t\t\t\t\t\t<\/span>\n\t\t\t\t\t\t\t\t\t\t\t\t<a class=\"elementor-accordion-title\" tabindex=\"0\">NOTA T\u00c9CNICA 3: DOTACIONES PARA EL C\u00c1CULO DE LA DEMANDA DE AGUA EN LOS DESARROLLOS URBAN\u00cdSTICOS<\/a>\n\t\t\t\t\t<\/div>\n\t\t\t\t\t<div id=\"elementor-tab-content-2473\" class=\"elementor-tab-content elementor-clearfix\" data-tab=\"3\" role=\"region\" aria-labelledby=\"elementor-tab-title-2473\"><p>Esta nota tiene por objetivo establecer los valores de la dotaci\u00f3n de los distintos usos para el c\u00e1lculo de la demanda de agua en los desarrollos de la planificaci\u00f3n urban\u00edstica de Terrassa. La propuesta se basa en una investigaci\u00f3n exhaustiva del marco legal, identificando los referentes m\u00e1s relevantes tanto a nivel local como estatal. Adem\u00e1s, se ha realizado un an\u00e1lisis estad\u00edstico riguroso de los datos disponibles de TAIGUA. Con ello, se aspira a garantizar que los nuevos criterios est\u00e9n fundamentados en una s\u00f3lida base y puedan contribuir a una gesti\u00f3n m\u00e1s eficiente y sostenible de los recursos h\u00eddricos y de las infraestructuras de abastecimiento de agua en Terrassa.<\/p><p><a href=\"https:\/\/taigua.cat\/wp-content\/uploads\/2024\/04\/NT-003-2023-REVISIO-DELS-CRITERIS-DE-DOTACIO.pdf\" target=\"_blank\" rel=\"noopener\">NT-003-2023 &#8211; REVISI\u00d3N DE LOS CRITERIOS DE DOTACI\u00d3N<\/a><\/p><\/div>\n\t\t\t\t<\/div>\n\t\t\t\t\t\t\t\t<\/div>\n\t\t\t\t\t\t<\/div>\n\t\t\t\t<\/div>\n\t\t\t\t\t<\/div>\n\t\t<\/div>\n\t\t\t\t\t<\/div>\n\t\t<\/section>\n\t\t\t\t<\/div>\n\t\t","protected":false},"excerpt":{"rendered":"<p>NOTA T\u00c9CNICA 1: REQUERIMIENTO B\u00c1SICO DE AGUA (RBA) La evoluci\u00f3n de las determinaciones normativas respecto a la inclusi\u00f3n de un derecho al agua, formulado nominalmente como una provisi\u00f3n de agua b\u00e1sica, m\u00ednimo vital, o dotaci\u00f3n m\u00ednima (las denominaciones var\u00edan), conduce a la necesidad de especificar cuantitativa y cualitativamente a qu\u00e9 volumen &#8211; y con qu\u00e9 [&hellip;]<\/p>\n","protected":false},"author":9,"featured_media":0,"parent":0,"menu_order":0,"comment_status":"closed","ping_status":"closed","template":"","meta":{"_acf_changed":false,"footnotes":""},"class_list":["post-59187","page","type-page","status-publish","hentry"],"acf":[],"aioseo_notices":[],"_links":{"self":[{"href":"https:\/\/taigua.cat\/es\/wp-json\/wp\/v2\/pages\/59187","targetHints":{"allow":["GET"]}}],"collection":[{"href":"https:\/\/taigua.cat\/es\/wp-json\/wp\/v2\/pages"}],"about":[{"href":"https:\/\/taigua.cat\/es\/wp-json\/wp\/v2\/types\/page"}],"author":[{"embeddable":true,"href":"https:\/\/taigua.cat\/es\/wp-json\/wp\/v2\/users\/9"}],"replies":[{"embeddable":true,"href":"https:\/\/taigua.cat\/es\/wp-json\/wp\/v2\/comments?post=59187"}],"version-history":[{"count":0,"href":"https:\/\/taigua.cat\/es\/wp-json\/wp\/v2\/pages\/59187\/revisions"}],"wp:attachment":[{"href":"https:\/\/taigua.cat\/es\/wp-json\/wp\/v2\/media?parent=59187"}],"curies":[{"name":"wp","href":"https:\/\/api.w.org\/{rel}","templated":true}]}}