{"id":60893,"date":"2024-05-06T18:11:12","date_gmt":"2024-05-06T16:11:12","guid":{"rendered":"https:\/\/taigua.cat\/?page_id=60893"},"modified":"2026-02-20T14:59:13","modified_gmt":"2026-02-20T13:59:13","slug":"eficiencia-hidraulica","status":"publish","type":"page","link":"https:\/\/taigua.cat\/es\/eficiencia-hidraulica\/","title":{"rendered":"EFICIENCIA HIDR\u00c1ULICA"},"content":{"rendered":"\t\t<div data-elementor-type=\"wp-page\" data-elementor-id=\"60893\" class=\"elementor elementor-60893\" data-elementor-post-type=\"page\">\n\t\t\t\t\t\t<section class=\"elementor-section elementor-top-section elementor-element elementor-element-1c873fe elementor-section-boxed elementor-section-height-default elementor-section-height-default\" data-id=\"1c873fe\" data-element_type=\"section\" data-e-type=\"section\">\n\t\t\t\t\t\t<div class=\"elementor-container elementor-column-gap-default\">\n\t\t\t\t\t<div class=\"elementor-column elementor-col-25 elementor-top-column elementor-element elementor-element-eae2439\" data-id=\"eae2439\" data-element_type=\"column\" data-e-type=\"column\">\n\t\t\t<div class=\"elementor-widget-wrap elementor-element-populated\">\n\t\t\t\t\t\t<div class=\"elementor-element elementor-element-7bf924d elementor-align-center elementor-widget elementor-widget-button\" data-id=\"7bf924d\" data-element_type=\"widget\" data-e-type=\"widget\" data-widget_type=\"button.default\">\n\t\t\t\t<div class=\"elementor-widget-container\">\n\t\t\t\t\t\t\t\t\t<div class=\"elementor-button-wrapper\">\n\t\t\t\t\t<a class=\"elementor-button elementor-button-link elementor-size-sm\" href=\"https:\/\/taigua.cat\/wp-content\/uploads\/2026\/02\/resultats-del-balanc-hidric-2025.pdf\" target=\"_blank\">\n\t\t\t\t\t\t<span class=\"elementor-button-content-wrapper\">\n\t\t\t\t\t\t\t\t\t<span class=\"elementor-button-text\">Resultados del balance h\u00eddrico 2025<\/span>\n\t\t\t\t\t<\/span>\n\t\t\t\t\t<\/a>\n\t\t\t\t<\/div>\n\t\t\t\t\t\t\t\t<\/div>\n\t\t\t\t<\/div>\n\t\t\t\t\t<\/div>\n\t\t<\/div>\n\t\t\t\t<div class=\"elementor-column elementor-col-25 elementor-top-column elementor-element elementor-element-d2e9ab7\" data-id=\"d2e9ab7\" data-element_type=\"column\" data-e-type=\"column\">\n\t\t\t<div class=\"elementor-widget-wrap elementor-element-populated\">\n\t\t\t\t\t\t<div class=\"elementor-element elementor-element-23bdc31 elementor-align-center elementor-widget elementor-widget-button\" data-id=\"23bdc31\" data-element_type=\"widget\" data-e-type=\"widget\" data-widget_type=\"button.default\">\n\t\t\t\t<div class=\"elementor-widget-container\">\n\t\t\t\t\t\t\t\t\t<div class=\"elementor-button-wrapper\">\n\t\t\t\t\t<a class=\"elementor-button elementor-button-link elementor-size-sm\" href=\"https:\/\/taigua.cat\/wp-content\/uploads\/2026\/02\/indicadors-per-a-la-gestio-de-fuites-2025.pdf\" target=\"_blank\">\n\t\t\t\t\t\t<span class=\"elementor-button-content-wrapper\">\n\t\t\t\t\t\t\t\t\t<span class=\"elementor-button-text\">Indicadores para la gesti\u00f3n de fugas 2025<\/span>\n\t\t\t\t\t<\/span>\n\t\t\t\t\t<\/a>\n\t\t\t\t<\/div>\n\t\t\t\t\t\t\t\t<\/div>\n\t\t\t\t<\/div>\n\t\t\t\t\t<\/div>\n\t\t<\/div>\n\t\t\t\t<div class=\"elementor-column elementor-col-25 elementor-top-column elementor-element elementor-element-9e60f95\" data-id=\"9e60f95\" data-element_type=\"column\" data-e-type=\"column\">\n\t\t\t<div class=\"elementor-widget-wrap elementor-element-populated\">\n\t\t\t\t\t\t<div class=\"elementor-element elementor-element-235c593 elementor-align-center elementor-widget elementor-widget-button\" data-id=\"235c593\" data-element_type=\"widget\" data-e-type=\"widget\" data-widget_type=\"button.default\">\n\t\t\t\t<div class=\"elementor-widget-container\">\n\t\t\t\t\t\t\t\t\t<div class=\"elementor-button-wrapper\">\n\t\t\t\t\t<a class=\"elementor-button elementor-button-link elementor-size-sm\" href=\"https:\/\/taigua.cat\/wp-content\/uploads\/2026\/02\/indicador-per-a-la-gestio-de-la-pressio-2025.pdf\" target=\"_blank\">\n\t\t\t\t\t\t<span class=\"elementor-button-content-wrapper\">\n\t\t\t\t\t\t\t\t\t<span class=\"elementor-button-text\">Indicador para la gesti\u00f3n de presi\u00f3n 2025<\/span>\n\t\t\t\t\t<\/span>\n\t\t\t\t\t<\/a>\n\t\t\t\t<\/div>\n\t\t\t\t\t\t\t\t<\/div>\n\t\t\t\t<\/div>\n\t\t\t\t\t<\/div>\n\t\t<\/div>\n\t\t\t\t<div class=\"elementor-column elementor-col-25 elementor-top-column elementor-element elementor-element-4daabc9\" data-id=\"4daabc9\" data-element_type=\"column\" data-e-type=\"column\">\n\t\t\t<div class=\"elementor-widget-wrap elementor-element-populated\">\n\t\t\t\t\t\t<div class=\"elementor-element elementor-element-88ae0a4 elementor-align-center elementor-widget elementor-widget-button\" data-id=\"88ae0a4\" data-element_type=\"widget\" data-e-type=\"widget\" data-widget_type=\"button.default\">\n\t\t\t\t<div class=\"elementor-widget-container\">\n\t\t\t\t\t\t\t\t\t<div class=\"elementor-button-wrapper\">\n\t\t\t\t\t<a class=\"elementor-button elementor-button-link elementor-size-sm\" href=\"https:\/\/taigua.cat\/wp-content\/uploads\/2026\/02\/Formulari-sobre-fiabilitat-dades-2025.pdf\" target=\"_blank\">\n\t\t\t\t\t\t<span class=\"elementor-button-content-wrapper\">\n\t\t\t\t\t\t\t\t\t<span class=\"elementor-button-text\">Formulario sobre la fiabilidad los datos <\/span>\n\t\t\t\t\t<\/span>\n\t\t\t\t\t<\/a>\n\t\t\t\t<\/div>\n\t\t\t\t\t\t\t\t<\/div>\n\t\t\t\t<\/div>\n\t\t\t\t\t<\/div>\n\t\t<\/div>\n\t\t\t\t\t<\/div>\n\t\t<\/section>\n\t\t\t\t<section class=\"elementor-section elementor-top-section elementor-element elementor-element-24460942 elementor-section-boxed elementor-section-height-default elementor-section-height-default\" data-id=\"24460942\" data-element_type=\"section\" data-e-type=\"section\">\n\t\t\t\t\t\t<div class=\"elementor-container elementor-column-gap-default\">\n\t\t\t\t\t<div class=\"elementor-column elementor-col-100 elementor-top-column elementor-element elementor-element-6b71118d\" data-id=\"6b71118d\" data-element_type=\"column\" data-e-type=\"column\">\n\t\t\t<div class=\"elementor-widget-wrap elementor-element-populated\">\n\t\t\t\t\t\t<div class=\"elementor-element elementor-element-7915df74 elementor-widget elementor-widget-text-editor\" data-id=\"7915df74\" data-element_type=\"widget\" data-e-type=\"widget\" data-widget_type=\"text-editor.default\">\n\t\t\t\t<div class=\"elementor-widget-container\">\n\t\t\t\t\t\t\t\t\t\n<p><strong>AUDITORIA SOBRE LA EFICIENCIA HIDR\u00c1ULICA A\u00d1O 2025<\/strong><\/p>\n\n<p>Siguiendo la Gu\u00eda para la realizaci\u00f3n de auditor\u00edas sobre la eficiencia hidr\u00e1ulica de un sistema de abastecimiento que aprob\u00f3 la Agencia Catalana del Agua el 22 de febrero de 2023, TAIGUA ha elaborado esta documentaci\u00f3n. De esta forma se contribuye a uniformizar criterios e interpretaciones de la terminolog\u00eda en la realizaci\u00f3n de los balances h\u00eddricos y tambi\u00e9n se pretende crear un marco com\u00fan que facilite la comparaci\u00f3n entre diferentes servicios de abastecimiento y la elaboraci\u00f3n de estad\u00edsticas globales que, en su turno, permita a las empresas valorar cuantitativa y cualitativamente su eficiencia h\u00eddrica y comparar su desempe\u00f1o con otras empresas. Adem\u00e1s, con la realizaci\u00f3n de balances, las empresas pueden identificar potenciales \u00e1reas de mejora y perfeccionar aquellos aspectos que ofrezcan mayor potencial. El per\u00edodo evaluado es el a\u00f1o 2025.<\/p>\n<p>La documentaci\u00f3n consiste en:<\/p>\n<p><strong>Balance h\u00eddrico:<\/strong><\/p>\n<p>\u00a0\u00a0\u00a0\u00a0\u00a0\u00a0\u00a0\u00a0\u00a0\u00a0\u00a0 El balance h\u00eddrico resume los diferentes or\u00edgenes y destinos de los vol\u00famenes de agua utilizados en el servicio de abastecimiento. Esto incluye la caracterizaci\u00f3n de todas las entradas y salidas que aparecen en un sistema de distribuci\u00f3n de agua mediante una serie de componentes que los describen. \u00c9stos se estructuran de forma que toda el agua introducida en la red deber\u00eda, en teor\u00eda, ser igual a toda el agua extra\u00edda de la misma en los diferentes usos m\u00e1s las potenciales p\u00e9rdidas de agua que pudieran aparecer.<\/p>\n<p><strong>Indicadores de cumplimiento:<\/strong><\/p>\n<p>\u00a0\u00a0\u00a0\u00a0\u00a0\u00a0\u00a0\u00a0\u00a0\u00a0\u00a0 El sistema de indicadores que se ha calculado pretende proporcionar un conjunto de indicadores que sirva para comprender el estado actual de un servicio de abastecimiento en cuanto a gesti\u00f3n de fugas y presiones y que permita, gracias a su aplicaci\u00f3n continuada en el tiempo, evaluar la efectividad de las mejoras implementadas, que el sistema planteado sea \u00fatil para todas las partes interesadas que desempe\u00f1an un papel en el contexto del abastecimiento de agua, identificar m\u00e1s f\u00e1cilmente potenciales \u00e1reas de mejora en la gesti\u00f3n t\u00e9cnica de los servicios de abastecimiento y definir una referencia com\u00fan que facilite la comparaci\u00f3n entre empresas similares en el mismo \u00e1mbito geogr\u00e1fico.<\/p>\n<p><strong>Valoraci\u00f3n de la calidad de los datos:<\/strong><\/p>\n<p>\u00a0\u00a0\u00a0\u00a0\u00a0\u00a0\u00a0\u00a0\u00a0\u00a0\u00a0 La utilidad de los resultados que se derivan de los dos puntos anteriores es directamente proporcional a la calidad asociada a los datos de entrada utilizados para su c\u00e1lculo. Por tanto, tener en consideraci\u00f3n la calidad del dato es fundamental para tomar decisiones coherentes y bien informadas en base a estos resultados.<\/p>\n<p>Terrassa, febrero 2026<\/p>\n<p>\u00a0<\/p>\n\t\t\t\t\t\t\t\t<\/div>\n\t\t\t\t<\/div>\n\t\t\t\t\t<\/div>\n\t\t<\/div>\n\t\t\t\t\t<\/div>\n\t\t<\/section>\n\t\t\t\t<section class=\"elementor-section elementor-top-section elementor-element elementor-element-2a49f23 elementor-section-boxed elementor-section-height-default elementor-section-height-default\" data-id=\"2a49f23\" data-element_type=\"section\" data-e-type=\"section\">\n\t\t\t\t\t\t<div class=\"elementor-container elementor-column-gap-default\">\n\t\t\t\t\t<div class=\"elementor-column elementor-col-100 elementor-top-column elementor-element elementor-element-3bdfa20\" data-id=\"3bdfa20\" data-element_type=\"column\" data-e-type=\"column\">\n\t\t\t<div class=\"elementor-widget-wrap elementor-element-populated\">\n\t\t\t\t\t\t<div class=\"elementor-element elementor-element-670e9ef elementor-widget-divider--view-line elementor-widget elementor-widget-divider\" data-id=\"670e9ef\" data-element_type=\"widget\" data-e-type=\"widget\" data-widget_type=\"divider.default\">\n\t\t\t\t<div class=\"elementor-widget-container\">\n\t\t\t\t\t\t\t<div class=\"elementor-divider\">\n\t\t\t<span class=\"elementor-divider-separator\">\n\t\t\t\t\t\t<\/span>\n\t\t<\/div>\n\t\t\t\t\t\t<\/div>\n\t\t\t\t<\/div>\n\t\t\t\t\t<\/div>\n\t\t<\/div>\n\t\t\t\t\t<\/div>\n\t\t<\/section>\n\t\t\t\t<section class=\"elementor-section elementor-top-section elementor-element elementor-element-4185e93 elementor-section-boxed elementor-section-height-default elementor-section-height-default\" data-id=\"4185e93\" data-element_type=\"section\" data-e-type=\"section\">\n\t\t\t\t\t\t<div class=\"elementor-container elementor-column-gap-default\">\n\t\t\t\t\t<div class=\"elementor-column elementor-col-100 elementor-top-column elementor-element elementor-element-312776a\" data-id=\"312776a\" data-element_type=\"column\" data-e-type=\"column\">\n\t\t\t<div class=\"elementor-widget-wrap elementor-element-populated\">\n\t\t\t\t\t\t<div class=\"elementor-element elementor-element-8e7042d elementor-widget elementor-widget-text-editor\" data-id=\"8e7042d\" data-element_type=\"widget\" data-e-type=\"widget\" data-widget_type=\"text-editor.default\">\n\t\t\t\t<div class=\"elementor-widget-container\">\n\t\t\t\t\t\t\t\t\t<h4>DATOS AUDITORIA 2024<\/h4>\t\t\t\t\t\t\t\t<\/div>\n\t\t\t\t<\/div>\n\t\t\t\t\t<\/div>\n\t\t<\/div>\n\t\t\t\t\t<\/div>\n\t\t<\/section>\n\t\t\t\t<section class=\"elementor-section elementor-top-section elementor-element elementor-element-dbab6ab elementor-section-boxed elementor-section-height-default elementor-section-height-default\" data-id=\"dbab6ab\" data-element_type=\"section\" data-e-type=\"section\">\n\t\t\t\t\t\t<div class=\"elementor-container elementor-column-gap-default\">\n\t\t\t\t\t<div class=\"elementor-column elementor-col-25 elementor-top-column elementor-element elementor-element-0310482\" data-id=\"0310482\" data-element_type=\"column\" data-e-type=\"column\">\n\t\t\t<div class=\"elementor-widget-wrap elementor-element-populated\">\n\t\t\t\t\t\t<div class=\"elementor-element elementor-element-827d13d elementor-align-center elementor-widget elementor-widget-button\" data-id=\"827d13d\" data-element_type=\"widget\" data-e-type=\"widget\" data-widget_type=\"button.default\">\n\t\t\t\t<div class=\"elementor-widget-container\">\n\t\t\t\t\t\t\t\t\t<div class=\"elementor-button-wrapper\">\n\t\t\t\t\t<a class=\"elementor-button elementor-button-link elementor-size-sm\" href=\"https:\/\/taigua.cat\/wp-content\/uploads\/2025\/06\/resultats-del-balanc-hidric-2024-2.pdf\" target=\"_blank\">\n\t\t\t\t\t\t<span class=\"elementor-button-content-wrapper\">\n\t\t\t\t\t\t\t\t\t<span class=\"elementor-button-text\">Resultados del balance h\u00eddrico<\/span>\n\t\t\t\t\t<\/span>\n\t\t\t\t\t<\/a>\n\t\t\t\t<\/div>\n\t\t\t\t\t\t\t\t<\/div>\n\t\t\t\t<\/div>\n\t\t\t\t\t<\/div>\n\t\t<\/div>\n\t\t\t\t<div class=\"elementor-column elementor-col-25 elementor-top-column elementor-element elementor-element-a97dc71\" data-id=\"a97dc71\" data-element_type=\"column\" data-e-type=\"column\">\n\t\t\t<div class=\"elementor-widget-wrap elementor-element-populated\">\n\t\t\t\t\t\t<div class=\"elementor-element elementor-element-a30a7e2 elementor-align-center elementor-widget elementor-widget-button\" data-id=\"a30a7e2\" data-element_type=\"widget\" data-e-type=\"widget\" data-widget_type=\"button.default\">\n\t\t\t\t<div class=\"elementor-widget-container\">\n\t\t\t\t\t\t\t\t\t<div class=\"elementor-button-wrapper\">\n\t\t\t\t\t<a class=\"elementor-button elementor-button-link elementor-size-sm\" href=\"https:\/\/taigua.cat\/wp-content\/uploads\/2025\/06\/indicadors-per-a-la-gestio-de-fuites-2024-2.pdf\" target=\"_blank\">\n\t\t\t\t\t\t<span class=\"elementor-button-content-wrapper\">\n\t\t\t\t\t\t\t\t\t<span class=\"elementor-button-text\">Indicadores para la gesti\u00f3n de fugas<\/span>\n\t\t\t\t\t<\/span>\n\t\t\t\t\t<\/a>\n\t\t\t\t<\/div>\n\t\t\t\t\t\t\t\t<\/div>\n\t\t\t\t<\/div>\n\t\t\t\t\t<\/div>\n\t\t<\/div>\n\t\t\t\t<div class=\"elementor-column elementor-col-25 elementor-top-column elementor-element elementor-element-1c76931\" data-id=\"1c76931\" data-element_type=\"column\" data-e-type=\"column\">\n\t\t\t<div class=\"elementor-widget-wrap elementor-element-populated\">\n\t\t\t\t\t\t<div class=\"elementor-element elementor-element-3214186 elementor-align-center elementor-widget elementor-widget-button\" data-id=\"3214186\" data-element_type=\"widget\" data-e-type=\"widget\" data-widget_type=\"button.default\">\n\t\t\t\t<div class=\"elementor-widget-container\">\n\t\t\t\t\t\t\t\t\t<div class=\"elementor-button-wrapper\">\n\t\t\t\t\t<a class=\"elementor-button elementor-button-link elementor-size-sm\" href=\"https:\/\/taigua.cat\/wp-content\/uploads\/2025\/06\/indicadors-per-a-la-gestio-de-la-pressio-2024-2.pdf\" target=\"_blank\">\n\t\t\t\t\t\t<span class=\"elementor-button-content-wrapper\">\n\t\t\t\t\t\t\t\t\t<span class=\"elementor-button-text\">Indicador para la gesti\u00f3n de presi\u00f3n<\/span>\n\t\t\t\t\t<\/span>\n\t\t\t\t\t<\/a>\n\t\t\t\t<\/div>\n\t\t\t\t\t\t\t\t<\/div>\n\t\t\t\t<\/div>\n\t\t\t\t\t<\/div>\n\t\t<\/div>\n\t\t\t\t<div class=\"elementor-column elementor-col-25 elementor-top-column elementor-element elementor-element-b0cfaf6\" data-id=\"b0cfaf6\" data-element_type=\"column\" data-e-type=\"column\">\n\t\t\t<div class=\"elementor-widget-wrap elementor-element-populated\">\n\t\t\t\t\t\t<div class=\"elementor-element elementor-element-96f1550 elementor-align-center elementor-widget elementor-widget-button\" data-id=\"96f1550\" data-element_type=\"widget\" data-e-type=\"widget\" data-widget_type=\"button.default\">\n\t\t\t\t<div class=\"elementor-widget-container\">\n\t\t\t\t\t\t\t\t\t<div class=\"elementor-button-wrapper\">\n\t\t\t\t\t<a class=\"elementor-button elementor-button-link elementor-size-sm\" href=\"https:\/\/taigua.cat\/wp-content\/uploads\/2025\/06\/Formulari-sobre-la-fiabilitat-de-les-dades-2024-2.pdf\" target=\"_blank\">\n\t\t\t\t\t\t<span class=\"elementor-button-content-wrapper\">\n\t\t\t\t\t\t\t\t\t<span class=\"elementor-button-text\">Formulario sobre la fiabilidad los datos<\/span>\n\t\t\t\t\t<\/span>\n\t\t\t\t\t<\/a>\n\t\t\t\t<\/div>\n\t\t\t\t\t\t\t\t<\/div>\n\t\t\t\t<\/div>\n\t\t\t\t\t<\/div>\n\t\t<\/div>\n\t\t\t\t\t<\/div>\n\t\t<\/section>\n\t\t\t\t<\/div>\n\t\t","protected":false},"excerpt":{"rendered":"<p>Resultados del balance h\u00eddrico 2025 Indicadores para la gesti\u00f3n de fugas 2025 Indicador para la gesti\u00f3n de presi\u00f3n 2025 Formulario sobre la fiabilidad los datos AUDITORIA SOBRE LA EFICIENCIA HIDR\u00c1ULICA A\u00d1O 2025 Siguiendo la Gu\u00eda para la realizaci\u00f3n de auditor\u00edas sobre la eficiencia hidr\u00e1ulica de un sistema de abastecimiento que aprob\u00f3 la Agencia Catalana del [&hellip;]<\/p>\n","protected":false},"author":9,"featured_media":0,"parent":0,"menu_order":0,"comment_status":"closed","ping_status":"closed","template":"","meta":{"_acf_changed":false,"footnotes":""},"class_list":["post-60893","page","type-page","status-publish","hentry"],"acf":[],"aioseo_notices":[],"_links":{"self":[{"href":"https:\/\/taigua.cat\/es\/wp-json\/wp\/v2\/pages\/60893","targetHints":{"allow":["GET"]}}],"collection":[{"href":"https:\/\/taigua.cat\/es\/wp-json\/wp\/v2\/pages"}],"about":[{"href":"https:\/\/taigua.cat\/es\/wp-json\/wp\/v2\/types\/page"}],"author":[{"embeddable":true,"href":"https:\/\/taigua.cat\/es\/wp-json\/wp\/v2\/users\/9"}],"replies":[{"embeddable":true,"href":"https:\/\/taigua.cat\/es\/wp-json\/wp\/v2\/comments?post=60893"}],"version-history":[{"count":0,"href":"https:\/\/taigua.cat\/es\/wp-json\/wp\/v2\/pages\/60893\/revisions"}],"wp:attachment":[{"href":"https:\/\/taigua.cat\/es\/wp-json\/wp\/v2\/media?parent=60893"}],"curies":[{"name":"wp","href":"https:\/\/api.w.org\/{rel}","templated":true}]}}