{"id":74810,"date":"2024-09-19T13:22:35","date_gmt":"2024-09-19T11:22:35","guid":{"rendered":"https:\/\/taigua.cat\/?page_id=74810"},"modified":"2024-10-11T11:35:59","modified_gmt":"2024-10-11T09:35:59","slug":"duplicado-de-factura","status":"publish","type":"page","link":"https:\/\/taigua.cat\/es\/duplicado-de-factura\/","title":{"rendered":"DUPLICADO DE FACTURA"},"content":{"rendered":"\t\t<div data-elementor-type=\"wp-page\" data-elementor-id=\"74810\" class=\"elementor elementor-74810\" data-elementor-post-type=\"page\">\n\t\t\t\t\t\t<section class=\"elementor-section elementor-top-section elementor-element elementor-element-fb76e23 elementor-section-boxed elementor-section-height-default elementor-section-height-default\" data-id=\"fb76e23\" data-element_type=\"section\" data-e-type=\"section\">\n\t\t\t\t\t\t<div class=\"elementor-container elementor-column-gap-default\">\n\t\t\t\t\t<div class=\"elementor-column elementor-col-100 elementor-top-column elementor-element elementor-element-75d2513\" data-id=\"75d2513\" data-element_type=\"column\" data-e-type=\"column\">\n\t\t\t<div class=\"elementor-widget-wrap elementor-element-populated\">\n\t\t\t\t\t\t<div class=\"elementor-element elementor-element-20f2e1f elementor-widget elementor-widget-text-editor\" data-id=\"20f2e1f\" data-element_type=\"widget\" data-e-type=\"widget\" data-widget_type=\"text-editor.default\">\n\t\t\t\t<div class=\"elementor-widget-container\">\n\t\t\t\t\t\t\t\t\t<h6>Para obtener sus duplicados de factura, acceda a nuestra <a href=\"https:\/\/taigua.cat\/es\/activacion-de-la-oficina-virtual\/\" target=\"_blank\" rel=\"noopener\">Oficina Virtual<\/a> donde podr\u00e1 consultar y descargar sus facturas al instante, ver sus consumos y otras funcionalidades.<\/h6><h6>S\u00f3lo si el titular del contrato es una persona f\u00edsica, todav\u00eda est\u00e1 disponible nuesto formulario <a href=\"https:\/\/taigua.cat\/es\/duplicado-de-facturas\/\" target=\"_blank\" rel=\"noopener\">Duplicado de facturas<\/a>, rell\u00e9nelo y se lo enviaremos lo antes posible.<\/h6>\t\t\t\t\t\t\t\t<\/div>\n\t\t\t\t<\/div>\n\t\t\t\t\t<\/div>\n\t\t<\/div>\n\t\t\t\t\t<\/div>\n\t\t<\/section>\n\t\t\t\t<section class=\"elementor-section elementor-top-section elementor-element elementor-element-f1e88c4 elementor-section-boxed elementor-section-height-default elementor-section-height-default\" data-id=\"f1e88c4\" data-element_type=\"section\" data-e-type=\"section\">\n\t\t\t\t\t\t<div class=\"elementor-container elementor-column-gap-default\">\n\t\t\t\t\t<div class=\"elementor-column elementor-col-100 elementor-top-column elementor-element elementor-element-6201b36\" data-id=\"6201b36\" data-element_type=\"column\" data-e-type=\"column\">\n\t\t\t<div class=\"elementor-widget-wrap elementor-element-populated\">\n\t\t\t\t\t\t<div class=\"elementor-element elementor-element-b80cc32 elementor-align-center elementor-widget elementor-widget-button\" data-id=\"b80cc32\" data-element_type=\"widget\" data-e-type=\"widget\" data-widget_type=\"button.default\">\n\t\t\t\t<div class=\"elementor-widget-container\">\n\t\t\t\t\t\t\t\t\t<div class=\"elementor-button-wrapper\">\n\t\t\t\t\t<a class=\"elementor-button elementor-button-link elementor-size-sm\" href=\"https:\/\/taigua.cat\/es\/activacion-de-la-oficina-virtual\/\">\n\t\t\t\t\t\t<span class=\"elementor-button-content-wrapper\">\n\t\t\t\t\t\t\t\t\t<span class=\"elementor-button-text\">ALTA OFICINA VIRTUAL<\/span>\n\t\t\t\t\t<\/span>\n\t\t\t\t\t<\/a>\n\t\t\t\t<\/div>\n\t\t\t\t\t\t\t\t<\/div>\n\t\t\t\t<\/div>\n\t\t\t\t\t<\/div>\n\t\t<\/div>\n\t\t\t\t\t<\/div>\n\t\t<\/section>\n\t\t\t\t<\/div>\n\t\t","protected":false},"excerpt":{"rendered":"<p>Para obtener sus duplicados de factura, acceda a nuestra Oficina Virtual donde podr\u00e1 consultar y descargar sus facturas al instante, ver sus consumos y otras funcionalidades. S\u00f3lo si el titular del contrato es una persona f\u00edsica, todav\u00eda est\u00e1 disponible nuesto formulario Duplicado de facturas, rell\u00e9nelo y se lo enviaremos lo antes posible. ALTA OFICINA VIRTUAL<\/p>\n","protected":false},"author":9,"featured_media":0,"parent":0,"menu_order":0,"comment_status":"closed","ping_status":"closed","template":"","meta":{"_acf_changed":false,"footnotes":""},"class_list":["post-74810","page","type-page","status-publish","hentry"],"acf":[],"aioseo_notices":[],"_links":{"self":[{"href":"https:\/\/taigua.cat\/es\/wp-json\/wp\/v2\/pages\/74810","targetHints":{"allow":["GET"]}}],"collection":[{"href":"https:\/\/taigua.cat\/es\/wp-json\/wp\/v2\/pages"}],"about":[{"href":"https:\/\/taigua.cat\/es\/wp-json\/wp\/v2\/types\/page"}],"author":[{"embeddable":true,"href":"https:\/\/taigua.cat\/es\/wp-json\/wp\/v2\/users\/9"}],"replies":[{"embeddable":true,"href":"https:\/\/taigua.cat\/es\/wp-json\/wp\/v2\/comments?post=74810"}],"version-history":[{"count":0,"href":"https:\/\/taigua.cat\/es\/wp-json\/wp\/v2\/pages\/74810\/revisions"}],"wp:attachment":[{"href":"https:\/\/taigua.cat\/es\/wp-json\/wp\/v2\/media?parent=74810"}],"curies":[{"name":"wp","href":"https:\/\/api.w.org\/{rel}","templated":true}]}}