{"id":75011,"date":"2024-09-20T12:44:07","date_gmt":"2024-09-20T10:44:07","guid":{"rendered":"https:\/\/taigua.cat\/?page_id=75011"},"modified":"2024-10-28T12:39:09","modified_gmt":"2024-10-28T11:39:09","slug":"activacion-de-la-oficina-virtual","status":"publish","type":"page","link":"https:\/\/taigua.cat\/es\/activacion-de-la-oficina-virtual\/","title":{"rendered":"ACTIVACI\u00d3N DE LA NUEVA OFICINA VIRTUAL"},"content":{"rendered":"\t\t<div data-elementor-type=\"wp-page\" data-elementor-id=\"75011\" class=\"elementor elementor-75011\" data-elementor-post-type=\"page\">\n\t\t\t\t\t\t<section class=\"elementor-section elementor-top-section elementor-element elementor-element-46ce74c4 elementor-section-boxed elementor-section-height-default elementor-section-height-default\" data-id=\"46ce74c4\" data-element_type=\"section\" data-e-type=\"section\">\n\t\t\t\t\t\t<div class=\"elementor-container elementor-column-gap-default\">\n\t\t\t\t\t<div class=\"elementor-column elementor-col-100 elementor-top-column elementor-element elementor-element-538777af\" data-id=\"538777af\" data-element_type=\"column\" data-e-type=\"column\">\n\t\t\t<div class=\"elementor-widget-wrap elementor-element-populated\">\n\t\t\t\t\t\t<div class=\"elementor-element elementor-element-41119b1a elementor-widget elementor-widget-text-editor\" data-id=\"41119b1a\" data-element_type=\"widget\" data-e-type=\"widget\" data-widget_type=\"text-editor.default\">\n\t\t\t\t<div class=\"elementor-widget-container\">\n\t\t\t\t\t\t\t\t\t<p><\/p>\n<h5 style=\"text-align: center;\"><strong><a href=\"https:\/\/ov.taigua.cat\/es\/home-es\/\" target=\"_blank\" rel=\"noopener\">\u00a0YA LO HE LE\u00cdDO, IR DIRECTAMENTE A LA OFICINA VIRTUAL<\/a><\/strong><\/h5>\n<h5 style=\"text-align: center;\"><\/h5>\n<h5><strong>V\u00cdDEO TUTORIAL SOBRE C\u00d3MO REGISTRARSE CORRECTAMENTE Y VINCULAR EL\/LOS CONTRATO\/S:<\/strong><\/h5>\n<p><div style=\"width: 1024px;\" class=\"wp-video\"><video class=\"wp-video-shortcode\" id=\"video-75011-1\" width=\"1024\" height=\"576\" preload=\"metadata\" controls=\"controls\"><source type=\"video\/mp4\" src=\"https:\/\/taigua.cat\/wp-content\/uploads\/2024\/09\/registre-OV.mp4?_=1\" \/><a href=\"https:\/\/taigua.cat\/wp-content\/uploads\/2024\/09\/registre-OV.mp4\">https:\/\/taigua.cat\/wp-content\/uploads\/2024\/09\/registre-OV.mp4<\/a><\/video><\/div><\/p>\n<p>La antigua \u00abZona privada\u00bb de la web de TAIGUA ha sido sustituida por una nueva aplicaci\u00f3n, la OFICINA VIRTUAL. Por razones de confidencialidad de sus datos, <strong>las anteriores credenciales de la Zona privada ya no son v\u00e1lidas<\/strong>. <strong>Es necesario que Ud. se registre de nuevo<\/strong>.<\/p>\n<h5 style=\"text-align: center;\"><\/h5>\n<p>La nueva oficina virtual empieza su operaci\u00f3n con unas funcionalidades similares a las de la \u00a0Zona privada, pero ir\u00e1 evolucionando hacia la resoluci\u00f3n autom\u00e1tica de todo tipo de tr\u00e1mites.<\/p>\n<h5 style=\"text-align: center;\"><\/h5>\n<p>Los pasos para disponer de su oficina virtual son los siguientes, para los que quiz\u00e1 <strong>necesitar\u00e1 disponer de una factura reciente<\/strong> (de menos de un a\u00f1o):<\/p>\n<h5 style=\"text-align: center;\"><\/h5>\n<ol class=\"wp-block-list\">\n<li><strong>Registrarse<\/strong>: \u00bfC\u00f3mo se hace? Seleccione cualquiera de los enlaces \u00abReg\u00edstrate\u00bb del portal de la oficina virtual y siga las instrucciones.<\/li>\n\n<li><strong>Entrar en su sesi\u00f3n: <\/strong>\u00bfC\u00f3mo se hace? \u00a0En el portal de la oficina virtual, introduzca el correo electr\u00f3nico y la contrase\u00f1a que ha dado en el proceso de registro, y seleccione el enlace \u00abIniciar sesi\u00f3n\u00bb.<\/li>\n\n<li><strong>Vincularse uno o m\u00e1s contratos<\/strong> de suministro de agua: cuando entre por primera vez en su sesi\u00f3n, ser\u00e1 necesario que se vincule su contrato de suministro, o cualquier otro para el que tenga autorizaci\u00f3n de gesti\u00f3n. \u00bfC\u00f3mo se hace? \u00a0<strong>Nada m\u00e1s entrar en su sesi\u00f3n, seleccione cualquiera de los enlaces \u00abVincular contrato\u00bb<\/strong>. Se abrir\u00e1 la pantalla \u00abVinculaci\u00f3n de contratos\u00bb donde habr\u00e1 que introducir la informaci\u00f3n solicitada, o bien seleccionar el(los) contrato(s) de los que es Ud. titular en la lista \u00abContratos relacionados no vinculados\u00bb en la parte inferior de la p\u00e0gina.<\/li>\n\n<li><strong>Seleccionar un contrato vinculado<\/strong>: el \u00faltimo paso para poder hacer operaciones o pedir informaci\u00f3n sobre un contrato es seleccionar uno de los contratos vinculados. \u00bfC\u00f3mo se hace? \u00a0<strong>Arriba de todo, a la derecha de la pantalla<\/strong>, bajo la palabra \u00ab<strong>Contrato<\/strong>\u00ab, debe Ud. seleccionar uno de los contratos que se ha vinculado.<\/li>\n<\/ol>\n<h5 style=\"text-align: center;\"><\/h5>\n<p><strong>Estas acciones s\u00f3lo deben hacerse la primera vez que accede<\/strong>.<\/p>\n<h5 style=\"text-align: center;\"><\/h5>\n<p>La pr\u00f3xima vez que entre, la oficina virtual recordar\u00e1 qui\u00e9n es, cu\u00e1les son sus contratos vinculados y cu\u00e1l era el \u00faltimo contrato seleccionado. <strong>Podr\u00e1 empezar a operar inmediatamente<\/strong>.<\/p>\n<h5 style=\"text-align: center;\"><\/h5>\n<p>Actualmente, podr\u00e1 realizar las siguientes <strong>acciones sobre el contrato seleccionado<\/strong>:<\/p>\n<h5 style=\"text-align: center;\"><\/h5>\n<ul class=\"wp-block-list\">\n<li>Ver sus consumos<\/li>\n\n<li>Consultar las facturas emitidas y su estado<\/li>\n\n<li>Descargar facturas en formato PDF<\/li>\n\n<li>Pagar una o m\u00e1s facturas a la vez<\/li>\n<\/ul>\n<h5 style=\"text-align: center;\"><\/h5>\n<p>La oficina virtual ir\u00e1 evolucionando hacia la resoluci\u00f3n autom\u00e1tica de todo el resto de tr\u00e1mites, para poderle facilitar una soluci\u00f3n \u00e1gil y eficiente a la gesti\u00f3n de su servicio de agua.<\/p>\n<h5 style=\"text-align: center;\"><\/h5>\n<p>Aunque la Oficina virtual ha sido sometida a un elevado n\u00famero de pruebas y validaciones, siempre existe la posibilidad de que surja alguna dificultad. Para cualquier consulta, a trav\u00e9s de esta web, opci\u00f3n:\u00a0 <a href=\"https:\/\/taigua.cat\/es\/contacto\/\" target=\"_blank\" rel=\"noopener\">Contacto\u00a0<\/a> o tel\u00e9fono: 937 362 820.\u00a0<\/p>\n<h5 style=\"text-align: center;\"><\/h5>\n<h5 style=\"text-align: center;\">\u00a0<\/h5>\n<p><\/p>\n<p><\/p>\t\t\t\t\t\t\t\t<\/div>\n\t\t\t\t<\/div>\n\t\t\t\t<div class=\"elementor-element elementor-element-ba8ae37 elementor-align-center elementor-widget elementor-widget-button\" data-id=\"ba8ae37\" data-element_type=\"widget\" data-e-type=\"widget\" data-widget_type=\"button.default\">\n\t\t\t\t<div class=\"elementor-widget-container\">\n\t\t\t\t\t\t\t\t\t<div class=\"elementor-button-wrapper\">\n\t\t\t\t\t<a class=\"elementor-button elementor-button-link elementor-size-sm\" href=\"http:\/\/ov.taigua.cat\">\n\t\t\t\t\t\t<span class=\"elementor-button-content-wrapper\">\n\t\t\t\t\t\t\t\t\t<span class=\"elementor-button-text\">ACCEDER A LA OFICINA VIRTUAL<\/span>\n\t\t\t\t\t<\/span>\n\t\t\t\t\t<\/a>\n\t\t\t\t<\/div>\n\t\t\t\t\t\t\t\t<\/div>\n\t\t\t\t<\/div>\n\t\t\t\t\t<\/div>\n\t\t<\/div>\n\t\t\t\t\t<\/div>\n\t\t<\/section>\n\t\t\t\t<\/div>\n\t\t","protected":false},"excerpt":{"rendered":"<p>\u00a0YA LO HE LE\u00cdDO, IR DIRECTAMENTE A LA OFICINA VIRTUAL V\u00cdDEO TUTORIAL SOBRE C\u00d3MO REGISTRARSE CORRECTAMENTE Y VINCULAR EL\/LOS CONTRATO\/S: La antigua \u00abZona privada\u00bb de la web de TAIGUA ha sido sustituida por una nueva aplicaci\u00f3n, la OFICINA VIRTUAL. Por razones de confidencialidad de sus datos, las anteriores credenciales de la Zona privada ya no [&hellip;]<\/p>\n","protected":false},"author":9,"featured_media":0,"parent":0,"menu_order":0,"comment_status":"closed","ping_status":"closed","template":"","meta":{"_acf_changed":false,"footnotes":""},"class_list":["post-75011","page","type-page","status-publish","hentry"],"acf":[],"aioseo_notices":[],"_links":{"self":[{"href":"https:\/\/taigua.cat\/es\/wp-json\/wp\/v2\/pages\/75011","targetHints":{"allow":["GET"]}}],"collection":[{"href":"https:\/\/taigua.cat\/es\/wp-json\/wp\/v2\/pages"}],"about":[{"href":"https:\/\/taigua.cat\/es\/wp-json\/wp\/v2\/types\/page"}],"author":[{"embeddable":true,"href":"https:\/\/taigua.cat\/es\/wp-json\/wp\/v2\/users\/9"}],"replies":[{"embeddable":true,"href":"https:\/\/taigua.cat\/es\/wp-json\/wp\/v2\/comments?post=75011"}],"version-history":[{"count":0,"href":"https:\/\/taigua.cat\/es\/wp-json\/wp\/v2\/pages\/75011\/revisions"}],"wp:attachment":[{"href":"https:\/\/taigua.cat\/es\/wp-json\/wp\/v2\/media?parent=75011"}],"curies":[{"name":"wp","href":"https:\/\/api.w.org\/{rel}","templated":true}]}}