{"id":79629,"date":"2024-10-23T13:35:17","date_gmt":"2024-10-23T11:35:17","guid":{"rendered":"https:\/\/taigua.cat\/?page_id=79629"},"modified":"2025-11-24T17:47:40","modified_gmt":"2025-11-24T16:47:40","slug":"politica-del-sistema-de-gestion-integrado-de-taigua","status":"publish","type":"page","link":"https:\/\/taigua.cat\/es\/politica-del-sistema-de-gestion-integrado-de-taigua\/","title":{"rendered":"POL\u00cdTICA DEL SISTEMA DE GESTI\u00d3N INTEGRADO DE TAIGUA"},"content":{"rendered":"\t\t<div data-elementor-type=\"wp-page\" data-elementor-id=\"79629\" class=\"elementor elementor-79629\" data-elementor-post-type=\"page\">\n\t\t\t\t\t\t<section class=\"elementor-section elementor-top-section elementor-element elementor-element-52bbef72 elementor-section-boxed elementor-section-height-default elementor-section-height-default\" data-id=\"52bbef72\" data-element_type=\"section\" data-e-type=\"section\">\n\t\t\t\t\t\t<div class=\"elementor-container elementor-column-gap-default\">\n\t\t\t\t\t<div class=\"elementor-column elementor-col-100 elementor-top-column elementor-element elementor-element-53760b23\" data-id=\"53760b23\" data-element_type=\"column\" data-e-type=\"column\">\n\t\t\t<div class=\"elementor-widget-wrap elementor-element-populated\">\n\t\t\t\t<!-- dce invisible element 250db70c -->\t\t\t<\/div>\n\t\t<\/div>\n\t\t\t\t\t<\/div>\n\t\t<\/section>\n\t\t\t\t<\/div>\n\t\t","protected":false},"excerpt":{"rendered":"<p>La Gerencia de Terrassa Cicle de l&#8217;Aigua EPEL (TAIGUA) establece la pol\u00edtica descrita a continuaci\u00f3n para aplicar un Sistema de Gesti\u00f3n Integral en la prestaci\u00f3n de sus servicios de abastecimiento de agua en la ciudad de Terrassa. Tomando como premisa fundamental que el agua es un bien com\u00fan y un derecho de la ciudadan\u00eda, y [&hellip;]<\/p>\n","protected":false},"author":9,"featured_media":0,"parent":0,"menu_order":0,"comment_status":"closed","ping_status":"closed","template":"","meta":{"_acf_changed":false,"footnotes":""},"class_list":["post-79629","page","type-page","status-publish","hentry"],"acf":[],"aioseo_notices":[],"_links":{"self":[{"href":"https:\/\/taigua.cat\/es\/wp-json\/wp\/v2\/pages\/79629","targetHints":{"allow":["GET"]}}],"collection":[{"href":"https:\/\/taigua.cat\/es\/wp-json\/wp\/v2\/pages"}],"about":[{"href":"https:\/\/taigua.cat\/es\/wp-json\/wp\/v2\/types\/page"}],"author":[{"embeddable":true,"href":"https:\/\/taigua.cat\/es\/wp-json\/wp\/v2\/users\/9"}],"replies":[{"embeddable":true,"href":"https:\/\/taigua.cat\/es\/wp-json\/wp\/v2\/comments?post=79629"}],"version-history":[{"count":0,"href":"https:\/\/taigua.cat\/es\/wp-json\/wp\/v2\/pages\/79629\/revisions"}],"wp:attachment":[{"href":"https:\/\/taigua.cat\/es\/wp-json\/wp\/v2\/media?parent=79629"}],"curies":[{"name":"wp","href":"https:\/\/api.w.org\/{rel}","templated":true}]}}