{"id":88831,"date":"2024-12-13T11:39:13","date_gmt":"2024-12-13T10:39:13","guid":{"rendered":"https:\/\/taigua.cat\/?page_id=88831"},"modified":"2024-12-17T08:13:36","modified_gmt":"2024-12-17T07:13:36","slug":"notificacion-escape-interior","status":"publish","type":"page","link":"https:\/\/taigua.cat\/es\/notificacion-escape-interior\/","title":{"rendered":"Notificaci\u00f3n escape interior"},"content":{"rendered":"\t\t<div data-elementor-type=\"wp-page\" data-elementor-id=\"88831\" class=\"elementor elementor-88831\" data-elementor-post-type=\"page\">\n\t\t\t\t\t\t<section class=\"elementor-section elementor-top-section elementor-element elementor-element-3a74809 elementor-section-boxed elementor-section-height-default elementor-section-height-default\" data-id=\"3a74809\" data-element_type=\"section\" data-e-type=\"section\">\n\t\t\t\t\t\t<div class=\"elementor-container elementor-column-gap-default\">\n\t\t\t\t\t<div class=\"elementor-column elementor-col-100 elementor-top-column elementor-element elementor-element-9897b00\" data-id=\"9897b00\" data-element_type=\"column\" data-e-type=\"column\">\n\t\t\t<div class=\"elementor-widget-wrap elementor-element-populated\">\n\t\t\t\t\t\t<div class=\"elementor-element elementor-element-98fb5d4 elementor-widget elementor-widget-text-editor\" data-id=\"98fb5d4\" data-element_type=\"widget\" data-e-type=\"widget\" data-widget_type=\"text-editor.default\">\n\t\t\t\t<div class=\"elementor-widget-container\">\n\t\t\t\t\t\t\t\t\t<p><span style=\"font-size: 18px; color: #000; padding-bottom: 20px; display: block;\">Si usted ha tenido un escape interior y \u00e9ste ha sido reparado, se le pueden aplicar las tarifas vigentes de escape tanto por la parte de suministro de agua como por la parte del Canon del agua.<br \/>Se pueden aplicar a un m\u00e1ximo de 2 facturas consecutivas, en las que el consumo sea superior al mismo per\u00edodo de los a\u00f1os anteriores.<br \/>Es imprescindible que adjunte un documento que acredite la reparaci\u00f3n: factura del fontanero, factura de empresa de instalaciones, factura de compra de material (no v\u00e1lido ticket de compra), informe o valoraci\u00f3n de la aseguradora&#8230;<\/span><\/p>\t\t\t\t\t\t\t\t<\/div>\n\t\t\t\t<\/div>\n\t\t\t\t<div class=\"elementor-element elementor-element-6841fb9 elementor-widget elementor-widget-text-editor\" data-id=\"6841fb9\" data-element_type=\"widget\" data-e-type=\"widget\" data-widget_type=\"text-editor.default\">\n\t\t\t\t<div class=\"elementor-widget-container\">\n\t\t\t\t\t\t\t\t\t<p><div class=\"frm_forms  with_frm_style frm_style_formidable-style\" id=\"frm_form_16_container\" data-token=\"dcf1803b1f4a622eb2ffc51ae0cbdb98\">\n<form enctype=\"multipart\/form-data\" method=\"post\" class=\"frm-show-form  frm_js_validate  frm_pro_form \" id=\"form_notificaciofuitainterior2\" data-token=\"dcf1803b1f4a622eb2ffc51ae0cbdb98\">\n<div class=\"frm_form_fields \">\n<fieldset>\n<legend class=\"frm_screen_reader\">NOTIFICACI\u00d3 FUITA INTERIOR (ESP)<\/legend>\r\n\r\n<div class=\"frm_fields_container\">\n<input type=\"hidden\" name=\"frm_action\" value=\"create\" \/>\n<input type=\"hidden\" name=\"form_id\" value=\"16\" \/>\n<input type=\"hidden\" name=\"frm_hide_fields_16\" id=\"frm_hide_fields_16\" value=\"\" \/>\n<input type=\"hidden\" name=\"form_key\" value=\"notificaciofuitainterior2\" \/>\n<input type=\"hidden\" name=\"item_meta[0]\" value=\"\" \/>\n<input type=\"hidden\" id=\"frm_submit_entry_16\" name=\"frm_submit_entry_16\" value=\"22ef28ed88\" \/><input type=\"hidden\" name=\"_wp_http_referer\" value=\"\/es\/wp-json\/wp\/v2\/pages\/88831\" \/><div id=\"frm_field_546_container\" class=\"frm_form_field form-field  frm_required_field frm_top_container frm6 frm_first\">\r\n    <label for=\"field_b67a43\" id=\"field_b67a43_label\" class=\"frm_primary_label\">N\u00famero de contrato\r\n        <span class=\"frm_required\" aria-hidden=\"true\">*<\/span>\r\n    <\/label>\r\n    <input  type=\"text\" id=\"field_b67a43\" name=\"item_meta[546]\" value=\"\"  maxlength=\"8\" data-reqmsg=\"Empleneu aquest camp.\" aria-required=\"true\" data-invmsg=\"Format inv\u00e0lid! Introdueix una E o T seguida de 6 o 7 car\u00e0cters.\" aria-invalid=\"false\" pattern=\"[eEtT][a-zA-Z0-9]{6,7}$\"   aria-describedby=\"frm_desc_field_b67a43\" \/>\r\n    <div class=\"frm_description\" id=\"frm_desc_field_b67a43\"><span class=\"interrogant_lect_compt\" style=\"background:#000; color:#fff; border-radius:500px;padding:2px 8px; margin-top:10px; display: block;width: min-content;cursor:pointer;margin-bottom:5px;\">?<\/span>\r\n<div id=\"descripcio_lectura_comptador\">Introduce una E o T seguida de 6 o 7 caracteres<\/div><\/div>\r\n    \r\n<\/div>\n<div id=\"frm_field_547_container\" class=\"frm_form_field form-field  frm_required_field frm_top_container frm6\">\r\n    <label for=\"field_1g1032\" id=\"field_1g1032_label\" class=\"frm_primary_label\">DNI\/NIF o permiso de residencia (en caso de extranjeros)\r\n        <span class=\"frm_required\" aria-hidden=\"true\">*<\/span>\r\n    <\/label>\r\n    <input  type=\"text\" id=\"field_1g1032\" name=\"item_meta[547]\" value=\"\"  data-reqmsg=\"Empleneu aquest camp.\" aria-required=\"true\" data-invmsg=\"Text is invalid\" aria-invalid=\"false\"   \/>\r\n    \r\n    \r\n<\/div>\n<div id=\"frm_field_548_container\" class=\"frm_form_field form-field  frm_required_field frm_top_container frm12 frm_first\">\r\n    <label for=\"field_lwy1k73\" id=\"field_lwy1k73_label\" class=\"frm_primary_label\">Nombre y apellidos de la persona titular actual del contrato o raz\u00f3n social (en caso de persona jur\u00eddica)\r\n        <span class=\"frm_required\" aria-hidden=\"true\">*<\/span>\r\n    <\/label>\r\n    <input  type=\"text\" id=\"field_lwy1k73\" name=\"item_meta[548]\" value=\"\"  data-reqmsg=\"Empleneu aquest camp.\" aria-required=\"true\" data-invmsg=\"Text is invalid\" aria-invalid=\"false\"   \/>\r\n    \r\n    \r\n<\/div>\n<div id=\"frm_field_549_container\" class=\"frm_form_field form-field  frm_required_field frm_top_container frm6 frm_first\">\r\n    <label for=\"field_bcwut73\" id=\"field_bcwut73_label\" class=\"frm_primary_label\">Persona de contacto\r\n        <span class=\"frm_required\" aria-hidden=\"true\">*<\/span>\r\n    <\/label>\r\n    <input  type=\"text\" id=\"field_bcwut73\" name=\"item_meta[549]\" value=\"\"  data-reqmsg=\"Persona de contacto cannot be blank.\" aria-required=\"true\" data-invmsg=\"Text is invalid\" aria-invalid=\"false\"   \/>\r\n    \r\n    \r\n<\/div>\n<div id=\"frm_field_550_container\" class=\"frm_form_field form-field  frm_required_field frm_top_container frm6\">\r\n    <label for=\"field_oawec73\" id=\"field_oawec73_label\" class=\"frm_primary_label\">Tel\u00e9fono de contacto (preferiblemente, que sea un m\u00f3vil)\r\n        <span class=\"frm_required\" aria-hidden=\"true\">*<\/span>\r\n    <\/label>\r\n    <input  type=\"text\" id=\"field_oawec73\" name=\"item_meta[550]\" value=\"\"  data-reqmsg=\"Empleneu aquest camp.\" aria-required=\"true\" data-invmsg=\"Feu servir el format sol\u00b7licitat.\" aria-invalid=\"false\" pattern=\"\\d{9}$\"   \/>\r\n    \r\n    \r\n<\/div>\n<div id=\"frm_field_551_container\" class=\"frm_form_field form-field  frm_required_field frm_top_container\">\r\n\t<label for=\"field_tfv3r2\" id=\"field_tfv3r2_label\" class=\"frm_primary_label\">Correo electr\u00f3nico:\r\n\t\t<span class=\"frm_required\" aria-hidden=\"true\">*<\/span>\r\n\t<\/label>\r\n\t<input type=\"email\" id=\"field_tfv3r2\" name=\"item_meta[551]\" value=\"\"  autocomplete=\"email\"  data-reqmsg=\"Correo electr\u00f3nico: cannot be blank.\" aria-required=\"true\" data-invmsg=\"Correo electr\u00f3nico: is invalid\" aria-invalid=\"false\"  \/>\r\n\t\r\n\t\r\n<\/div>\n<div id=\"frm_field_552_container\" class=\"frm_form_field form-field  frm_top_container\">\r\n\t<label for=\"field_9ouy42\" id=\"field_9ouy42_label\" class=\"frm_primary_label\">Comentarios\r\n\t\t<span class=\"frm_required\" aria-hidden=\"true\"><\/span>\r\n\t<\/label>\r\n\t<textarea name=\"item_meta[552]\" id=\"field_9ouy42\" rows=\"5\"  data-invmsg=\"Comentarios is invalid\" aria-invalid=\"false\"  ><\/textarea>\r\n\t\r\n\t\r\n<\/div>\n<div id=\"frm_field_553_container\" class=\"frm_form_field form-field  frm_required_field frm_top_container frm12\">\r\n    <label for=\"field_2pff73\" id=\"field_2pff73_label\" class=\"frm_primary_label\">Adjunto de archivos\r\n        <span class=\"frm_required\" aria-hidden=\"true\">*<\/span>\r\n    <\/label>\r\n    <input type=\"hidden\"  data-reqmsg=\"Seleccioneu un fitxer.\" data-invmsg=\"Tipus de fitxer no v\u00e0lid!\" aria-invalid=\"false\"   name=\"item_meta[553]\"  data-reqmsg=\"Seleccioneu un fitxer.\"  value=\"\" data-frmfile=\"553\" \/>\n\n<div class=\"frm_dropzone frm_single_upload frm_clearfix\" id=\"file553_dropzone\" role=\"group\" >\n\t<div class=\"fallback\">\n\t\t<input type=\"file\" name=\"file553\" id=\"field_2pff73\"\n\t\t\t data-reqmsg=\"Seleccioneu un fitxer.\" data-invmsg=\"Tipus de fitxer no v\u00e0lid!\" aria-invalid=\"false\"  \t\t\t\/>\n\t\t\t\t<div class=\"frm_clearfix \"><\/div>\n\t<\/div>\n\t<div class=\"dz-message needsclick\">\n\t\t\t\t<svg  viewBox=\"0 0 18 18\" class=\"frmsvg frm-svg-icon\">\n\t<path viewBox=\"0 0 18 18\" fill-rule=\"evenodd\" clip-rule=\"evenodd\" d=\"M8.2 4v8a.8.8 0 001.5 0V4l2.1 2.2A.7.7 0 1013 5L9.5 1.7a.7.7 0 00-1.1 0L5.1 5.2a.8.8 0 001 1l2.1-2zm7.6 4.3c.4 0 .7.3.7.7v6.8c0 .4-.3.7-.8.7H2.3a.8.8 0 01-.8-.8V9A.8.8 0 013 9v6h12V9c0-.4.3-.8.8-.8z\"><\/path>\n<\/svg>\t\t<span class=\"frm_upload_text\"><button type=\"button\" aria-label=\"Adjunto de archivos. Drop a file here or click to upload. Tama\u00f1o m\u00e1ximo del archivo: 69.52MB\">Drop a file here or click to upload<\/button><\/span>\n\t\t<span class=\"frm_compact_text\"><button type=\"button\" aria-label=\"Adjunto de archivos. Choose File. Tama\u00f1o m\u00e1ximo del archivo: 69.52MB\">Choose File<\/button><\/span>\n\t\t<div class=\"frm_small_text\">\n\t\t\t<p>Tama\u00f1o m\u00e1ximo del archivo: 69.52MB<\/p>\n\t\t<\/div>\n\t<\/div>\n<\/div>\n\t\r\n    \r\n    \r\n<\/div>\n<div id=\"frm_field_554_container\" class=\"frm_form_field  frm_html_container form-field\">\n<p><span style=\"font-size: 18px; color: #000;\">Protecci\u00f3n de datos: TERRASSA CICLO DEL AGUA EPEL (TAIGUA) tratar\u00e1 sus datos para gestionar su notificaci\u00f3n de escape interior, a trav\u00e9s de nuestro formulario de contacto. Puede ejercer sus derechos en dpd@taigua.cat. Conozca nuestra pol\u00edtica de privacidad haciendo clic <a href=\"https:\/\/taigua.cat\/politica-de-privacitat\/?_gl=1*1ygx37o*_ga*MTA3ODQ0MTc3MC4xNzMzNzM1NzAx*_up*MQ..*_ga_MZ39BHEKMB*MTczMzczNTcwMS4xLjEuMTczMzczNjAzNi4wLjAuMA..\" target=\"_blank\" rel=\"noopener\">aqu\u00ed<\/a>.<\/span><\/p>\n<\/div>\n<div id=\"frm_field_555_container\" class=\"frm_form_field form-field \">\r\n\t<div class=\"frm_submit\">\r\n\r\n<button class=\"frm_button_submit frm_final_submit\" type=\"submit\"   formnovalidate=\"formnovalidate\">Enviar<\/button>\r\n\r\n\r\n<\/div>\r\n<\/div>\n\t<input type=\"hidden\" name=\"item_key\" value=\"\" \/>\n\t\t\t<div id=\"frm_field_1149_container\">\n\t\t\t<label for=\"field_jlbbg\" >\n\t\t\t\tSi eres humano, deja este campo en blanco.\t\t\t<\/label>\n\t\t\t<input  id=\"field_jlbbg\" type=\"text\" class=\"frm_form_field form-field frm_verify\" name=\"item_meta[1149]\" value=\"\"  \/>\n\t\t<\/div>\n\t\t<input name=\"frm_state\" type=\"hidden\" value=\"5vt98gP7kpM7wPiQYrrrE0xivdnkEs9JeZ1g2Ur3YN1YQLOZIrGlFz1cQsMl8sYw\" \/><\/div>\n<\/fieldset>\n<\/div>\n\n<\/form>\n<\/div>\n<\/p>\t\t\t\t\t\t\t\t<\/div>\n\t\t\t\t<\/div>\n\t\t\t\t\t<\/div>\n\t\t<\/div>\n\t\t\t\t\t<\/div>\n\t\t<\/section>\n\t\t\t\t<\/div>\n\t\t","protected":false},"excerpt":{"rendered":"<p>Si usted ha tenido un escape interior y \u00e9ste ha sido reparado, se le pueden aplicar las tarifas vigentes de escape tanto por la parte de suministro de agua como por la parte del Canon del agua.Se pueden aplicar a un m\u00e1ximo de 2 facturas consecutivas, en las que el consumo sea superior al mismo [&hellip;]<\/p>\n","protected":false},"author":1,"featured_media":0,"parent":0,"menu_order":0,"comment_status":"closed","ping_status":"closed","template":"","meta":{"_acf_changed":false,"footnotes":""},"class_list":["post-88831","page","type-page","status-publish","hentry"],"acf":[],"aioseo_notices":[],"_links":{"self":[{"href":"https:\/\/taigua.cat\/es\/wp-json\/wp\/v2\/pages\/88831","targetHints":{"allow":["GET"]}}],"collection":[{"href":"https:\/\/taigua.cat\/es\/wp-json\/wp\/v2\/pages"}],"about":[{"href":"https:\/\/taigua.cat\/es\/wp-json\/wp\/v2\/types\/page"}],"author":[{"embeddable":true,"href":"https:\/\/taigua.cat\/es\/wp-json\/wp\/v2\/users\/1"}],"replies":[{"embeddable":true,"href":"https:\/\/taigua.cat\/es\/wp-json\/wp\/v2\/comments?post=88831"}],"version-history":[{"count":0,"href":"https:\/\/taigua.cat\/es\/wp-json\/wp\/v2\/pages\/88831\/revisions"}],"wp:attachment":[{"href":"https:\/\/taigua.cat\/es\/wp-json\/wp\/v2\/media?parent=88831"}],"curies":[{"name":"wp","href":"https:\/\/api.w.org\/{rel}","templated":true}]}}