{"id":91028,"date":"2024-12-24T10:16:10","date_gmt":"2024-12-24T09:16:10","guid":{"rendered":"https:\/\/taigua.cat\/?page_id=91028"},"modified":"2025-01-20T19:04:00","modified_gmt":"2025-01-20T18:04:00","slug":"excepcion-al-padron-municipal","status":"publish","type":"page","link":"https:\/\/taigua.cat\/es\/excepcion-al-padron-municipal\/","title":{"rendered":"Excepci\u00f3n al padr\u00f3n municipal"},"content":{"rendered":"\t\t<div data-elementor-type=\"wp-page\" data-elementor-id=\"91028\" class=\"elementor elementor-91028\" data-elementor-post-type=\"page\">\n\t\t\t\t\t\t<section class=\"elementor-section elementor-top-section elementor-element elementor-element-0756363 elementor-section-boxed elementor-section-height-default elementor-section-height-default\" data-id=\"0756363\" data-element_type=\"section\" data-e-type=\"section\">\n\t\t\t\t\t\t<div class=\"elementor-container elementor-column-gap-default\">\n\t\t\t\t\t<div class=\"elementor-column elementor-col-100 elementor-top-column elementor-element elementor-element-bea3d69\" data-id=\"bea3d69\" data-element_type=\"column\" data-e-type=\"column\">\n\t\t\t<div class=\"elementor-widget-wrap elementor-element-populated\">\n\t\t\t\t\t\t<div class=\"elementor-element elementor-element-e7b5eeb elementor-widget elementor-widget-text-editor\" data-id=\"e7b5eeb\" data-element_type=\"widget\" data-e-type=\"widget\" data-widget_type=\"text-editor.default\">\n\t\t\t\t<div class=\"elementor-widget-container\">\n\t\t\t\t\t\t\t\t\t<p>La nueva <a href=\"https:\/\/taigua.cat\/wp-content\/uploads\/2025\/01\/ORDENANCA-PPNT-2025.pdf\" target=\"_blank\" rel=\"noopener\">ORDENANZA REGULADORA DE LA PRESTACI\u00d3N PATRIMONIAL DE CAR\u00c1CTER P\u00daBLICO NO TRIBUTARIO SOBRE LA PRESTACI\u00d3N DEL SERVICIO P\u00daBLICO DE ABASTECIMIENTO DE AGUA EN TERRASSA (<\/a><strong>PPPNT 2025),<\/strong> contempla algunas excepciones en el c\u00e1lculo de la cuota variable del agua (CONSUMOS) y autoriza ajustes sobre los datos del padr\u00f3n municipal, en el n\u00famero de personas a considerar en una determinada vivienda a efectos de la facturaci\u00f3n del agua en el uso dom\u00e9stico, previa solicitud de las personas interesadas.<\/p>\t\t\t\t\t\t\t\t<\/div>\n\t\t\t\t<\/div>\n\t\t\t\t<div class=\"elementor-element elementor-element-59a6d24 elementor-widget elementor-widget-text-editor\" data-id=\"59a6d24\" data-element_type=\"widget\" data-e-type=\"widget\" data-widget_type=\"text-editor.default\">\n\t\t\t\t<div class=\"elementor-widget-container\">\n\t\t\t\t\t\t\t\t\t<h6>Selecciona el tr\u00e1mite:<\/h6>\t\t\t\t\t\t\t\t<\/div>\n\t\t\t\t<\/div>\n\t\t\t\t<div class=\"elementor-element elementor-element-1a2b828 elementor-widget__width-auto elementor-widget elementor-widget-button\" data-id=\"1a2b828\" data-element_type=\"widget\" data-e-type=\"widget\" data-widget_type=\"button.default\">\n\t\t\t\t<div class=\"elementor-widget-container\">\n\t\t\t\t\t\t\t\t\t<div class=\"elementor-button-wrapper\">\n\t\t\t\t\t<a class=\"elementor-button elementor-button-link elementor-size-sm\" href=\"https:\/\/taigua.cat\/es\/hijos-en-custodia-compartida\/\">\n\t\t\t\t\t\t<span class=\"elementor-button-content-wrapper\">\n\t\t\t\t\t\t\t\t\t<span class=\"elementor-button-text\">Hijos en custodia compartida<\/span>\n\t\t\t\t\t<\/span>\n\t\t\t\t\t<\/a>\n\t\t\t\t<\/div>\n\t\t\t\t\t\t\t\t<\/div>\n\t\t\t\t<\/div>\n\t\t\t\t<div class=\"elementor-element elementor-element-aa7f5aa elementor-widget__width-auto elementor-widget elementor-widget-button\" data-id=\"aa7f5aa\" data-element_type=\"widget\" data-e-type=\"widget\" data-widget_type=\"button.default\">\n\t\t\t\t<div class=\"elementor-widget-container\">\n\t\t\t\t\t\t\t\t\t<div class=\"elementor-button-wrapper\">\n\t\t\t\t\t<a class=\"elementor-button elementor-button-link elementor-size-sm\" href=\"https:\/\/taigua.cat\/es\/estudiantes-desplazados\/\">\n\t\t\t\t\t\t<span class=\"elementor-button-content-wrapper\">\n\t\t\t\t\t\t\t\t\t<span class=\"elementor-button-text\">Estudiantes desplazados<\/span>\n\t\t\t\t\t<\/span>\n\t\t\t\t\t<\/a>\n\t\t\t\t<\/div>\n\t\t\t\t\t\t\t\t<\/div>\n\t\t\t\t<\/div>\n\t\t\t\t<div class=\"elementor-element elementor-element-07ff7f6 elementor-widget__width-auto elementor-widget elementor-widget-button\" data-id=\"07ff7f6\" data-element_type=\"widget\" data-e-type=\"widget\" data-widget_type=\"button.default\">\n\t\t\t\t<div class=\"elementor-widget-container\">\n\t\t\t\t\t\t\t\t\t<div class=\"elementor-button-wrapper\">\n\t\t\t\t\t<a class=\"elementor-button elementor-button-link elementor-size-sm\" href=\"https:\/\/taigua.cat\/es\/personas-con-discapacidad-de-mas-del-75\/\">\n\t\t\t\t\t\t<span class=\"elementor-button-content-wrapper\">\n\t\t\t\t\t\t\t\t\t<span class=\"elementor-button-text\">Personas con discapacidad<\/span>\n\t\t\t\t\t<\/span>\n\t\t\t\t\t<\/a>\n\t\t\t\t<\/div>\n\t\t\t\t\t\t\t\t<\/div>\n\t\t\t\t<\/div>\n\t\t\t\t<div class=\"elementor-element elementor-element-ab50c72 elementor-widget__width-auto elementor-widget elementor-widget-button\" data-id=\"ab50c72\" data-element_type=\"widget\" data-e-type=\"widget\" data-widget_type=\"button.default\">\n\t\t\t\t<div class=\"elementor-widget-container\">\n\t\t\t\t\t\t\t\t\t<div class=\"elementor-button-wrapper\">\n\t\t\t\t\t<a class=\"elementor-button elementor-button-link elementor-size-sm\" href=\"https:\/\/taigua.cat\/es\/menores-en-acogida\/\">\n\t\t\t\t\t\t<span class=\"elementor-button-content-wrapper\">\n\t\t\t\t\t\t\t\t\t<span class=\"elementor-button-text\">Menores en acogida<\/span>\n\t\t\t\t\t<\/span>\n\t\t\t\t\t<\/a>\n\t\t\t\t<\/div>\n\t\t\t\t\t\t\t\t<\/div>\n\t\t\t\t<\/div>\n\t\t\t\t\t<\/div>\n\t\t<\/div>\n\t\t\t\t\t<\/div>\n\t\t<\/section>\n\t\t\t\t<\/div>\n\t\t","protected":false},"excerpt":{"rendered":"<p>La nueva ORDENANZA REGULADORA DE LA PRESTACI\u00d3N PATRIMONIAL DE CAR\u00c1CTER P\u00daBLICO NO TRIBUTARIO SOBRE LA PRESTACI\u00d3N DEL SERVICIO P\u00daBLICO DE ABASTECIMIENTO DE AGUA EN TERRASSA (PPPNT 2025), contempla algunas excepciones en el c\u00e1lculo de la cuota variable del agua (CONSUMOS) y autoriza ajustes sobre los datos del padr\u00f3n municipal, en el n\u00famero de personas a [&hellip;]<\/p>\n","protected":false},"author":1,"featured_media":0,"parent":0,"menu_order":0,"comment_status":"closed","ping_status":"closed","template":"","meta":{"_acf_changed":false,"footnotes":""},"class_list":["post-91028","page","type-page","status-publish","hentry"],"acf":[],"aioseo_notices":[],"_links":{"self":[{"href":"https:\/\/taigua.cat\/es\/wp-json\/wp\/v2\/pages\/91028","targetHints":{"allow":["GET"]}}],"collection":[{"href":"https:\/\/taigua.cat\/es\/wp-json\/wp\/v2\/pages"}],"about":[{"href":"https:\/\/taigua.cat\/es\/wp-json\/wp\/v2\/types\/page"}],"author":[{"embeddable":true,"href":"https:\/\/taigua.cat\/es\/wp-json\/wp\/v2\/users\/1"}],"replies":[{"embeddable":true,"href":"https:\/\/taigua.cat\/es\/wp-json\/wp\/v2\/comments?post=91028"}],"version-history":[{"count":22,"href":"https:\/\/taigua.cat\/es\/wp-json\/wp\/v2\/pages\/91028\/revisions"}],"predecessor-version":[{"id":96018,"href":"https:\/\/taigua.cat\/es\/wp-json\/wp\/v2\/pages\/91028\/revisions\/96018"}],"wp:attachment":[{"href":"https:\/\/taigua.cat\/es\/wp-json\/wp\/v2\/media?parent=91028"}],"curies":[{"name":"wp","href":"https:\/\/api.w.org\/{rel}","templated":true}]}}