{"id":91263,"date":"2024-12-27T12:51:05","date_gmt":"2024-12-27T11:51:05","guid":{"rendered":"https:\/\/taigua.cat\/?page_id=91263"},"modified":"2025-01-10T13:06:28","modified_gmt":"2025-01-10T12:06:28","slug":"hijos-en-custodia-compartida","status":"publish","type":"page","link":"https:\/\/taigua.cat\/es\/hijos-en-custodia-compartida\/","title":{"rendered":"Hijos en custodia compartida"},"content":{"rendered":"\t\t<div data-elementor-type=\"wp-page\" data-elementor-id=\"91263\" class=\"elementor elementor-91263\" data-elementor-post-type=\"page\">\n\t\t\t\t\t\t<section class=\"elementor-section elementor-top-section elementor-element elementor-element-7d4d061 elementor-section-boxed elementor-section-height-default elementor-section-height-default\" data-id=\"7d4d061\" data-element_type=\"section\" data-e-type=\"section\">\n\t\t\t\t\t\t<div class=\"elementor-container elementor-column-gap-default\">\n\t\t\t\t\t<div class=\"elementor-column elementor-col-100 elementor-top-column elementor-element elementor-element-ab682c8\" data-id=\"ab682c8\" data-element_type=\"column\" data-e-type=\"column\">\n\t\t\t<div class=\"elementor-widget-wrap elementor-element-populated\">\n\t\t\t\t\t\t<div class=\"elementor-element elementor-element-7c8ee75 elementor-widget elementor-widget-text-editor\" data-id=\"7c8ee75\" data-element_type=\"widget\" data-e-type=\"widget\" data-widget_type=\"text-editor.default\">\n\t\t\t\t<div class=\"elementor-widget-container\">\n\t\t\t\t\t\t\t\t\t<p><strong>CASO DE HIJOS\/AS EN CUSTODIA COMPARTIDA:<\/strong><\/p><p><strong>Instrucciones para la solicitud y declaraci\u00f3n responsable de excepci\u00f3n DEL PADR\u00d3N DE HABITANTES en el c\u00e1lculo de la factura del agua por raz\u00f3n de hijos\/as en custodia compartida<\/strong><\/p><p><strong>\u00bfEn qu\u00e9 consiste?<\/strong><\/p><p>La nueva ORDENANZA REGULADORA DE LA PRESTACI\u00d3N PATRIMONIAL DE CAR\u00c1CTER P\u00daBLICO NO TRIBUTARIO SOBRE LA PRESTACI\u00d3N DEL SERVICIO P\u00daBLICO DE ABASTECIMIENTO DE AGUA EN TERRASSA (<strong>PPPNT 2025<\/strong>), contempla algunas excepciones en el c\u00e1lculo de la cuota variable del agua (CONSUMOS) y autoriza ajustes sobre los datos del padr\u00f3n municipal, en el n\u00famero de personas a considerar en una determinada vivienda a efectos de la facturaci\u00f3n del agua en el uso dom\u00e9stico.<\/p><p>En aquellos contratos de suministro de hogares en los que vivan hijos o hijas con una custodia compartida entre los progenitores, se podr\u00e1 considerar la presencia al 50% de los hijos en cada uno de los hogares, <u>independientemente de donde est\u00e9n empadronados.<\/u><\/p><p><strong>\u00bfC\u00f3mo se realiza el tr\u00e1mite?<\/strong><\/p><p>Los progenitores deben presentar a TAIGUA la correspondiente solicitud y declaraci\u00f3n del acuerdo y de los datos necesarios para la activaci\u00f3n de la excepci\u00f3n. La presentaci\u00f3n se puede hacer presencial o por internet, siguiendo los pasos de este tr\u00e1mite (gratuito).<\/p><p>La solicitud no se considerar\u00e1 formalizada hasta que el formulario no est\u00e9 firmado por todas las personas intervinientes (los progenitores y, en su caso, los titulares de contrato) y en manos de TAIGUA con toda la documentaci\u00f3n requerida.<\/p><p>En la tramitaci\u00f3n presencial deben estar presentes todas las personas que deben firmar la solicitud para hacerlo ante el personal de TAIGUA. Si el titular de alg\u00fan contrato afectado es persona jur\u00eddica, el tr\u00e1mite deber\u00e1 ser <u>siempre<\/u> presencial.<\/p><p>Presentada la solicitud, TAIGUA la registrar\u00e1 y comunicar\u00e1 a los interesados \u200b\u200bla finalizaci\u00f3n del tr\u00e1mite, que incluir\u00e1 una declaraci\u00f3n responsable de la veracidad de los datos que constar\u00e1n. Los responsables \u00faltimos de la veracidad de los datos presentados son los progenitores. Cualquier perjuicio derivado de la aplicaci\u00f3n de la excepci\u00f3n tarifaria solicitada, por raz\u00f3n de error o falsedad en los datos declarados, ser\u00e1 imputable a los progenitores y, en ning\u00fan caso, a TAIGUA.<\/p><p>A partir de ese momento, la excepci\u00f3n se aplicar\u00e1 a la facturaci\u00f3n de los contratos implicados.<\/p><p><strong>\u00bfQu\u00e9 documentaci\u00f3n se debe aportar?<\/strong><\/p><p>Adem\u00e1s de los datos de los intervinientes y los requeridos para formalizar la excepci\u00f3n, ser\u00e1 necesario aportar:<\/p><ul><li>Documentos de identificaci\u00f3n de todas las personas intervinientes (DNI, NIE, pasaporte)<\/li><li>Documento acreditativo del n\u00famero de hijos en custodia compartida (sentencia de separaci\u00f3n o divorcio, libro de familia, u otro)<\/li><\/ul><p>Tenga esta documentaci\u00f3n preparada en formato electr\u00f3nico antes de iniciar el tr\u00e1mite por internet, o recuerde aportarla en formato f\u00edsico si realiza el tr\u00e1mite presencial. Los datos del contrato de suministro est\u00e1n en la factura, tenga tambi\u00e9n una factura a mano.<\/p><p><strong>\u00bfCu\u00e1ndo caduca la excepci\u00f3n?<\/strong><\/p><p>Esta modificaci\u00f3n tendr\u00e1 la <strong>vigencia de un a\u00f1o<\/strong> a partir de la presentaci\u00f3n de la petici\u00f3n; pasado este plazo los interesados \u200b\u200btendr\u00e1n que volver a presentar la solicitud para que se siga aplicando.<\/p><p>Tambi\u00e9n se dar\u00e1 por caducada la excepci\u00f3n si se modifica el n\u00famero de personas empadronadas en cualquiera de las dos viviendas o por cambio de titularidad o baja de cualquiera de los contratos implicados.<\/p><p>Cualquiera de los progenitores puede solicitar en cualquier momento la caducidad de la excepci\u00f3n. El tr\u00e1mite de renuncia se realizar\u00e1 de forma presencial en las oficinas de TAIGUA.<\/p><p>Enlace al texto de la PPPNT 2025.<\/p>\t\t\t\t\t\t\t\t<\/div>\n\t\t\t\t<\/div>\n\t\t\t\t<div class=\"elementor-element elementor-element-01cc1ba elementor-widget elementor-widget-button\" data-id=\"01cc1ba\" data-element_type=\"widget\" data-e-type=\"widget\" data-widget_type=\"button.default\">\n\t\t\t\t<div class=\"elementor-widget-container\">\n\t\t\t\t\t\t\t\t\t<div class=\"elementor-button-wrapper\">\n\t\t\t\t\t<a class=\"elementor-button elementor-button-link elementor-size-sm\" href=\"\/es\/hijos-en-custodia-compartida-form\/\">\n\t\t\t\t\t\t<span class=\"elementor-button-content-wrapper\">\n\t\t\t\t\t\t\t\t\t<span class=\"elementor-button-text\">Siguiente<\/span>\n\t\t\t\t\t<\/span>\n\t\t\t\t\t<\/a>\n\t\t\t\t<\/div>\n\t\t\t\t\t\t\t\t<\/div>\n\t\t\t\t<\/div>\n\t\t\t\t\t<\/div>\n\t\t<\/div>\n\t\t\t\t\t<\/div>\n\t\t<\/section>\n\t\t\t\t<\/div>\n\t\t","protected":false},"excerpt":{"rendered":"<p>CASO DE HIJOS\/AS EN CUSTODIA COMPARTIDA: Instrucciones para la solicitud y declaraci\u00f3n responsable de excepci\u00f3n DEL PADR\u00d3N DE HABITANTES en el c\u00e1lculo de la factura del agua por raz\u00f3n de hijos\/as en custodia compartida \u00bfEn qu\u00e9 consiste? La nueva ORDENANZA REGULADORA DE LA PRESTACI\u00d3N PATRIMONIAL DE CAR\u00c1CTER P\u00daBLICO NO TRIBUTARIO SOBRE LA PRESTACI\u00d3N DEL SERVICIO [&hellip;]<\/p>\n","protected":false},"author":1,"featured_media":0,"parent":0,"menu_order":0,"comment_status":"closed","ping_status":"closed","template":"","meta":{"_acf_changed":false,"footnotes":""},"class_list":["post-91263","page","type-page","status-publish","hentry"],"acf":[],"aioseo_notices":[],"_links":{"self":[{"href":"https:\/\/taigua.cat\/es\/wp-json\/wp\/v2\/pages\/91263","targetHints":{"allow":["GET"]}}],"collection":[{"href":"https:\/\/taigua.cat\/es\/wp-json\/wp\/v2\/pages"}],"about":[{"href":"https:\/\/taigua.cat\/es\/wp-json\/wp\/v2\/types\/page"}],"author":[{"embeddable":true,"href":"https:\/\/taigua.cat\/es\/wp-json\/wp\/v2\/users\/1"}],"replies":[{"embeddable":true,"href":"https:\/\/taigua.cat\/es\/wp-json\/wp\/v2\/comments?post=91263"}],"version-history":[{"count":19,"href":"https:\/\/taigua.cat\/es\/wp-json\/wp\/v2\/pages\/91263\/revisions"}],"predecessor-version":[{"id":94062,"href":"https:\/\/taigua.cat\/es\/wp-json\/wp\/v2\/pages\/91263\/revisions\/94062"}],"wp:attachment":[{"href":"https:\/\/taigua.cat\/es\/wp-json\/wp\/v2\/media?parent=91263"}],"curies":[{"name":"wp","href":"https:\/\/api.w.org\/{rel}","templated":true}]}}