{"id":91268,"date":"2024-12-27T12:52:40","date_gmt":"2024-12-27T11:52:40","guid":{"rendered":"https:\/\/taigua.cat\/?page_id=91268"},"modified":"2025-01-14T15:37:48","modified_gmt":"2025-01-14T14:37:48","slug":"estudiantes-desplazados","status":"publish","type":"page","link":"https:\/\/taigua.cat\/es\/estudiantes-desplazados\/","title":{"rendered":"Estudiantes desplazados"},"content":{"rendered":"\t\t<div data-elementor-type=\"wp-page\" data-elementor-id=\"91268\" class=\"elementor elementor-91268\" data-elementor-post-type=\"page\">\n\t\t\t\t\t\t<section class=\"elementor-section elementor-top-section elementor-element elementor-element-3f273e2 elementor-section-boxed elementor-section-height-default elementor-section-height-default\" data-id=\"3f273e2\" data-element_type=\"section\" data-e-type=\"section\">\n\t\t\t\t\t\t<div class=\"elementor-container elementor-column-gap-default\">\n\t\t\t\t\t<div class=\"elementor-column elementor-col-100 elementor-top-column elementor-element elementor-element-cdf880f\" data-id=\"cdf880f\" data-element_type=\"column\" data-e-type=\"column\">\n\t\t\t<div class=\"elementor-widget-wrap elementor-element-populated\">\n\t\t\t\t\t\t<div class=\"elementor-element elementor-element-a1ca76a elementor-widget elementor-widget-text-editor\" data-id=\"a1ca76a\" data-element_type=\"widget\" data-e-type=\"widget\" data-widget_type=\"text-editor.default\">\n\t\t\t\t<div class=\"elementor-widget-container\">\n\t\t\t\t\t\t\t\t\t<div class=\"p-pdf_iframe__page\" aria-label=\"P\u00e1gina 6\" data-page-number=\"6\"><div class=\"textLayer\"><p><strong>CASO DE PERSONAS ESTUDIANTES DESPLAZADAS:<\/strong><\/p><p><strong>Instrucciones para la solicitud y declaraci\u00f3n responsable de excepci\u00f3n DEL PADR\u00d3N DE HABITANTES en el c\u00e1lculo de la factura del agua por raz\u00f3n de personas estudiantes desplazadas<\/strong><\/p><p><strong>\u00bfEn qu\u00e9 consiste?<\/strong><\/p><p>La nueva ORDENANZA REGULADORA DE LA PRESTACI\u00d3N PATRIMONIAL DE CAR\u00c1CTER P\u00daBLICO NO TRIBUTARIO SOBRE LA PRESTACI\u00d3N DEL SERVICIO P\u00daBLICO DE ABASTECIMIENTO DE AGUA EN TERRASSA (<strong>PPPNT 2025<\/strong>), contempla algunas excepciones en el c\u00e1lculo de la cuota variable del agua (CONSUMOS) y autoriza ajustes sobre los datos del padr\u00f3n municipal, en el n\u00famero de personas a considerar en una determinada vivienda a efectos de la facturaci\u00f3n del agua en el uso dom\u00e9stico.<\/p><p>En aquellos contratos de suministro de hogares donde vivan personas estudiantes en Terrassa de ciclos superiores o universitarios que debido a su situaci\u00f3n acad\u00e9mica particular no pasen la mayor parte del a\u00f1o en el domicilio de Terrassa (m\u00e1s de 6 meses) y por tanto no se puedan empadronar en aquella direcci\u00f3n, o que pasando todo el curso (per\u00edodo superior a 6 meses) el empadronamiento en Terrassa suponga la p\u00e9rdida de ayudas por desplazamientos o residencia fuera de su vivienda habitual, se contabilizar\u00e1n los estudiantes que hayan en aquella vivienda como una persona m\u00e1s, a pesar de no constar en el Padr\u00f3n municipal.<\/p><p><strong>\u00bfC\u00f3mo se realiza el tr\u00e1mite?<\/strong><\/p><p>El titular del contrato de suministro o la persona interesada, deber\u00e1 acreditar la presencia del\/los estudiantes en aquella direcci\u00f3n y su condici\u00f3n de estudiantes, aportando el contrato de alquiler donde consten los estudiantes y la\/las matr\u00edculas de la universidad o centro de estudio que acredite que efect\u00faan sus estudios en la ciudad.<\/p><p>Es necesario realizar un tr\u00e1mite por cada excepci\u00f3n por estudiante residente en la vivienda. El n\u00famero de personas del padr\u00f3n vigente se incrementar\u00e1 en una por cada estudiante que se declare y as\u00ed quedar\u00e1 fijado en la informaci\u00f3n del contrato.<\/p><p>La presentaci\u00f3n se puede hacer presencial o por internet, siguiendo los pasos de este tr\u00e1mite (gratuito).<\/p><p>La solicitud no se considerar\u00e1 formalizada hasta que el formulario no est\u00e9 firmado por todas las personas intervinientes\u00a0 y en manos de TAIGUA con toda la documentaci\u00f3n requerida.<\/p><p>En la tramitaci\u00f3n presencial deben estar presentes todas las personas que deben firmar la solicitud para hacerlo ante el personal de TAIGUA. Si el titular de alg\u00fan contrato afectado es persona jur\u00eddica, el tr\u00e1mite deber\u00e1 ser <u>siempre<\/u> presencial.<\/p><p>Presentada la solicitud, TAIGUA la registrar\u00e1 y comunicar\u00e1 a los interesados \u200b\u200bla finalizaci\u00f3n del tr\u00e1mite que incluir\u00e1 una declaraci\u00f3n responsable de la veracidad de los datos que constar\u00e1n. Los responsables \u00faltimos de la veracidad de los datos presentados son las personas solicitantes. Cualquier perjuicio derivado de la aplicaci\u00f3n de la excepci\u00f3n tarifaria solicitada, por raz\u00f3n de error o falsedad en los datos declarados, ser\u00e1 imputable a la persona solicitante y, en ning\u00fan caso, a TAIGUA.<\/p><p>A partir de ese momento, la excepci\u00f3n se aplicar\u00e1 a la facturaci\u00f3n de los contratos implicados.<\/p><p><strong>\u00bfQu\u00e9 documentaci\u00f3n se debe aportar?<\/strong><\/p><p>Adem\u00e1s de los datos de los intervinientes y los requeridos para formalizar la excepci\u00f3n, ser\u00e1 necesario aportar:<\/p><ul><li>Documentos de identificaci\u00f3n de todas las personas intervinientes (DNI, NIE, pasaporte)<\/li><li>Documento acreditativo de la matriculaci\u00f3n y duraci\u00f3n de los estudios a realizar.\u00e7<\/li><li>Contrato de alquiler.<\/li><\/ul><p>Tenga esta documentaci\u00f3n preparada en formato electr\u00f3nico antes de iniciar el tr\u00e1mite por internet, o recuerde aportarla en formato f\u00edsico si realiza el tr\u00e1mite presencial. Los datos del contrato de suministro est\u00e1n en la factura, tenga tambi\u00e9n una factura a mano.<\/p><p><strong>\u00bfCu\u00e1ndo caduca la excepci\u00f3n?<\/strong><\/p><p>Esta modificaci\u00f3n tendr\u00e1 la <strong>vigencia de un a\u00f1o<\/strong> a partir de la presentaci\u00f3n de la petici\u00f3n; pasado este plazo los interesados \u200b\u200btendr\u00e1n que volver a presentar la solicitud para que se siga aplicando.<\/p><p>Tambi\u00e9n caduca por:<\/p><p>&#8211; Modificaci\u00f3n del n\u00famero de personas empadronadas en la vivienda del contrato.<\/p><p>&#8211; Cambio de titularidad o baja: cuando se solicite un cambio de titularidad o la baja del contrato con excepci\u00f3n.<\/p><p>Cualquiera de los interesados \u200b\u200bpuede solicitar en cualquier momento la caducidad de la excepci\u00f3n. El tr\u00e1mite de renuncia se realizar\u00e1 de forma presencial en las oficinas de TAIGUA.<\/p><p>Enlace al texto de la PPNT 2025.<\/p><\/div><\/div>\t\t\t\t\t\t\t\t<\/div>\n\t\t\t\t<\/div>\n\t\t\t\t<div class=\"elementor-element elementor-element-05e50cd elementor-widget elementor-widget-button\" data-id=\"05e50cd\" data-element_type=\"widget\" data-e-type=\"widget\" data-widget_type=\"button.default\">\n\t\t\t\t<div class=\"elementor-widget-container\">\n\t\t\t\t\t\t\t\t\t<div class=\"elementor-button-wrapper\">\n\t\t\t\t\t<a class=\"elementor-button elementor-button-link elementor-size-sm\" href=\"\/es\/estudiantes-desplazados-form\/\">\n\t\t\t\t\t\t<span class=\"elementor-button-content-wrapper\">\n\t\t\t\t\t\t\t\t\t<span class=\"elementor-button-text\">Siguiente<\/span>\n\t\t\t\t\t<\/span>\n\t\t\t\t\t<\/a>\n\t\t\t\t<\/div>\n\t\t\t\t\t\t\t\t<\/div>\n\t\t\t\t<\/div>\n\t\t\t\t\t<\/div>\n\t\t<\/div>\n\t\t\t\t\t<\/div>\n\t\t<\/section>\n\t\t\t\t<\/div>\n\t\t","protected":false},"excerpt":{"rendered":"<p>CASO DE PERSONAS ESTUDIANTES DESPLAZADAS: Instrucciones para la solicitud y declaraci\u00f3n responsable de excepci\u00f3n DEL PADR\u00d3N DE HABITANTES en el c\u00e1lculo de la factura del agua por raz\u00f3n de personas estudiantes desplazadas \u00bfEn qu\u00e9 consiste? La nueva ORDENANZA REGULADORA DE LA PRESTACI\u00d3N PATRIMONIAL DE CAR\u00c1CTER P\u00daBLICO NO TRIBUTARIO SOBRE LA PRESTACI\u00d3N DEL SERVICIO P\u00daBLICO DE [&hellip;]<\/p>\n","protected":false},"author":1,"featured_media":0,"parent":0,"menu_order":0,"comment_status":"closed","ping_status":"closed","template":"","meta":{"_acf_changed":false,"footnotes":""},"class_list":["post-91268","page","type-page","status-publish","hentry"],"acf":[],"aioseo_notices":[],"_links":{"self":[{"href":"https:\/\/taigua.cat\/es\/wp-json\/wp\/v2\/pages\/91268","targetHints":{"allow":["GET"]}}],"collection":[{"href":"https:\/\/taigua.cat\/es\/wp-json\/wp\/v2\/pages"}],"about":[{"href":"https:\/\/taigua.cat\/es\/wp-json\/wp\/v2\/types\/page"}],"author":[{"embeddable":true,"href":"https:\/\/taigua.cat\/es\/wp-json\/wp\/v2\/users\/1"}],"replies":[{"embeddable":true,"href":"https:\/\/taigua.cat\/es\/wp-json\/wp\/v2\/comments?post=91268"}],"version-history":[{"count":22,"href":"https:\/\/taigua.cat\/es\/wp-json\/wp\/v2\/pages\/91268\/revisions"}],"predecessor-version":[{"id":95216,"href":"https:\/\/taigua.cat\/es\/wp-json\/wp\/v2\/pages\/91268\/revisions\/95216"}],"wp:attachment":[{"href":"https:\/\/taigua.cat\/es\/wp-json\/wp\/v2\/media?parent=91268"}],"curies":[{"name":"wp","href":"https:\/\/api.w.org\/{rel}","templated":true}]}}