{"id":93583,"date":"2025-01-09T15:50:29","date_gmt":"2025-01-09T14:50:29","guid":{"rendered":"https:\/\/taigua.cat\/?page_id=93583"},"modified":"2025-01-10T12:33:05","modified_gmt":"2025-01-10T11:33:05","slug":"hijos-en-custodia-compartida-form","status":"publish","type":"page","link":"https:\/\/taigua.cat\/es\/hijos-en-custodia-compartida-form\/","title":{"rendered":"Hijos en custodia compartida"},"content":{"rendered":"\t\t<div data-elementor-type=\"wp-page\" data-elementor-id=\"93583\" class=\"elementor elementor-93583\" data-elementor-post-type=\"page\">\n\t\t\t\t\t\t<section class=\"elementor-section elementor-top-section elementor-element elementor-element-e8612fd elementor-section-boxed elementor-section-height-default elementor-section-height-default\" data-id=\"e8612fd\" data-element_type=\"section\" data-e-type=\"section\">\n\t\t\t\t\t\t<div class=\"elementor-container elementor-column-gap-default\">\n\t\t\t\t\t<div class=\"elementor-column elementor-col-100 elementor-top-column elementor-element elementor-element-c692321\" data-id=\"c692321\" data-element_type=\"column\" data-e-type=\"column\">\n\t\t\t<div class=\"elementor-widget-wrap elementor-element-populated\">\n\t\t\t\t\t\t<div class=\"elementor-element elementor-element-eddb078 elementor-widget elementor-widget-shortcode\" data-id=\"eddb078\" data-element_type=\"widget\" data-e-type=\"widget\" data-widget_type=\"shortcode.default\">\n\t\t\t\t<div class=\"elementor-widget-container\">\n\t\t\t\t\t\t\t<div class=\"elementor-shortcode\"><div class=\"frm_forms  with_frm_style frm_style_formidable-style\" id=\"frm_form_21_container\" data-token=\"8c51d3e3767fe5810cb3294bc8546862\">\n<form enctype=\"multipart\/form-data\" method=\"post\" class=\"frm-show-form  frm_js_validate  frm_pro_form \" id=\"form_hijosencustodiacompartida\" data-token=\"8c51d3e3767fe5810cb3294bc8546862\">\n<div class=\"frm_form_fields  frm_page_num_1\">\n<fieldset>\n<legend class=\"frm_screen_reader\">HIJOS EN CUSTODIA COMPARTIDA<\/legend>\r\n\r\n<div class=\"frm_fields_container\">\n<div class=\"frm_rootline_group\" role=\"group\" tabindex=\"0\" aria-label=\"P\u00e1gina 1 de 4\" ><ul class=\"frm_page_bar frm_rootline_4 frm_rootline frm_rootline_line  frm_show_lines frm_show_titles\"><li class=\"frm_rootline_single frm_current_page\"><input type=\"button\" value=\"1\" data-page=\"\" class=\" frm_page_1\" aria-disabled=\"true\" data-field=\"0\" aria-label=\"Datos progenitor 1\"  \/><span class=\"frm_rootline_title\">Datos progenitor 1<\/span><\/li><li class=\"frm_rootline_single\"><input type=\"button\" value=\"2\" data-page=\"26\" class=\"frm_page_skip frm_page_2\" data-field=\"782\" aria-label=\"Datos progenitor 2\"  \/><span class=\"frm_rootline_title\">Datos progenitor 2<\/span><\/li><li class=\"frm_rootline_single\"><input type=\"button\" value=\"3\" data-page=\"52\" class=\"frm_page_skip frm_page_3\" data-field=\"799\" aria-label=\"Datos Custodia compartida\"  \/><span class=\"frm_rootline_title\">Datos Custodia compartida<\/span><\/li>\t\t<li class=\"frm_rootline_single frm_rootline_show_hidden_steps_btn frm_hidden\">\n\t\t\t<input type=\"button\" class=\"frm_rootline_show_more_btn\" value=\"\u00b7\u00b7\u00b7\" \/>\n\t\t\t<ul class=\"frm_rootline_hidden_steps frm_hidden\"><\/ul>\n\t\t<\/li>\n\t\t<li class=\"frm_rootline_single\"><input type=\"button\" value=\"4\" data-page=\"58\" class=\"frm_page_skip frm_page_4\" data-field=\"814\" aria-label=\"Documentaci\u00f3n a aportar\"  \/><span class=\"frm_rootline_title\">Documentaci\u00f3n a aportar<\/span><\/li><\/ul><div class=\"frm_clearfix\"><\/div><\/div><input type=\"hidden\" name=\"frm_action\" value=\"create\" \/>\n<input type=\"hidden\" name=\"form_id\" value=\"21\" \/>\n<input type=\"hidden\" name=\"frm_hide_fields_21\" id=\"frm_hide_fields_21\" value=\"\" \/>\n<input type=\"hidden\" name=\"form_key\" value=\"hijosencustodiacompartida\" \/>\n<input type=\"hidden\" name=\"item_meta[0]\" value=\"\" \/>\n<input type=\"hidden\" id=\"frm_submit_entry_21\" name=\"frm_submit_entry_21\" value=\"42cf50baa1\" \/><input type=\"hidden\" name=\"_wp_http_referer\" value=\"\/es\/wp-json\/wp\/v2\/pages\/93583\" \/><div id=\"frm_field_789_container\" class=\"frm_form_field  frm12 frm_first frm_html_container form-field\">\n<p><strong>Datos Progenitor 1 (Obligatorio residente en Terrassa)<\/strong><\/p>\n<\/div>\n<div id=\"frm_field_783_container\" class=\"frm_form_field form-field  frm_required_field frm_top_container frm4 frm_first\">\r\n    <label for=\"field_lwy1k85\" id=\"field_lwy1k85_label\" class=\"frm_primary_label\">Nombre\r\n        <span class=\"frm_required\" aria-hidden=\"true\">*<\/span>\r\n    <\/label>\r\n    <input  type=\"text\" id=\"field_lwy1k85\" name=\"item_meta[783]\" value=\"\"  data-reqmsg=\"Empleneu aquest camp.\" aria-required=\"true\" data-invmsg=\"Text is invalid\" aria-invalid=\"false\"   \/>\r\n    \r\n    \r\n<\/div>\n<div id=\"frm_field_784_container\" class=\"frm_form_field form-field  frm_required_field frm_top_container frm4\">\r\n    <label for=\"field_zejrb5\" id=\"field_zejrb5_label\" class=\"frm_primary_label\">Apellido 1\r\n        <span class=\"frm_required\" aria-hidden=\"true\">*<\/span>\r\n    <\/label>\r\n    <input  type=\"text\" id=\"field_zejrb5\" name=\"item_meta[784]\" value=\"\"  data-reqmsg=\"Empleneu aquest camp.\" aria-required=\"true\" data-invmsg=\"Text is invalid\" aria-invalid=\"false\"   \/>\r\n    \r\n    \r\n<\/div>\n<div id=\"frm_field_785_container\" class=\"frm_form_field form-field  frm_required_field frm_top_container frm4\">\r\n    <label for=\"field_fuvuv5\" id=\"field_fuvuv5_label\" class=\"frm_primary_label\">Apellido 2\r\n        <span class=\"frm_required\" aria-hidden=\"true\">*<\/span>\r\n    <\/label>\r\n    <input  type=\"text\" id=\"field_fuvuv5\" name=\"item_meta[785]\" value=\"\"  data-reqmsg=\"Empleneu aquest camp.\" aria-required=\"true\" data-invmsg=\"Text is invalid\" aria-invalid=\"false\"   \/>\r\n    \r\n    \r\n<\/div>\n<div id=\"frm_field_786_container\" class=\"frm_form_field form-field  frm_required_field frm_top_container frm4 frm_first\">\r\n    <label for=\"field_3euky85\" id=\"field_3euky85_label\" class=\"frm_primary_label\">DNI\/NIE\r\n        <span class=\"frm_required\" aria-hidden=\"true\">*<\/span>\r\n    <\/label>\r\n    <input  type=\"text\" id=\"field_3euky85\" name=\"item_meta[786]\" value=\"\"  data-reqmsg=\"Empleneu aquest camp.\" aria-required=\"true\" data-invmsg=\"Feu servir el format sol\u00b7licitat. (00000000X)\" aria-invalid=\"false\" pattern=\"\\d{8}[A-Za-z]$\"   \/>\r\n    \r\n    \r\n<\/div>\n<div id=\"frm_field_787_container\" class=\"frm_form_field form-field  frm_required_field frm_top_container frm4\">\r\n    <label for=\"field_lvbh685\" id=\"field_lvbh685_label\" class=\"frm_primary_label\">Correo electr\u00f3nico\r\n        <span class=\"frm_required\" aria-hidden=\"true\">*<\/span>\r\n    <\/label>\r\n    <input type=\"email\" id=\"field_lvbh685\" name=\"item_meta[787]\" value=\"\"  data-reqmsg=\"Empleneu aquest camp.\" aria-required=\"true\" data-invmsg=\"Feu servir el format sol\u00b7licitat.\" aria-invalid=\"false\"  \/>\r\n    \r\n    \r\n<\/div>\n<div id=\"frm_field_788_container\" class=\"frm_form_field form-field  frm_required_field frm_top_container frm4\">\r\n    <label for=\"field_oawec83\" id=\"field_oawec83_label\" class=\"frm_primary_label\">Tel\u00e9fono\r\n        <span class=\"frm_required\" aria-hidden=\"true\">*<\/span>\r\n    <\/label>\r\n    <input  type=\"text\" id=\"field_oawec83\" name=\"item_meta[788]\" value=\"\"  data-reqmsg=\"Empleneu aquest camp.\" aria-required=\"true\" data-invmsg=\"Feu servir el format sol\u00b7licitat.\" aria-invalid=\"false\" pattern=\"\\d{9}$\"   \/>\r\n    \r\n    \r\n<\/div>\n<div id=\"frm_field_929_container\" class=\"frm_form_field  frm12 frm_first frm_html_container form-field\">\n<p>Datos domicilio del Progenitor 1<\/p>\n<\/div>\n<div id=\"frm_field_790_container\" class=\"frm_form_field form-field  frm_required_field frm_top_container frm4 frm_first\">\r\n\t<label for=\"field_r5en92\" id=\"field_r5en92_label\" class=\"frm_primary_label\">Direcci\u00f3n (Calle, n\u00famero y poblaci\u00f3n)\r\n\t\t<span class=\"frm_required\" aria-hidden=\"true\">*<\/span>\r\n\t<\/label>\r\n\t<input  type=\"text\" id=\"field_r5en92\" name=\"item_meta[790]\" value=\"\"  data-reqmsg=\"Direcci\u00f3n (Calle, n\u00famero y poblaci\u00f3n) cannot be blank.\" aria-required=\"true\" data-invmsg=\"Direcci\u00f3n (Calle, n\u00famero y poblaci\u00f3n) is invalid\" aria-invalid=\"false\"   \/>\r\n\t\r\n\t\r\n<\/div>\n<div id=\"frm_field_791_container\" class=\"frm_form_field form-field  frm_required_field frm_top_container frm4\">\r\n\t<label for=\"field_x4qsd2\" id=\"field_x4qsd2_label\" class=\"frm_primary_label\">N\u00famero de personas actualmente empadronadas\r\n\t\t<span class=\"frm_required\" aria-hidden=\"true\">*<\/span>\r\n\t<\/label>\r\n\t<input type=\"number\" id=\"field_x4qsd2\" name=\"item_meta[791]\" value=\"\" data-reqmsg=\"N\u00famero de personas actualmente empadronadas cannot be blank.\" aria-required=\"true\" data-invmsg=\"N\u00famero de personas actualmente empadronadas is invalid\" aria-invalid=\"false\"   min=\"0\" max=\"500\" step=\"any\" \/>\r\n\t\r\n\t\r\n<\/div>\n<div id=\"frm_field_792_container\" class=\"frm_form_field form-field  frm_required_field frm_top_container frm4\">\r\n\t<label for=\"field_p45yt2\" id=\"field_p45yt2_label\" class=\"frm_primary_label\">N\u00famero del contrato de agua\r\n\t\t<span class=\"frm_required\" aria-hidden=\"true\">*<\/span>\r\n\t<\/label>\r\n\t<input  type=\"text\" id=\"field_p45yt2\" name=\"item_meta[792]\" value=\"\"  data-reqmsg=\"N\u00famero del contrato de agua cannot be blank.\" aria-required=\"true\" data-invmsg=\"N\u00famero del contrato de agua is invalid\" aria-invalid=\"false\"   \/>\r\n\t\r\n\t\r\n<\/div>\n<div id=\"frm_field_793_container\" class=\"frm_form_field form-field  frm_required_field frm_top_container frm4 frm_first\">\r\n\t<label for=\"field_spdhq2\" id=\"field_spdhq2_label\" class=\"frm_primary_label\">Nombre titular del contrato\r\n\t\t<span class=\"frm_required\" aria-hidden=\"true\">*<\/span>\r\n\t<\/label>\r\n\t<input  type=\"text\" id=\"field_spdhq2\" name=\"item_meta[793]\" value=\"\"  data-reqmsg=\"Nombre titular del contrato cannot be blank.\" aria-required=\"true\" data-invmsg=\"Nombre titular del contrato is invalid\" aria-invalid=\"false\"   \/>\r\n\t\r\n\t\r\n<\/div>\n<div id=\"frm_field_794_container\" class=\"frm_form_field form-field  frm_required_field frm_top_container frm4 frm4\">\r\n\t<label for=\"field_5nufu2\" id=\"field_5nufu2_label\" class=\"frm_primary_label\">Apellido 1 titular del contrato\r\n\t\t<span class=\"frm_required\" aria-hidden=\"true\">*<\/span>\r\n\t<\/label>\r\n\t<input  type=\"text\" id=\"field_5nufu2\" name=\"item_meta[794]\" value=\"\"  data-reqmsg=\"Apellido 1 titular del contrato cannot be blank.\" aria-required=\"true\" data-invmsg=\"Apellido 1 titular del contrato is invalid\" aria-invalid=\"false\"   \/>\r\n\t\r\n\t\r\n<\/div>\n<div id=\"frm_field_795_container\" class=\"frm_form_field form-field  frm_required_field frm_top_container frm4\">\r\n\t<label for=\"field_hbkip2\" id=\"field_hbkip2_label\" class=\"frm_primary_label\">Apellido 2 titular del contrato\r\n\t\t<span class=\"frm_required\" aria-hidden=\"true\">*<\/span>\r\n\t<\/label>\r\n\t<input  type=\"text\" id=\"field_hbkip2\" name=\"item_meta[795]\" value=\"\"  data-reqmsg=\"Apellido 2 titular del contrato cannot be blank.\" aria-required=\"true\" data-invmsg=\"Apellido 2 titular del contrato is invalid\" aria-invalid=\"false\"   \/>\r\n\t\r\n\t\r\n<\/div>\n<div id=\"frm_field_796_container\" class=\"frm_form_field form-field  frm_required_field frm_top_container frm4 frm_first\">\r\n    <label for=\"field_74beb2\" id=\"field_74beb2_label\" class=\"frm_primary_label\">DNI\/NIE del titular\r\n        <span class=\"frm_required\" aria-hidden=\"true\">*<\/span>\r\n    <\/label>\r\n    <input  type=\"text\" id=\"field_74beb2\" name=\"item_meta[796]\" value=\"\"  data-reqmsg=\"Empleneu aquest camp.\" aria-required=\"true\" data-invmsg=\"Feu servir el format sol\u00b7licitat. (00000000X)\" aria-invalid=\"false\" pattern=\"\\d{8}[A-Za-z]$\"   \/>\r\n    \r\n    \r\n<\/div>\n<div id=\"frm_field_797_container\" class=\"frm_form_field form-field  frm_required_field frm_top_container frm4\">\r\n    <label for=\"field_s79h2\" id=\"field_s79h2_label\" class=\"frm_primary_label\">Correo electr\u00f3nico del titular\r\n        <span class=\"frm_required\" aria-hidden=\"true\">*<\/span>\r\n    <\/label>\r\n    <input type=\"email\" id=\"field_s79h2\" name=\"item_meta[797]\" value=\"\"  data-reqmsg=\"Empleneu aquest camp.\" aria-required=\"true\" data-invmsg=\"Feu servir el format sol\u00b7licitat.\" aria-invalid=\"false\"  \/>\r\n    \r\n    \r\n<\/div>\n<div id=\"frm_field_798_container\" class=\"frm_form_field form-field  frm_required_field frm_top_container frm4\">\r\n    <label for=\"field_4alye2\" id=\"field_4alye2_label\" class=\"frm_primary_label\">Tel\u00e9fono del titular\r\n        <span class=\"frm_required\" aria-hidden=\"true\">*<\/span>\r\n    <\/label>\r\n    <input  type=\"text\" id=\"field_4alye2\" name=\"item_meta[798]\" value=\"\"  data-reqmsg=\"Empleneu aquest camp.\" aria-required=\"true\" data-invmsg=\"Feu servir el format sol\u00b7licitat.\" aria-invalid=\"false\" pattern=\"\\d{9}$\"   \/>\r\n    \r\n    \r\n<\/div>\n<input type=\"hidden\" name=\"frm_page_order_21\" id=\"frm_page_order_21\" value=\"26\" \/>\t\t<input  type=\"hidden\" name=\"item_meta[800]\" id=\"field_y8ll04\" value=\"\"     \/>\n\t\t\t\t<input  type=\"hidden\" name=\"item_meta[801]\" id=\"field_i950g4\" value=\"\"     \/>\n\t\t\t\t<input  type=\"hidden\" name=\"item_meta[802]\" id=\"field_t00rl4\" value=\"\"     \/>\n\t\t\t\t<input  type=\"hidden\" name=\"item_meta[803]\" id=\"field_zkkhg4\" value=\"\"  pattern=\"\\d{8}[A-Za-z]$\"   \/>\n\t\t\t\t<input  type=\"hidden\" name=\"item_meta[804]\" id=\"field_o9unp3\" value=\"\"     \/>\n\t\t\t\t<input  type=\"hidden\" name=\"item_meta[805]\" id=\"field_imh9m3\" value=\"\"  pattern=\"\\d{9}$\"   \/>\n\t\t\t\t<input  type=\"hidden\" name=\"item_meta[807]\" id=\"field_ltvir5\" value=\"\"     \/>\n\t\t\t\t<input  type=\"hidden\" name=\"item_meta[808]\" id=\"field_65396a5\" value=\"\"     \/>\n\t\t\t\t<input  type=\"hidden\" name=\"item_meta[809]\" id=\"field_ygnzp5\" value=\"\"     \/>\n\t\t\t\t<input  type=\"hidden\" name=\"item_meta[932]\" id=\"field_zoubh\" value=\"\"     \/>\n\t\t\t\t<input  type=\"hidden\" name=\"item_meta[931]\" id=\"field_18fid\" value=\"\"     \/>\n\t\t\t\t<input  type=\"hidden\" name=\"item_meta[933]\" id=\"field_axsbp\" value=\"\"     \/>\n\t\t\t\t<input  type=\"hidden\" name=\"item_meta[935]\" id=\"field_h3d6h\" value=\"\"  pattern=\"\\d{8}[A-Za-z]$\"   \/>\n\t\t\t\t<input  type=\"hidden\" name=\"item_meta[934]\" id=\"field_e3cjh\" value=\"\"     \/>\n\t\t\t\t<input  type=\"hidden\" name=\"item_meta[936]\" id=\"field_ol4u0\" value=\"\"  pattern=\"\\d{9}$\"   \/>\n\t\t\t\t<input  type=\"hidden\" name=\"item_meta[799]\" id=\"field_qnc5385\" value=\"\"     \/>\n\t\t\t\t<input  type=\"hidden\" name=\"item_meta[815]\" id=\"field_6rzls2\" value=\"\"     \/>\n\t\t\t\t<input  type=\"hidden\" name=\"item_meta[816]\" id=\"field_wzad62\" value=\"\"     \/>\n\t\t\t\t<input  type=\"hidden\" name=\"item_meta[817]\" id=\"field_bxts02\" value=\"\"     \/>\n\t\t\t\t<input  type=\"hidden\" name=\"item_meta[814]\" id=\"field_j7ek085\" value=\"\"     \/>\n\t\t\t\t<input  type=\"hidden\" name=\"item_meta[819]\" id=\"field_eky215\" value=\"\"     \/>\n\t\t\t\t<input  type=\"hidden\" name=\"item_meta[820]\" id=\"field_baxbp5\" value=\"\"     \/>\n\t\t\t\t<input  type=\"hidden\" name=\"item_meta[821]\" id=\"field_gsysi4\" value=\"\"     \/>\n\t\t\t\t<input  type=\"hidden\" name=\"item_meta[822]\" id=\"field_p5jzo3\" value=\"\"     \/>\n\t\t\t\t<input  type=\"hidden\" name=\"item_meta[823]\" id=\"field_kw6p73\" value=\"\"     \/>\n\t\t\t\t<input  type=\"hidden\" name=\"item_meta[826]\" id=\"field_hm5h45\" value=\"\"     \/>\n\t\t\t<input type=\"hidden\" name=\"item_key\" value=\"\" \/>\n\t\t\t<div id=\"frm_field_1149_container\">\n\t\t\t<label for=\"field_9e8by\" >\n\t\t\t\tSi eres humano, deja este campo en blanco.\t\t\t<\/label>\n\t\t\t<input  id=\"field_9e8by\" type=\"text\" class=\"frm_form_field form-field frm_verify\" name=\"item_meta[1149]\" value=\"\"  \/>\n\t\t<\/div>\n\t\t<input name=\"frm_state\" type=\"hidden\" value=\"5vt98gP7kpM7wPiQYrrrE7CYAI\/WHMDpivyE+Al+vhlYQLOZIrGlFz1cQsMl8sYw\" \/><div class=\"frm_submit\">\r\n\r\n<button class=\"frm_button_submit\" type=\"submit\"   formnovalidate=\"formnovalidate\">Siguiente<\/button>\r\n\r\n\r\n<\/div><\/div>\n<\/fieldset>\n<\/div>\n\n<\/form>\n<\/div>\n<\/div>\n\t\t\t\t\t\t<\/div>\n\t\t\t\t<\/div>\n\t\t\t\t\t<\/div>\n\t\t<\/div>\n\t\t\t\t\t<\/div>\n\t\t<\/section>\n\t\t\t\t<\/div>\n\t\t","protected":false},"excerpt":{"rendered":"","protected":false},"author":1,"featured_media":0,"parent":0,"menu_order":0,"comment_status":"closed","ping_status":"closed","template":"","meta":{"_acf_changed":false,"footnotes":""},"class_list":["post-93583","page","type-page","status-publish","hentry"],"acf":[],"aioseo_notices":[],"_links":{"self":[{"href":"https:\/\/taigua.cat\/es\/wp-json\/wp\/v2\/pages\/93583","targetHints":{"allow":["GET"]}}],"collection":[{"href":"https:\/\/taigua.cat\/es\/wp-json\/wp\/v2\/pages"}],"about":[{"href":"https:\/\/taigua.cat\/es\/wp-json\/wp\/v2\/types\/page"}],"author":[{"embeddable":true,"href":"https:\/\/taigua.cat\/es\/wp-json\/wp\/v2\/users\/1"}],"replies":[{"embeddable":true,"href":"https:\/\/taigua.cat\/es\/wp-json\/wp\/v2\/comments?post=93583"}],"version-history":[{"count":11,"href":"https:\/\/taigua.cat\/es\/wp-json\/wp\/v2\/pages\/93583\/revisions"}],"predecessor-version":[{"id":94072,"href":"https:\/\/taigua.cat\/es\/wp-json\/wp\/v2\/pages\/93583\/revisions\/94072"}],"wp:attachment":[{"href":"https:\/\/taigua.cat\/es\/wp-json\/wp\/v2\/media?parent=93583"}],"curies":[{"name":"wp","href":"https:\/\/api.w.org\/{rel}","templated":true}]}}